{"id":335,"date":"2025-06-08T15:08:26","date_gmt":"2025-06-08T15:08:26","guid":{"rendered":"https:\/\/planbet.cafe\/sl\/?page_id=335"},"modified":"2025-08-20T17:52:50","modified_gmt":"2025-08-20T17:52:50","slug":"cashback","status":"publish","type":"page","link":"https:\/\/planbet.cafe\/sl\/bonus\/cashback\/","title":{"rendered":"Povra\u010dilo denarja"},"content":{"rendered":"","protected":false},"excerpt":{"rendered":"","protected":false},"author":1,"featured_media":0,"parent":237,"menu_order":0,"comment_status":"closed","ping_status":"closed","template":"","meta":{"footnotes":""},"class_list":["post-335","page","type-page","status-publish","hentry"],"yoast_head":"<!-- This site is optimized with the Yoast SEO plugin v25.0 - https:\/\/yoast.com\/wordpress\/plugins\/seo\/ -->\n<title>PlanBet \u0161portno vra\u010dilo denarja \u1409 do 1.000 \u20ac povra\u010dil vsak teden!<\/title>\n<meta name=\"description\" content=\"Izgubljeno? Brez skrbi! Z vra\u010dilom denarja pri PlanBetu lahko vsak teden dobite nazaj do 1.000 EUR! Vrnite 3 % izgub in si zagotovite drugo prilo\u017enost za zmago.\" \/>\n<meta name=\"robots\" content=\"index, follow, max-snippet:-1, max-image-preview:large, max-video-preview:-1\" \/>\n<meta property=\"og:locale\" content=\"sl_SI\" \/>\n<meta property=\"og:type\" content=\"article\" \/>\n<meta property=\"og:title\" content=\"PlanBet \u0161portno vra\u010dilo denarja \u1409 do 1.000 \u20ac povra\u010dil vsak teden!\" \/>\n<meta property=\"og:description\" content=\"Izgubljeno? Brez skrbi! Z vra\u010dilom denarja pri PlanBetu lahko vsak teden dobite nazaj do 1.000 EUR! Vrnite 3 % izgub in si zagotovite drugo prilo\u017enost za zmago.\" \/>\n<meta property=\"og:url\" content=\"https:\/\/planbet.cafe\/sl\/bonus\/cashback\/\" \/>\n<meta property=\"og:site_name\" content=\"Planbet SL\" \/>\n<meta property=\"article:modified_time\" content=\"2025-08-20T17:52:50+00:00\" \/>\n<meta name=\"twitter:card\" content=\"summary_large_image\" \/>\n<script type=\"application\/ld+json\" class=\"yoast-schema-graph\">{\"@context\":\"https:\/\/schema.org\",\"@graph\":[{\"@type\":\"WebPage\",\"@id\":\"https:\/\/planbet.cafe\/sl\/bonus\/cashback\/\",\"url\":\"https:\/\/planbet.cafe\/sl\/bonus\/cashback\/\",\"name\":\"PlanBet \u0161portno vra\u010dilo denarja \u1409 do 1.000 \u20ac povra\u010dil vsak teden!\",\"isPartOf\":{\"@id\":\"https:\/\/planbet.cafe\/sl\/#website\"},\"datePublished\":\"2025-06-08T15:08:26+00:00\",\"dateModified\":\"2025-08-20T17:52:50+00:00\",\"description\":\"Izgubljeno? Brez skrbi! Z vra\u010dilom denarja pri PlanBetu lahko vsak teden dobite nazaj do 1.000 EUR! Vrnite 3 % izgub in si zagotovite drugo prilo\u017enost za zmago.\",\"breadcrumb\":{\"@id\":\"https:\/\/planbet.cafe\/sl\/bonus\/cashback\/#breadcrumb\"},\"inLanguage\":\"sl-SI\",\"potentialAction\":[{\"@type\":\"ReadAction\",\"target\":[\"https:\/\/planbet.cafe\/sl\/bonus\/cashback\/\"]}]},{\"@type\":\"BreadcrumbList\",\"@id\":\"https:\/\/planbet.cafe\/sl\/bonus\/cashback\/#breadcrumb\",\"itemListElement\":[{\"@type\":\"ListItem\",\"position\":1,\"name\":\"Home\",\"item\":\"https:\/\/planbet.cafe\/sl\/\"},{\"@type\":\"ListItem\",\"position\":2,\"name\":\"Bonus\",\"item\":\"https:\/\/planbet.cafe\/sl\/bonus\/\"},{\"@type\":\"ListItem\",\"position\":3,\"name\":\"Povra\u010dilo denarja\"}]},{\"@type\":\"WebSite\",\"@id\":\"https:\/\/planbet.cafe\/sl\/#website\",\"url\":\"https:\/\/planbet.cafe\/sl\/\",\"name\":\"Planbet SL\",\"description\":\"My WordPress Blog\",\"potentialAction\":[{\"@type\":\"SearchAction\",\"target\":{\"@type\":\"EntryPoint\",\"urlTemplate\":\"https:\/\/planbet.cafe\/sl\/?s={search_term_string}\"},\"query-input\":{\"@type\":\"PropertyValueSpecification\",\"valueRequired\":true,\"valueName\":\"search_term_string\"}}],\"inLanguage\":\"sl-SI\"}]}<\/script>\n<!-- \/ Yoast SEO plugin. -->","yoast_head_json":{"title":"PlanBet \u0161portno vra\u010dilo denarja \u1409 do 1.000 \u20ac povra\u010dil vsak teden!","description":"Izgubljeno? Brez skrbi! Z vra\u010dilom denarja pri PlanBetu lahko vsak teden dobite nazaj do 1.000 EUR! Vrnite 3 % izgub in si zagotovite drugo prilo\u017enost za zmago.","robots":{"index":"index","follow":"follow","max-snippet":"max-snippet:-1","max-image-preview":"max-image-preview:large","max-video-preview":"max-video-preview:-1"},"og_locale":"sl_SI","og_type":"article","og_title":"PlanBet \u0161portno vra\u010dilo denarja \u1409 do 1.000 \u20ac povra\u010dil vsak teden!","og_description":"Izgubljeno? Brez skrbi! Z vra\u010dilom denarja pri PlanBetu lahko vsak teden dobite nazaj do 1.000 EUR! Vrnite 3 % izgub in si zagotovite drugo prilo\u017enost za zmago.","og_url":"https:\/\/planbet.cafe\/sl\/bonus\/cashback\/","og_site_name":"Planbet SL","article_modified_time":"2025-08-20T17:52:50+00:00","twitter_card":"summary_large_image","schema":{"@context":"https:\/\/schema.org","@graph":[{"@type":"WebPage","@id":"https:\/\/planbet.cafe\/sl\/bonus\/cashback\/","url":"https:\/\/planbet.cafe\/sl\/bonus\/cashback\/","name":"PlanBet \u0161portno vra\u010dilo denarja \u1409 do 1.000 \u20ac povra\u010dil vsak teden!","isPartOf":{"@id":"https:\/\/planbet.cafe\/sl\/#website"},"datePublished":"2025-06-08T15:08:26+00:00","dateModified":"2025-08-20T17:52:50+00:00","description":"Izgubljeno? Brez skrbi! Z vra\u010dilom denarja pri PlanBetu lahko vsak teden dobite nazaj do 1.000 EUR! Vrnite 3 % izgub in si zagotovite drugo prilo\u017enost za zmago.","breadcrumb":{"@id":"https:\/\/planbet.cafe\/sl\/bonus\/cashback\/#breadcrumb"},"inLanguage":"sl-SI","potentialAction":[{"@type":"ReadAction","target":["https:\/\/planbet.cafe\/sl\/bonus\/cashback\/"]}]},{"@type":"BreadcrumbList","@id":"https:\/\/planbet.cafe\/sl\/bonus\/cashback\/#breadcrumb","itemListElement":[{"@type":"ListItem","position":1,"name":"Home","item":"https:\/\/planbet.cafe\/sl\/"},{"@type":"ListItem","position":2,"name":"Bonus","item":"https:\/\/planbet.cafe\/sl\/bonus\/"},{"@type":"ListItem","position":3,"name":"Povra\u010dilo denarja"}]},{"@type":"WebSite","@id":"https:\/\/planbet.cafe\/sl\/#website","url":"https:\/\/planbet.cafe\/sl\/","name":"Planbet SL","description":"My WordPress Blog","potentialAction":[{"@type":"SearchAction","target":{"@type":"EntryPoint","urlTemplate":"https:\/\/planbet.cafe\/sl\/?s={search_term_string}"},"query-input":{"@type":"PropertyValueSpecification","valueRequired":true,"valueName":"search_term_string"}}],"inLanguage":"sl-SI"}]}},"_links":{"self":[{"href":"https:\/\/planbet.cafe\/sl\/wp-json\/wp\/v2\/pages\/335","targetHints":{"allow":["GET"]}}],"collection":[{"href":"https:\/\/planbet.cafe\/sl\/wp-json\/wp\/v2\/pages"}],"about":[{"href":"https:\/\/planbet.cafe\/sl\/wp-json\/wp\/v2\/types\/page"}],"author":[{"embeddable":true,"href":"https:\/\/planbet.cafe\/sl\/wp-json\/wp\/v2\/users\/1"}],"replies":[{"embeddable":true,"href":"https:\/\/planbet.cafe\/sl\/wp-json\/wp\/v2\/comments?post=335"}],"version-history":[{"count":5,"href":"https:\/\/planbet.cafe\/sl\/wp-json\/wp\/v2\/pages\/335\/revisions"}],"predecessor-version":[{"id":409,"href":"https:\/\/planbet.cafe\/sl\/wp-json\/wp\/v2\/pages\/335\/revisions\/409"}],"up":[{"embeddable":true,"href":"https:\/\/planbet.cafe\/sl\/wp-json\/wp\/v2\/pages\/237"}],"wp:attachment":[{"href":"https:\/\/planbet.cafe\/sl\/wp-json\/wp\/v2\/media?parent=335"}],"curies":[{"name":"wp","href":"https:\/\/api.w.org\/{rel}","templated":true}]}}