{"id":329,"date":"2025-06-08T14:55:51","date_gmt":"2025-06-08T14:55:51","guid":{"rendered":"https:\/\/planbet.cafe\/sl\/?page_id=329"},"modified":"2025-08-20T17:52:22","modified_gmt":"2025-08-20T17:52:22","slug":"welcome-pack","status":"publish","type":"page","link":"https:\/\/planbet.cafe\/sl\/bonus\/welcome-pack\/","title":{"rendered":"Dobrodo\u0161li paket"},"content":{"rendered":"","protected":false},"excerpt":{"rendered":"","protected":false},"author":1,"featured_media":0,"parent":237,"menu_order":0,"comment_status":"closed","ping_status":"closed","template":"","meta":{"footnotes":""},"class_list":["post-329","page","type-page","status-publish","hentry"],"yoast_head":"<!-- This site is optimized with the Yoast SEO plugin v25.0 - https:\/\/yoast.com\/wordpress\/plugins\/seo\/ -->\n<title>Dobrodo\u0161li paket na PlanBet Kazino \u1409 Do \u20ac 1,500 + 150 FS<\/title>\n<meta name=\"description\" content=\"Prejmite paket dobrodo\u0161lice v vrednosti do 1.500 \u20ac in 150 brezpla\u010dnih vrtljajev. \u010cakajo vas \u0161tirje mo\u010dni bonusi! Hitra registracija, takoj\u0161nji dobitki - ukrepajte zdaj, preden bo prepozno!\" \/>\n<meta name=\"robots\" content=\"index, follow, max-snippet:-1, max-image-preview:large, max-video-preview:-1\" \/>\n<meta property=\"og:locale\" content=\"sl_SI\" \/>\n<meta property=\"og:type\" content=\"article\" \/>\n<meta property=\"og:title\" content=\"Dobrodo\u0161li paket na PlanBet Kazino \u1409 Do \u20ac 1,500 + 150 FS\" \/>\n<meta property=\"og:description\" content=\"Prejmite paket dobrodo\u0161lice v vrednosti do 1.500 \u20ac in 150 brezpla\u010dnih vrtljajev. \u010cakajo vas \u0161tirje mo\u010dni bonusi! Hitra registracija, takoj\u0161nji dobitki - ukrepajte zdaj, preden bo prepozno!\" \/>\n<meta property=\"og:url\" content=\"https:\/\/planbet.cafe\/sl\/bonus\/welcome-pack\/\" \/>\n<meta property=\"og:site_name\" content=\"Planbet SL\" \/>\n<meta property=\"article:modified_time\" content=\"2025-08-20T17:52:22+00:00\" \/>\n<meta name=\"twitter:card\" content=\"summary_large_image\" \/>\n<script type=\"application\/ld+json\" class=\"yoast-schema-graph\">{\"@context\":\"https:\/\/schema.org\",\"@graph\":[{\"@type\":\"WebPage\",\"@id\":\"https:\/\/planbet.cafe\/sl\/bonus\/welcome-pack\/\",\"url\":\"https:\/\/planbet.cafe\/sl\/bonus\/welcome-pack\/\",\"name\":\"Dobrodo\u0161li paket na PlanBet Kazino \u1409 Do \u20ac 1,500 + 150 FS\",\"isPartOf\":{\"@id\":\"https:\/\/planbet.cafe\/sl\/#website\"},\"datePublished\":\"2025-06-08T14:55:51+00:00\",\"dateModified\":\"2025-08-20T17:52:22+00:00\",\"description\":\"Prejmite paket dobrodo\u0161lice v vrednosti do 1.500 \u20ac in 150 brezpla\u010dnih vrtljajev. \u010cakajo vas \u0161tirje mo\u010dni bonusi! Hitra registracija, takoj\u0161nji dobitki - ukrepajte zdaj, preden bo prepozno!\",\"breadcrumb\":{\"@id\":\"https:\/\/planbet.cafe\/sl\/bonus\/welcome-pack\/#breadcrumb\"},\"inLanguage\":\"sl-SI\",\"potentialAction\":[{\"@type\":\"ReadAction\",\"target\":[\"https:\/\/planbet.cafe\/sl\/bonus\/welcome-pack\/\"]}]},{\"@type\":\"BreadcrumbList\",\"@id\":\"https:\/\/planbet.cafe\/sl\/bonus\/welcome-pack\/#breadcrumb\",\"itemListElement\":[{\"@type\":\"ListItem\",\"position\":1,\"name\":\"Home\",\"item\":\"https:\/\/planbet.cafe\/sl\/\"},{\"@type\":\"ListItem\",\"position\":2,\"name\":\"Bonus\",\"item\":\"https:\/\/planbet.cafe\/sl\/bonus\/\"},{\"@type\":\"ListItem\",\"position\":3,\"name\":\"Dobrodo\u0161li paket\"}]},{\"@type\":\"WebSite\",\"@id\":\"https:\/\/planbet.cafe\/sl\/#website\",\"url\":\"https:\/\/planbet.cafe\/sl\/\",\"name\":\"Planbet SL\",\"description\":\"My WordPress Blog\",\"potentialAction\":[{\"@type\":\"SearchAction\",\"target\":{\"@type\":\"EntryPoint\",\"urlTemplate\":\"https:\/\/planbet.cafe\/sl\/?s={search_term_string}\"},\"query-input\":{\"@type\":\"PropertyValueSpecification\",\"valueRequired\":true,\"valueName\":\"search_term_string\"}}],\"inLanguage\":\"sl-SI\"}]}<\/script>\n<!-- \/ Yoast SEO plugin. -->","yoast_head_json":{"title":"Dobrodo\u0161li paket na PlanBet Kazino \u1409 Do \u20ac 1,500 + 150 FS","description":"Prejmite paket dobrodo\u0161lice v vrednosti do 1.500 \u20ac in 150 brezpla\u010dnih vrtljajev. \u010cakajo vas \u0161tirje mo\u010dni bonusi! Hitra registracija, takoj\u0161nji dobitki - ukrepajte zdaj, preden bo prepozno!","robots":{"index":"index","follow":"follow","max-snippet":"max-snippet:-1","max-image-preview":"max-image-preview:large","max-video-preview":"max-video-preview:-1"},"og_locale":"sl_SI","og_type":"article","og_title":"Dobrodo\u0161li paket na PlanBet Kazino \u1409 Do \u20ac 1,500 + 150 FS","og_description":"Prejmite paket dobrodo\u0161lice v vrednosti do 1.500 \u20ac in 150 brezpla\u010dnih vrtljajev. \u010cakajo vas \u0161tirje mo\u010dni bonusi! Hitra registracija, takoj\u0161nji dobitki - ukrepajte zdaj, preden bo prepozno!","og_url":"https:\/\/planbet.cafe\/sl\/bonus\/welcome-pack\/","og_site_name":"Planbet SL","article_modified_time":"2025-08-20T17:52:22+00:00","twitter_card":"summary_large_image","schema":{"@context":"https:\/\/schema.org","@graph":[{"@type":"WebPage","@id":"https:\/\/planbet.cafe\/sl\/bonus\/welcome-pack\/","url":"https:\/\/planbet.cafe\/sl\/bonus\/welcome-pack\/","name":"Dobrodo\u0161li paket na PlanBet Kazino \u1409 Do \u20ac 1,500 + 150 FS","isPartOf":{"@id":"https:\/\/planbet.cafe\/sl\/#website"},"datePublished":"2025-06-08T14:55:51+00:00","dateModified":"2025-08-20T17:52:22+00:00","description":"Prejmite paket dobrodo\u0161lice v vrednosti do 1.500 \u20ac in 150 brezpla\u010dnih vrtljajev. \u010cakajo vas \u0161tirje mo\u010dni bonusi! Hitra registracija, takoj\u0161nji dobitki - ukrepajte zdaj, preden bo prepozno!","breadcrumb":{"@id":"https:\/\/planbet.cafe\/sl\/bonus\/welcome-pack\/#breadcrumb"},"inLanguage":"sl-SI","potentialAction":[{"@type":"ReadAction","target":["https:\/\/planbet.cafe\/sl\/bonus\/welcome-pack\/"]}]},{"@type":"BreadcrumbList","@id":"https:\/\/planbet.cafe\/sl\/bonus\/welcome-pack\/#breadcrumb","itemListElement":[{"@type":"ListItem","position":1,"name":"Home","item":"https:\/\/planbet.cafe\/sl\/"},{"@type":"ListItem","position":2,"name":"Bonus","item":"https:\/\/planbet.cafe\/sl\/bonus\/"},{"@type":"ListItem","position":3,"name":"Dobrodo\u0161li paket"}]},{"@type":"WebSite","@id":"https:\/\/planbet.cafe\/sl\/#website","url":"https:\/\/planbet.cafe\/sl\/","name":"Planbet SL","description":"My WordPress Blog","potentialAction":[{"@type":"SearchAction","target":{"@type":"EntryPoint","urlTemplate":"https:\/\/planbet.cafe\/sl\/?s={search_term_string}"},"query-input":{"@type":"PropertyValueSpecification","valueRequired":true,"valueName":"search_term_string"}}],"inLanguage":"sl-SI"}]}},"_links":{"self":[{"href":"https:\/\/planbet.cafe\/sl\/wp-json\/wp\/v2\/pages\/329","targetHints":{"allow":["GET"]}}],"collection":[{"href":"https:\/\/planbet.cafe\/sl\/wp-json\/wp\/v2\/pages"}],"about":[{"href":"https:\/\/planbet.cafe\/sl\/wp-json\/wp\/v2\/types\/page"}],"author":[{"embeddable":true,"href":"https:\/\/planbet.cafe\/sl\/wp-json\/wp\/v2\/users\/1"}],"replies":[{"embeddable":true,"href":"https:\/\/planbet.cafe\/sl\/wp-json\/wp\/v2\/comments?post=329"}],"version-history":[{"count":4,"href":"https:\/\/planbet.cafe\/sl\/wp-json\/wp\/v2\/pages\/329\/revisions"}],"predecessor-version":[{"id":412,"href":"https:\/\/planbet.cafe\/sl\/wp-json\/wp\/v2\/pages\/329\/revisions\/412"}],"up":[{"embeddable":true,"href":"https:\/\/planbet.cafe\/sl\/wp-json\/wp\/v2\/pages\/237"}],"wp:attachment":[{"href":"https:\/\/planbet.cafe\/sl\/wp-json\/wp\/v2\/media?parent=329"}],"curies":[{"name":"wp","href":"https:\/\/api.w.org\/{rel}","templated":true}]}}