{"id":321,"date":"2025-06-08T13:29:34","date_gmt":"2025-06-08T13:29:34","guid":{"rendered":"https:\/\/planbet.cafe\/sl\/?page_id=321"},"modified":"2025-08-05T08:55:37","modified_gmt":"2025-08-05T08:55:37","slug":"100-first-deposit","status":"publish","type":"page","link":"https:\/\/planbet.cafe\/sl\/bonus\/100-first-deposit\/","title":{"rendered":"100 % na prvi depozit"},"content":{"rendered":"","protected":false},"excerpt":{"rendered":"","protected":false},"author":1,"featured_media":0,"parent":237,"menu_order":0,"comment_status":"closed","ping_status":"closed","template":"","meta":{"footnotes":""},"class_list":["post-321","page","type-page","status-publish","hentry"],"yoast_head":"<!-- This site is optimized with the Yoast SEO plugin v25.0 - https:\/\/yoast.com\/wordpress\/plugins\/seo\/ -->\n<title>Pridobite 100 % na svoj prvi depozit pri PlanBet \u1409 Do 113 EUR!<\/title>\n<meta name=\"description\" content=\"Podvoji svoj prvi depozit - na svoj ra\u010dun prejmite do 113 EUR. Hitra registracija, preprost postopek in neverjetne prilo\u017enosti za zmago! Ne zamudite prilo\u017enosti - bonus je na voljo samo enkrat!\" \/>\n<meta name=\"robots\" content=\"index, follow, max-snippet:-1, max-image-preview:large, max-video-preview:-1\" \/>\n<meta property=\"og:locale\" content=\"sl_SI\" \/>\n<meta property=\"og:type\" content=\"article\" \/>\n<meta property=\"og:title\" content=\"Pridobite 100 % na svoj prvi depozit pri PlanBet \u1409 Do 113 EUR!\" \/>\n<meta property=\"og:description\" content=\"Podvoji svoj prvi depozit - na svoj ra\u010dun prejmite do 113 EUR. Hitra registracija, preprost postopek in neverjetne prilo\u017enosti za zmago! Ne zamudite prilo\u017enosti - bonus je na voljo samo enkrat!\" \/>\n<meta property=\"og:url\" content=\"https:\/\/planbet.cafe\/sl\/bonus\/100-first-deposit\/\" \/>\n<meta property=\"og:site_name\" content=\"Planbet SL\" \/>\n<meta property=\"article:modified_time\" content=\"2025-08-05T08:55:37+00:00\" \/>\n<meta name=\"twitter:card\" content=\"summary_large_image\" \/>\n<script type=\"application\/ld+json\" class=\"yoast-schema-graph\">{\"@context\":\"https:\/\/schema.org\",\"@graph\":[{\"@type\":\"WebPage\",\"@id\":\"https:\/\/planbet.cafe\/sl\/bonus\/100-first-deposit\/\",\"url\":\"https:\/\/planbet.cafe\/sl\/bonus\/100-first-deposit\/\",\"name\":\"Pridobite 100 % na svoj prvi depozit pri PlanBet \u1409 Do 113 EUR!\",\"isPartOf\":{\"@id\":\"https:\/\/planbet.cafe\/sl\/#website\"},\"datePublished\":\"2025-06-08T13:29:34+00:00\",\"dateModified\":\"2025-08-05T08:55:37+00:00\",\"description\":\"Podvoji svoj prvi depozit - na svoj ra\u010dun prejmite do 113 EUR. Hitra registracija, preprost postopek in neverjetne prilo\u017enosti za zmago! Ne zamudite prilo\u017enosti - bonus je na voljo samo enkrat!\",\"breadcrumb\":{\"@id\":\"https:\/\/planbet.cafe\/sl\/bonus\/100-first-deposit\/#breadcrumb\"},\"inLanguage\":\"sl-SI\",\"potentialAction\":[{\"@type\":\"ReadAction\",\"target\":[\"https:\/\/planbet.cafe\/sl\/bonus\/100-first-deposit\/\"]}]},{\"@type\":\"BreadcrumbList\",\"@id\":\"https:\/\/planbet.cafe\/sl\/bonus\/100-first-deposit\/#breadcrumb\",\"itemListElement\":[{\"@type\":\"ListItem\",\"position\":1,\"name\":\"Home\",\"item\":\"https:\/\/planbet.cafe\/sl\/\"},{\"@type\":\"ListItem\",\"position\":2,\"name\":\"Bonus\",\"item\":\"https:\/\/planbet.cafe\/sl\/bonus\/\"},{\"@type\":\"ListItem\",\"position\":3,\"name\":\"100 % na prvi depozit\"}]},{\"@type\":\"WebSite\",\"@id\":\"https:\/\/planbet.cafe\/sl\/#website\",\"url\":\"https:\/\/planbet.cafe\/sl\/\",\"name\":\"Planbet SL\",\"description\":\"My WordPress Blog\",\"potentialAction\":[{\"@type\":\"SearchAction\",\"target\":{\"@type\":\"EntryPoint\",\"urlTemplate\":\"https:\/\/planbet.cafe\/sl\/?s={search_term_string}\"},\"query-input\":{\"@type\":\"PropertyValueSpecification\",\"valueRequired\":true,\"valueName\":\"search_term_string\"}}],\"inLanguage\":\"sl-SI\"}]}<\/script>\n<!-- \/ Yoast SEO plugin. -->","yoast_head_json":{"title":"Pridobite 100 % na svoj prvi depozit pri PlanBet \u1409 Do 113 EUR!","description":"Podvoji svoj prvi depozit - na svoj ra\u010dun prejmite do 113 EUR. Hitra registracija, preprost postopek in neverjetne prilo\u017enosti za zmago! Ne zamudite prilo\u017enosti - bonus je na voljo samo enkrat!","robots":{"index":"index","follow":"follow","max-snippet":"max-snippet:-1","max-image-preview":"max-image-preview:large","max-video-preview":"max-video-preview:-1"},"og_locale":"sl_SI","og_type":"article","og_title":"Pridobite 100 % na svoj prvi depozit pri PlanBet \u1409 Do 113 EUR!","og_description":"Podvoji svoj prvi depozit - na svoj ra\u010dun prejmite do 113 EUR. Hitra registracija, preprost postopek in neverjetne prilo\u017enosti za zmago! Ne zamudite prilo\u017enosti - bonus je na voljo samo enkrat!","og_url":"https:\/\/planbet.cafe\/sl\/bonus\/100-first-deposit\/","og_site_name":"Planbet SL","article_modified_time":"2025-08-05T08:55:37+00:00","twitter_card":"summary_large_image","schema":{"@context":"https:\/\/schema.org","@graph":[{"@type":"WebPage","@id":"https:\/\/planbet.cafe\/sl\/bonus\/100-first-deposit\/","url":"https:\/\/planbet.cafe\/sl\/bonus\/100-first-deposit\/","name":"Pridobite 100 % na svoj prvi depozit pri PlanBet \u1409 Do 113 EUR!","isPartOf":{"@id":"https:\/\/planbet.cafe\/sl\/#website"},"datePublished":"2025-06-08T13:29:34+00:00","dateModified":"2025-08-05T08:55:37+00:00","description":"Podvoji svoj prvi depozit - na svoj ra\u010dun prejmite do 113 EUR. Hitra registracija, preprost postopek in neverjetne prilo\u017enosti za zmago! Ne zamudite prilo\u017enosti - bonus je na voljo samo enkrat!","breadcrumb":{"@id":"https:\/\/planbet.cafe\/sl\/bonus\/100-first-deposit\/#breadcrumb"},"inLanguage":"sl-SI","potentialAction":[{"@type":"ReadAction","target":["https:\/\/planbet.cafe\/sl\/bonus\/100-first-deposit\/"]}]},{"@type":"BreadcrumbList","@id":"https:\/\/planbet.cafe\/sl\/bonus\/100-first-deposit\/#breadcrumb","itemListElement":[{"@type":"ListItem","position":1,"name":"Home","item":"https:\/\/planbet.cafe\/sl\/"},{"@type":"ListItem","position":2,"name":"Bonus","item":"https:\/\/planbet.cafe\/sl\/bonus\/"},{"@type":"ListItem","position":3,"name":"100 % na prvi depozit"}]},{"@type":"WebSite","@id":"https:\/\/planbet.cafe\/sl\/#website","url":"https:\/\/planbet.cafe\/sl\/","name":"Planbet SL","description":"My WordPress Blog","potentialAction":[{"@type":"SearchAction","target":{"@type":"EntryPoint","urlTemplate":"https:\/\/planbet.cafe\/sl\/?s={search_term_string}"},"query-input":{"@type":"PropertyValueSpecification","valueRequired":true,"valueName":"search_term_string"}}],"inLanguage":"sl-SI"}]}},"_links":{"self":[{"href":"https:\/\/planbet.cafe\/sl\/wp-json\/wp\/v2\/pages\/321","targetHints":{"allow":["GET"]}}],"collection":[{"href":"https:\/\/planbet.cafe\/sl\/wp-json\/wp\/v2\/pages"}],"about":[{"href":"https:\/\/planbet.cafe\/sl\/wp-json\/wp\/v2\/types\/page"}],"author":[{"embeddable":true,"href":"https:\/\/planbet.cafe\/sl\/wp-json\/wp\/v2\/users\/1"}],"replies":[{"embeddable":true,"href":"https:\/\/planbet.cafe\/sl\/wp-json\/wp\/v2\/comments?post=321"}],"version-history":[{"count":6,"href":"https:\/\/planbet.cafe\/sl\/wp-json\/wp\/v2\/pages\/321\/revisions"}],"predecessor-version":[{"id":407,"href":"https:\/\/planbet.cafe\/sl\/wp-json\/wp\/v2\/pages\/321\/revisions\/407"}],"up":[{"embeddable":true,"href":"https:\/\/planbet.cafe\/sl\/wp-json\/wp\/v2\/pages\/237"}],"wp:attachment":[{"href":"https:\/\/planbet.cafe\/sl\/wp-json\/wp\/v2\/media?parent=321"}],"curies":[{"name":"wp","href":"https:\/\/api.w.org\/{rel}","templated":true}]}}