{"id":188,"date":"2025-05-07T08:10:05","date_gmt":"2025-05-07T08:10:05","guid":{"rendered":"https:\/\/planbet.cafe\/sl\/?page_id=188"},"modified":"2025-08-05T08:42:31","modified_gmt":"2025-08-05T08:42:31","slug":"app","status":"publish","type":"page","link":"https:\/\/planbet.cafe\/sl\/app\/","title":{"rendered":"Aplikacija"},"content":{"rendered":"","protected":false},"excerpt":{"rendered":"","protected":false},"author":1,"featured_media":0,"parent":0,"menu_order":0,"comment_status":"closed","ping_status":"closed","template":"","meta":{"footnotes":""},"class_list":["post-188","page","type-page","status-publish","hentry"],"yoast_head":"<!-- This site is optimized with the Yoast SEO plugin v25.0 - https:\/\/yoast.com\/wordpress\/plugins\/seo\/ -->\n<title>Aplikacija PlanBet za Android in iOS | Kako prenesti aplikacijo<\/title>\n<meta name=\"description\" content=\"Aplikacija PlanBet za Android in iOS: prenesite in namestite. Igrajte svoje najljub\u0161e igralni\u0161ke igre in stavite na \u0161port kadarkoli in kjerkoli!\" \/>\n<meta name=\"robots\" content=\"index, follow, max-snippet:-1, max-image-preview:large, max-video-preview:-1\" \/>\n<meta property=\"og:locale\" content=\"sl_SI\" \/>\n<meta property=\"og:type\" content=\"article\" \/>\n<meta property=\"og:title\" content=\"Aplikacija PlanBet za Android in iOS | Kako prenesti aplikacijo\" \/>\n<meta property=\"og:description\" content=\"Aplikacija PlanBet za Android in iOS: prenesite in namestite. Igrajte svoje najljub\u0161e igralni\u0161ke igre in stavite na \u0161port kadarkoli in kjerkoli!\" \/>\n<meta property=\"og:url\" content=\"https:\/\/planbet.cafe\/sl\/app\/\" \/>\n<meta property=\"og:site_name\" content=\"Planbet SL\" \/>\n<meta property=\"article:modified_time\" content=\"2025-08-05T08:42:31+00:00\" \/>\n<meta name=\"twitter:card\" content=\"summary_large_image\" \/>\n<script type=\"application\/ld+json\" class=\"yoast-schema-graph\">{\"@context\":\"https:\/\/schema.org\",\"@graph\":[{\"@type\":\"WebPage\",\"@id\":\"https:\/\/planbet.cafe\/sl\/app\/\",\"url\":\"https:\/\/planbet.cafe\/sl\/app\/\",\"name\":\"Aplikacija PlanBet za Android in iOS | Kako prenesti aplikacijo\",\"isPartOf\":{\"@id\":\"https:\/\/planbet.cafe\/sl\/#website\"},\"datePublished\":\"2025-05-07T08:10:05+00:00\",\"dateModified\":\"2025-08-05T08:42:31+00:00\",\"description\":\"Aplikacija PlanBet za Android in iOS: prenesite in namestite. Igrajte svoje najljub\u0161e igralni\u0161ke igre in stavite na \u0161port kadarkoli in kjerkoli!\",\"breadcrumb\":{\"@id\":\"https:\/\/planbet.cafe\/sl\/app\/#breadcrumb\"},\"inLanguage\":\"sl-SI\",\"potentialAction\":[{\"@type\":\"ReadAction\",\"target\":[\"https:\/\/planbet.cafe\/sl\/app\/\"]}]},{\"@type\":\"BreadcrumbList\",\"@id\":\"https:\/\/planbet.cafe\/sl\/app\/#breadcrumb\",\"itemListElement\":[{\"@type\":\"ListItem\",\"position\":1,\"name\":\"Home\",\"item\":\"https:\/\/planbet.cafe\/sl\/\"},{\"@type\":\"ListItem\",\"position\":2,\"name\":\"Aplikacija\"}]},{\"@type\":\"WebSite\",\"@id\":\"https:\/\/planbet.cafe\/sl\/#website\",\"url\":\"https:\/\/planbet.cafe\/sl\/\",\"name\":\"Planbet SL\",\"description\":\"My WordPress Blog\",\"potentialAction\":[{\"@type\":\"SearchAction\",\"target\":{\"@type\":\"EntryPoint\",\"urlTemplate\":\"https:\/\/planbet.cafe\/sl\/?s={search_term_string}\"},\"query-input\":{\"@type\":\"PropertyValueSpecification\",\"valueRequired\":true,\"valueName\":\"search_term_string\"}}],\"inLanguage\":\"sl-SI\"}]}<\/script>\n<!-- \/ Yoast SEO plugin. -->","yoast_head_json":{"title":"Aplikacija PlanBet za Android in iOS | Kako prenesti aplikacijo","description":"Aplikacija PlanBet za Android in iOS: prenesite in namestite. Igrajte svoje najljub\u0161e igralni\u0161ke igre in stavite na \u0161port kadarkoli in kjerkoli!","robots":{"index":"index","follow":"follow","max-snippet":"max-snippet:-1","max-image-preview":"max-image-preview:large","max-video-preview":"max-video-preview:-1"},"og_locale":"sl_SI","og_type":"article","og_title":"Aplikacija PlanBet za Android in iOS | Kako prenesti aplikacijo","og_description":"Aplikacija PlanBet za Android in iOS: prenesite in namestite. Igrajte svoje najljub\u0161e igralni\u0161ke igre in stavite na \u0161port kadarkoli in kjerkoli!","og_url":"https:\/\/planbet.cafe\/sl\/app\/","og_site_name":"Planbet SL","article_modified_time":"2025-08-05T08:42:31+00:00","twitter_card":"summary_large_image","schema":{"@context":"https:\/\/schema.org","@graph":[{"@type":"WebPage","@id":"https:\/\/planbet.cafe\/sl\/app\/","url":"https:\/\/planbet.cafe\/sl\/app\/","name":"Aplikacija PlanBet za Android in iOS | Kako prenesti aplikacijo","isPartOf":{"@id":"https:\/\/planbet.cafe\/sl\/#website"},"datePublished":"2025-05-07T08:10:05+00:00","dateModified":"2025-08-05T08:42:31+00:00","description":"Aplikacija PlanBet za Android in iOS: prenesite in namestite. Igrajte svoje najljub\u0161e igralni\u0161ke igre in stavite na \u0161port kadarkoli in kjerkoli!","breadcrumb":{"@id":"https:\/\/planbet.cafe\/sl\/app\/#breadcrumb"},"inLanguage":"sl-SI","potentialAction":[{"@type":"ReadAction","target":["https:\/\/planbet.cafe\/sl\/app\/"]}]},{"@type":"BreadcrumbList","@id":"https:\/\/planbet.cafe\/sl\/app\/#breadcrumb","itemListElement":[{"@type":"ListItem","position":1,"name":"Home","item":"https:\/\/planbet.cafe\/sl\/"},{"@type":"ListItem","position":2,"name":"Aplikacija"}]},{"@type":"WebSite","@id":"https:\/\/planbet.cafe\/sl\/#website","url":"https:\/\/planbet.cafe\/sl\/","name":"Planbet SL","description":"My WordPress Blog","potentialAction":[{"@type":"SearchAction","target":{"@type":"EntryPoint","urlTemplate":"https:\/\/planbet.cafe\/sl\/?s={search_term_string}"},"query-input":{"@type":"PropertyValueSpecification","valueRequired":true,"valueName":"search_term_string"}}],"inLanguage":"sl-SI"}]}},"_links":{"self":[{"href":"https:\/\/planbet.cafe\/sl\/wp-json\/wp\/v2\/pages\/188","targetHints":{"allow":["GET"]}}],"collection":[{"href":"https:\/\/planbet.cafe\/sl\/wp-json\/wp\/v2\/pages"}],"about":[{"href":"https:\/\/planbet.cafe\/sl\/wp-json\/wp\/v2\/types\/page"}],"author":[{"embeddable":true,"href":"https:\/\/planbet.cafe\/sl\/wp-json\/wp\/v2\/users\/1"}],"replies":[{"embeddable":true,"href":"https:\/\/planbet.cafe\/sl\/wp-json\/wp\/v2\/comments?post=188"}],"version-history":[{"count":10,"href":"https:\/\/planbet.cafe\/sl\/wp-json\/wp\/v2\/pages\/188\/revisions"}],"predecessor-version":[{"id":403,"href":"https:\/\/planbet.cafe\/sl\/wp-json\/wp\/v2\/pages\/188\/revisions\/403"}],"wp:attachment":[{"href":"https:\/\/planbet.cafe\/sl\/wp-json\/wp\/v2\/media?parent=188"}],"curies":[{"name":"wp","href":"https:\/\/api.w.org\/{rel}","templated":true}]}}