{"id":339,"date":"2025-06-08T14:55:51","date_gmt":"2025-06-08T14:55:51","guid":{"rendered":"https:\/\/planbet.cafe\/?page_id=329"},"modified":"2025-07-25T06:45:44","modified_gmt":"2025-07-25T06:45:45","slug":"welcome-pack","status":"publish","type":"page","link":"https:\/\/planbet.cafe\/pt\/bonus\/welcome-pack\/","title":{"rendered":"Pacote de boas-vindas"},"content":{"rendered":"","protected":false},"excerpt":{"rendered":"","protected":false},"author":1,"featured_media":0,"parent":237,"menu_order":0,"comment_status":"closed","ping_status":"closed","template":"","meta":{"footnotes":""},"class_list":["post-339","page","type-page","status-publish","hentry"],"yoast_head":"<!-- This site is optimized with the Yoast SEO plugin v25.0 - https:\/\/yoast.com\/wordpress\/plugins\/seo\/ -->\n<title>Pacote de boas-vindas no PlanBet Casino \u1409 \u20ac1,500 e 150 rodadas<\/title>\n<meta name=\"description\" content=\"Receba um pacote de boas-vindas no valor de at\u00e9 1.500 euros e 150 rodadas gr\u00e1tis. Quatro b\u00f3nus poderosos esperam por si! Registo r\u00e1pido, ganhos instant\u00e2neos - aja agora antes que seja tarde demais!\" \/>\n<meta name=\"robots\" content=\"index, follow, max-snippet:-1, max-image-preview:large, max-video-preview:-1\" \/>\n<meta property=\"og:locale\" content=\"pt_PT\" \/>\n<meta property=\"og:type\" content=\"article\" \/>\n<meta property=\"og:title\" content=\"Pacote de boas-vindas no PlanBet Casino \u1409 \u20ac1,500 e 150 rodadas\" \/>\n<meta property=\"og:description\" content=\"Receba um pacote de boas-vindas no valor de at\u00e9 1.500 euros e 150 rodadas gr\u00e1tis. Quatro b\u00f3nus poderosos esperam por si! Registo r\u00e1pido, ganhos instant\u00e2neos - aja agora antes que seja tarde demais!\" \/>\n<meta property=\"og:url\" content=\"https:\/\/planbet.cafe\/pt\/bonus\/welcome-pack\/\" \/>\n<meta property=\"og:site_name\" content=\"Planbet PT\" \/>\n<meta property=\"article:modified_time\" content=\"2025-07-25T06:45:45+00:00\" \/>\n<meta name=\"twitter:card\" content=\"summary_large_image\" \/>\n<script type=\"application\/ld+json\" class=\"yoast-schema-graph\">{\"@context\":\"https:\/\/schema.org\",\"@graph\":[{\"@type\":\"WebPage\",\"@id\":\"https:\/\/planbet.cafe\/pt\/bonus\/welcome-pack\/\",\"url\":\"https:\/\/planbet.cafe\/pt\/bonus\/welcome-pack\/\",\"name\":\"Pacote de boas-vindas no PlanBet Casino \u1409 \u20ac1,500 e 150 rodadas\",\"isPartOf\":{\"@id\":\"https:\/\/planbet.cafe\/pt\/#website\"},\"datePublished\":\"2025-06-08T14:55:51+00:00\",\"dateModified\":\"2025-07-25T06:45:45+00:00\",\"description\":\"Receba um pacote de boas-vindas no valor de at\u00e9 1.500 euros e 150 rodadas gr\u00e1tis. Quatro b\u00f3nus poderosos esperam por si! Registo r\u00e1pido, ganhos instant\u00e2neos - aja agora antes que seja tarde demais!\",\"breadcrumb\":{\"@id\":\"https:\/\/planbet.cafe\/pt\/bonus\/welcome-pack\/#breadcrumb\"},\"inLanguage\":\"pt-PT\",\"potentialAction\":[{\"@type\":\"ReadAction\",\"target\":[\"https:\/\/planbet.cafe\/pt\/bonus\/welcome-pack\/\"]}]},{\"@type\":\"BreadcrumbList\",\"@id\":\"https:\/\/planbet.cafe\/pt\/bonus\/welcome-pack\/#breadcrumb\",\"itemListElement\":[{\"@type\":\"ListItem\",\"position\":1,\"name\":\"Home\",\"item\":\"https:\/\/planbet.cafe\/pt\/\"},{\"@type\":\"ListItem\",\"position\":2,\"name\":\"B\u00f3nus\",\"item\":\"https:\/\/planbet.cafe\/pt\/bonus\/\"},{\"@type\":\"ListItem\",\"position\":3,\"name\":\"Pacote de boas-vindas\"}]},{\"@type\":\"WebSite\",\"@id\":\"https:\/\/planbet.cafe\/pt\/#website\",\"url\":\"https:\/\/planbet.cafe\/pt\/\",\"name\":\"Planbet PT\",\"description\":\"My WordPress Blog\",\"potentialAction\":[{\"@type\":\"SearchAction\",\"target\":{\"@type\":\"EntryPoint\",\"urlTemplate\":\"https:\/\/planbet.cafe\/pt\/?s={search_term_string}\"},\"query-input\":{\"@type\":\"PropertyValueSpecification\",\"valueRequired\":true,\"valueName\":\"search_term_string\"}}],\"inLanguage\":\"pt-PT\"}]}<\/script>\n<!-- \/ Yoast SEO plugin. -->","yoast_head_json":{"title":"Pacote de boas-vindas no PlanBet Casino \u1409 \u20ac1,500 e 150 rodadas","description":"Receba um pacote de boas-vindas no valor de at\u00e9 1.500 euros e 150 rodadas gr\u00e1tis. Quatro b\u00f3nus poderosos esperam por si! Registo r\u00e1pido, ganhos instant\u00e2neos - aja agora antes que seja tarde demais!","robots":{"index":"index","follow":"follow","max-snippet":"max-snippet:-1","max-image-preview":"max-image-preview:large","max-video-preview":"max-video-preview:-1"},"og_locale":"pt_PT","og_type":"article","og_title":"Pacote de boas-vindas no PlanBet Casino \u1409 \u20ac1,500 e 150 rodadas","og_description":"Receba um pacote de boas-vindas no valor de at\u00e9 1.500 euros e 150 rodadas gr\u00e1tis. Quatro b\u00f3nus poderosos esperam por si! Registo r\u00e1pido, ganhos instant\u00e2neos - aja agora antes que seja tarde demais!","og_url":"https:\/\/planbet.cafe\/pt\/bonus\/welcome-pack\/","og_site_name":"Planbet PT","article_modified_time":"2025-07-25T06:45:45+00:00","twitter_card":"summary_large_image","schema":{"@context":"https:\/\/schema.org","@graph":[{"@type":"WebPage","@id":"https:\/\/planbet.cafe\/pt\/bonus\/welcome-pack\/","url":"https:\/\/planbet.cafe\/pt\/bonus\/welcome-pack\/","name":"Pacote de boas-vindas no PlanBet Casino \u1409 \u20ac1,500 e 150 rodadas","isPartOf":{"@id":"https:\/\/planbet.cafe\/pt\/#website"},"datePublished":"2025-06-08T14:55:51+00:00","dateModified":"2025-07-25T06:45:45+00:00","description":"Receba um pacote de boas-vindas no valor de at\u00e9 1.500 euros e 150 rodadas gr\u00e1tis. Quatro b\u00f3nus poderosos esperam por si! Registo r\u00e1pido, ganhos instant\u00e2neos - aja agora antes que seja tarde demais!","breadcrumb":{"@id":"https:\/\/planbet.cafe\/pt\/bonus\/welcome-pack\/#breadcrumb"},"inLanguage":"pt-PT","potentialAction":[{"@type":"ReadAction","target":["https:\/\/planbet.cafe\/pt\/bonus\/welcome-pack\/"]}]},{"@type":"BreadcrumbList","@id":"https:\/\/planbet.cafe\/pt\/bonus\/welcome-pack\/#breadcrumb","itemListElement":[{"@type":"ListItem","position":1,"name":"Home","item":"https:\/\/planbet.cafe\/pt\/"},{"@type":"ListItem","position":2,"name":"B\u00f3nus","item":"https:\/\/planbet.cafe\/pt\/bonus\/"},{"@type":"ListItem","position":3,"name":"Pacote de boas-vindas"}]},{"@type":"WebSite","@id":"https:\/\/planbet.cafe\/pt\/#website","url":"https:\/\/planbet.cafe\/pt\/","name":"Planbet PT","description":"My WordPress Blog","potentialAction":[{"@type":"SearchAction","target":{"@type":"EntryPoint","urlTemplate":"https:\/\/planbet.cafe\/pt\/?s={search_term_string}"},"query-input":{"@type":"PropertyValueSpecification","valueRequired":true,"valueName":"search_term_string"}}],"inLanguage":"pt-PT"}]}},"_links":{"self":[{"href":"https:\/\/planbet.cafe\/pt\/wp-json\/wp\/v2\/pages\/339","targetHints":{"allow":["GET"]}}],"collection":[{"href":"https:\/\/planbet.cafe\/pt\/wp-json\/wp\/v2\/pages"}],"about":[{"href":"https:\/\/planbet.cafe\/pt\/wp-json\/wp\/v2\/types\/page"}],"author":[{"embeddable":true,"href":"https:\/\/planbet.cafe\/pt\/wp-json\/wp\/v2\/users\/1"}],"replies":[{"embeddable":true,"href":"https:\/\/planbet.cafe\/pt\/wp-json\/wp\/v2\/comments?post=339"}],"version-history":[{"count":3,"href":"https:\/\/planbet.cafe\/pt\/wp-json\/wp\/v2\/pages\/339\/revisions"}],"predecessor-version":[{"id":361,"href":"https:\/\/planbet.cafe\/pt\/wp-json\/wp\/v2\/pages\/339\/revisions\/361"}],"up":[{"embeddable":true,"href":"https:\/\/planbet.cafe\/pt\/wp-json\/wp\/v2\/pages\/237"}],"wp:attachment":[{"href":"https:\/\/planbet.cafe\/pt\/wp-json\/wp\/v2\/media?parent=339"}],"curies":[{"name":"wp","href":"https:\/\/api.w.org\/{rel}","templated":true}]}}