{"id":278,"date":"2025-05-13T05:17:25","date_gmt":"2025-05-13T05:17:25","guid":{"rendered":"https:\/\/planbet.cafe\/pt\/?page_id=278"},"modified":"2025-07-25T07:44:51","modified_gmt":"2025-07-25T07:44:51","slug":"registration","status":"publish","type":"page","link":"https:\/\/planbet.cafe\/pt\/registration\/","title":{"rendered":"Registo"},"content":{"rendered":"","protected":false},"excerpt":{"rendered":"","protected":false},"author":1,"featured_media":0,"parent":0,"menu_order":0,"comment_status":"closed","ping_status":"closed","template":"","meta":{"footnotes":""},"class_list":["post-278","page","type-page","status-publish","hentry"],"yoast_head":"<!-- This site is optimized with the Yoast SEO plugin v25.0 - https:\/\/yoast.com\/wordpress\/plugins\/seo\/ -->\n<title>Registo no PlanBet \u1409 Dicas para um arranque bem-sucedido<\/title>\n<meta name=\"description\" content=\"Junte-se \u00e0 a\u00e7\u00e3o no PlanBet! \ud83d\udd25Saiba como se registar e comece a jogar agora mesmo! Pronto para dar o salto?\" \/>\n<meta name=\"robots\" content=\"index, follow, max-snippet:-1, max-image-preview:large, max-video-preview:-1\" \/>\n<meta property=\"og:locale\" content=\"pt_PT\" \/>\n<meta property=\"og:type\" content=\"article\" \/>\n<meta property=\"og:title\" content=\"Registo no PlanBet \u1409 Dicas para um arranque bem-sucedido\" \/>\n<meta property=\"og:description\" content=\"Junte-se \u00e0 a\u00e7\u00e3o no PlanBet! \ud83d\udd25Saiba como se registar e comece a jogar agora mesmo! Pronto para dar o salto?\" \/>\n<meta property=\"og:url\" content=\"https:\/\/planbet.cafe\/pt\/registration\/\" \/>\n<meta property=\"og:site_name\" content=\"Planbet PT\" \/>\n<meta property=\"article:modified_time\" content=\"2025-07-25T07:44:51+00:00\" \/>\n<meta name=\"twitter:card\" content=\"summary_large_image\" \/>\n<script type=\"application\/ld+json\" class=\"yoast-schema-graph\">{\"@context\":\"https:\/\/schema.org\",\"@graph\":[{\"@type\":\"WebPage\",\"@id\":\"https:\/\/planbet.cafe\/pt\/registration\/\",\"url\":\"https:\/\/planbet.cafe\/pt\/registration\/\",\"name\":\"Registo no PlanBet \u1409 Dicas para um arranque bem-sucedido\",\"isPartOf\":{\"@id\":\"https:\/\/planbet.cafe\/pt\/#website\"},\"datePublished\":\"2025-05-13T05:17:25+00:00\",\"dateModified\":\"2025-07-25T07:44:51+00:00\",\"description\":\"Junte-se \u00e0 a\u00e7\u00e3o no PlanBet! \ud83d\udd25Saiba como se registar e comece a jogar agora mesmo! Pronto para dar o salto?\",\"breadcrumb\":{\"@id\":\"https:\/\/planbet.cafe\/pt\/registration\/#breadcrumb\"},\"inLanguage\":\"pt-PT\",\"potentialAction\":[{\"@type\":\"ReadAction\",\"target\":[\"https:\/\/planbet.cafe\/pt\/registration\/\"]}]},{\"@type\":\"BreadcrumbList\",\"@id\":\"https:\/\/planbet.cafe\/pt\/registration\/#breadcrumb\",\"itemListElement\":[{\"@type\":\"ListItem\",\"position\":1,\"name\":\"Home\",\"item\":\"https:\/\/planbet.cafe\/pt\/\"},{\"@type\":\"ListItem\",\"position\":2,\"name\":\"Registo\"}]},{\"@type\":\"WebSite\",\"@id\":\"https:\/\/planbet.cafe\/pt\/#website\",\"url\":\"https:\/\/planbet.cafe\/pt\/\",\"name\":\"Planbet PT\",\"description\":\"My WordPress Blog\",\"potentialAction\":[{\"@type\":\"SearchAction\",\"target\":{\"@type\":\"EntryPoint\",\"urlTemplate\":\"https:\/\/planbet.cafe\/pt\/?s={search_term_string}\"},\"query-input\":{\"@type\":\"PropertyValueSpecification\",\"valueRequired\":true,\"valueName\":\"search_term_string\"}}],\"inLanguage\":\"pt-PT\"}]}<\/script>\n<!-- \/ Yoast SEO plugin. -->","yoast_head_json":{"title":"Registo no PlanBet \u1409 Dicas para um arranque bem-sucedido","description":"Junte-se \u00e0 a\u00e7\u00e3o no PlanBet! \ud83d\udd25Saiba como se registar e comece a jogar agora mesmo! Pronto para dar o salto?","robots":{"index":"index","follow":"follow","max-snippet":"max-snippet:-1","max-image-preview":"max-image-preview:large","max-video-preview":"max-video-preview:-1"},"og_locale":"pt_PT","og_type":"article","og_title":"Registo no PlanBet \u1409 Dicas para um arranque bem-sucedido","og_description":"Junte-se \u00e0 a\u00e7\u00e3o no PlanBet! \ud83d\udd25Saiba como se registar e comece a jogar agora mesmo! Pronto para dar o salto?","og_url":"https:\/\/planbet.cafe\/pt\/registration\/","og_site_name":"Planbet PT","article_modified_time":"2025-07-25T07:44:51+00:00","twitter_card":"summary_large_image","schema":{"@context":"https:\/\/schema.org","@graph":[{"@type":"WebPage","@id":"https:\/\/planbet.cafe\/pt\/registration\/","url":"https:\/\/planbet.cafe\/pt\/registration\/","name":"Registo no PlanBet \u1409 Dicas para um arranque bem-sucedido","isPartOf":{"@id":"https:\/\/planbet.cafe\/pt\/#website"},"datePublished":"2025-05-13T05:17:25+00:00","dateModified":"2025-07-25T07:44:51+00:00","description":"Junte-se \u00e0 a\u00e7\u00e3o no PlanBet! \ud83d\udd25Saiba como se registar e comece a jogar agora mesmo! Pronto para dar o salto?","breadcrumb":{"@id":"https:\/\/planbet.cafe\/pt\/registration\/#breadcrumb"},"inLanguage":"pt-PT","potentialAction":[{"@type":"ReadAction","target":["https:\/\/planbet.cafe\/pt\/registration\/"]}]},{"@type":"BreadcrumbList","@id":"https:\/\/planbet.cafe\/pt\/registration\/#breadcrumb","itemListElement":[{"@type":"ListItem","position":1,"name":"Home","item":"https:\/\/planbet.cafe\/pt\/"},{"@type":"ListItem","position":2,"name":"Registo"}]},{"@type":"WebSite","@id":"https:\/\/planbet.cafe\/pt\/#website","url":"https:\/\/planbet.cafe\/pt\/","name":"Planbet PT","description":"My WordPress Blog","potentialAction":[{"@type":"SearchAction","target":{"@type":"EntryPoint","urlTemplate":"https:\/\/planbet.cafe\/pt\/?s={search_term_string}"},"query-input":{"@type":"PropertyValueSpecification","valueRequired":true,"valueName":"search_term_string"}}],"inLanguage":"pt-PT"}]}},"_links":{"self":[{"href":"https:\/\/planbet.cafe\/pt\/wp-json\/wp\/v2\/pages\/278","targetHints":{"allow":["GET"]}}],"collection":[{"href":"https:\/\/planbet.cafe\/pt\/wp-json\/wp\/v2\/pages"}],"about":[{"href":"https:\/\/planbet.cafe\/pt\/wp-json\/wp\/v2\/types\/page"}],"author":[{"embeddable":true,"href":"https:\/\/planbet.cafe\/pt\/wp-json\/wp\/v2\/users\/1"}],"replies":[{"embeddable":true,"href":"https:\/\/planbet.cafe\/pt\/wp-json\/wp\/v2\/comments?post=278"}],"version-history":[{"count":10,"href":"https:\/\/planbet.cafe\/pt\/wp-json\/wp\/v2\/pages\/278\/revisions"}],"predecessor-version":[{"id":374,"href":"https:\/\/planbet.cafe\/pt\/wp-json\/wp\/v2\/pages\/278\/revisions\/374"}],"wp:attachment":[{"href":"https:\/\/planbet.cafe\/pt\/wp-json\/wp\/v2\/media?parent=278"}],"curies":[{"name":"wp","href":"https:\/\/api.w.org\/{rel}","templated":true}]}}