{"id":188,"date":"2025-05-07T08:10:05","date_gmt":"2025-05-07T08:10:05","guid":{"rendered":"https:\/\/planbet.cafe\/pt\/?page_id=188"},"modified":"2025-07-25T07:48:56","modified_gmt":"2025-07-25T07:48:56","slug":"app","status":"publish","type":"page","link":"https:\/\/planbet.cafe\/pt\/app\/","title":{"rendered":"Aplicativa"},"content":{"rendered":"","protected":false},"excerpt":{"rendered":"","protected":false},"author":1,"featured_media":0,"parent":0,"menu_order":0,"comment_status":"closed","ping_status":"closed","template":"","meta":{"footnotes":""},"class_list":["post-188","page","type-page","status-publish","hentry"],"yoast_head":"<!-- This site is optimized with the Yoast SEO plugin v25.0 - https:\/\/yoast.com\/wordpress\/plugins\/seo\/ -->\n<title>PlanBet App para Android\/iOS | Como descarregar a aplica\u00e7\u00e3o<\/title>\n<meta name=\"description\" content=\"PlanBet app para Android e iOS: descarregar e instalar. Jogue os seus jogos de casino favoritos e fa\u00e7a apostas em desportos a qualquer hora e em qualquer lugar!\" \/>\n<meta name=\"robots\" content=\"index, follow, max-snippet:-1, max-image-preview:large, max-video-preview:-1\" \/>\n<meta property=\"og:locale\" content=\"pt_PT\" \/>\n<meta property=\"og:type\" content=\"article\" \/>\n<meta property=\"og:title\" content=\"PlanBet App para Android\/iOS | Como descarregar a aplica\u00e7\u00e3o\" \/>\n<meta property=\"og:description\" content=\"PlanBet app para Android e iOS: descarregar e instalar. Jogue os seus jogos de casino favoritos e fa\u00e7a apostas em desportos a qualquer hora e em qualquer lugar!\" \/>\n<meta property=\"og:url\" content=\"https:\/\/planbet.cafe\/pt\/app\/\" \/>\n<meta property=\"og:site_name\" content=\"Planbet PT\" \/>\n<meta property=\"article:modified_time\" content=\"2025-07-25T07:48:56+00:00\" \/>\n<meta name=\"twitter:card\" content=\"summary_large_image\" \/>\n<script type=\"application\/ld+json\" class=\"yoast-schema-graph\">{\"@context\":\"https:\/\/schema.org\",\"@graph\":[{\"@type\":\"WebPage\",\"@id\":\"https:\/\/planbet.cafe\/pt\/app\/\",\"url\":\"https:\/\/planbet.cafe\/pt\/app\/\",\"name\":\"PlanBet App para Android\/iOS | Como descarregar a aplica\u00e7\u00e3o\",\"isPartOf\":{\"@id\":\"https:\/\/planbet.cafe\/pt\/#website\"},\"datePublished\":\"2025-05-07T08:10:05+00:00\",\"dateModified\":\"2025-07-25T07:48:56+00:00\",\"description\":\"PlanBet app para Android e iOS: descarregar e instalar. Jogue os seus jogos de casino favoritos e fa\u00e7a apostas em desportos a qualquer hora e em qualquer lugar!\",\"breadcrumb\":{\"@id\":\"https:\/\/planbet.cafe\/pt\/app\/#breadcrumb\"},\"inLanguage\":\"pt-PT\",\"potentialAction\":[{\"@type\":\"ReadAction\",\"target\":[\"https:\/\/planbet.cafe\/pt\/app\/\"]}]},{\"@type\":\"BreadcrumbList\",\"@id\":\"https:\/\/planbet.cafe\/pt\/app\/#breadcrumb\",\"itemListElement\":[{\"@type\":\"ListItem\",\"position\":1,\"name\":\"Home\",\"item\":\"https:\/\/planbet.cafe\/pt\/\"},{\"@type\":\"ListItem\",\"position\":2,\"name\":\"Aplicativa\"}]},{\"@type\":\"WebSite\",\"@id\":\"https:\/\/planbet.cafe\/pt\/#website\",\"url\":\"https:\/\/planbet.cafe\/pt\/\",\"name\":\"Planbet PT\",\"description\":\"My WordPress Blog\",\"potentialAction\":[{\"@type\":\"SearchAction\",\"target\":{\"@type\":\"EntryPoint\",\"urlTemplate\":\"https:\/\/planbet.cafe\/pt\/?s={search_term_string}\"},\"query-input\":{\"@type\":\"PropertyValueSpecification\",\"valueRequired\":true,\"valueName\":\"search_term_string\"}}],\"inLanguage\":\"pt-PT\"}]}<\/script>\n<!-- \/ Yoast SEO plugin. -->","yoast_head_json":{"title":"PlanBet App para Android\/iOS | Como descarregar a aplica\u00e7\u00e3o","description":"PlanBet app para Android e iOS: descarregar e instalar. Jogue os seus jogos de casino favoritos e fa\u00e7a apostas em desportos a qualquer hora e em qualquer lugar!","robots":{"index":"index","follow":"follow","max-snippet":"max-snippet:-1","max-image-preview":"max-image-preview:large","max-video-preview":"max-video-preview:-1"},"og_locale":"pt_PT","og_type":"article","og_title":"PlanBet App para Android\/iOS | Como descarregar a aplica\u00e7\u00e3o","og_description":"PlanBet app para Android e iOS: descarregar e instalar. Jogue os seus jogos de casino favoritos e fa\u00e7a apostas em desportos a qualquer hora e em qualquer lugar!","og_url":"https:\/\/planbet.cafe\/pt\/app\/","og_site_name":"Planbet PT","article_modified_time":"2025-07-25T07:48:56+00:00","twitter_card":"summary_large_image","schema":{"@context":"https:\/\/schema.org","@graph":[{"@type":"WebPage","@id":"https:\/\/planbet.cafe\/pt\/app\/","url":"https:\/\/planbet.cafe\/pt\/app\/","name":"PlanBet App para Android\/iOS | Como descarregar a aplica\u00e7\u00e3o","isPartOf":{"@id":"https:\/\/planbet.cafe\/pt\/#website"},"datePublished":"2025-05-07T08:10:05+00:00","dateModified":"2025-07-25T07:48:56+00:00","description":"PlanBet app para Android e iOS: descarregar e instalar. Jogue os seus jogos de casino favoritos e fa\u00e7a apostas em desportos a qualquer hora e em qualquer lugar!","breadcrumb":{"@id":"https:\/\/planbet.cafe\/pt\/app\/#breadcrumb"},"inLanguage":"pt-PT","potentialAction":[{"@type":"ReadAction","target":["https:\/\/planbet.cafe\/pt\/app\/"]}]},{"@type":"BreadcrumbList","@id":"https:\/\/planbet.cafe\/pt\/app\/#breadcrumb","itemListElement":[{"@type":"ListItem","position":1,"name":"Home","item":"https:\/\/planbet.cafe\/pt\/"},{"@type":"ListItem","position":2,"name":"Aplicativa"}]},{"@type":"WebSite","@id":"https:\/\/planbet.cafe\/pt\/#website","url":"https:\/\/planbet.cafe\/pt\/","name":"Planbet PT","description":"My WordPress Blog","potentialAction":[{"@type":"SearchAction","target":{"@type":"EntryPoint","urlTemplate":"https:\/\/planbet.cafe\/pt\/?s={search_term_string}"},"query-input":{"@type":"PropertyValueSpecification","valueRequired":true,"valueName":"search_term_string"}}],"inLanguage":"pt-PT"}]}},"_links":{"self":[{"href":"https:\/\/planbet.cafe\/pt\/wp-json\/wp\/v2\/pages\/188","targetHints":{"allow":["GET"]}}],"collection":[{"href":"https:\/\/planbet.cafe\/pt\/wp-json\/wp\/v2\/pages"}],"about":[{"href":"https:\/\/planbet.cafe\/pt\/wp-json\/wp\/v2\/types\/page"}],"author":[{"embeddable":true,"href":"https:\/\/planbet.cafe\/pt\/wp-json\/wp\/v2\/users\/1"}],"replies":[{"embeddable":true,"href":"https:\/\/planbet.cafe\/pt\/wp-json\/wp\/v2\/comments?post=188"}],"version-history":[{"count":11,"href":"https:\/\/planbet.cafe\/pt\/wp-json\/wp\/v2\/pages\/188\/revisions"}],"predecessor-version":[{"id":376,"href":"https:\/\/planbet.cafe\/pt\/wp-json\/wp\/v2\/pages\/188\/revisions\/376"}],"wp:attachment":[{"href":"https:\/\/planbet.cafe\/pt\/wp-json\/wp\/v2\/media?parent=188"}],"curies":[{"name":"wp","href":"https:\/\/api.w.org\/{rel}","templated":true}]}}