{"id":353,"date":"2025-06-08T15:08:26","date_gmt":"2025-06-08T15:08:26","guid":{"rendered":"https:\/\/planbet.cafe\/?page_id=335"},"modified":"2025-08-15T13:56:20","modified_gmt":"2025-08-15T13:56:20","slug":"cashback","status":"publish","type":"page","link":"https:\/\/planbet.cafe\/pl\/bonus\/cashback\/","title":{"rendered":"Zwrot got\u00f3wki"},"content":{"rendered":"","protected":false},"excerpt":{"rendered":"","protected":false},"author":1,"featured_media":0,"parent":237,"menu_order":0,"comment_status":"closed","ping_status":"closed","template":"","meta":{"footnotes":""},"class_list":["post-353","page","type-page","status-publish","hentry"],"yoast_head":"<!-- This site is optimized with the Yoast SEO plugin v25.0 - https:\/\/yoast.com\/wordpress\/plugins\/seo\/ -->\n<title>PlanBet Sports Cashback \u1409 do 3600 Z\u0141 zwrotu co tydzie\u0144!<\/title>\n<meta name=\"description\" content=\"Zgubi\u0142e\u015b si\u0119? Nie martw si\u0119! Dzi\u0119ki cashbackowi od PlanBet mo\u017cesz co tydzie\u0144 odzyska\u0107 nawet 3600 z\u0142! Odzyskaj 3% swoich strat i zyskaj drug\u0105 szans\u0119 na wygran\u0105.\" \/>\n<meta name=\"robots\" content=\"index, follow, max-snippet:-1, max-image-preview:large, max-video-preview:-1\" \/>\n<meta property=\"og:locale\" content=\"pl_PL\" \/>\n<meta property=\"og:type\" content=\"article\" \/>\n<meta property=\"og:title\" content=\"PlanBet Sports Cashback \u1409 do 3600 Z\u0141 zwrotu co tydzie\u0144!\" \/>\n<meta property=\"og:description\" content=\"Zgubi\u0142e\u015b si\u0119? Nie martw si\u0119! Dzi\u0119ki cashbackowi od PlanBet mo\u017cesz co tydzie\u0144 odzyska\u0107 nawet 3600 z\u0142! Odzyskaj 3% swoich strat i zyskaj drug\u0105 szans\u0119 na wygran\u0105.\" \/>\n<meta property=\"og:url\" content=\"https:\/\/planbet.cafe\/pl\/bonus\/cashback\/\" \/>\n<meta property=\"og:site_name\" content=\"Planbet PL\" \/>\n<meta property=\"article:modified_time\" content=\"2025-08-15T13:56:20+00:00\" \/>\n<meta name=\"twitter:card\" content=\"summary_large_image\" \/>\n<script type=\"application\/ld+json\" class=\"yoast-schema-graph\">{\"@context\":\"https:\/\/schema.org\",\"@graph\":[{\"@type\":\"WebPage\",\"@id\":\"https:\/\/planbet.cafe\/pl\/bonus\/cashback\/\",\"url\":\"https:\/\/planbet.cafe\/pl\/bonus\/cashback\/\",\"name\":\"PlanBet Sports Cashback \u1409 do 3600 Z\u0141 zwrotu co tydzie\u0144!\",\"isPartOf\":{\"@id\":\"https:\/\/planbet.cafe\/pl\/#website\"},\"datePublished\":\"2025-06-08T15:08:26+00:00\",\"dateModified\":\"2025-08-15T13:56:20+00:00\",\"description\":\"Zgubi\u0142e\u015b si\u0119? Nie martw si\u0119! Dzi\u0119ki cashbackowi od PlanBet mo\u017cesz co tydzie\u0144 odzyska\u0107 nawet 3600 z\u0142! Odzyskaj 3% swoich strat i zyskaj drug\u0105 szans\u0119 na wygran\u0105.\",\"breadcrumb\":{\"@id\":\"https:\/\/planbet.cafe\/pl\/bonus\/cashback\/#breadcrumb\"},\"inLanguage\":\"pl-PL\",\"potentialAction\":[{\"@type\":\"ReadAction\",\"target\":[\"https:\/\/planbet.cafe\/pl\/bonus\/cashback\/\"]}]},{\"@type\":\"BreadcrumbList\",\"@id\":\"https:\/\/planbet.cafe\/pl\/bonus\/cashback\/#breadcrumb\",\"itemListElement\":[{\"@type\":\"ListItem\",\"position\":1,\"name\":\"Home\",\"item\":\"https:\/\/planbet.cafe\/pl\/\"},{\"@type\":\"ListItem\",\"position\":2,\"name\":\"Bonus\",\"item\":\"https:\/\/planbet.cafe\/pl\/bonus\/\"},{\"@type\":\"ListItem\",\"position\":3,\"name\":\"Zwrot got\u00f3wki\"}]},{\"@type\":\"WebSite\",\"@id\":\"https:\/\/planbet.cafe\/pl\/#website\",\"url\":\"https:\/\/planbet.cafe\/pl\/\",\"name\":\"Planbet PL\",\"description\":\"My WordPress Blog\",\"potentialAction\":[{\"@type\":\"SearchAction\",\"target\":{\"@type\":\"EntryPoint\",\"urlTemplate\":\"https:\/\/planbet.cafe\/pl\/?s={search_term_string}\"},\"query-input\":{\"@type\":\"PropertyValueSpecification\",\"valueRequired\":true,\"valueName\":\"search_term_string\"}}],\"inLanguage\":\"pl-PL\"}]}<\/script>\n<!-- \/ Yoast SEO plugin. -->","yoast_head_json":{"title":"PlanBet Sports Cashback \u1409 do 3600 Z\u0141 zwrotu co tydzie\u0144!","description":"Zgubi\u0142e\u015b si\u0119? Nie martw si\u0119! Dzi\u0119ki cashbackowi od PlanBet mo\u017cesz co tydzie\u0144 odzyska\u0107 nawet 3600 z\u0142! Odzyskaj 3% swoich strat i zyskaj drug\u0105 szans\u0119 na wygran\u0105.","robots":{"index":"index","follow":"follow","max-snippet":"max-snippet:-1","max-image-preview":"max-image-preview:large","max-video-preview":"max-video-preview:-1"},"og_locale":"pl_PL","og_type":"article","og_title":"PlanBet Sports Cashback \u1409 do 3600 Z\u0141 zwrotu co tydzie\u0144!","og_description":"Zgubi\u0142e\u015b si\u0119? Nie martw si\u0119! Dzi\u0119ki cashbackowi od PlanBet mo\u017cesz co tydzie\u0144 odzyska\u0107 nawet 3600 z\u0142! Odzyskaj 3% swoich strat i zyskaj drug\u0105 szans\u0119 na wygran\u0105.","og_url":"https:\/\/planbet.cafe\/pl\/bonus\/cashback\/","og_site_name":"Planbet PL","article_modified_time":"2025-08-15T13:56:20+00:00","twitter_card":"summary_large_image","schema":{"@context":"https:\/\/schema.org","@graph":[{"@type":"WebPage","@id":"https:\/\/planbet.cafe\/pl\/bonus\/cashback\/","url":"https:\/\/planbet.cafe\/pl\/bonus\/cashback\/","name":"PlanBet Sports Cashback \u1409 do 3600 Z\u0141 zwrotu co tydzie\u0144!","isPartOf":{"@id":"https:\/\/planbet.cafe\/pl\/#website"},"datePublished":"2025-06-08T15:08:26+00:00","dateModified":"2025-08-15T13:56:20+00:00","description":"Zgubi\u0142e\u015b si\u0119? Nie martw si\u0119! Dzi\u0119ki cashbackowi od PlanBet mo\u017cesz co tydzie\u0144 odzyska\u0107 nawet 3600 z\u0142! Odzyskaj 3% swoich strat i zyskaj drug\u0105 szans\u0119 na wygran\u0105.","breadcrumb":{"@id":"https:\/\/planbet.cafe\/pl\/bonus\/cashback\/#breadcrumb"},"inLanguage":"pl-PL","potentialAction":[{"@type":"ReadAction","target":["https:\/\/planbet.cafe\/pl\/bonus\/cashback\/"]}]},{"@type":"BreadcrumbList","@id":"https:\/\/planbet.cafe\/pl\/bonus\/cashback\/#breadcrumb","itemListElement":[{"@type":"ListItem","position":1,"name":"Home","item":"https:\/\/planbet.cafe\/pl\/"},{"@type":"ListItem","position":2,"name":"Bonus","item":"https:\/\/planbet.cafe\/pl\/bonus\/"},{"@type":"ListItem","position":3,"name":"Zwrot got\u00f3wki"}]},{"@type":"WebSite","@id":"https:\/\/planbet.cafe\/pl\/#website","url":"https:\/\/planbet.cafe\/pl\/","name":"Planbet PL","description":"My WordPress Blog","potentialAction":[{"@type":"SearchAction","target":{"@type":"EntryPoint","urlTemplate":"https:\/\/planbet.cafe\/pl\/?s={search_term_string}"},"query-input":{"@type":"PropertyValueSpecification","valueRequired":true,"valueName":"search_term_string"}}],"inLanguage":"pl-PL"}]}},"_links":{"self":[{"href":"https:\/\/planbet.cafe\/pl\/wp-json\/wp\/v2\/pages\/353","targetHints":{"allow":["GET"]}}],"collection":[{"href":"https:\/\/planbet.cafe\/pl\/wp-json\/wp\/v2\/pages"}],"about":[{"href":"https:\/\/planbet.cafe\/pl\/wp-json\/wp\/v2\/types\/page"}],"author":[{"embeddable":true,"href":"https:\/\/planbet.cafe\/pl\/wp-json\/wp\/v2\/users\/1"}],"replies":[{"embeddable":true,"href":"https:\/\/planbet.cafe\/pl\/wp-json\/wp\/v2\/comments?post=353"}],"version-history":[{"count":2,"href":"https:\/\/planbet.cafe\/pl\/wp-json\/wp\/v2\/pages\/353\/revisions"}],"predecessor-version":[{"id":357,"href":"https:\/\/planbet.cafe\/pl\/wp-json\/wp\/v2\/pages\/353\/revisions\/357"}],"up":[{"embeddable":true,"href":"https:\/\/planbet.cafe\/pl\/wp-json\/wp\/v2\/pages\/237"}],"wp:attachment":[{"href":"https:\/\/planbet.cafe\/pl\/wp-json\/wp\/v2\/media?parent=353"}],"curies":[{"name":"wp","href":"https:\/\/api.w.org\/{rel}","templated":true}]}}