{"id":347,"date":"2025-06-08T13:29:34","date_gmt":"2025-06-08T13:29:34","guid":{"rendered":"https:\/\/planbet.cafe\/?page_id=321"},"modified":"2025-08-15T14:15:33","modified_gmt":"2025-08-15T14:15:33","slug":"100-first-deposit","status":"publish","type":"page","link":"https:\/\/planbet.cafe\/pl\/bonus\/100-first-deposit\/","title":{"rendered":"100% przy pierwszym depozycie"},"content":{"rendered":"","protected":false},"excerpt":{"rendered":"","protected":false},"author":1,"featured_media":0,"parent":237,"menu_order":0,"comment_status":"closed","ping_status":"closed","template":"","meta":{"footnotes":""},"class_list":["post-347","page","type-page","status-publish","hentry"],"yoast_head":"<!-- This site is optimized with the Yoast SEO plugin v25.0 - https:\/\/yoast.com\/wordpress\/plugins\/seo\/ -->\n<title>Zdob\u0105d\u017a 100% na sw\u00f3j pierwszy depozyt w PlanBet \u1409 Do 410 Z\u0141!<\/title>\n<meta name=\"description\" content=\"Podwajamy Tw\u00f3j pierwszy depozyt \u2014 otrzymaj do 410 Z\u0141 na swoje konto. Szybka rejestracja, prosty proces i niesamowite mo\u017cliwo\u015bci wygranej! Nie przegap swojej szansy \u2014 bonus jest dost\u0119pny tylko raz!\" \/>\n<meta name=\"robots\" content=\"index, follow, max-snippet:-1, max-image-preview:large, max-video-preview:-1\" \/>\n<meta property=\"og:locale\" content=\"pl_PL\" \/>\n<meta property=\"og:type\" content=\"article\" \/>\n<meta property=\"og:title\" content=\"Zdob\u0105d\u017a 100% na sw\u00f3j pierwszy depozyt w PlanBet \u1409 Do 410 Z\u0141!\" \/>\n<meta property=\"og:description\" content=\"Podwajamy Tw\u00f3j pierwszy depozyt \u2014 otrzymaj do 410 Z\u0141 na swoje konto. Szybka rejestracja, prosty proces i niesamowite mo\u017cliwo\u015bci wygranej! Nie przegap swojej szansy \u2014 bonus jest dost\u0119pny tylko raz!\" \/>\n<meta property=\"og:url\" content=\"https:\/\/planbet.cafe\/pl\/bonus\/100-first-deposit\/\" \/>\n<meta property=\"og:site_name\" content=\"Planbet PL\" \/>\n<meta property=\"article:modified_time\" content=\"2025-08-15T14:15:33+00:00\" \/>\n<meta name=\"twitter:card\" content=\"summary_large_image\" \/>\n<script type=\"application\/ld+json\" class=\"yoast-schema-graph\">{\"@context\":\"https:\/\/schema.org\",\"@graph\":[{\"@type\":\"WebPage\",\"@id\":\"https:\/\/planbet.cafe\/pl\/bonus\/100-first-deposit\/\",\"url\":\"https:\/\/planbet.cafe\/pl\/bonus\/100-first-deposit\/\",\"name\":\"Zdob\u0105d\u017a 100% na sw\u00f3j pierwszy depozyt w PlanBet \u1409 Do 410 Z\u0141!\",\"isPartOf\":{\"@id\":\"https:\/\/planbet.cafe\/pl\/#website\"},\"datePublished\":\"2025-06-08T13:29:34+00:00\",\"dateModified\":\"2025-08-15T14:15:33+00:00\",\"description\":\"Podwajamy Tw\u00f3j pierwszy depozyt \u2014 otrzymaj do 410 Z\u0141 na swoje konto. Szybka rejestracja, prosty proces i niesamowite mo\u017cliwo\u015bci wygranej! Nie przegap swojej szansy \u2014 bonus jest dost\u0119pny tylko raz!\",\"breadcrumb\":{\"@id\":\"https:\/\/planbet.cafe\/pl\/bonus\/100-first-deposit\/#breadcrumb\"},\"inLanguage\":\"pl-PL\",\"potentialAction\":[{\"@type\":\"ReadAction\",\"target\":[\"https:\/\/planbet.cafe\/pl\/bonus\/100-first-deposit\/\"]}]},{\"@type\":\"BreadcrumbList\",\"@id\":\"https:\/\/planbet.cafe\/pl\/bonus\/100-first-deposit\/#breadcrumb\",\"itemListElement\":[{\"@type\":\"ListItem\",\"position\":1,\"name\":\"Home\",\"item\":\"https:\/\/planbet.cafe\/pl\/\"},{\"@type\":\"ListItem\",\"position\":2,\"name\":\"Bonus\",\"item\":\"https:\/\/planbet.cafe\/pl\/bonus\/\"},{\"@type\":\"ListItem\",\"position\":3,\"name\":\"100% przy pierwszym depozycie\"}]},{\"@type\":\"WebSite\",\"@id\":\"https:\/\/planbet.cafe\/pl\/#website\",\"url\":\"https:\/\/planbet.cafe\/pl\/\",\"name\":\"Planbet PL\",\"description\":\"My WordPress Blog\",\"potentialAction\":[{\"@type\":\"SearchAction\",\"target\":{\"@type\":\"EntryPoint\",\"urlTemplate\":\"https:\/\/planbet.cafe\/pl\/?s={search_term_string}\"},\"query-input\":{\"@type\":\"PropertyValueSpecification\",\"valueRequired\":true,\"valueName\":\"search_term_string\"}}],\"inLanguage\":\"pl-PL\"}]}<\/script>\n<!-- \/ Yoast SEO plugin. -->","yoast_head_json":{"title":"Zdob\u0105d\u017a 100% na sw\u00f3j pierwszy depozyt w PlanBet \u1409 Do 410 Z\u0141!","description":"Podwajamy Tw\u00f3j pierwszy depozyt \u2014 otrzymaj do 410 Z\u0141 na swoje konto. Szybka rejestracja, prosty proces i niesamowite mo\u017cliwo\u015bci wygranej! Nie przegap swojej szansy \u2014 bonus jest dost\u0119pny tylko raz!","robots":{"index":"index","follow":"follow","max-snippet":"max-snippet:-1","max-image-preview":"max-image-preview:large","max-video-preview":"max-video-preview:-1"},"og_locale":"pl_PL","og_type":"article","og_title":"Zdob\u0105d\u017a 100% na sw\u00f3j pierwszy depozyt w PlanBet \u1409 Do 410 Z\u0141!","og_description":"Podwajamy Tw\u00f3j pierwszy depozyt \u2014 otrzymaj do 410 Z\u0141 na swoje konto. Szybka rejestracja, prosty proces i niesamowite mo\u017cliwo\u015bci wygranej! Nie przegap swojej szansy \u2014 bonus jest dost\u0119pny tylko raz!","og_url":"https:\/\/planbet.cafe\/pl\/bonus\/100-first-deposit\/","og_site_name":"Planbet PL","article_modified_time":"2025-08-15T14:15:33+00:00","twitter_card":"summary_large_image","schema":{"@context":"https:\/\/schema.org","@graph":[{"@type":"WebPage","@id":"https:\/\/planbet.cafe\/pl\/bonus\/100-first-deposit\/","url":"https:\/\/planbet.cafe\/pl\/bonus\/100-first-deposit\/","name":"Zdob\u0105d\u017a 100% na sw\u00f3j pierwszy depozyt w PlanBet \u1409 Do 410 Z\u0141!","isPartOf":{"@id":"https:\/\/planbet.cafe\/pl\/#website"},"datePublished":"2025-06-08T13:29:34+00:00","dateModified":"2025-08-15T14:15:33+00:00","description":"Podwajamy Tw\u00f3j pierwszy depozyt \u2014 otrzymaj do 410 Z\u0141 na swoje konto. Szybka rejestracja, prosty proces i niesamowite mo\u017cliwo\u015bci wygranej! Nie przegap swojej szansy \u2014 bonus jest dost\u0119pny tylko raz!","breadcrumb":{"@id":"https:\/\/planbet.cafe\/pl\/bonus\/100-first-deposit\/#breadcrumb"},"inLanguage":"pl-PL","potentialAction":[{"@type":"ReadAction","target":["https:\/\/planbet.cafe\/pl\/bonus\/100-first-deposit\/"]}]},{"@type":"BreadcrumbList","@id":"https:\/\/planbet.cafe\/pl\/bonus\/100-first-deposit\/#breadcrumb","itemListElement":[{"@type":"ListItem","position":1,"name":"Home","item":"https:\/\/planbet.cafe\/pl\/"},{"@type":"ListItem","position":2,"name":"Bonus","item":"https:\/\/planbet.cafe\/pl\/bonus\/"},{"@type":"ListItem","position":3,"name":"100% przy pierwszym depozycie"}]},{"@type":"WebSite","@id":"https:\/\/planbet.cafe\/pl\/#website","url":"https:\/\/planbet.cafe\/pl\/","name":"Planbet PL","description":"My WordPress Blog","potentialAction":[{"@type":"SearchAction","target":{"@type":"EntryPoint","urlTemplate":"https:\/\/planbet.cafe\/pl\/?s={search_term_string}"},"query-input":{"@type":"PropertyValueSpecification","valueRequired":true,"valueName":"search_term_string"}}],"inLanguage":"pl-PL"}]}},"_links":{"self":[{"href":"https:\/\/planbet.cafe\/pl\/wp-json\/wp\/v2\/pages\/347","targetHints":{"allow":["GET"]}}],"collection":[{"href":"https:\/\/planbet.cafe\/pl\/wp-json\/wp\/v2\/pages"}],"about":[{"href":"https:\/\/planbet.cafe\/pl\/wp-json\/wp\/v2\/types\/page"}],"author":[{"embeddable":true,"href":"https:\/\/planbet.cafe\/pl\/wp-json\/wp\/v2\/users\/1"}],"replies":[{"embeddable":true,"href":"https:\/\/planbet.cafe\/pl\/wp-json\/wp\/v2\/comments?post=347"}],"version-history":[{"count":2,"href":"https:\/\/planbet.cafe\/pl\/wp-json\/wp\/v2\/pages\/347\/revisions"}],"predecessor-version":[{"id":366,"href":"https:\/\/planbet.cafe\/pl\/wp-json\/wp\/v2\/pages\/347\/revisions\/366"}],"up":[{"embeddable":true,"href":"https:\/\/planbet.cafe\/pl\/wp-json\/wp\/v2\/pages\/237"}],"wp:attachment":[{"href":"https:\/\/planbet.cafe\/pl\/wp-json\/wp\/v2\/media?parent=347"}],"curies":[{"name":"wp","href":"https:\/\/api.w.org\/{rel}","templated":true}]}}