{"id":205,"date":"2025-05-08T06:05:53","date_gmt":"2025-05-08T06:05:53","guid":{"rendered":"https:\/\/planbet.cafe\/pl\/?page_id=205"},"modified":"2025-05-26T16:12:25","modified_gmt":"2025-05-26T16:12:25","slug":"apk","status":"publish","type":"page","link":"https:\/\/planbet.cafe\/pl\/apk\/","title":{"rendered":"Apk"},"content":{"rendered":"","protected":false},"excerpt":{"rendered":"","protected":false},"author":1,"featured_media":0,"parent":0,"menu_order":0,"comment_status":"closed","ping_status":"closed","template":"","meta":{"footnotes":""},"class_list":["post-205","page","type-page","status-publish","hentry"],"yoast_head":"<!-- This site is optimized with the Yoast SEO plugin v25.0 - https:\/\/yoast.com\/wordpress\/plugins\/seo\/ -->\n<title>Pobierz PlanBet APK | Obstawiaj sport i graj w gry kasynowe<\/title>\n<meta name=\"description\" content=\"Pobierz aplikacj\u0119 PlanBet na Androida (APK) i ciesz si\u0119 szybkimi, bezpiecznymi i wygodnymi mobilnymi zak\u0142adami i grami kasynowymi. Pobierz najnowsz\u0105 wersj\u0119 i zacznij gra\u0107 ju\u017c dzi\u015b!\" \/>\n<meta name=\"robots\" content=\"index, follow, max-snippet:-1, max-image-preview:large, max-video-preview:-1\" \/>\n<meta property=\"og:locale\" content=\"pl_PL\" \/>\n<meta property=\"og:type\" content=\"article\" \/>\n<meta property=\"og:title\" content=\"Pobierz PlanBet APK | Obstawiaj sport i graj w gry kasynowe\" \/>\n<meta property=\"og:description\" content=\"Pobierz aplikacj\u0119 PlanBet na Androida (APK) i ciesz si\u0119 szybkimi, bezpiecznymi i wygodnymi mobilnymi zak\u0142adami i grami kasynowymi. Pobierz najnowsz\u0105 wersj\u0119 i zacznij gra\u0107 ju\u017c dzi\u015b!\" \/>\n<meta property=\"og:url\" content=\"https:\/\/planbet.cafe\/pl\/apk\/\" \/>\n<meta property=\"og:site_name\" content=\"Planbet PL\" \/>\n<meta property=\"article:modified_time\" content=\"2025-05-26T16:12:25+00:00\" \/>\n<meta name=\"twitter:card\" content=\"summary_large_image\" \/>\n<script type=\"application\/ld+json\" class=\"yoast-schema-graph\">{\"@context\":\"https:\/\/schema.org\",\"@graph\":[{\"@type\":\"WebPage\",\"@id\":\"https:\/\/planbet.cafe\/pl\/apk\/\",\"url\":\"https:\/\/planbet.cafe\/pl\/apk\/\",\"name\":\"Pobierz PlanBet APK | Obstawiaj sport i graj w gry kasynowe\",\"isPartOf\":{\"@id\":\"https:\/\/planbet.cafe\/pl\/#website\"},\"datePublished\":\"2025-05-08T06:05:53+00:00\",\"dateModified\":\"2025-05-26T16:12:25+00:00\",\"description\":\"Pobierz aplikacj\u0119 PlanBet na Androida (APK) i ciesz si\u0119 szybkimi, bezpiecznymi i wygodnymi mobilnymi zak\u0142adami i grami kasynowymi. Pobierz najnowsz\u0105 wersj\u0119 i zacznij gra\u0107 ju\u017c dzi\u015b!\",\"breadcrumb\":{\"@id\":\"https:\/\/planbet.cafe\/pl\/apk\/#breadcrumb\"},\"inLanguage\":\"pl-PL\",\"potentialAction\":[{\"@type\":\"ReadAction\",\"target\":[\"https:\/\/planbet.cafe\/pl\/apk\/\"]}]},{\"@type\":\"BreadcrumbList\",\"@id\":\"https:\/\/planbet.cafe\/pl\/apk\/#breadcrumb\",\"itemListElement\":[{\"@type\":\"ListItem\",\"position\":1,\"name\":\"Home\",\"item\":\"https:\/\/planbet.cafe\/pl\/\"},{\"@type\":\"ListItem\",\"position\":2,\"name\":\"Apk\"}]},{\"@type\":\"WebSite\",\"@id\":\"https:\/\/planbet.cafe\/pl\/#website\",\"url\":\"https:\/\/planbet.cafe\/pl\/\",\"name\":\"Planbet PL\",\"description\":\"My WordPress Blog\",\"potentialAction\":[{\"@type\":\"SearchAction\",\"target\":{\"@type\":\"EntryPoint\",\"urlTemplate\":\"https:\/\/planbet.cafe\/pl\/?s={search_term_string}\"},\"query-input\":{\"@type\":\"PropertyValueSpecification\",\"valueRequired\":true,\"valueName\":\"search_term_string\"}}],\"inLanguage\":\"pl-PL\"}]}<\/script>\n<!-- \/ Yoast SEO plugin. -->","yoast_head_json":{"title":"Pobierz PlanBet APK | Obstawiaj sport i graj w gry kasynowe","description":"Pobierz aplikacj\u0119 PlanBet na Androida (APK) i ciesz si\u0119 szybkimi, bezpiecznymi i wygodnymi mobilnymi zak\u0142adami i grami kasynowymi. Pobierz najnowsz\u0105 wersj\u0119 i zacznij gra\u0107 ju\u017c dzi\u015b!","robots":{"index":"index","follow":"follow","max-snippet":"max-snippet:-1","max-image-preview":"max-image-preview:large","max-video-preview":"max-video-preview:-1"},"og_locale":"pl_PL","og_type":"article","og_title":"Pobierz PlanBet APK | Obstawiaj sport i graj w gry kasynowe","og_description":"Pobierz aplikacj\u0119 PlanBet na Androida (APK) i ciesz si\u0119 szybkimi, bezpiecznymi i wygodnymi mobilnymi zak\u0142adami i grami kasynowymi. Pobierz najnowsz\u0105 wersj\u0119 i zacznij gra\u0107 ju\u017c dzi\u015b!","og_url":"https:\/\/planbet.cafe\/pl\/apk\/","og_site_name":"Planbet PL","article_modified_time":"2025-05-26T16:12:25+00:00","twitter_card":"summary_large_image","schema":{"@context":"https:\/\/schema.org","@graph":[{"@type":"WebPage","@id":"https:\/\/planbet.cafe\/pl\/apk\/","url":"https:\/\/planbet.cafe\/pl\/apk\/","name":"Pobierz PlanBet APK | Obstawiaj sport i graj w gry kasynowe","isPartOf":{"@id":"https:\/\/planbet.cafe\/pl\/#website"},"datePublished":"2025-05-08T06:05:53+00:00","dateModified":"2025-05-26T16:12:25+00:00","description":"Pobierz aplikacj\u0119 PlanBet na Androida (APK) i ciesz si\u0119 szybkimi, bezpiecznymi i wygodnymi mobilnymi zak\u0142adami i grami kasynowymi. Pobierz najnowsz\u0105 wersj\u0119 i zacznij gra\u0107 ju\u017c dzi\u015b!","breadcrumb":{"@id":"https:\/\/planbet.cafe\/pl\/apk\/#breadcrumb"},"inLanguage":"pl-PL","potentialAction":[{"@type":"ReadAction","target":["https:\/\/planbet.cafe\/pl\/apk\/"]}]},{"@type":"BreadcrumbList","@id":"https:\/\/planbet.cafe\/pl\/apk\/#breadcrumb","itemListElement":[{"@type":"ListItem","position":1,"name":"Home","item":"https:\/\/planbet.cafe\/pl\/"},{"@type":"ListItem","position":2,"name":"Apk"}]},{"@type":"WebSite","@id":"https:\/\/planbet.cafe\/pl\/#website","url":"https:\/\/planbet.cafe\/pl\/","name":"Planbet PL","description":"My WordPress Blog","potentialAction":[{"@type":"SearchAction","target":{"@type":"EntryPoint","urlTemplate":"https:\/\/planbet.cafe\/pl\/?s={search_term_string}"},"query-input":{"@type":"PropertyValueSpecification","valueRequired":true,"valueName":"search_term_string"}}],"inLanguage":"pl-PL"}]}},"_links":{"self":[{"href":"https:\/\/planbet.cafe\/pl\/wp-json\/wp\/v2\/pages\/205","targetHints":{"allow":["GET"]}}],"collection":[{"href":"https:\/\/planbet.cafe\/pl\/wp-json\/wp\/v2\/pages"}],"about":[{"href":"https:\/\/planbet.cafe\/pl\/wp-json\/wp\/v2\/types\/page"}],"author":[{"embeddable":true,"href":"https:\/\/planbet.cafe\/pl\/wp-json\/wp\/v2\/users\/1"}],"replies":[{"embeddable":true,"href":"https:\/\/planbet.cafe\/pl\/wp-json\/wp\/v2\/comments?post=205"}],"version-history":[{"count":7,"href":"https:\/\/planbet.cafe\/pl\/wp-json\/wp\/v2\/pages\/205\/revisions"}],"predecessor-version":[{"id":319,"href":"https:\/\/planbet.cafe\/pl\/wp-json\/wp\/v2\/pages\/205\/revisions\/319"}],"wp:attachment":[{"href":"https:\/\/planbet.cafe\/pl\/wp-json\/wp\/v2\/media?parent=205"}],"curies":[{"name":"wp","href":"https:\/\/api.w.org\/{rel}","templated":true}]}}