{"id":547,"date":"2026-01-06T06:28:53","date_gmt":"2026-01-06T06:28:53","guid":{"rendered":"https:\/\/planbet.cafe\/pe\/?page_id=547"},"modified":"2026-04-10T10:58:17","modified_gmt":"2026-04-10T10:58:17","slug":"boxing-betting","status":"publish","type":"page","link":"https:\/\/planbet.cafe\/pe\/boxing-betting\/","title":{"rendered":"Boxeo"},"content":{"rendered":"","protected":false},"excerpt":{"rendered":"","protected":false},"author":1,"featured_media":0,"parent":0,"menu_order":0,"comment_status":"closed","ping_status":"closed","template":"","meta":{"footnotes":""},"class_list":["post-547","page","type-page","status-publish","hentry"],"yoast_head":"<!-- This site is optimized with the Yoast SEO plugin v25.0 - https:\/\/yoast.com\/wordpress\/plugins\/seo\/ -->\n<title>Boxeo Planbet 2026 \u2014 apuestas y pron\u00f3sticos sobre combates<\/title>\n<meta name=\"description\" content=\"Apuestas de boxeo en Planbet Per\u00fa: haz pron\u00f3sticos acertados sobre los mejores combates y torneos, consigue cuotas ventajosas y apuesta en l\u00ednea en una plataforma dedicada a eventos deportivos reales.\" \/>\n<meta name=\"robots\" content=\"index, follow, max-snippet:-1, max-image-preview:large, max-video-preview:-1\" \/>\n<meta property=\"og:locale\" content=\"es_ES\" \/>\n<meta property=\"og:type\" content=\"article\" \/>\n<meta property=\"og:title\" content=\"Boxeo Planbet 2026 \u2014 apuestas y pron\u00f3sticos sobre combates\" \/>\n<meta property=\"og:description\" content=\"Apuestas de boxeo en Planbet Per\u00fa: haz pron\u00f3sticos acertados sobre los mejores combates y torneos, consigue cuotas ventajosas y apuesta en l\u00ednea en una plataforma dedicada a eventos deportivos reales.\" \/>\n<meta property=\"og:url\" content=\"https:\/\/planbet.cafe\/pe\/boxing-betting\/\" \/>\n<meta property=\"og:site_name\" content=\"Planbet PE\" \/>\n<meta property=\"article:modified_time\" content=\"2026-04-10T10:58:17+00:00\" \/>\n<meta name=\"twitter:card\" content=\"summary_large_image\" \/>\n<script type=\"application\/ld+json\" class=\"yoast-schema-graph\">{\"@context\":\"https:\/\/schema.org\",\"@graph\":[{\"@type\":\"WebPage\",\"@id\":\"https:\/\/planbet.cafe\/pe\/boxing-betting\/\",\"url\":\"https:\/\/planbet.cafe\/pe\/boxing-betting\/\",\"name\":\"Boxeo Planbet 2026 \u2014 apuestas y pron\u00f3sticos sobre combates\",\"isPartOf\":{\"@id\":\"https:\/\/planbet.cafe\/pe\/#website\"},\"datePublished\":\"2026-01-06T06:28:53+00:00\",\"dateModified\":\"2026-04-10T10:58:17+00:00\",\"description\":\"Apuestas de boxeo en Planbet Per\u00fa: haz pron\u00f3sticos acertados sobre los mejores combates y torneos, consigue cuotas ventajosas y apuesta en l\u00ednea en una plataforma dedicada a eventos deportivos reales.\",\"breadcrumb\":{\"@id\":\"https:\/\/planbet.cafe\/pe\/boxing-betting\/#breadcrumb\"},\"inLanguage\":\"es-PE\",\"potentialAction\":[{\"@type\":\"ReadAction\",\"target\":[\"https:\/\/planbet.cafe\/pe\/boxing-betting\/\"]}]},{\"@type\":\"BreadcrumbList\",\"@id\":\"https:\/\/planbet.cafe\/pe\/boxing-betting\/#breadcrumb\",\"itemListElement\":[{\"@type\":\"ListItem\",\"position\":1,\"name\":\"Home\",\"item\":\"https:\/\/planbet.cafe\/pe\/\"},{\"@type\":\"ListItem\",\"position\":2,\"name\":\"Boxeo\"}]},{\"@type\":\"WebSite\",\"@id\":\"https:\/\/planbet.cafe\/pe\/#website\",\"url\":\"https:\/\/planbet.cafe\/pe\/\",\"name\":\"Planbet PE\",\"description\":\"My WordPress Blog\",\"potentialAction\":[{\"@type\":\"SearchAction\",\"target\":{\"@type\":\"EntryPoint\",\"urlTemplate\":\"https:\/\/planbet.cafe\/pe\/?s={search_term_string}\"},\"query-input\":{\"@type\":\"PropertyValueSpecification\",\"valueRequired\":true,\"valueName\":\"search_term_string\"}}],\"inLanguage\":\"es-PE\"}]}<\/script>\n<!-- \/ Yoast SEO plugin. -->","yoast_head_json":{"title":"Boxeo Planbet 2026 \u2014 apuestas y pron\u00f3sticos sobre combates","description":"Apuestas de boxeo en Planbet Per\u00fa: haz pron\u00f3sticos acertados sobre los mejores combates y torneos, consigue cuotas ventajosas y apuesta en l\u00ednea en una plataforma dedicada a eventos deportivos reales.","robots":{"index":"index","follow":"follow","max-snippet":"max-snippet:-1","max-image-preview":"max-image-preview:large","max-video-preview":"max-video-preview:-1"},"og_locale":"es_ES","og_type":"article","og_title":"Boxeo Planbet 2026 \u2014 apuestas y pron\u00f3sticos sobre combates","og_description":"Apuestas de boxeo en Planbet Per\u00fa: haz pron\u00f3sticos acertados sobre los mejores combates y torneos, consigue cuotas ventajosas y apuesta en l\u00ednea en una plataforma dedicada a eventos deportivos reales.","og_url":"https:\/\/planbet.cafe\/pe\/boxing-betting\/","og_site_name":"Planbet PE","article_modified_time":"2026-04-10T10:58:17+00:00","twitter_card":"summary_large_image","schema":{"@context":"https:\/\/schema.org","@graph":[{"@type":"WebPage","@id":"https:\/\/planbet.cafe\/pe\/boxing-betting\/","url":"https:\/\/planbet.cafe\/pe\/boxing-betting\/","name":"Boxeo Planbet 2026 \u2014 apuestas y pron\u00f3sticos sobre combates","isPartOf":{"@id":"https:\/\/planbet.cafe\/pe\/#website"},"datePublished":"2026-01-06T06:28:53+00:00","dateModified":"2026-04-10T10:58:17+00:00","description":"Apuestas de boxeo en Planbet Per\u00fa: haz pron\u00f3sticos acertados sobre los mejores combates y torneos, consigue cuotas ventajosas y apuesta en l\u00ednea en una plataforma dedicada a eventos deportivos reales.","breadcrumb":{"@id":"https:\/\/planbet.cafe\/pe\/boxing-betting\/#breadcrumb"},"inLanguage":"es-PE","potentialAction":[{"@type":"ReadAction","target":["https:\/\/planbet.cafe\/pe\/boxing-betting\/"]}]},{"@type":"BreadcrumbList","@id":"https:\/\/planbet.cafe\/pe\/boxing-betting\/#breadcrumb","itemListElement":[{"@type":"ListItem","position":1,"name":"Home","item":"https:\/\/planbet.cafe\/pe\/"},{"@type":"ListItem","position":2,"name":"Boxeo"}]},{"@type":"WebSite","@id":"https:\/\/planbet.cafe\/pe\/#website","url":"https:\/\/planbet.cafe\/pe\/","name":"Planbet PE","description":"My WordPress Blog","potentialAction":[{"@type":"SearchAction","target":{"@type":"EntryPoint","urlTemplate":"https:\/\/planbet.cafe\/pe\/?s={search_term_string}"},"query-input":{"@type":"PropertyValueSpecification","valueRequired":true,"valueName":"search_term_string"}}],"inLanguage":"es-PE"}]}},"_links":{"self":[{"href":"https:\/\/planbet.cafe\/pe\/wp-json\/wp\/v2\/pages\/547","targetHints":{"allow":["GET"]}}],"collection":[{"href":"https:\/\/planbet.cafe\/pe\/wp-json\/wp\/v2\/pages"}],"about":[{"href":"https:\/\/planbet.cafe\/pe\/wp-json\/wp\/v2\/types\/page"}],"author":[{"embeddable":true,"href":"https:\/\/planbet.cafe\/pe\/wp-json\/wp\/v2\/users\/1"}],"replies":[{"embeddable":true,"href":"https:\/\/planbet.cafe\/pe\/wp-json\/wp\/v2\/comments?post=547"}],"version-history":[{"count":9,"href":"https:\/\/planbet.cafe\/pe\/wp-json\/wp\/v2\/pages\/547\/revisions"}],"predecessor-version":[{"id":725,"href":"https:\/\/planbet.cafe\/pe\/wp-json\/wp\/v2\/pages\/547\/revisions\/725"}],"wp:attachment":[{"href":"https:\/\/planbet.cafe\/pe\/wp-json\/wp\/v2\/media?parent=547"}],"curies":[{"name":"wp","href":"https:\/\/api.w.org\/{rel}","templated":true}]}}