{"id":494,"date":"2026-01-05T08:54:53","date_gmt":"2026-01-05T08:54:53","guid":{"rendered":"https:\/\/planbet.cafe\/pe\/?page_id=494"},"modified":"2026-04-10T11:39:06","modified_gmt":"2026-04-10T11:39:06","slug":"sport-betting","status":"publish","type":"page","link":"https:\/\/planbet.cafe\/pe\/sport-betting\/","title":{"rendered":"Deporte"},"content":{"rendered":"","protected":false},"excerpt":{"rendered":"","protected":false},"author":1,"featured_media":0,"parent":0,"menu_order":0,"comment_status":"closed","ping_status":"closed","template":"","meta":{"footnotes":""},"class_list":["post-494","page","type-page","status-publish","hentry"],"yoast_head":"<!-- This site is optimized with the Yoast SEO plugin v25.0 - https:\/\/yoast.com\/wordpress\/plugins\/seo\/ -->\n<title>Apuestas deportivas en Planbet \u2014 Pron\u00f3sticos de partidos<\/title>\n<meta name=\"description\" content=\"Planbet Per\u00fa es un servicio muy pr\u00e1ctico para las apuestas deportivas: juega, haz predicciones acertadas sobre los partidos m\u00e1s importantes y disfruta a\u00fan m\u00e1s de cada evento.\" \/>\n<meta name=\"robots\" content=\"index, follow, max-snippet:-1, max-image-preview:large, max-video-preview:-1\" \/>\n<meta property=\"og:locale\" content=\"es_ES\" \/>\n<meta property=\"og:type\" content=\"article\" \/>\n<meta property=\"og:title\" content=\"Apuestas deportivas en Planbet \u2014 Pron\u00f3sticos de partidos\" \/>\n<meta property=\"og:description\" content=\"Planbet Per\u00fa es un servicio muy pr\u00e1ctico para las apuestas deportivas: juega, haz predicciones acertadas sobre los partidos m\u00e1s importantes y disfruta a\u00fan m\u00e1s de cada evento.\" \/>\n<meta property=\"og:url\" content=\"https:\/\/planbet.cafe\/pe\/sport-betting\/\" \/>\n<meta property=\"og:site_name\" content=\"Planbet PE\" \/>\n<meta property=\"article:modified_time\" content=\"2026-04-10T11:39:06+00:00\" \/>\n<meta name=\"twitter:card\" content=\"summary_large_image\" \/>\n<script type=\"application\/ld+json\" class=\"yoast-schema-graph\">{\"@context\":\"https:\/\/schema.org\",\"@graph\":[{\"@type\":\"WebPage\",\"@id\":\"https:\/\/planbet.cafe\/pe\/sport-betting\/\",\"url\":\"https:\/\/planbet.cafe\/pe\/sport-betting\/\",\"name\":\"Apuestas deportivas en Planbet \u2014 Pron\u00f3sticos de partidos\",\"isPartOf\":{\"@id\":\"https:\/\/planbet.cafe\/pe\/#website\"},\"datePublished\":\"2026-01-05T08:54:53+00:00\",\"dateModified\":\"2026-04-10T11:39:06+00:00\",\"description\":\"Planbet Per\u00fa es un servicio muy pr\u00e1ctico para las apuestas deportivas: juega, haz predicciones acertadas sobre los partidos m\u00e1s importantes y disfruta a\u00fan m\u00e1s de cada evento.\",\"breadcrumb\":{\"@id\":\"https:\/\/planbet.cafe\/pe\/sport-betting\/#breadcrumb\"},\"inLanguage\":\"es-PE\",\"potentialAction\":[{\"@type\":\"ReadAction\",\"target\":[\"https:\/\/planbet.cafe\/pe\/sport-betting\/\"]}]},{\"@type\":\"BreadcrumbList\",\"@id\":\"https:\/\/planbet.cafe\/pe\/sport-betting\/#breadcrumb\",\"itemListElement\":[{\"@type\":\"ListItem\",\"position\":1,\"name\":\"Home\",\"item\":\"https:\/\/planbet.cafe\/pe\/\"},{\"@type\":\"ListItem\",\"position\":2,\"name\":\"Deporte\"}]},{\"@type\":\"WebSite\",\"@id\":\"https:\/\/planbet.cafe\/pe\/#website\",\"url\":\"https:\/\/planbet.cafe\/pe\/\",\"name\":\"Planbet PE\",\"description\":\"My WordPress Blog\",\"potentialAction\":[{\"@type\":\"SearchAction\",\"target\":{\"@type\":\"EntryPoint\",\"urlTemplate\":\"https:\/\/planbet.cafe\/pe\/?s={search_term_string}\"},\"query-input\":{\"@type\":\"PropertyValueSpecification\",\"valueRequired\":true,\"valueName\":\"search_term_string\"}}],\"inLanguage\":\"es-PE\"}]}<\/script>\n<!-- \/ Yoast SEO plugin. -->","yoast_head_json":{"title":"Apuestas deportivas en Planbet \u2014 Pron\u00f3sticos de partidos","description":"Planbet Per\u00fa es un servicio muy pr\u00e1ctico para las apuestas deportivas: juega, haz predicciones acertadas sobre los partidos m\u00e1s importantes y disfruta a\u00fan m\u00e1s de cada evento.","robots":{"index":"index","follow":"follow","max-snippet":"max-snippet:-1","max-image-preview":"max-image-preview:large","max-video-preview":"max-video-preview:-1"},"og_locale":"es_ES","og_type":"article","og_title":"Apuestas deportivas en Planbet \u2014 Pron\u00f3sticos de partidos","og_description":"Planbet Per\u00fa es un servicio muy pr\u00e1ctico para las apuestas deportivas: juega, haz predicciones acertadas sobre los partidos m\u00e1s importantes y disfruta a\u00fan m\u00e1s de cada evento.","og_url":"https:\/\/planbet.cafe\/pe\/sport-betting\/","og_site_name":"Planbet PE","article_modified_time":"2026-04-10T11:39:06+00:00","twitter_card":"summary_large_image","schema":{"@context":"https:\/\/schema.org","@graph":[{"@type":"WebPage","@id":"https:\/\/planbet.cafe\/pe\/sport-betting\/","url":"https:\/\/planbet.cafe\/pe\/sport-betting\/","name":"Apuestas deportivas en Planbet \u2014 Pron\u00f3sticos de partidos","isPartOf":{"@id":"https:\/\/planbet.cafe\/pe\/#website"},"datePublished":"2026-01-05T08:54:53+00:00","dateModified":"2026-04-10T11:39:06+00:00","description":"Planbet Per\u00fa es un servicio muy pr\u00e1ctico para las apuestas deportivas: juega, haz predicciones acertadas sobre los partidos m\u00e1s importantes y disfruta a\u00fan m\u00e1s de cada evento.","breadcrumb":{"@id":"https:\/\/planbet.cafe\/pe\/sport-betting\/#breadcrumb"},"inLanguage":"es-PE","potentialAction":[{"@type":"ReadAction","target":["https:\/\/planbet.cafe\/pe\/sport-betting\/"]}]},{"@type":"BreadcrumbList","@id":"https:\/\/planbet.cafe\/pe\/sport-betting\/#breadcrumb","itemListElement":[{"@type":"ListItem","position":1,"name":"Home","item":"https:\/\/planbet.cafe\/pe\/"},{"@type":"ListItem","position":2,"name":"Deporte"}]},{"@type":"WebSite","@id":"https:\/\/planbet.cafe\/pe\/#website","url":"https:\/\/planbet.cafe\/pe\/","name":"Planbet PE","description":"My WordPress Blog","potentialAction":[{"@type":"SearchAction","target":{"@type":"EntryPoint","urlTemplate":"https:\/\/planbet.cafe\/pe\/?s={search_term_string}"},"query-input":{"@type":"PropertyValueSpecification","valueRequired":true,"valueName":"search_term_string"}}],"inLanguage":"es-PE"}]}},"_links":{"self":[{"href":"https:\/\/planbet.cafe\/pe\/wp-json\/wp\/v2\/pages\/494","targetHints":{"allow":["GET"]}}],"collection":[{"href":"https:\/\/planbet.cafe\/pe\/wp-json\/wp\/v2\/pages"}],"about":[{"href":"https:\/\/planbet.cafe\/pe\/wp-json\/wp\/v2\/types\/page"}],"author":[{"embeddable":true,"href":"https:\/\/planbet.cafe\/pe\/wp-json\/wp\/v2\/users\/1"}],"replies":[{"embeddable":true,"href":"https:\/\/planbet.cafe\/pe\/wp-json\/wp\/v2\/comments?post=494"}],"version-history":[{"count":9,"href":"https:\/\/planbet.cafe\/pe\/wp-json\/wp\/v2\/pages\/494\/revisions"}],"predecessor-version":[{"id":734,"href":"https:\/\/planbet.cafe\/pe\/wp-json\/wp\/v2\/pages\/494\/revisions\/734"}],"wp:attachment":[{"href":"https:\/\/planbet.cafe\/pe\/wp-json\/wp\/v2\/media?parent=494"}],"curies":[{"name":"wp","href":"https:\/\/api.w.org\/{rel}","templated":true}]}}