{"id":335,"date":"2025-05-28T15:08:26","date_gmt":"2025-05-28T15:08:26","guid":{"rendered":"https:\/\/planbet.cafe\/no\/?page_id=335"},"modified":"2025-06-20T13:55:12","modified_gmt":"2025-06-20T13:55:12","slug":"cashback","status":"publish","type":"page","link":"https:\/\/planbet.cafe\/no\/bonus\/cashback\/","title":{"rendered":"Cashback"},"content":{"rendered":"","protected":false},"excerpt":{"rendered":"","protected":false},"author":1,"featured_media":0,"parent":237,"menu_order":0,"comment_status":"closed","ping_status":"closed","template":"","meta":{"footnotes":""},"class_list":["post-335","page","type-page","status-publish","hentry"],"yoast_head":"<!-- This site is optimized with the Yoast SEO plugin v25.0 - https:\/\/yoast.com\/wordpress\/plugins\/seo\/ -->\n<title>PlanBet Sports Cashback \u1409 opptil 10 000 NOK i refusjon hver uke!<\/title>\n<meta name=\"description\" content=\"Tapt? Ingen fare! Med cashback fra PlanBet kan du f\u00e5 tilbake opptil 10 000 NOK hver uke! F\u00e5 tilbake 3 % av tapene dine og f\u00e5 en ny sjanse til \u00e5 vinne.\" \/>\n<meta name=\"robots\" content=\"index, follow, max-snippet:-1, max-image-preview:large, max-video-preview:-1\" \/>\n<meta property=\"og:locale\" content=\"nb_NO\" \/>\n<meta property=\"og:type\" content=\"article\" \/>\n<meta property=\"og:title\" content=\"PlanBet Sports Cashback \u1409 opptil 10 000 NOK i refusjon hver uke!\" \/>\n<meta property=\"og:description\" content=\"Tapt? Ingen fare! Med cashback fra PlanBet kan du f\u00e5 tilbake opptil 10 000 NOK hver uke! F\u00e5 tilbake 3 % av tapene dine og f\u00e5 en ny sjanse til \u00e5 vinne.\" \/>\n<meta property=\"og:url\" content=\"https:\/\/planbet.cafe\/no\/bonus\/cashback\/\" \/>\n<meta property=\"og:site_name\" content=\"Planbet NO\" \/>\n<meta property=\"article:modified_time\" content=\"2025-06-20T13:55:12+00:00\" \/>\n<meta name=\"twitter:card\" content=\"summary_large_image\" \/>\n<script type=\"application\/ld+json\" class=\"yoast-schema-graph\">{\"@context\":\"https:\/\/schema.org\",\"@graph\":[{\"@type\":\"WebPage\",\"@id\":\"https:\/\/planbet.cafe\/no\/bonus\/cashback\/\",\"url\":\"https:\/\/planbet.cafe\/no\/bonus\/cashback\/\",\"name\":\"PlanBet Sports Cashback \u1409 opptil 10 000 NOK i refusjon hver uke!\",\"isPartOf\":{\"@id\":\"https:\/\/planbet.cafe\/no\/#website\"},\"datePublished\":\"2025-05-28T15:08:26+00:00\",\"dateModified\":\"2025-06-20T13:55:12+00:00\",\"description\":\"Tapt? Ingen fare! Med cashback fra PlanBet kan du f\u00e5 tilbake opptil 10 000 NOK hver uke! F\u00e5 tilbake 3 % av tapene dine og f\u00e5 en ny sjanse til \u00e5 vinne.\",\"breadcrumb\":{\"@id\":\"https:\/\/planbet.cafe\/no\/bonus\/cashback\/#breadcrumb\"},\"inLanguage\":\"nb-NO\",\"potentialAction\":[{\"@type\":\"ReadAction\",\"target\":[\"https:\/\/planbet.cafe\/no\/bonus\/cashback\/\"]}]},{\"@type\":\"BreadcrumbList\",\"@id\":\"https:\/\/planbet.cafe\/no\/bonus\/cashback\/#breadcrumb\",\"itemListElement\":[{\"@type\":\"ListItem\",\"position\":1,\"name\":\"Home\",\"item\":\"https:\/\/planbet.cafe\/no\/\"},{\"@type\":\"ListItem\",\"position\":2,\"name\":\"Bonus\",\"item\":\"https:\/\/planbet.cafe\/no\/bonus\/\"},{\"@type\":\"ListItem\",\"position\":3,\"name\":\"Cashback\"}]},{\"@type\":\"WebSite\",\"@id\":\"https:\/\/planbet.cafe\/no\/#website\",\"url\":\"https:\/\/planbet.cafe\/no\/\",\"name\":\"Planbet NO\",\"description\":\"My WordPress Blog\",\"potentialAction\":[{\"@type\":\"SearchAction\",\"target\":{\"@type\":\"EntryPoint\",\"urlTemplate\":\"https:\/\/planbet.cafe\/no\/?s={search_term_string}\"},\"query-input\":{\"@type\":\"PropertyValueSpecification\",\"valueRequired\":true,\"valueName\":\"search_term_string\"}}],\"inLanguage\":\"nb-NO\"}]}<\/script>\n<!-- \/ Yoast SEO plugin. -->","yoast_head_json":{"title":"PlanBet Sports Cashback \u1409 opptil 10 000 NOK i refusjon hver uke!","description":"Tapt? Ingen fare! Med cashback fra PlanBet kan du f\u00e5 tilbake opptil 10 000 NOK hver uke! F\u00e5 tilbake 3 % av tapene dine og f\u00e5 en ny sjanse til \u00e5 vinne.","robots":{"index":"index","follow":"follow","max-snippet":"max-snippet:-1","max-image-preview":"max-image-preview:large","max-video-preview":"max-video-preview:-1"},"og_locale":"nb_NO","og_type":"article","og_title":"PlanBet Sports Cashback \u1409 opptil 10 000 NOK i refusjon hver uke!","og_description":"Tapt? Ingen fare! Med cashback fra PlanBet kan du f\u00e5 tilbake opptil 10 000 NOK hver uke! F\u00e5 tilbake 3 % av tapene dine og f\u00e5 en ny sjanse til \u00e5 vinne.","og_url":"https:\/\/planbet.cafe\/no\/bonus\/cashback\/","og_site_name":"Planbet NO","article_modified_time":"2025-06-20T13:55:12+00:00","twitter_card":"summary_large_image","schema":{"@context":"https:\/\/schema.org","@graph":[{"@type":"WebPage","@id":"https:\/\/planbet.cafe\/no\/bonus\/cashback\/","url":"https:\/\/planbet.cafe\/no\/bonus\/cashback\/","name":"PlanBet Sports Cashback \u1409 opptil 10 000 NOK i refusjon hver uke!","isPartOf":{"@id":"https:\/\/planbet.cafe\/no\/#website"},"datePublished":"2025-05-28T15:08:26+00:00","dateModified":"2025-06-20T13:55:12+00:00","description":"Tapt? Ingen fare! Med cashback fra PlanBet kan du f\u00e5 tilbake opptil 10 000 NOK hver uke! F\u00e5 tilbake 3 % av tapene dine og f\u00e5 en ny sjanse til \u00e5 vinne.","breadcrumb":{"@id":"https:\/\/planbet.cafe\/no\/bonus\/cashback\/#breadcrumb"},"inLanguage":"nb-NO","potentialAction":[{"@type":"ReadAction","target":["https:\/\/planbet.cafe\/no\/bonus\/cashback\/"]}]},{"@type":"BreadcrumbList","@id":"https:\/\/planbet.cafe\/no\/bonus\/cashback\/#breadcrumb","itemListElement":[{"@type":"ListItem","position":1,"name":"Home","item":"https:\/\/planbet.cafe\/no\/"},{"@type":"ListItem","position":2,"name":"Bonus","item":"https:\/\/planbet.cafe\/no\/bonus\/"},{"@type":"ListItem","position":3,"name":"Cashback"}]},{"@type":"WebSite","@id":"https:\/\/planbet.cafe\/no\/#website","url":"https:\/\/planbet.cafe\/no\/","name":"Planbet NO","description":"My WordPress Blog","potentialAction":[{"@type":"SearchAction","target":{"@type":"EntryPoint","urlTemplate":"https:\/\/planbet.cafe\/no\/?s={search_term_string}"},"query-input":{"@type":"PropertyValueSpecification","valueRequired":true,"valueName":"search_term_string"}}],"inLanguage":"nb-NO"}]}},"_links":{"self":[{"href":"https:\/\/planbet.cafe\/no\/wp-json\/wp\/v2\/pages\/335","targetHints":{"allow":["GET"]}}],"collection":[{"href":"https:\/\/planbet.cafe\/no\/wp-json\/wp\/v2\/pages"}],"about":[{"href":"https:\/\/planbet.cafe\/no\/wp-json\/wp\/v2\/types\/page"}],"author":[{"embeddable":true,"href":"https:\/\/planbet.cafe\/no\/wp-json\/wp\/v2\/users\/1"}],"replies":[{"embeddable":true,"href":"https:\/\/planbet.cafe\/no\/wp-json\/wp\/v2\/comments?post=335"}],"version-history":[{"count":4,"href":"https:\/\/planbet.cafe\/no\/wp-json\/wp\/v2\/pages\/335\/revisions"}],"predecessor-version":[{"id":375,"href":"https:\/\/planbet.cafe\/no\/wp-json\/wp\/v2\/pages\/335\/revisions\/375"}],"up":[{"embeddable":true,"href":"https:\/\/planbet.cafe\/no\/wp-json\/wp\/v2\/pages\/237"}],"wp:attachment":[{"href":"https:\/\/planbet.cafe\/no\/wp-json\/wp\/v2\/media?parent=335"}],"curies":[{"name":"wp","href":"https:\/\/api.w.org\/{rel}","templated":true}]}}