{"id":321,"date":"2025-05-28T13:29:34","date_gmt":"2025-05-28T13:29:34","guid":{"rendered":"https:\/\/planbet.cafe\/no\/?page_id=321"},"modified":"2025-06-20T13:52:35","modified_gmt":"2025-06-20T13:52:35","slug":"100-first-deposit","status":"publish","type":"page","link":"https:\/\/planbet.cafe\/no\/bonus\/100-first-deposit\/","title":{"rendered":"100 % p\u00e5 f\u00f8rste innskudd"},"content":{"rendered":"","protected":false},"excerpt":{"rendered":"","protected":false},"author":1,"featured_media":0,"parent":237,"menu_order":0,"comment_status":"closed","ping_status":"closed","template":"","meta":{"footnotes":""},"class_list":["post-321","page","type-page","status-publish","hentry"],"yoast_head":"<!-- This site is optimized with the Yoast SEO plugin v25.0 - https:\/\/yoast.com\/wordpress\/plugins\/seo\/ -->\n<title>F\u00e5 100 % p\u00e5 ditt f\u00f8rste innskudd hos PlanBet \u1409 Opptil 1000 NOK!<\/title>\n<meta name=\"description\" content=\"Doble ditt f\u00f8rste innskudd - f\u00e5 opptil 1000 NOK p\u00e5 kontoen din. Rask registrering, enkel prosess og utrolige muligheter til \u00e5 vinne! Ikke g\u00e5 glipp av sjansen din - bonusen er bare tilgjengelig \u00e9n gang!\" \/>\n<meta name=\"robots\" content=\"index, follow, max-snippet:-1, max-image-preview:large, max-video-preview:-1\" \/>\n<meta property=\"og:locale\" content=\"nb_NO\" \/>\n<meta property=\"og:type\" content=\"article\" \/>\n<meta property=\"og:title\" content=\"F\u00e5 100 % p\u00e5 ditt f\u00f8rste innskudd hos PlanBet \u1409 Opptil 1000 NOK!\" \/>\n<meta property=\"og:description\" content=\"Doble ditt f\u00f8rste innskudd - f\u00e5 opptil 1000 NOK p\u00e5 kontoen din. Rask registrering, enkel prosess og utrolige muligheter til \u00e5 vinne! Ikke g\u00e5 glipp av sjansen din - bonusen er bare tilgjengelig \u00e9n gang!\" \/>\n<meta property=\"og:url\" content=\"https:\/\/planbet.cafe\/no\/bonus\/100-first-deposit\/\" \/>\n<meta property=\"og:site_name\" content=\"Planbet NO\" \/>\n<meta property=\"article:modified_time\" content=\"2025-06-20T13:52:35+00:00\" \/>\n<meta name=\"twitter:card\" content=\"summary_large_image\" \/>\n<script type=\"application\/ld+json\" class=\"yoast-schema-graph\">{\"@context\":\"https:\/\/schema.org\",\"@graph\":[{\"@type\":\"WebPage\",\"@id\":\"https:\/\/planbet.cafe\/no\/bonus\/100-first-deposit\/\",\"url\":\"https:\/\/planbet.cafe\/no\/bonus\/100-first-deposit\/\",\"name\":\"F\u00e5 100 % p\u00e5 ditt f\u00f8rste innskudd hos PlanBet \u1409 Opptil 1000 NOK!\",\"isPartOf\":{\"@id\":\"https:\/\/planbet.cafe\/no\/#website\"},\"datePublished\":\"2025-05-28T13:29:34+00:00\",\"dateModified\":\"2025-06-20T13:52:35+00:00\",\"description\":\"Doble ditt f\u00f8rste innskudd - f\u00e5 opptil 1000 NOK p\u00e5 kontoen din. Rask registrering, enkel prosess og utrolige muligheter til \u00e5 vinne! Ikke g\u00e5 glipp av sjansen din - bonusen er bare tilgjengelig \u00e9n gang!\",\"breadcrumb\":{\"@id\":\"https:\/\/planbet.cafe\/no\/bonus\/100-first-deposit\/#breadcrumb\"},\"inLanguage\":\"nb-NO\",\"potentialAction\":[{\"@type\":\"ReadAction\",\"target\":[\"https:\/\/planbet.cafe\/no\/bonus\/100-first-deposit\/\"]}]},{\"@type\":\"BreadcrumbList\",\"@id\":\"https:\/\/planbet.cafe\/no\/bonus\/100-first-deposit\/#breadcrumb\",\"itemListElement\":[{\"@type\":\"ListItem\",\"position\":1,\"name\":\"Home\",\"item\":\"https:\/\/planbet.cafe\/no\/\"},{\"@type\":\"ListItem\",\"position\":2,\"name\":\"Bonus\",\"item\":\"https:\/\/planbet.cafe\/no\/bonus\/\"},{\"@type\":\"ListItem\",\"position\":3,\"name\":\"100 % p\u00e5 f\u00f8rste innskudd\"}]},{\"@type\":\"WebSite\",\"@id\":\"https:\/\/planbet.cafe\/no\/#website\",\"url\":\"https:\/\/planbet.cafe\/no\/\",\"name\":\"Planbet NO\",\"description\":\"My WordPress Blog\",\"potentialAction\":[{\"@type\":\"SearchAction\",\"target\":{\"@type\":\"EntryPoint\",\"urlTemplate\":\"https:\/\/planbet.cafe\/no\/?s={search_term_string}\"},\"query-input\":{\"@type\":\"PropertyValueSpecification\",\"valueRequired\":true,\"valueName\":\"search_term_string\"}}],\"inLanguage\":\"nb-NO\"}]}<\/script>\n<!-- \/ Yoast SEO plugin. -->","yoast_head_json":{"title":"F\u00e5 100 % p\u00e5 ditt f\u00f8rste innskudd hos PlanBet \u1409 Opptil 1000 NOK!","description":"Doble ditt f\u00f8rste innskudd - f\u00e5 opptil 1000 NOK p\u00e5 kontoen din. Rask registrering, enkel prosess og utrolige muligheter til \u00e5 vinne! Ikke g\u00e5 glipp av sjansen din - bonusen er bare tilgjengelig \u00e9n gang!","robots":{"index":"index","follow":"follow","max-snippet":"max-snippet:-1","max-image-preview":"max-image-preview:large","max-video-preview":"max-video-preview:-1"},"og_locale":"nb_NO","og_type":"article","og_title":"F\u00e5 100 % p\u00e5 ditt f\u00f8rste innskudd hos PlanBet \u1409 Opptil 1000 NOK!","og_description":"Doble ditt f\u00f8rste innskudd - f\u00e5 opptil 1000 NOK p\u00e5 kontoen din. Rask registrering, enkel prosess og utrolige muligheter til \u00e5 vinne! Ikke g\u00e5 glipp av sjansen din - bonusen er bare tilgjengelig \u00e9n gang!","og_url":"https:\/\/planbet.cafe\/no\/bonus\/100-first-deposit\/","og_site_name":"Planbet NO","article_modified_time":"2025-06-20T13:52:35+00:00","twitter_card":"summary_large_image","schema":{"@context":"https:\/\/schema.org","@graph":[{"@type":"WebPage","@id":"https:\/\/planbet.cafe\/no\/bonus\/100-first-deposit\/","url":"https:\/\/planbet.cafe\/no\/bonus\/100-first-deposit\/","name":"F\u00e5 100 % p\u00e5 ditt f\u00f8rste innskudd hos PlanBet \u1409 Opptil 1000 NOK!","isPartOf":{"@id":"https:\/\/planbet.cafe\/no\/#website"},"datePublished":"2025-05-28T13:29:34+00:00","dateModified":"2025-06-20T13:52:35+00:00","description":"Doble ditt f\u00f8rste innskudd - f\u00e5 opptil 1000 NOK p\u00e5 kontoen din. Rask registrering, enkel prosess og utrolige muligheter til \u00e5 vinne! Ikke g\u00e5 glipp av sjansen din - bonusen er bare tilgjengelig \u00e9n gang!","breadcrumb":{"@id":"https:\/\/planbet.cafe\/no\/bonus\/100-first-deposit\/#breadcrumb"},"inLanguage":"nb-NO","potentialAction":[{"@type":"ReadAction","target":["https:\/\/planbet.cafe\/no\/bonus\/100-first-deposit\/"]}]},{"@type":"BreadcrumbList","@id":"https:\/\/planbet.cafe\/no\/bonus\/100-first-deposit\/#breadcrumb","itemListElement":[{"@type":"ListItem","position":1,"name":"Home","item":"https:\/\/planbet.cafe\/no\/"},{"@type":"ListItem","position":2,"name":"Bonus","item":"https:\/\/planbet.cafe\/no\/bonus\/"},{"@type":"ListItem","position":3,"name":"100 % p\u00e5 f\u00f8rste innskudd"}]},{"@type":"WebSite","@id":"https:\/\/planbet.cafe\/no\/#website","url":"https:\/\/planbet.cafe\/no\/","name":"Planbet NO","description":"My WordPress Blog","potentialAction":[{"@type":"SearchAction","target":{"@type":"EntryPoint","urlTemplate":"https:\/\/planbet.cafe\/no\/?s={search_term_string}"},"query-input":{"@type":"PropertyValueSpecification","valueRequired":true,"valueName":"search_term_string"}}],"inLanguage":"nb-NO"}]}},"_links":{"self":[{"href":"https:\/\/planbet.cafe\/no\/wp-json\/wp\/v2\/pages\/321","targetHints":{"allow":["GET"]}}],"collection":[{"href":"https:\/\/planbet.cafe\/no\/wp-json\/wp\/v2\/pages"}],"about":[{"href":"https:\/\/planbet.cafe\/no\/wp-json\/wp\/v2\/types\/page"}],"author":[{"embeddable":true,"href":"https:\/\/planbet.cafe\/no\/wp-json\/wp\/v2\/users\/1"}],"replies":[{"embeddable":true,"href":"https:\/\/planbet.cafe\/no\/wp-json\/wp\/v2\/comments?post=321"}],"version-history":[{"count":6,"href":"https:\/\/planbet.cafe\/no\/wp-json\/wp\/v2\/pages\/321\/revisions"}],"predecessor-version":[{"id":374,"href":"https:\/\/planbet.cafe\/no\/wp-json\/wp\/v2\/pages\/321\/revisions\/374"}],"up":[{"embeddable":true,"href":"https:\/\/planbet.cafe\/no\/wp-json\/wp\/v2\/pages\/237"}],"wp:attachment":[{"href":"https:\/\/planbet.cafe\/no\/wp-json\/wp\/v2\/media?parent=321"}],"curies":[{"name":"wp","href":"https:\/\/api.w.org\/{rel}","templated":true}]}}