{"id":263,"date":"2025-05-11T18:22:24","date_gmt":"2025-05-11T18:22:24","guid":{"rendered":"https:\/\/planbet.cafe\/no\/?page_id=263"},"modified":"2025-06-20T14:29:31","modified_gmt":"2025-06-20T14:29:31","slug":"login","status":"publish","type":"page","link":"https:\/\/planbet.cafe\/no\/login\/","title":{"rendered":"Logg inn"},"content":{"rendered":"","protected":false},"excerpt":{"rendered":"","protected":false},"author":1,"featured_media":0,"parent":0,"menu_order":0,"comment_status":"closed","ping_status":"closed","template":"","meta":{"footnotes":""},"class_list":["post-263","page","type-page","status-publish","hentry"],"yoast_head":"<!-- This site is optimized with the Yoast SEO plugin v25.0 - https:\/\/yoast.com\/wordpress\/plugins\/seo\/ -->\n<title>PlanBet Login \u1409 F\u00e5 tilgang til kontoen din raskt og enkelt<\/title>\n<meta name=\"description\" content=\"F\u00e5 tilgang til PlanBet-kontoen din p\u00e5 en enkel m\u00e5te! Guiden gir deg trinnvise instruksjoner. F\u00e5 innloggingshjelp, l\u00e6r om kontosikkerhet og begynn \u00e5 spille!\" \/>\n<meta name=\"robots\" content=\"index, follow, max-snippet:-1, max-image-preview:large, max-video-preview:-1\" \/>\n<meta property=\"og:locale\" content=\"nb_NO\" \/>\n<meta property=\"og:type\" content=\"article\" \/>\n<meta property=\"og:title\" content=\"PlanBet Login \u1409 F\u00e5 tilgang til kontoen din raskt og enkelt\" \/>\n<meta property=\"og:description\" content=\"F\u00e5 tilgang til PlanBet-kontoen din p\u00e5 en enkel m\u00e5te! Guiden gir deg trinnvise instruksjoner. F\u00e5 innloggingshjelp, l\u00e6r om kontosikkerhet og begynn \u00e5 spille!\" \/>\n<meta property=\"og:url\" content=\"https:\/\/planbet.cafe\/no\/login\/\" \/>\n<meta property=\"og:site_name\" content=\"Planbet NO\" \/>\n<meta property=\"article:modified_time\" content=\"2025-06-20T14:29:31+00:00\" \/>\n<meta name=\"twitter:card\" content=\"summary_large_image\" \/>\n<script type=\"application\/ld+json\" class=\"yoast-schema-graph\">{\"@context\":\"https:\/\/schema.org\",\"@graph\":[{\"@type\":\"WebPage\",\"@id\":\"https:\/\/planbet.cafe\/no\/login\/\",\"url\":\"https:\/\/planbet.cafe\/no\/login\/\",\"name\":\"PlanBet Login \u1409 F\u00e5 tilgang til kontoen din raskt og enkelt\",\"isPartOf\":{\"@id\":\"https:\/\/planbet.cafe\/no\/#website\"},\"datePublished\":\"2025-05-11T18:22:24+00:00\",\"dateModified\":\"2025-06-20T14:29:31+00:00\",\"description\":\"F\u00e5 tilgang til PlanBet-kontoen din p\u00e5 en enkel m\u00e5te! Guiden gir deg trinnvise instruksjoner. F\u00e5 innloggingshjelp, l\u00e6r om kontosikkerhet og begynn \u00e5 spille!\",\"breadcrumb\":{\"@id\":\"https:\/\/planbet.cafe\/no\/login\/#breadcrumb\"},\"inLanguage\":\"nb-NO\",\"potentialAction\":[{\"@type\":\"ReadAction\",\"target\":[\"https:\/\/planbet.cafe\/no\/login\/\"]}]},{\"@type\":\"BreadcrumbList\",\"@id\":\"https:\/\/planbet.cafe\/no\/login\/#breadcrumb\",\"itemListElement\":[{\"@type\":\"ListItem\",\"position\":1,\"name\":\"Home\",\"item\":\"https:\/\/planbet.cafe\/no\/\"},{\"@type\":\"ListItem\",\"position\":2,\"name\":\"Logg inn\"}]},{\"@type\":\"WebSite\",\"@id\":\"https:\/\/planbet.cafe\/no\/#website\",\"url\":\"https:\/\/planbet.cafe\/no\/\",\"name\":\"Planbet NO\",\"description\":\"My WordPress Blog\",\"potentialAction\":[{\"@type\":\"SearchAction\",\"target\":{\"@type\":\"EntryPoint\",\"urlTemplate\":\"https:\/\/planbet.cafe\/no\/?s={search_term_string}\"},\"query-input\":{\"@type\":\"PropertyValueSpecification\",\"valueRequired\":true,\"valueName\":\"search_term_string\"}}],\"inLanguage\":\"nb-NO\"}]}<\/script>\n<!-- \/ Yoast SEO plugin. -->","yoast_head_json":{"title":"PlanBet Login \u1409 F\u00e5 tilgang til kontoen din raskt og enkelt","description":"F\u00e5 tilgang til PlanBet-kontoen din p\u00e5 en enkel m\u00e5te! Guiden gir deg trinnvise instruksjoner. F\u00e5 innloggingshjelp, l\u00e6r om kontosikkerhet og begynn \u00e5 spille!","robots":{"index":"index","follow":"follow","max-snippet":"max-snippet:-1","max-image-preview":"max-image-preview:large","max-video-preview":"max-video-preview:-1"},"og_locale":"nb_NO","og_type":"article","og_title":"PlanBet Login \u1409 F\u00e5 tilgang til kontoen din raskt og enkelt","og_description":"F\u00e5 tilgang til PlanBet-kontoen din p\u00e5 en enkel m\u00e5te! Guiden gir deg trinnvise instruksjoner. F\u00e5 innloggingshjelp, l\u00e6r om kontosikkerhet og begynn \u00e5 spille!","og_url":"https:\/\/planbet.cafe\/no\/login\/","og_site_name":"Planbet NO","article_modified_time":"2025-06-20T14:29:31+00:00","twitter_card":"summary_large_image","schema":{"@context":"https:\/\/schema.org","@graph":[{"@type":"WebPage","@id":"https:\/\/planbet.cafe\/no\/login\/","url":"https:\/\/planbet.cafe\/no\/login\/","name":"PlanBet Login \u1409 F\u00e5 tilgang til kontoen din raskt og enkelt","isPartOf":{"@id":"https:\/\/planbet.cafe\/no\/#website"},"datePublished":"2025-05-11T18:22:24+00:00","dateModified":"2025-06-20T14:29:31+00:00","description":"F\u00e5 tilgang til PlanBet-kontoen din p\u00e5 en enkel m\u00e5te! Guiden gir deg trinnvise instruksjoner. F\u00e5 innloggingshjelp, l\u00e6r om kontosikkerhet og begynn \u00e5 spille!","breadcrumb":{"@id":"https:\/\/planbet.cafe\/no\/login\/#breadcrumb"},"inLanguage":"nb-NO","potentialAction":[{"@type":"ReadAction","target":["https:\/\/planbet.cafe\/no\/login\/"]}]},{"@type":"BreadcrumbList","@id":"https:\/\/planbet.cafe\/no\/login\/#breadcrumb","itemListElement":[{"@type":"ListItem","position":1,"name":"Home","item":"https:\/\/planbet.cafe\/no\/"},{"@type":"ListItem","position":2,"name":"Logg inn"}]},{"@type":"WebSite","@id":"https:\/\/planbet.cafe\/no\/#website","url":"https:\/\/planbet.cafe\/no\/","name":"Planbet NO","description":"My WordPress Blog","potentialAction":[{"@type":"SearchAction","target":{"@type":"EntryPoint","urlTemplate":"https:\/\/planbet.cafe\/no\/?s={search_term_string}"},"query-input":{"@type":"PropertyValueSpecification","valueRequired":true,"valueName":"search_term_string"}}],"inLanguage":"nb-NO"}]}},"_links":{"self":[{"href":"https:\/\/planbet.cafe\/no\/wp-json\/wp\/v2\/pages\/263","targetHints":{"allow":["GET"]}}],"collection":[{"href":"https:\/\/planbet.cafe\/no\/wp-json\/wp\/v2\/pages"}],"about":[{"href":"https:\/\/planbet.cafe\/no\/wp-json\/wp\/v2\/types\/page"}],"author":[{"embeddable":true,"href":"https:\/\/planbet.cafe\/no\/wp-json\/wp\/v2\/users\/1"}],"replies":[{"embeddable":true,"href":"https:\/\/planbet.cafe\/no\/wp-json\/wp\/v2\/comments?post=263"}],"version-history":[{"count":7,"href":"https:\/\/planbet.cafe\/no\/wp-json\/wp\/v2\/pages\/263\/revisions"}],"predecessor-version":[{"id":384,"href":"https:\/\/planbet.cafe\/no\/wp-json\/wp\/v2\/pages\/263\/revisions\/384"}],"wp:attachment":[{"href":"https:\/\/planbet.cafe\/no\/wp-json\/wp\/v2\/media?parent=263"}],"curies":[{"name":"wp","href":"https:\/\/api.w.org\/{rel}","templated":true}]}}