{"id":321,"date":"2025-05-28T13:29:34","date_gmt":"2025-05-28T13:29:34","guid":{"rendered":"https:\/\/planbet.cafe\/md\/?page_id=321"},"modified":"2025-09-29T14:25:58","modified_gmt":"2025-09-29T14:25:58","slug":"100-first-deposit","status":"publish","type":"page","link":"https:\/\/planbet.cafe\/md\/bonus\/100-first-deposit\/","title":{"rendered":"100% la primul depozit"},"content":{"rendered":"","protected":false},"excerpt":{"rendered":"","protected":false},"author":1,"featured_media":0,"parent":237,"menu_order":0,"comment_status":"closed","ping_status":"closed","template":"","meta":{"footnotes":""},"class_list":["post-321","page","type-page","status-publish","hentry"],"yoast_head":"<!-- This site is optimized with the Yoast SEO plugin v25.0 - https:\/\/yoast.com\/wordpress\/plugins\/seo\/ -->\n<title>Ob\u021bine\u021bi 100% la prima dvs. depunere la PlanBet \u1409 P\u00e2n\u0103 la 1900 MDL!<\/title>\n<meta name=\"description\" content=\"Dubleaz\u0103-\u021bi prima depunere - prime\u0219te p\u00e2n\u0103 la 1900 MDL \u00een contul t\u0103u. \u00cenregistrare rapid\u0103, proces simplu \u0219i oportunit\u0103\u021bi incredibile de a c\u00e2\u0219tiga! Nu-\u021bi rata \u0219ansa - bonusul este disponibil o singur\u0103 dat\u0103 Moldova!\" \/>\n<meta name=\"robots\" content=\"index, follow, max-snippet:-1, max-image-preview:large, max-video-preview:-1\" \/>\n<meta property=\"og:locale\" content=\"ro_RO\" \/>\n<meta property=\"og:type\" content=\"article\" \/>\n<meta property=\"og:title\" content=\"Ob\u021bine\u021bi 100% la prima dvs. depunere la PlanBet \u1409 P\u00e2n\u0103 la 1900 MDL!\" \/>\n<meta property=\"og:description\" content=\"Dubleaz\u0103-\u021bi prima depunere - prime\u0219te p\u00e2n\u0103 la 1900 MDL \u00een contul t\u0103u. \u00cenregistrare rapid\u0103, proces simplu \u0219i oportunit\u0103\u021bi incredibile de a c\u00e2\u0219tiga! Nu-\u021bi rata \u0219ansa - bonusul este disponibil o singur\u0103 dat\u0103 Moldova!\" \/>\n<meta property=\"og:url\" content=\"https:\/\/planbet.cafe\/md\/bonus\/100-first-deposit\/\" \/>\n<meta property=\"og:site_name\" content=\"Planbet MD\" \/>\n<meta property=\"article:modified_time\" content=\"2025-09-29T14:25:58+00:00\" \/>\n<meta name=\"twitter:card\" content=\"summary_large_image\" \/>\n<script type=\"application\/ld+json\" class=\"yoast-schema-graph\">{\"@context\":\"https:\/\/schema.org\",\"@graph\":[{\"@type\":\"WebPage\",\"@id\":\"https:\/\/planbet.cafe\/md\/bonus\/100-first-deposit\/\",\"url\":\"https:\/\/planbet.cafe\/md\/bonus\/100-first-deposit\/\",\"name\":\"Ob\u021bine\u021bi 100% la prima dvs. depunere la PlanBet \u1409 P\u00e2n\u0103 la 1900 MDL!\",\"isPartOf\":{\"@id\":\"https:\/\/planbet.cafe\/md\/#website\"},\"datePublished\":\"2025-05-28T13:29:34+00:00\",\"dateModified\":\"2025-09-29T14:25:58+00:00\",\"description\":\"Dubleaz\u0103-\u021bi prima depunere - prime\u0219te p\u00e2n\u0103 la 1900 MDL \u00een contul t\u0103u. \u00cenregistrare rapid\u0103, proces simplu \u0219i oportunit\u0103\u021bi incredibile de a c\u00e2\u0219tiga! Nu-\u021bi rata \u0219ansa - bonusul este disponibil o singur\u0103 dat\u0103 Moldova!\",\"breadcrumb\":{\"@id\":\"https:\/\/planbet.cafe\/md\/bonus\/100-first-deposit\/#breadcrumb\"},\"inLanguage\":\"ro-MD\",\"potentialAction\":[{\"@type\":\"ReadAction\",\"target\":[\"https:\/\/planbet.cafe\/md\/bonus\/100-first-deposit\/\"]}]},{\"@type\":\"BreadcrumbList\",\"@id\":\"https:\/\/planbet.cafe\/md\/bonus\/100-first-deposit\/#breadcrumb\",\"itemListElement\":[{\"@type\":\"ListItem\",\"position\":1,\"name\":\"Home\",\"item\":\"https:\/\/planbet.cafe\/md\/\"},{\"@type\":\"ListItem\",\"position\":2,\"name\":\"Bonus\",\"item\":\"https:\/\/planbet.cafe\/md\/bonus\/\"},{\"@type\":\"ListItem\",\"position\":3,\"name\":\"100% la primul depozit\"}]},{\"@type\":\"WebSite\",\"@id\":\"https:\/\/planbet.cafe\/md\/#website\",\"url\":\"https:\/\/planbet.cafe\/md\/\",\"name\":\"Planbet MD\",\"description\":\"My WordPress Blog\",\"potentialAction\":[{\"@type\":\"SearchAction\",\"target\":{\"@type\":\"EntryPoint\",\"urlTemplate\":\"https:\/\/planbet.cafe\/md\/?s={search_term_string}\"},\"query-input\":{\"@type\":\"PropertyValueSpecification\",\"valueRequired\":true,\"valueName\":\"search_term_string\"}}],\"inLanguage\":\"ro-MD\"}]}<\/script>\n<!-- \/ Yoast SEO plugin. -->","yoast_head_json":{"title":"Ob\u021bine\u021bi 100% la prima dvs. depunere la PlanBet \u1409 P\u00e2n\u0103 la 1900 MDL!","description":"Dubleaz\u0103-\u021bi prima depunere - prime\u0219te p\u00e2n\u0103 la 1900 MDL \u00een contul t\u0103u. \u00cenregistrare rapid\u0103, proces simplu \u0219i oportunit\u0103\u021bi incredibile de a c\u00e2\u0219tiga! Nu-\u021bi rata \u0219ansa - bonusul este disponibil o singur\u0103 dat\u0103 Moldova!","robots":{"index":"index","follow":"follow","max-snippet":"max-snippet:-1","max-image-preview":"max-image-preview:large","max-video-preview":"max-video-preview:-1"},"og_locale":"ro_RO","og_type":"article","og_title":"Ob\u021bine\u021bi 100% la prima dvs. depunere la PlanBet \u1409 P\u00e2n\u0103 la 1900 MDL!","og_description":"Dubleaz\u0103-\u021bi prima depunere - prime\u0219te p\u00e2n\u0103 la 1900 MDL \u00een contul t\u0103u. \u00cenregistrare rapid\u0103, proces simplu \u0219i oportunit\u0103\u021bi incredibile de a c\u00e2\u0219tiga! Nu-\u021bi rata \u0219ansa - bonusul este disponibil o singur\u0103 dat\u0103 Moldova!","og_url":"https:\/\/planbet.cafe\/md\/bonus\/100-first-deposit\/","og_site_name":"Planbet MD","article_modified_time":"2025-09-29T14:25:58+00:00","twitter_card":"summary_large_image","schema":{"@context":"https:\/\/schema.org","@graph":[{"@type":"WebPage","@id":"https:\/\/planbet.cafe\/md\/bonus\/100-first-deposit\/","url":"https:\/\/planbet.cafe\/md\/bonus\/100-first-deposit\/","name":"Ob\u021bine\u021bi 100% la prima dvs. depunere la PlanBet \u1409 P\u00e2n\u0103 la 1900 MDL!","isPartOf":{"@id":"https:\/\/planbet.cafe\/md\/#website"},"datePublished":"2025-05-28T13:29:34+00:00","dateModified":"2025-09-29T14:25:58+00:00","description":"Dubleaz\u0103-\u021bi prima depunere - prime\u0219te p\u00e2n\u0103 la 1900 MDL \u00een contul t\u0103u. \u00cenregistrare rapid\u0103, proces simplu \u0219i oportunit\u0103\u021bi incredibile de a c\u00e2\u0219tiga! Nu-\u021bi rata \u0219ansa - bonusul este disponibil o singur\u0103 dat\u0103 Moldova!","breadcrumb":{"@id":"https:\/\/planbet.cafe\/md\/bonus\/100-first-deposit\/#breadcrumb"},"inLanguage":"ro-MD","potentialAction":[{"@type":"ReadAction","target":["https:\/\/planbet.cafe\/md\/bonus\/100-first-deposit\/"]}]},{"@type":"BreadcrumbList","@id":"https:\/\/planbet.cafe\/md\/bonus\/100-first-deposit\/#breadcrumb","itemListElement":[{"@type":"ListItem","position":1,"name":"Home","item":"https:\/\/planbet.cafe\/md\/"},{"@type":"ListItem","position":2,"name":"Bonus","item":"https:\/\/planbet.cafe\/md\/bonus\/"},{"@type":"ListItem","position":3,"name":"100% la primul depozit"}]},{"@type":"WebSite","@id":"https:\/\/planbet.cafe\/md\/#website","url":"https:\/\/planbet.cafe\/md\/","name":"Planbet MD","description":"My WordPress Blog","potentialAction":[{"@type":"SearchAction","target":{"@type":"EntryPoint","urlTemplate":"https:\/\/planbet.cafe\/md\/?s={search_term_string}"},"query-input":{"@type":"PropertyValueSpecification","valueRequired":true,"valueName":"search_term_string"}}],"inLanguage":"ro-MD"}]}},"_links":{"self":[{"href":"https:\/\/planbet.cafe\/md\/wp-json\/wp\/v2\/pages\/321","targetHints":{"allow":["GET"]}}],"collection":[{"href":"https:\/\/planbet.cafe\/md\/wp-json\/wp\/v2\/pages"}],"about":[{"href":"https:\/\/planbet.cafe\/md\/wp-json\/wp\/v2\/types\/page"}],"author":[{"embeddable":true,"href":"https:\/\/planbet.cafe\/md\/wp-json\/wp\/v2\/users\/1"}],"replies":[{"embeddable":true,"href":"https:\/\/planbet.cafe\/md\/wp-json\/wp\/v2\/comments?post=321"}],"version-history":[{"count":7,"href":"https:\/\/planbet.cafe\/md\/wp-json\/wp\/v2\/pages\/321\/revisions"}],"predecessor-version":[{"id":406,"href":"https:\/\/planbet.cafe\/md\/wp-json\/wp\/v2\/pages\/321\/revisions\/406"}],"up":[{"embeddable":true,"href":"https:\/\/planbet.cafe\/md\/wp-json\/wp\/v2\/pages\/237"}],"wp:attachment":[{"href":"https:\/\/planbet.cafe\/md\/wp-json\/wp\/v2\/media?parent=321"}],"curies":[{"name":"wp","href":"https:\/\/api.w.org\/{rel}","templated":true}]}}