{"id":278,"date":"2025-05-13T05:17:25","date_gmt":"2025-05-13T05:17:25","guid":{"rendered":"https:\/\/planbet.cafe\/md\/?page_id=278"},"modified":"2025-09-29T14:51:06","modified_gmt":"2025-09-29T14:51:06","slug":"registration","status":"publish","type":"page","link":"https:\/\/planbet.cafe\/md\/registration\/","title":{"rendered":"\u00cenregistrare"},"content":{"rendered":"","protected":false},"excerpt":{"rendered":"","protected":false},"author":1,"featured_media":0,"parent":0,"menu_order":0,"comment_status":"closed","ping_status":"closed","template":"","meta":{"footnotes":""},"class_list":["post-278","page","type-page","status-publish","hentry"],"yoast_head":"<!-- This site is optimized with the Yoast SEO plugin v25.0 - https:\/\/yoast.com\/wordpress\/plugins\/seo\/ -->\n<title>\u00cenregistrare PlanBet \u1409 Sfaturi \u0219i trucuri pentru un start reu\u0219it<\/title>\n<meta name=\"description\" content=\"Al\u0103tur\u0103-te ac\u021biunii la PlanBet! \ud83d\udd25 Afl\u0103 cum s\u0103 te \u00eenregistrezi \u0219i s\u0103 \u00eencepi s\u0103 joci chiar acum! Sunte\u021bi gata s\u0103 face\u021bi pasul cel mare?\" \/>\n<meta name=\"robots\" content=\"index, follow, max-snippet:-1, max-image-preview:large, max-video-preview:-1\" \/>\n<meta property=\"og:locale\" content=\"ro_RO\" \/>\n<meta property=\"og:type\" content=\"article\" \/>\n<meta property=\"og:title\" content=\"\u00cenregistrare PlanBet \u1409 Sfaturi \u0219i trucuri pentru un start reu\u0219it\" \/>\n<meta property=\"og:description\" content=\"Al\u0103tur\u0103-te ac\u021biunii la PlanBet! \ud83d\udd25 Afl\u0103 cum s\u0103 te \u00eenregistrezi \u0219i s\u0103 \u00eencepi s\u0103 joci chiar acum! Sunte\u021bi gata s\u0103 face\u021bi pasul cel mare?\" \/>\n<meta property=\"og:url\" content=\"https:\/\/planbet.cafe\/md\/registration\/\" \/>\n<meta property=\"og:site_name\" content=\"Planbet MD\" \/>\n<meta property=\"article:modified_time\" content=\"2025-09-29T14:51:06+00:00\" \/>\n<meta name=\"twitter:card\" content=\"summary_large_image\" \/>\n<script type=\"application\/ld+json\" class=\"yoast-schema-graph\">{\"@context\":\"https:\/\/schema.org\",\"@graph\":[{\"@type\":\"WebPage\",\"@id\":\"https:\/\/planbet.cafe\/md\/registration\/\",\"url\":\"https:\/\/planbet.cafe\/md\/registration\/\",\"name\":\"\u00cenregistrare PlanBet \u1409 Sfaturi \u0219i trucuri pentru un start reu\u0219it\",\"isPartOf\":{\"@id\":\"https:\/\/planbet.cafe\/md\/#website\"},\"datePublished\":\"2025-05-13T05:17:25+00:00\",\"dateModified\":\"2025-09-29T14:51:06+00:00\",\"description\":\"Al\u0103tur\u0103-te ac\u021biunii la PlanBet! \ud83d\udd25 Afl\u0103 cum s\u0103 te \u00eenregistrezi \u0219i s\u0103 \u00eencepi s\u0103 joci chiar acum! Sunte\u021bi gata s\u0103 face\u021bi pasul cel mare?\",\"breadcrumb\":{\"@id\":\"https:\/\/planbet.cafe\/md\/registration\/#breadcrumb\"},\"inLanguage\":\"ro-MD\",\"potentialAction\":[{\"@type\":\"ReadAction\",\"target\":[\"https:\/\/planbet.cafe\/md\/registration\/\"]}]},{\"@type\":\"BreadcrumbList\",\"@id\":\"https:\/\/planbet.cafe\/md\/registration\/#breadcrumb\",\"itemListElement\":[{\"@type\":\"ListItem\",\"position\":1,\"name\":\"Home\",\"item\":\"https:\/\/planbet.cafe\/md\/\"},{\"@type\":\"ListItem\",\"position\":2,\"name\":\"\u00cenregistrare\"}]},{\"@type\":\"WebSite\",\"@id\":\"https:\/\/planbet.cafe\/md\/#website\",\"url\":\"https:\/\/planbet.cafe\/md\/\",\"name\":\"Planbet MD\",\"description\":\"My WordPress Blog\",\"potentialAction\":[{\"@type\":\"SearchAction\",\"target\":{\"@type\":\"EntryPoint\",\"urlTemplate\":\"https:\/\/planbet.cafe\/md\/?s={search_term_string}\"},\"query-input\":{\"@type\":\"PropertyValueSpecification\",\"valueRequired\":true,\"valueName\":\"search_term_string\"}}],\"inLanguage\":\"ro-MD\"}]}<\/script>\n<!-- \/ Yoast SEO plugin. -->","yoast_head_json":{"title":"\u00cenregistrare PlanBet \u1409 Sfaturi \u0219i trucuri pentru un start reu\u0219it","description":"Al\u0103tur\u0103-te ac\u021biunii la PlanBet! \ud83d\udd25 Afl\u0103 cum s\u0103 te \u00eenregistrezi \u0219i s\u0103 \u00eencepi s\u0103 joci chiar acum! Sunte\u021bi gata s\u0103 face\u021bi pasul cel mare?","robots":{"index":"index","follow":"follow","max-snippet":"max-snippet:-1","max-image-preview":"max-image-preview:large","max-video-preview":"max-video-preview:-1"},"og_locale":"ro_RO","og_type":"article","og_title":"\u00cenregistrare PlanBet \u1409 Sfaturi \u0219i trucuri pentru un start reu\u0219it","og_description":"Al\u0103tur\u0103-te ac\u021biunii la PlanBet! \ud83d\udd25 Afl\u0103 cum s\u0103 te \u00eenregistrezi \u0219i s\u0103 \u00eencepi s\u0103 joci chiar acum! Sunte\u021bi gata s\u0103 face\u021bi pasul cel mare?","og_url":"https:\/\/planbet.cafe\/md\/registration\/","og_site_name":"Planbet MD","article_modified_time":"2025-09-29T14:51:06+00:00","twitter_card":"summary_large_image","schema":{"@context":"https:\/\/schema.org","@graph":[{"@type":"WebPage","@id":"https:\/\/planbet.cafe\/md\/registration\/","url":"https:\/\/planbet.cafe\/md\/registration\/","name":"\u00cenregistrare PlanBet \u1409 Sfaturi \u0219i trucuri pentru un start reu\u0219it","isPartOf":{"@id":"https:\/\/planbet.cafe\/md\/#website"},"datePublished":"2025-05-13T05:17:25+00:00","dateModified":"2025-09-29T14:51:06+00:00","description":"Al\u0103tur\u0103-te ac\u021biunii la PlanBet! \ud83d\udd25 Afl\u0103 cum s\u0103 te \u00eenregistrezi \u0219i s\u0103 \u00eencepi s\u0103 joci chiar acum! Sunte\u021bi gata s\u0103 face\u021bi pasul cel mare?","breadcrumb":{"@id":"https:\/\/planbet.cafe\/md\/registration\/#breadcrumb"},"inLanguage":"ro-MD","potentialAction":[{"@type":"ReadAction","target":["https:\/\/planbet.cafe\/md\/registration\/"]}]},{"@type":"BreadcrumbList","@id":"https:\/\/planbet.cafe\/md\/registration\/#breadcrumb","itemListElement":[{"@type":"ListItem","position":1,"name":"Home","item":"https:\/\/planbet.cafe\/md\/"},{"@type":"ListItem","position":2,"name":"\u00cenregistrare"}]},{"@type":"WebSite","@id":"https:\/\/planbet.cafe\/md\/#website","url":"https:\/\/planbet.cafe\/md\/","name":"Planbet MD","description":"My WordPress Blog","potentialAction":[{"@type":"SearchAction","target":{"@type":"EntryPoint","urlTemplate":"https:\/\/planbet.cafe\/md\/?s={search_term_string}"},"query-input":{"@type":"PropertyValueSpecification","valueRequired":true,"valueName":"search_term_string"}}],"inLanguage":"ro-MD"}]}},"_links":{"self":[{"href":"https:\/\/planbet.cafe\/md\/wp-json\/wp\/v2\/pages\/278","targetHints":{"allow":["GET"]}}],"collection":[{"href":"https:\/\/planbet.cafe\/md\/wp-json\/wp\/v2\/pages"}],"about":[{"href":"https:\/\/planbet.cafe\/md\/wp-json\/wp\/v2\/types\/page"}],"author":[{"embeddable":true,"href":"https:\/\/planbet.cafe\/md\/wp-json\/wp\/v2\/users\/1"}],"replies":[{"embeddable":true,"href":"https:\/\/planbet.cafe\/md\/wp-json\/wp\/v2\/comments?post=278"}],"version-history":[{"count":11,"href":"https:\/\/planbet.cafe\/md\/wp-json\/wp\/v2\/pages\/278\/revisions"}],"predecessor-version":[{"id":413,"href":"https:\/\/planbet.cafe\/md\/wp-json\/wp\/v2\/pages\/278\/revisions\/413"}],"wp:attachment":[{"href":"https:\/\/planbet.cafe\/md\/wp-json\/wp\/v2\/media?parent=278"}],"curies":[{"name":"wp","href":"https:\/\/api.w.org\/{rel}","templated":true}]}}