{"id":220,"date":"2025-05-08T16:48:00","date_gmt":"2025-05-08T16:48:00","guid":{"rendered":"https:\/\/planbet.cafe\/md\/?page_id=220"},"modified":"2025-09-29T14:37:15","modified_gmt":"2025-09-29T14:37:15","slug":"casino","status":"publish","type":"page","link":"https:\/\/planbet.cafe\/md\/casino\/","title":{"rendered":"Cazinou"},"content":{"rendered":"","protected":false},"excerpt":{"rendered":"","protected":false},"author":1,"featured_media":0,"parent":0,"menu_order":0,"comment_status":"closed","ping_status":"closed","template":"","meta":{"footnotes":""},"class_list":["post-220","page","type-page","status-publish","hentry"],"yoast_head":"<!-- This site is optimized with the Yoast SEO plugin v25.0 - https:\/\/yoast.com\/wordpress\/plugins\/seo\/ -->\n<title>PlanBet Casino \u1409 Jocuri de top, bonusuri \u0219i turnee captivante<\/title>\n<meta name=\"description\" content=\"PlanBet Moldova Casino ofer\u0103 o selec\u021bie vast\u0103 de divertisment de cazinou, inclusiv sloturi, jocuri de mas\u0103, jocuri cu dealer live. Al\u0103tura\u021bi-v\u0103 comunit\u0103\u021bii noastre \u0219i revendica\u021bi-v\u0103 ast\u0103zi bonusul de bun venit!\" \/>\n<meta name=\"robots\" content=\"index, follow, max-snippet:-1, max-image-preview:large, max-video-preview:-1\" \/>\n<meta property=\"og:locale\" content=\"ro_RO\" \/>\n<meta property=\"og:type\" content=\"article\" \/>\n<meta property=\"og:title\" content=\"PlanBet Casino \u1409 Jocuri de top, bonusuri \u0219i turnee captivante\" \/>\n<meta property=\"og:description\" content=\"PlanBet Moldova Casino ofer\u0103 o selec\u021bie vast\u0103 de divertisment de cazinou, inclusiv sloturi, jocuri de mas\u0103, jocuri cu dealer live. Al\u0103tura\u021bi-v\u0103 comunit\u0103\u021bii noastre \u0219i revendica\u021bi-v\u0103 ast\u0103zi bonusul de bun venit!\" \/>\n<meta property=\"og:url\" content=\"https:\/\/planbet.cafe\/md\/casino\/\" \/>\n<meta property=\"og:site_name\" content=\"Planbet MD\" \/>\n<meta property=\"article:modified_time\" content=\"2025-09-29T14:37:15+00:00\" \/>\n<meta name=\"twitter:card\" content=\"summary_large_image\" \/>\n<script type=\"application\/ld+json\" class=\"yoast-schema-graph\">{\"@context\":\"https:\/\/schema.org\",\"@graph\":[{\"@type\":\"WebPage\",\"@id\":\"https:\/\/planbet.cafe\/md\/casino\/\",\"url\":\"https:\/\/planbet.cafe\/md\/casino\/\",\"name\":\"PlanBet Casino \u1409 Jocuri de top, bonusuri \u0219i turnee captivante\",\"isPartOf\":{\"@id\":\"https:\/\/planbet.cafe\/md\/#website\"},\"datePublished\":\"2025-05-08T16:48:00+00:00\",\"dateModified\":\"2025-09-29T14:37:15+00:00\",\"description\":\"PlanBet Moldova Casino ofer\u0103 o selec\u021bie vast\u0103 de divertisment de cazinou, inclusiv sloturi, jocuri de mas\u0103, jocuri cu dealer live. Al\u0103tura\u021bi-v\u0103 comunit\u0103\u021bii noastre \u0219i revendica\u021bi-v\u0103 ast\u0103zi bonusul de bun venit!\",\"breadcrumb\":{\"@id\":\"https:\/\/planbet.cafe\/md\/casino\/#breadcrumb\"},\"inLanguage\":\"ro-MD\",\"potentialAction\":[{\"@type\":\"ReadAction\",\"target\":[\"https:\/\/planbet.cafe\/md\/casino\/\"]}]},{\"@type\":\"BreadcrumbList\",\"@id\":\"https:\/\/planbet.cafe\/md\/casino\/#breadcrumb\",\"itemListElement\":[{\"@type\":\"ListItem\",\"position\":1,\"name\":\"Home\",\"item\":\"https:\/\/planbet.cafe\/md\/\"},{\"@type\":\"ListItem\",\"position\":2,\"name\":\"Cazinou\"}]},{\"@type\":\"WebSite\",\"@id\":\"https:\/\/planbet.cafe\/md\/#website\",\"url\":\"https:\/\/planbet.cafe\/md\/\",\"name\":\"Planbet MD\",\"description\":\"My WordPress Blog\",\"potentialAction\":[{\"@type\":\"SearchAction\",\"target\":{\"@type\":\"EntryPoint\",\"urlTemplate\":\"https:\/\/planbet.cafe\/md\/?s={search_term_string}\"},\"query-input\":{\"@type\":\"PropertyValueSpecification\",\"valueRequired\":true,\"valueName\":\"search_term_string\"}}],\"inLanguage\":\"ro-MD\"}]}<\/script>\n<!-- \/ Yoast SEO plugin. -->","yoast_head_json":{"title":"PlanBet Casino \u1409 Jocuri de top, bonusuri \u0219i turnee captivante","description":"PlanBet Moldova Casino ofer\u0103 o selec\u021bie vast\u0103 de divertisment de cazinou, inclusiv sloturi, jocuri de mas\u0103, jocuri cu dealer live. Al\u0103tura\u021bi-v\u0103 comunit\u0103\u021bii noastre \u0219i revendica\u021bi-v\u0103 ast\u0103zi bonusul de bun venit!","robots":{"index":"index","follow":"follow","max-snippet":"max-snippet:-1","max-image-preview":"max-image-preview:large","max-video-preview":"max-video-preview:-1"},"og_locale":"ro_RO","og_type":"article","og_title":"PlanBet Casino \u1409 Jocuri de top, bonusuri \u0219i turnee captivante","og_description":"PlanBet Moldova Casino ofer\u0103 o selec\u021bie vast\u0103 de divertisment de cazinou, inclusiv sloturi, jocuri de mas\u0103, jocuri cu dealer live. Al\u0103tura\u021bi-v\u0103 comunit\u0103\u021bii noastre \u0219i revendica\u021bi-v\u0103 ast\u0103zi bonusul de bun venit!","og_url":"https:\/\/planbet.cafe\/md\/casino\/","og_site_name":"Planbet MD","article_modified_time":"2025-09-29T14:37:15+00:00","twitter_card":"summary_large_image","schema":{"@context":"https:\/\/schema.org","@graph":[{"@type":"WebPage","@id":"https:\/\/planbet.cafe\/md\/casino\/","url":"https:\/\/planbet.cafe\/md\/casino\/","name":"PlanBet Casino \u1409 Jocuri de top, bonusuri \u0219i turnee captivante","isPartOf":{"@id":"https:\/\/planbet.cafe\/md\/#website"},"datePublished":"2025-05-08T16:48:00+00:00","dateModified":"2025-09-29T14:37:15+00:00","description":"PlanBet Moldova Casino ofer\u0103 o selec\u021bie vast\u0103 de divertisment de cazinou, inclusiv sloturi, jocuri de mas\u0103, jocuri cu dealer live. Al\u0103tura\u021bi-v\u0103 comunit\u0103\u021bii noastre \u0219i revendica\u021bi-v\u0103 ast\u0103zi bonusul de bun venit!","breadcrumb":{"@id":"https:\/\/planbet.cafe\/md\/casino\/#breadcrumb"},"inLanguage":"ro-MD","potentialAction":[{"@type":"ReadAction","target":["https:\/\/planbet.cafe\/md\/casino\/"]}]},{"@type":"BreadcrumbList","@id":"https:\/\/planbet.cafe\/md\/casino\/#breadcrumb","itemListElement":[{"@type":"ListItem","position":1,"name":"Home","item":"https:\/\/planbet.cafe\/md\/"},{"@type":"ListItem","position":2,"name":"Cazinou"}]},{"@type":"WebSite","@id":"https:\/\/planbet.cafe\/md\/#website","url":"https:\/\/planbet.cafe\/md\/","name":"Planbet MD","description":"My WordPress Blog","potentialAction":[{"@type":"SearchAction","target":{"@type":"EntryPoint","urlTemplate":"https:\/\/planbet.cafe\/md\/?s={search_term_string}"},"query-input":{"@type":"PropertyValueSpecification","valueRequired":true,"valueName":"search_term_string"}}],"inLanguage":"ro-MD"}]}},"_links":{"self":[{"href":"https:\/\/planbet.cafe\/md\/wp-json\/wp\/v2\/pages\/220","targetHints":{"allow":["GET"]}}],"collection":[{"href":"https:\/\/planbet.cafe\/md\/wp-json\/wp\/v2\/pages"}],"about":[{"href":"https:\/\/planbet.cafe\/md\/wp-json\/wp\/v2\/types\/page"}],"author":[{"embeddable":true,"href":"https:\/\/planbet.cafe\/md\/wp-json\/wp\/v2\/users\/1"}],"replies":[{"embeddable":true,"href":"https:\/\/planbet.cafe\/md\/wp-json\/wp\/v2\/comments?post=220"}],"version-history":[{"count":11,"href":"https:\/\/planbet.cafe\/md\/wp-json\/wp\/v2\/pages\/220\/revisions"}],"predecessor-version":[{"id":411,"href":"https:\/\/planbet.cafe\/md\/wp-json\/wp\/v2\/pages\/220\/revisions\/411"}],"wp:attachment":[{"href":"https:\/\/planbet.cafe\/md\/wp-json\/wp\/v2\/media?parent=220"}],"curies":[{"name":"wp","href":"https:\/\/api.w.org\/{rel}","templated":true}]}}