{"id":321,"date":"2025-06-08T13:29:34","date_gmt":"2025-06-08T13:29:34","guid":{"rendered":"https:\/\/planbet.cafe\/mc\/?page_id=321"},"modified":"2025-10-12T12:12:57","modified_gmt":"2025-10-12T12:12:57","slug":"100-first-deposit","status":"publish","type":"page","link":"https:\/\/planbet.cafe\/mc\/bonus\/100-first-deposit\/","title":{"rendered":"100% sur le premier d\u00e9p\u00f4t"},"content":{"rendered":"","protected":false},"excerpt":{"rendered":"","protected":false},"author":1,"featured_media":0,"parent":237,"menu_order":0,"comment_status":"closed","ping_status":"closed","template":"","meta":{"footnotes":""},"class_list":["post-321","page","type-page","status-publish","hentry"],"yoast_head":"<!-- This site is optimized with the Yoast SEO plugin v25.0 - https:\/\/yoast.com\/wordpress\/plugins\/seo\/ -->\n<title>Obtenez 100 % sur votre premier d\u00e9p\u00f4t chez PlanBet Monaco<\/title>\n<meta name=\"description\" content=\"Doublez votre premier d\u00e9p\u00f4t \u2014 obtenez jusqu&#039;\u00e0 110 EUR sur votre compte. Inscription rapide, processus simple et incroyables opportunit\u00e9s de gagner ! Ne manquez pas votre chance \u2014 le bonus n&#039;est disponible qu&#039;une seule fois !\" \/>\n<meta name=\"robots\" content=\"index, follow, max-snippet:-1, max-image-preview:large, max-video-preview:-1\" \/>\n<meta property=\"og:locale\" content=\"fr_FR\" \/>\n<meta property=\"og:type\" content=\"article\" \/>\n<meta property=\"og:title\" content=\"Obtenez 100 % sur votre premier d\u00e9p\u00f4t chez PlanBet Monaco\" \/>\n<meta property=\"og:description\" content=\"Doublez votre premier d\u00e9p\u00f4t \u2014 obtenez jusqu&#039;\u00e0 110 EUR sur votre compte. Inscription rapide, processus simple et incroyables opportunit\u00e9s de gagner ! Ne manquez pas votre chance \u2014 le bonus n&#039;est disponible qu&#039;une seule fois !\" \/>\n<meta property=\"og:url\" content=\"https:\/\/planbet.cafe\/mc\/bonus\/100-first-deposit\/\" \/>\n<meta property=\"og:site_name\" content=\"Planbet MC\" \/>\n<meta property=\"article:modified_time\" content=\"2025-10-12T12:12:57+00:00\" \/>\n<meta name=\"twitter:card\" content=\"summary_large_image\" \/>\n<script type=\"application\/ld+json\" class=\"yoast-schema-graph\">{\"@context\":\"https:\/\/schema.org\",\"@graph\":[{\"@type\":\"WebPage\",\"@id\":\"https:\/\/planbet.cafe\/mc\/bonus\/100-first-deposit\/\",\"url\":\"https:\/\/planbet.cafe\/mc\/bonus\/100-first-deposit\/\",\"name\":\"Obtenez 100 % sur votre premier d\u00e9p\u00f4t chez PlanBet Monaco\",\"isPartOf\":{\"@id\":\"https:\/\/planbet.cafe\/mc\/#website\"},\"datePublished\":\"2025-06-08T13:29:34+00:00\",\"dateModified\":\"2025-10-12T12:12:57+00:00\",\"description\":\"Doublez votre premier d\u00e9p\u00f4t \u2014 obtenez jusqu'\u00e0 110 EUR sur votre compte. Inscription rapide, processus simple et incroyables opportunit\u00e9s de gagner ! Ne manquez pas votre chance \u2014 le bonus n'est disponible qu'une seule fois !\",\"breadcrumb\":{\"@id\":\"https:\/\/planbet.cafe\/mc\/bonus\/100-first-deposit\/#breadcrumb\"},\"inLanguage\":\"fr-MC\",\"potentialAction\":[{\"@type\":\"ReadAction\",\"target\":[\"https:\/\/planbet.cafe\/mc\/bonus\/100-first-deposit\/\"]}]},{\"@type\":\"BreadcrumbList\",\"@id\":\"https:\/\/planbet.cafe\/mc\/bonus\/100-first-deposit\/#breadcrumb\",\"itemListElement\":[{\"@type\":\"ListItem\",\"position\":1,\"name\":\"Home\",\"item\":\"https:\/\/planbet.cafe\/mc\/\"},{\"@type\":\"ListItem\",\"position\":2,\"name\":\"Bonus\",\"item\":\"https:\/\/planbet.cafe\/mc\/bonus\/\"},{\"@type\":\"ListItem\",\"position\":3,\"name\":\"100% sur le premier d\u00e9p\u00f4t\"}]},{\"@type\":\"WebSite\",\"@id\":\"https:\/\/planbet.cafe\/mc\/#website\",\"url\":\"https:\/\/planbet.cafe\/mc\/\",\"name\":\"Planbet MC\",\"description\":\"My WordPress Blog\",\"potentialAction\":[{\"@type\":\"SearchAction\",\"target\":{\"@type\":\"EntryPoint\",\"urlTemplate\":\"https:\/\/planbet.cafe\/mc\/?s={search_term_string}\"},\"query-input\":{\"@type\":\"PropertyValueSpecification\",\"valueRequired\":true,\"valueName\":\"search_term_string\"}}],\"inLanguage\":\"fr-MC\"}]}<\/script>\n<!-- \/ Yoast SEO plugin. -->","yoast_head_json":{"title":"Obtenez 100 % sur votre premier d\u00e9p\u00f4t chez PlanBet Monaco","description":"Doublez votre premier d\u00e9p\u00f4t \u2014 obtenez jusqu'\u00e0 110 EUR sur votre compte. Inscription rapide, processus simple et incroyables opportunit\u00e9s de gagner ! Ne manquez pas votre chance \u2014 le bonus n'est disponible qu'une seule fois !","robots":{"index":"index","follow":"follow","max-snippet":"max-snippet:-1","max-image-preview":"max-image-preview:large","max-video-preview":"max-video-preview:-1"},"og_locale":"fr_FR","og_type":"article","og_title":"Obtenez 100 % sur votre premier d\u00e9p\u00f4t chez PlanBet Monaco","og_description":"Doublez votre premier d\u00e9p\u00f4t \u2014 obtenez jusqu'\u00e0 110 EUR sur votre compte. Inscription rapide, processus simple et incroyables opportunit\u00e9s de gagner ! Ne manquez pas votre chance \u2014 le bonus n'est disponible qu'une seule fois !","og_url":"https:\/\/planbet.cafe\/mc\/bonus\/100-first-deposit\/","og_site_name":"Planbet MC","article_modified_time":"2025-10-12T12:12:57+00:00","twitter_card":"summary_large_image","schema":{"@context":"https:\/\/schema.org","@graph":[{"@type":"WebPage","@id":"https:\/\/planbet.cafe\/mc\/bonus\/100-first-deposit\/","url":"https:\/\/planbet.cafe\/mc\/bonus\/100-first-deposit\/","name":"Obtenez 100 % sur votre premier d\u00e9p\u00f4t chez PlanBet Monaco","isPartOf":{"@id":"https:\/\/planbet.cafe\/mc\/#website"},"datePublished":"2025-06-08T13:29:34+00:00","dateModified":"2025-10-12T12:12:57+00:00","description":"Doublez votre premier d\u00e9p\u00f4t \u2014 obtenez jusqu'\u00e0 110 EUR sur votre compte. Inscription rapide, processus simple et incroyables opportunit\u00e9s de gagner ! Ne manquez pas votre chance \u2014 le bonus n'est disponible qu'une seule fois !","breadcrumb":{"@id":"https:\/\/planbet.cafe\/mc\/bonus\/100-first-deposit\/#breadcrumb"},"inLanguage":"fr-MC","potentialAction":[{"@type":"ReadAction","target":["https:\/\/planbet.cafe\/mc\/bonus\/100-first-deposit\/"]}]},{"@type":"BreadcrumbList","@id":"https:\/\/planbet.cafe\/mc\/bonus\/100-first-deposit\/#breadcrumb","itemListElement":[{"@type":"ListItem","position":1,"name":"Home","item":"https:\/\/planbet.cafe\/mc\/"},{"@type":"ListItem","position":2,"name":"Bonus","item":"https:\/\/planbet.cafe\/mc\/bonus\/"},{"@type":"ListItem","position":3,"name":"100% sur le premier d\u00e9p\u00f4t"}]},{"@type":"WebSite","@id":"https:\/\/planbet.cafe\/mc\/#website","url":"https:\/\/planbet.cafe\/mc\/","name":"Planbet MC","description":"My WordPress Blog","potentialAction":[{"@type":"SearchAction","target":{"@type":"EntryPoint","urlTemplate":"https:\/\/planbet.cafe\/mc\/?s={search_term_string}"},"query-input":{"@type":"PropertyValueSpecification","valueRequired":true,"valueName":"search_term_string"}}],"inLanguage":"fr-MC"}]}},"_links":{"self":[{"href":"https:\/\/planbet.cafe\/mc\/wp-json\/wp\/v2\/pages\/321","targetHints":{"allow":["GET"]}}],"collection":[{"href":"https:\/\/planbet.cafe\/mc\/wp-json\/wp\/v2\/pages"}],"about":[{"href":"https:\/\/planbet.cafe\/mc\/wp-json\/wp\/v2\/types\/page"}],"author":[{"embeddable":true,"href":"https:\/\/planbet.cafe\/mc\/wp-json\/wp\/v2\/users\/1"}],"replies":[{"embeddable":true,"href":"https:\/\/planbet.cafe\/mc\/wp-json\/wp\/v2\/comments?post=321"}],"version-history":[{"count":7,"href":"https:\/\/planbet.cafe\/mc\/wp-json\/wp\/v2\/pages\/321\/revisions"}],"predecessor-version":[{"id":491,"href":"https:\/\/planbet.cafe\/mc\/wp-json\/wp\/v2\/pages\/321\/revisions\/491"}],"up":[{"embeddable":true,"href":"https:\/\/planbet.cafe\/mc\/wp-json\/wp\/v2\/pages\/237"}],"wp:attachment":[{"href":"https:\/\/planbet.cafe\/mc\/wp-json\/wp\/v2\/media?parent=321"}],"curies":[{"name":"wp","href":"https:\/\/api.w.org\/{rel}","templated":true}]}}