{"id":220,"date":"2025-05-08T16:48:00","date_gmt":"2025-05-08T16:48:00","guid":{"rendered":"https:\/\/planbet.cafe\/mc\/?page_id=220"},"modified":"2025-10-12T12:18:23","modified_gmt":"2025-10-12T12:18:23","slug":"casino","status":"publish","type":"page","link":"https:\/\/planbet.cafe\/mc\/casino\/","title":{"rendered":"Casino"},"content":{"rendered":"","protected":false},"excerpt":{"rendered":"","protected":false},"author":1,"featured_media":0,"parent":0,"menu_order":0,"comment_status":"closed","ping_status":"closed","template":"","meta":{"footnotes":""},"class_list":["post-220","page","type-page","status-publish","hentry"],"yoast_head":"<!-- This site is optimized with the Yoast SEO plugin v25.0 - https:\/\/yoast.com\/wordpress\/plugins\/seo\/ -->\n<title>PlanBet Casino \u1409 Meilleurs jeux, bonus et tournois passionnants<\/title>\n<meta name=\"description\" content=\"PlanBet Casino Monaco propose une vaste s\u00e9lection de divertissements de casino, notamment des machines \u00e0 sous, des jeux de table et des jeux avec croupier en direct. Rejoignez notre communaut\u00e9 et r\u00e9clamez votre bonus de bienvenue d\u00e8s aujourd&#039;hui.\" \/>\n<meta name=\"robots\" content=\"index, follow, max-snippet:-1, max-image-preview:large, max-video-preview:-1\" \/>\n<meta property=\"og:locale\" content=\"fr_FR\" \/>\n<meta property=\"og:type\" content=\"article\" \/>\n<meta property=\"og:title\" content=\"PlanBet Casino \u1409 Meilleurs jeux, bonus et tournois passionnants\" \/>\n<meta property=\"og:description\" content=\"PlanBet Casino Monaco propose une vaste s\u00e9lection de divertissements de casino, notamment des machines \u00e0 sous, des jeux de table et des jeux avec croupier en direct. Rejoignez notre communaut\u00e9 et r\u00e9clamez votre bonus de bienvenue d\u00e8s aujourd&#039;hui.\" \/>\n<meta property=\"og:url\" content=\"https:\/\/planbet.cafe\/mc\/casino\/\" \/>\n<meta property=\"og:site_name\" content=\"Planbet MC\" \/>\n<meta property=\"article:modified_time\" content=\"2025-10-12T12:18:23+00:00\" \/>\n<meta name=\"twitter:card\" content=\"summary_large_image\" \/>\n<script type=\"application\/ld+json\" class=\"yoast-schema-graph\">{\"@context\":\"https:\/\/schema.org\",\"@graph\":[{\"@type\":\"WebPage\",\"@id\":\"https:\/\/planbet.cafe\/mc\/casino\/\",\"url\":\"https:\/\/planbet.cafe\/mc\/casino\/\",\"name\":\"PlanBet Casino \u1409 Meilleurs jeux, bonus et tournois passionnants\",\"isPartOf\":{\"@id\":\"https:\/\/planbet.cafe\/mc\/#website\"},\"datePublished\":\"2025-05-08T16:48:00+00:00\",\"dateModified\":\"2025-10-12T12:18:23+00:00\",\"description\":\"PlanBet Casino Monaco propose une vaste s\u00e9lection de divertissements de casino, notamment des machines \u00e0 sous, des jeux de table et des jeux avec croupier en direct. Rejoignez notre communaut\u00e9 et r\u00e9clamez votre bonus de bienvenue d\u00e8s aujourd'hui.\",\"breadcrumb\":{\"@id\":\"https:\/\/planbet.cafe\/mc\/casino\/#breadcrumb\"},\"inLanguage\":\"fr-MC\",\"potentialAction\":[{\"@type\":\"ReadAction\",\"target\":[\"https:\/\/planbet.cafe\/mc\/casino\/\"]}]},{\"@type\":\"BreadcrumbList\",\"@id\":\"https:\/\/planbet.cafe\/mc\/casino\/#breadcrumb\",\"itemListElement\":[{\"@type\":\"ListItem\",\"position\":1,\"name\":\"Home\",\"item\":\"https:\/\/planbet.cafe\/mc\/\"},{\"@type\":\"ListItem\",\"position\":2,\"name\":\"Casino\"}]},{\"@type\":\"WebSite\",\"@id\":\"https:\/\/planbet.cafe\/mc\/#website\",\"url\":\"https:\/\/planbet.cafe\/mc\/\",\"name\":\"Planbet MC\",\"description\":\"My WordPress Blog\",\"potentialAction\":[{\"@type\":\"SearchAction\",\"target\":{\"@type\":\"EntryPoint\",\"urlTemplate\":\"https:\/\/planbet.cafe\/mc\/?s={search_term_string}\"},\"query-input\":{\"@type\":\"PropertyValueSpecification\",\"valueRequired\":true,\"valueName\":\"search_term_string\"}}],\"inLanguage\":\"fr-MC\"}]}<\/script>\n<!-- \/ Yoast SEO plugin. -->","yoast_head_json":{"title":"PlanBet Casino \u1409 Meilleurs jeux, bonus et tournois passionnants","description":"PlanBet Casino Monaco propose une vaste s\u00e9lection de divertissements de casino, notamment des machines \u00e0 sous, des jeux de table et des jeux avec croupier en direct. Rejoignez notre communaut\u00e9 et r\u00e9clamez votre bonus de bienvenue d\u00e8s aujourd'hui.","robots":{"index":"index","follow":"follow","max-snippet":"max-snippet:-1","max-image-preview":"max-image-preview:large","max-video-preview":"max-video-preview:-1"},"og_locale":"fr_FR","og_type":"article","og_title":"PlanBet Casino \u1409 Meilleurs jeux, bonus et tournois passionnants","og_description":"PlanBet Casino Monaco propose une vaste s\u00e9lection de divertissements de casino, notamment des machines \u00e0 sous, des jeux de table et des jeux avec croupier en direct. Rejoignez notre communaut\u00e9 et r\u00e9clamez votre bonus de bienvenue d\u00e8s aujourd'hui.","og_url":"https:\/\/planbet.cafe\/mc\/casino\/","og_site_name":"Planbet MC","article_modified_time":"2025-10-12T12:18:23+00:00","twitter_card":"summary_large_image","schema":{"@context":"https:\/\/schema.org","@graph":[{"@type":"WebPage","@id":"https:\/\/planbet.cafe\/mc\/casino\/","url":"https:\/\/planbet.cafe\/mc\/casino\/","name":"PlanBet Casino \u1409 Meilleurs jeux, bonus et tournois passionnants","isPartOf":{"@id":"https:\/\/planbet.cafe\/mc\/#website"},"datePublished":"2025-05-08T16:48:00+00:00","dateModified":"2025-10-12T12:18:23+00:00","description":"PlanBet Casino Monaco propose une vaste s\u00e9lection de divertissements de casino, notamment des machines \u00e0 sous, des jeux de table et des jeux avec croupier en direct. Rejoignez notre communaut\u00e9 et r\u00e9clamez votre bonus de bienvenue d\u00e8s aujourd'hui.","breadcrumb":{"@id":"https:\/\/planbet.cafe\/mc\/casino\/#breadcrumb"},"inLanguage":"fr-MC","potentialAction":[{"@type":"ReadAction","target":["https:\/\/planbet.cafe\/mc\/casino\/"]}]},{"@type":"BreadcrumbList","@id":"https:\/\/planbet.cafe\/mc\/casino\/#breadcrumb","itemListElement":[{"@type":"ListItem","position":1,"name":"Home","item":"https:\/\/planbet.cafe\/mc\/"},{"@type":"ListItem","position":2,"name":"Casino"}]},{"@type":"WebSite","@id":"https:\/\/planbet.cafe\/mc\/#website","url":"https:\/\/planbet.cafe\/mc\/","name":"Planbet MC","description":"My WordPress Blog","potentialAction":[{"@type":"SearchAction","target":{"@type":"EntryPoint","urlTemplate":"https:\/\/planbet.cafe\/mc\/?s={search_term_string}"},"query-input":{"@type":"PropertyValueSpecification","valueRequired":true,"valueName":"search_term_string"}}],"inLanguage":"fr-MC"}]}},"_links":{"self":[{"href":"https:\/\/planbet.cafe\/mc\/wp-json\/wp\/v2\/pages\/220","targetHints":{"allow":["GET"]}}],"collection":[{"href":"https:\/\/planbet.cafe\/mc\/wp-json\/wp\/v2\/pages"}],"about":[{"href":"https:\/\/planbet.cafe\/mc\/wp-json\/wp\/v2\/types\/page"}],"author":[{"embeddable":true,"href":"https:\/\/planbet.cafe\/mc\/wp-json\/wp\/v2\/users\/1"}],"replies":[{"embeddable":true,"href":"https:\/\/planbet.cafe\/mc\/wp-json\/wp\/v2\/comments?post=220"}],"version-history":[{"count":12,"href":"https:\/\/planbet.cafe\/mc\/wp-json\/wp\/v2\/pages\/220\/revisions"}],"predecessor-version":[{"id":501,"href":"https:\/\/planbet.cafe\/mc\/wp-json\/wp\/v2\/pages\/220\/revisions\/501"}],"wp:attachment":[{"href":"https:\/\/planbet.cafe\/mc\/wp-json\/wp\/v2\/media?parent=220"}],"curies":[{"name":"wp","href":"https:\/\/api.w.org\/{rel}","templated":true}]}}