{"id":205,"date":"2025-05-08T06:05:53","date_gmt":"2025-05-08T06:05:53","guid":{"rendered":"https:\/\/planbet.cafe\/mc\/?page_id=205"},"modified":"2025-10-12T12:16:50","modified_gmt":"2025-10-12T12:16:50","slug":"apk","status":"publish","type":"page","link":"https:\/\/planbet.cafe\/mc\/apk\/","title":{"rendered":"Apk"},"content":{"rendered":"","protected":false},"excerpt":{"rendered":"","protected":false},"author":1,"featured_media":0,"parent":0,"menu_order":0,"comment_status":"closed","ping_status":"closed","template":"","meta":{"footnotes":""},"class_list":["post-205","page","type-page","status-publish","hentry"],"yoast_head":"<!-- This site is optimized with the Yoast SEO plugin v25.0 - https:\/\/yoast.com\/wordpress\/plugins\/seo\/ -->\n<title>T\u00e9l\u00e9charger PlanBet APK | Pariez sur le sport et jouez au casino<\/title>\n<meta name=\"description\" content=\"T\u00e9l\u00e9chargez l&#039;application PlanBet pour Android (APK) et profitez de paris et de jeux de casino mobiles rapides, s\u00e9curis\u00e9s et pratiques. Obtenez la derni\u00e8re version et commencez \u00e0 jouer d\u00e8s aujourd&#039;hui !\" \/>\n<meta name=\"robots\" content=\"index, follow, max-snippet:-1, max-image-preview:large, max-video-preview:-1\" \/>\n<meta property=\"og:locale\" content=\"fr_FR\" \/>\n<meta property=\"og:type\" content=\"article\" \/>\n<meta property=\"og:title\" content=\"T\u00e9l\u00e9charger PlanBet APK | Pariez sur le sport et jouez au casino\" \/>\n<meta property=\"og:description\" content=\"T\u00e9l\u00e9chargez l&#039;application PlanBet pour Android (APK) et profitez de paris et de jeux de casino mobiles rapides, s\u00e9curis\u00e9s et pratiques. Obtenez la derni\u00e8re version et commencez \u00e0 jouer d\u00e8s aujourd&#039;hui !\" \/>\n<meta property=\"og:url\" content=\"https:\/\/planbet.cafe\/mc\/apk\/\" \/>\n<meta property=\"og:site_name\" content=\"Planbet MC\" \/>\n<meta property=\"article:modified_time\" content=\"2025-10-12T12:16:50+00:00\" \/>\n<meta name=\"twitter:card\" content=\"summary_large_image\" \/>\n<script type=\"application\/ld+json\" class=\"yoast-schema-graph\">{\"@context\":\"https:\/\/schema.org\",\"@graph\":[{\"@type\":\"WebPage\",\"@id\":\"https:\/\/planbet.cafe\/mc\/apk\/\",\"url\":\"https:\/\/planbet.cafe\/mc\/apk\/\",\"name\":\"T\u00e9l\u00e9charger PlanBet APK | Pariez sur le sport et jouez au casino\",\"isPartOf\":{\"@id\":\"https:\/\/planbet.cafe\/mc\/#website\"},\"datePublished\":\"2025-05-08T06:05:53+00:00\",\"dateModified\":\"2025-10-12T12:16:50+00:00\",\"description\":\"T\u00e9l\u00e9chargez l'application PlanBet pour Android (APK) et profitez de paris et de jeux de casino mobiles rapides, s\u00e9curis\u00e9s et pratiques. Obtenez la derni\u00e8re version et commencez \u00e0 jouer d\u00e8s aujourd'hui !\",\"breadcrumb\":{\"@id\":\"https:\/\/planbet.cafe\/mc\/apk\/#breadcrumb\"},\"inLanguage\":\"fr-MC\",\"potentialAction\":[{\"@type\":\"ReadAction\",\"target\":[\"https:\/\/planbet.cafe\/mc\/apk\/\"]}]},{\"@type\":\"BreadcrumbList\",\"@id\":\"https:\/\/planbet.cafe\/mc\/apk\/#breadcrumb\",\"itemListElement\":[{\"@type\":\"ListItem\",\"position\":1,\"name\":\"Home\",\"item\":\"https:\/\/planbet.cafe\/mc\/\"},{\"@type\":\"ListItem\",\"position\":2,\"name\":\"Apk\"}]},{\"@type\":\"WebSite\",\"@id\":\"https:\/\/planbet.cafe\/mc\/#website\",\"url\":\"https:\/\/planbet.cafe\/mc\/\",\"name\":\"Planbet MC\",\"description\":\"My WordPress Blog\",\"potentialAction\":[{\"@type\":\"SearchAction\",\"target\":{\"@type\":\"EntryPoint\",\"urlTemplate\":\"https:\/\/planbet.cafe\/mc\/?s={search_term_string}\"},\"query-input\":{\"@type\":\"PropertyValueSpecification\",\"valueRequired\":true,\"valueName\":\"search_term_string\"}}],\"inLanguage\":\"fr-MC\"}]}<\/script>\n<!-- \/ Yoast SEO plugin. -->","yoast_head_json":{"title":"T\u00e9l\u00e9charger PlanBet APK | Pariez sur le sport et jouez au casino","description":"T\u00e9l\u00e9chargez l'application PlanBet pour Android (APK) et profitez de paris et de jeux de casino mobiles rapides, s\u00e9curis\u00e9s et pratiques. Obtenez la derni\u00e8re version et commencez \u00e0 jouer d\u00e8s aujourd'hui !","robots":{"index":"index","follow":"follow","max-snippet":"max-snippet:-1","max-image-preview":"max-image-preview:large","max-video-preview":"max-video-preview:-1"},"og_locale":"fr_FR","og_type":"article","og_title":"T\u00e9l\u00e9charger PlanBet APK | Pariez sur le sport et jouez au casino","og_description":"T\u00e9l\u00e9chargez l'application PlanBet pour Android (APK) et profitez de paris et de jeux de casino mobiles rapides, s\u00e9curis\u00e9s et pratiques. Obtenez la derni\u00e8re version et commencez \u00e0 jouer d\u00e8s aujourd'hui !","og_url":"https:\/\/planbet.cafe\/mc\/apk\/","og_site_name":"Planbet MC","article_modified_time":"2025-10-12T12:16:50+00:00","twitter_card":"summary_large_image","schema":{"@context":"https:\/\/schema.org","@graph":[{"@type":"WebPage","@id":"https:\/\/planbet.cafe\/mc\/apk\/","url":"https:\/\/planbet.cafe\/mc\/apk\/","name":"T\u00e9l\u00e9charger PlanBet APK | Pariez sur le sport et jouez au casino","isPartOf":{"@id":"https:\/\/planbet.cafe\/mc\/#website"},"datePublished":"2025-05-08T06:05:53+00:00","dateModified":"2025-10-12T12:16:50+00:00","description":"T\u00e9l\u00e9chargez l'application PlanBet pour Android (APK) et profitez de paris et de jeux de casino mobiles rapides, s\u00e9curis\u00e9s et pratiques. Obtenez la derni\u00e8re version et commencez \u00e0 jouer d\u00e8s aujourd'hui !","breadcrumb":{"@id":"https:\/\/planbet.cafe\/mc\/apk\/#breadcrumb"},"inLanguage":"fr-MC","potentialAction":[{"@type":"ReadAction","target":["https:\/\/planbet.cafe\/mc\/apk\/"]}]},{"@type":"BreadcrumbList","@id":"https:\/\/planbet.cafe\/mc\/apk\/#breadcrumb","itemListElement":[{"@type":"ListItem","position":1,"name":"Home","item":"https:\/\/planbet.cafe\/mc\/"},{"@type":"ListItem","position":2,"name":"Apk"}]},{"@type":"WebSite","@id":"https:\/\/planbet.cafe\/mc\/#website","url":"https:\/\/planbet.cafe\/mc\/","name":"Planbet MC","description":"My WordPress Blog","potentialAction":[{"@type":"SearchAction","target":{"@type":"EntryPoint","urlTemplate":"https:\/\/planbet.cafe\/mc\/?s={search_term_string}"},"query-input":{"@type":"PropertyValueSpecification","valueRequired":true,"valueName":"search_term_string"}}],"inLanguage":"fr-MC"}]}},"_links":{"self":[{"href":"https:\/\/planbet.cafe\/mc\/wp-json\/wp\/v2\/pages\/205","targetHints":{"allow":["GET"]}}],"collection":[{"href":"https:\/\/planbet.cafe\/mc\/wp-json\/wp\/v2\/pages"}],"about":[{"href":"https:\/\/planbet.cafe\/mc\/wp-json\/wp\/v2\/types\/page"}],"author":[{"embeddable":true,"href":"https:\/\/planbet.cafe\/mc\/wp-json\/wp\/v2\/users\/1"}],"replies":[{"embeddable":true,"href":"https:\/\/planbet.cafe\/mc\/wp-json\/wp\/v2\/comments?post=205"}],"version-history":[{"count":8,"href":"https:\/\/planbet.cafe\/mc\/wp-json\/wp\/v2\/pages\/205\/revisions"}],"predecessor-version":[{"id":468,"href":"https:\/\/planbet.cafe\/mc\/wp-json\/wp\/v2\/pages\/205\/revisions\/468"}],"wp:attachment":[{"href":"https:\/\/planbet.cafe\/mc\/wp-json\/wp\/v2\/media?parent=205"}],"curies":[{"name":"wp","href":"https:\/\/api.w.org\/{rel}","templated":true}]}}