{"id":2,"date":"2023-05-18T17:18:34","date_gmt":"2023-05-18T17:18:34","guid":{"rendered":"http:\/\/planbet.cafe\/mc\/?page_id=2"},"modified":"2025-10-12T12:11:55","modified_gmt":"2025-10-12T12:11:55","slug":"sample-page","status":"publish","type":"page","link":"https:\/\/planbet.cafe\/mc\/","title":{"rendered":"Accueil"},"content":{"rendered":"","protected":false},"excerpt":{"rendered":"","protected":false},"author":1,"featured_media":0,"parent":0,"menu_order":0,"comment_status":"closed","ping_status":"open","template":"","meta":{"footnotes":""},"class_list":["post-2","page","type-page","status-publish","hentry"],"yoast_head":"<!-- This site is optimized with the Yoast SEO plugin v25.0 - https:\/\/yoast.com\/wordpress\/plugins\/seo\/ -->\n<title>PlanBet Monaco 2025 | Plateforme de paris sportifs et de casino<\/title>\n<meta name=\"description\" content=\"PlanBet (2025) est la nouvelle destination de jeux d&#039;argent en ligne pour les paris sportifs et les jeux de casino. Rejoignez 150 000 joueurs satisfaits et d\u00e9couvrez un service haut de gamme et des bonus g\u00e9n\u00e9reux.\" \/>\n<meta name=\"robots\" content=\"index, follow, max-snippet:-1, max-image-preview:large, max-video-preview:-1\" \/>\n<meta property=\"og:locale\" content=\"fr_FR\" \/>\n<meta property=\"og:type\" content=\"article\" \/>\n<meta property=\"og:title\" content=\"PlanBet Monaco 2025 | Plateforme de paris sportifs et de casino\" \/>\n<meta property=\"og:description\" content=\"PlanBet (2025) est la nouvelle destination de jeux d&#039;argent en ligne pour les paris sportifs et les jeux de casino. Rejoignez 150 000 joueurs satisfaits et d\u00e9couvrez un service haut de gamme et des bonus g\u00e9n\u00e9reux.\" \/>\n<meta property=\"og:url\" content=\"https:\/\/planbet.cafe\/mc\/\" \/>\n<meta property=\"og:site_name\" content=\"Planbet MC\" \/>\n<meta property=\"article:modified_time\" content=\"2025-10-12T12:11:55+00:00\" \/>\n<meta name=\"twitter:card\" content=\"summary_large_image\" \/>\n<script type=\"application\/ld+json\" class=\"yoast-schema-graph\">{\"@context\":\"https:\/\/schema.org\",\"@graph\":[{\"@type\":\"WebPage\",\"@id\":\"https:\/\/planbet.cafe\/mc\/\",\"url\":\"https:\/\/planbet.cafe\/mc\/\",\"name\":\"PlanBet Monaco 2025 | Plateforme de paris sportifs et de casino\",\"isPartOf\":{\"@id\":\"https:\/\/planbet.cafe\/mc\/#website\"},\"datePublished\":\"2023-05-18T17:18:34+00:00\",\"dateModified\":\"2025-10-12T12:11:55+00:00\",\"description\":\"PlanBet (2025) est la nouvelle destination de jeux d'argent en ligne pour les paris sportifs et les jeux de casino. Rejoignez 150 000 joueurs satisfaits et d\u00e9couvrez un service haut de gamme et des bonus g\u00e9n\u00e9reux.\",\"breadcrumb\":{\"@id\":\"https:\/\/planbet.cafe\/mc\/#breadcrumb\"},\"inLanguage\":\"fr-MC\",\"potentialAction\":[{\"@type\":\"ReadAction\",\"target\":[\"https:\/\/planbet.cafe\/mc\/\"]}]},{\"@type\":\"BreadcrumbList\",\"@id\":\"https:\/\/planbet.cafe\/mc\/#breadcrumb\",\"itemListElement\":[{\"@type\":\"ListItem\",\"position\":1,\"name\":\"Home\",\"item\":\"https:\/\/planbet.cafe\/mc\/\"},{\"@type\":\"ListItem\",\"position\":2,\"name\":\"Accueil\"}]},{\"@type\":\"WebSite\",\"@id\":\"https:\/\/planbet.cafe\/mc\/#website\",\"url\":\"https:\/\/planbet.cafe\/mc\/\",\"name\":\"Planbet MC\",\"description\":\"My WordPress Blog\",\"potentialAction\":[{\"@type\":\"SearchAction\",\"target\":{\"@type\":\"EntryPoint\",\"urlTemplate\":\"https:\/\/planbet.cafe\/mc\/?s={search_term_string}\"},\"query-input\":{\"@type\":\"PropertyValueSpecification\",\"valueRequired\":true,\"valueName\":\"search_term_string\"}}],\"inLanguage\":\"fr-MC\"}]}<\/script>\n<!-- \/ Yoast SEO plugin. -->","yoast_head_json":{"title":"PlanBet Monaco 2025 | Plateforme de paris sportifs et de casino","description":"PlanBet (2025) est la nouvelle destination de jeux d'argent en ligne pour les paris sportifs et les jeux de casino. Rejoignez 150 000 joueurs satisfaits et d\u00e9couvrez un service haut de gamme et des bonus g\u00e9n\u00e9reux.","robots":{"index":"index","follow":"follow","max-snippet":"max-snippet:-1","max-image-preview":"max-image-preview:large","max-video-preview":"max-video-preview:-1"},"og_locale":"fr_FR","og_type":"article","og_title":"PlanBet Monaco 2025 | Plateforme de paris sportifs et de casino","og_description":"PlanBet (2025) est la nouvelle destination de jeux d'argent en ligne pour les paris sportifs et les jeux de casino. Rejoignez 150 000 joueurs satisfaits et d\u00e9couvrez un service haut de gamme et des bonus g\u00e9n\u00e9reux.","og_url":"https:\/\/planbet.cafe\/mc\/","og_site_name":"Planbet MC","article_modified_time":"2025-10-12T12:11:55+00:00","twitter_card":"summary_large_image","schema":{"@context":"https:\/\/schema.org","@graph":[{"@type":"WebPage","@id":"https:\/\/planbet.cafe\/mc\/","url":"https:\/\/planbet.cafe\/mc\/","name":"PlanBet Monaco 2025 | Plateforme de paris sportifs et de casino","isPartOf":{"@id":"https:\/\/planbet.cafe\/mc\/#website"},"datePublished":"2023-05-18T17:18:34+00:00","dateModified":"2025-10-12T12:11:55+00:00","description":"PlanBet (2025) est la nouvelle destination de jeux d'argent en ligne pour les paris sportifs et les jeux de casino. Rejoignez 150 000 joueurs satisfaits et d\u00e9couvrez un service haut de gamme et des bonus g\u00e9n\u00e9reux.","breadcrumb":{"@id":"https:\/\/planbet.cafe\/mc\/#breadcrumb"},"inLanguage":"fr-MC","potentialAction":[{"@type":"ReadAction","target":["https:\/\/planbet.cafe\/mc\/"]}]},{"@type":"BreadcrumbList","@id":"https:\/\/planbet.cafe\/mc\/#breadcrumb","itemListElement":[{"@type":"ListItem","position":1,"name":"Home","item":"https:\/\/planbet.cafe\/mc\/"},{"@type":"ListItem","position":2,"name":"Accueil"}]},{"@type":"WebSite","@id":"https:\/\/planbet.cafe\/mc\/#website","url":"https:\/\/planbet.cafe\/mc\/","name":"Planbet MC","description":"My WordPress Blog","potentialAction":[{"@type":"SearchAction","target":{"@type":"EntryPoint","urlTemplate":"https:\/\/planbet.cafe\/mc\/?s={search_term_string}"},"query-input":{"@type":"PropertyValueSpecification","valueRequired":true,"valueName":"search_term_string"}}],"inLanguage":"fr-MC"}]}},"_links":{"self":[{"href":"https:\/\/planbet.cafe\/mc\/wp-json\/wp\/v2\/pages\/2","targetHints":{"allow":["GET"]}}],"collection":[{"href":"https:\/\/planbet.cafe\/mc\/wp-json\/wp\/v2\/pages"}],"about":[{"href":"https:\/\/planbet.cafe\/mc\/wp-json\/wp\/v2\/types\/page"}],"author":[{"embeddable":true,"href":"https:\/\/planbet.cafe\/mc\/wp-json\/wp\/v2\/users\/1"}],"replies":[{"embeddable":true,"href":"https:\/\/planbet.cafe\/mc\/wp-json\/wp\/v2\/comments?post=2"}],"version-history":[{"count":33,"href":"https:\/\/planbet.cafe\/mc\/wp-json\/wp\/v2\/pages\/2\/revisions"}],"predecessor-version":[{"id":499,"href":"https:\/\/planbet.cafe\/mc\/wp-json\/wp\/v2\/pages\/2\/revisions\/499"}],"wp:attachment":[{"href":"https:\/\/planbet.cafe\/mc\/wp-json\/wp\/v2\/media?parent=2"}],"curies":[{"name":"wp","href":"https:\/\/api.w.org\/{rel}","templated":true}]}}