{"id":188,"date":"2025-05-07T08:10:05","date_gmt":"2025-05-07T08:10:05","guid":{"rendered":"https:\/\/planbet.cafe\/mc\/?page_id=188"},"modified":"2025-10-12T12:16:05","modified_gmt":"2025-10-12T12:16:05","slug":"app","status":"publish","type":"page","link":"https:\/\/planbet.cafe\/mc\/app\/","title":{"rendered":"Application"},"content":{"rendered":"","protected":false},"excerpt":{"rendered":"","protected":false},"author":1,"featured_media":0,"parent":0,"menu_order":0,"comment_status":"closed","ping_status":"closed","template":"","meta":{"footnotes":""},"class_list":["post-188","page","type-page","status-publish","hentry"],"yoast_head":"<!-- This site is optimized with the Yoast SEO plugin v25.0 - https:\/\/yoast.com\/wordpress\/plugins\/seo\/ -->\n<title>Application PlanBet Monaco pour Android et iOS<\/title>\n<meta name=\"description\" content=\"Application PlanBet pour Android et iOS : t\u00e9l\u00e9chargez-la et installez-la. Jouez \u00e0 vos jeux de casino pr\u00e9f\u00e9r\u00e9s et pariez sur le sport \u00e0 tout moment, o\u00f9 que vous soyez !\" \/>\n<meta name=\"robots\" content=\"index, follow, max-snippet:-1, max-image-preview:large, max-video-preview:-1\" \/>\n<meta property=\"og:locale\" content=\"fr_FR\" \/>\n<meta property=\"og:type\" content=\"article\" \/>\n<meta property=\"og:title\" content=\"Application PlanBet Monaco pour Android et iOS\" \/>\n<meta property=\"og:description\" content=\"Application PlanBet pour Android et iOS : t\u00e9l\u00e9chargez-la et installez-la. Jouez \u00e0 vos jeux de casino pr\u00e9f\u00e9r\u00e9s et pariez sur le sport \u00e0 tout moment, o\u00f9 que vous soyez !\" \/>\n<meta property=\"og:url\" content=\"https:\/\/planbet.cafe\/mc\/app\/\" \/>\n<meta property=\"og:site_name\" content=\"Planbet MC\" \/>\n<meta property=\"article:modified_time\" content=\"2025-10-12T12:16:05+00:00\" \/>\n<meta name=\"twitter:card\" content=\"summary_large_image\" \/>\n<script type=\"application\/ld+json\" class=\"yoast-schema-graph\">{\"@context\":\"https:\/\/schema.org\",\"@graph\":[{\"@type\":\"WebPage\",\"@id\":\"https:\/\/planbet.cafe\/mc\/app\/\",\"url\":\"https:\/\/planbet.cafe\/mc\/app\/\",\"name\":\"Application PlanBet Monaco pour Android et iOS\",\"isPartOf\":{\"@id\":\"https:\/\/planbet.cafe\/mc\/#website\"},\"datePublished\":\"2025-05-07T08:10:05+00:00\",\"dateModified\":\"2025-10-12T12:16:05+00:00\",\"description\":\"Application PlanBet pour Android et iOS : t\u00e9l\u00e9chargez-la et installez-la. Jouez \u00e0 vos jeux de casino pr\u00e9f\u00e9r\u00e9s et pariez sur le sport \u00e0 tout moment, o\u00f9 que vous soyez !\",\"breadcrumb\":{\"@id\":\"https:\/\/planbet.cafe\/mc\/app\/#breadcrumb\"},\"inLanguage\":\"fr-MC\",\"potentialAction\":[{\"@type\":\"ReadAction\",\"target\":[\"https:\/\/planbet.cafe\/mc\/app\/\"]}]},{\"@type\":\"BreadcrumbList\",\"@id\":\"https:\/\/planbet.cafe\/mc\/app\/#breadcrumb\",\"itemListElement\":[{\"@type\":\"ListItem\",\"position\":1,\"name\":\"Home\",\"item\":\"https:\/\/planbet.cafe\/mc\/\"},{\"@type\":\"ListItem\",\"position\":2,\"name\":\"Application\"}]},{\"@type\":\"WebSite\",\"@id\":\"https:\/\/planbet.cafe\/mc\/#website\",\"url\":\"https:\/\/planbet.cafe\/mc\/\",\"name\":\"Planbet MC\",\"description\":\"My WordPress Blog\",\"potentialAction\":[{\"@type\":\"SearchAction\",\"target\":{\"@type\":\"EntryPoint\",\"urlTemplate\":\"https:\/\/planbet.cafe\/mc\/?s={search_term_string}\"},\"query-input\":{\"@type\":\"PropertyValueSpecification\",\"valueRequired\":true,\"valueName\":\"search_term_string\"}}],\"inLanguage\":\"fr-MC\"}]}<\/script>\n<!-- \/ Yoast SEO plugin. -->","yoast_head_json":{"title":"Application PlanBet Monaco pour Android et iOS","description":"Application PlanBet pour Android et iOS : t\u00e9l\u00e9chargez-la et installez-la. Jouez \u00e0 vos jeux de casino pr\u00e9f\u00e9r\u00e9s et pariez sur le sport \u00e0 tout moment, o\u00f9 que vous soyez !","robots":{"index":"index","follow":"follow","max-snippet":"max-snippet:-1","max-image-preview":"max-image-preview:large","max-video-preview":"max-video-preview:-1"},"og_locale":"fr_FR","og_type":"article","og_title":"Application PlanBet Monaco pour Android et iOS","og_description":"Application PlanBet pour Android et iOS : t\u00e9l\u00e9chargez-la et installez-la. Jouez \u00e0 vos jeux de casino pr\u00e9f\u00e9r\u00e9s et pariez sur le sport \u00e0 tout moment, o\u00f9 que vous soyez !","og_url":"https:\/\/planbet.cafe\/mc\/app\/","og_site_name":"Planbet MC","article_modified_time":"2025-10-12T12:16:05+00:00","twitter_card":"summary_large_image","schema":{"@context":"https:\/\/schema.org","@graph":[{"@type":"WebPage","@id":"https:\/\/planbet.cafe\/mc\/app\/","url":"https:\/\/planbet.cafe\/mc\/app\/","name":"Application PlanBet Monaco pour Android et iOS","isPartOf":{"@id":"https:\/\/planbet.cafe\/mc\/#website"},"datePublished":"2025-05-07T08:10:05+00:00","dateModified":"2025-10-12T12:16:05+00:00","description":"Application PlanBet pour Android et iOS : t\u00e9l\u00e9chargez-la et installez-la. Jouez \u00e0 vos jeux de casino pr\u00e9f\u00e9r\u00e9s et pariez sur le sport \u00e0 tout moment, o\u00f9 que vous soyez !","breadcrumb":{"@id":"https:\/\/planbet.cafe\/mc\/app\/#breadcrumb"},"inLanguage":"fr-MC","potentialAction":[{"@type":"ReadAction","target":["https:\/\/planbet.cafe\/mc\/app\/"]}]},{"@type":"BreadcrumbList","@id":"https:\/\/planbet.cafe\/mc\/app\/#breadcrumb","itemListElement":[{"@type":"ListItem","position":1,"name":"Home","item":"https:\/\/planbet.cafe\/mc\/"},{"@type":"ListItem","position":2,"name":"Application"}]},{"@type":"WebSite","@id":"https:\/\/planbet.cafe\/mc\/#website","url":"https:\/\/planbet.cafe\/mc\/","name":"Planbet MC","description":"My WordPress Blog","potentialAction":[{"@type":"SearchAction","target":{"@type":"EntryPoint","urlTemplate":"https:\/\/planbet.cafe\/mc\/?s={search_term_string}"},"query-input":{"@type":"PropertyValueSpecification","valueRequired":true,"valueName":"search_term_string"}}],"inLanguage":"fr-MC"}]}},"_links":{"self":[{"href":"https:\/\/planbet.cafe\/mc\/wp-json\/wp\/v2\/pages\/188","targetHints":{"allow":["GET"]}}],"collection":[{"href":"https:\/\/planbet.cafe\/mc\/wp-json\/wp\/v2\/pages"}],"about":[{"href":"https:\/\/planbet.cafe\/mc\/wp-json\/wp\/v2\/types\/page"}],"author":[{"embeddable":true,"href":"https:\/\/planbet.cafe\/mc\/wp-json\/wp\/v2\/users\/1"}],"replies":[{"embeddable":true,"href":"https:\/\/planbet.cafe\/mc\/wp-json\/wp\/v2\/comments?post=188"}],"version-history":[{"count":11,"href":"https:\/\/planbet.cafe\/mc\/wp-json\/wp\/v2\/pages\/188\/revisions"}],"predecessor-version":[{"id":500,"href":"https:\/\/planbet.cafe\/mc\/wp-json\/wp\/v2\/pages\/188\/revisions\/500"}],"wp:attachment":[{"href":"https:\/\/planbet.cafe\/mc\/wp-json\/wp\/v2\/media?parent=188"}],"curies":[{"name":"wp","href":"https:\/\/api.w.org\/{rel}","templated":true}]}}