{"id":335,"date":"2025-06-08T15:08:26","date_gmt":"2025-06-08T15:08:26","guid":{"rendered":"https:\/\/planbet.cafe\/lu\/?page_id=335"},"modified":"2025-09-27T13:48:18","modified_gmt":"2025-09-27T13:48:18","slug":"cashback","status":"publish","type":"page","link":"https:\/\/planbet.cafe\/lu\/bonus\/cashback\/","title":{"rendered":"Cashback"},"content":{"rendered":"","protected":false},"excerpt":{"rendered":"","protected":false},"author":1,"featured_media":0,"parent":237,"menu_order":0,"comment_status":"closed","ping_status":"closed","template":"","meta":{"footnotes":""},"class_list":["post-335","page","type-page","status-publish","hentry"],"yoast_head":"<!-- This site is optimized with the Yoast SEO plugin v25.0 - https:\/\/yoast.com\/wordpress\/plugins\/seo\/ -->\n<title>PlanBet Sport Cashback \u1409 1.000 \u20ac u Remboursementer all Woch!<\/title>\n<meta name=\"description\" content=\"Verluer? Keng Suergen! Mat Cashback vu PlanBet k\u00ebnnt Dir all Woch bis zu 1.000 \u20ac zer\u00e9ckkr\u00e9ien! Kritt 3% vun \u00c4re Verloschter zer\u00e9ck a kritt eng zweet Chance ze gewannen.\" \/>\n<meta name=\"robots\" content=\"index, follow, max-snippet:-1, max-image-preview:large, max-video-preview:-1\" \/>\n<meta property=\"og:locale\" content=\"en_US\" \/>\n<meta property=\"og:type\" content=\"article\" \/>\n<meta property=\"og:title\" content=\"PlanBet Sport Cashback \u1409 1.000 \u20ac u Remboursementer all Woch!\" \/>\n<meta property=\"og:description\" content=\"Verluer? Keng Suergen! Mat Cashback vu PlanBet k\u00ebnnt Dir all Woch bis zu 1.000 \u20ac zer\u00e9ckkr\u00e9ien! Kritt 3% vun \u00c4re Verloschter zer\u00e9ck a kritt eng zweet Chance ze gewannen.\" \/>\n<meta property=\"og:url\" content=\"https:\/\/planbet.cafe\/lu\/bonus\/cashback\/\" \/>\n<meta property=\"og:site_name\" content=\"Planbet LU\" \/>\n<meta property=\"article:modified_time\" content=\"2025-09-27T13:48:18+00:00\" \/>\n<meta name=\"twitter:card\" content=\"summary_large_image\" \/>\n<script type=\"application\/ld+json\" class=\"yoast-schema-graph\">{\"@context\":\"https:\/\/schema.org\",\"@graph\":[{\"@type\":\"WebPage\",\"@id\":\"https:\/\/planbet.cafe\/lu\/bonus\/cashback\/\",\"url\":\"https:\/\/planbet.cafe\/lu\/bonus\/cashback\/\",\"name\":\"PlanBet Sport Cashback \u1409 1.000 \u20ac u Remboursementer all Woch!\",\"isPartOf\":{\"@id\":\"https:\/\/planbet.cafe\/lu\/#website\"},\"datePublished\":\"2025-06-08T15:08:26+00:00\",\"dateModified\":\"2025-09-27T13:48:18+00:00\",\"description\":\"Verluer? Keng Suergen! Mat Cashback vu PlanBet k\u00ebnnt Dir all Woch bis zu 1.000 \u20ac zer\u00e9ckkr\u00e9ien! Kritt 3% vun \u00c4re Verloschter zer\u00e9ck a kritt eng zweet Chance ze gewannen.\",\"breadcrumb\":{\"@id\":\"https:\/\/planbet.cafe\/lu\/bonus\/cashback\/#breadcrumb\"},\"inLanguage\":\"en-LU\",\"potentialAction\":[{\"@type\":\"ReadAction\",\"target\":[\"https:\/\/planbet.cafe\/lu\/bonus\/cashback\/\"]}]},{\"@type\":\"BreadcrumbList\",\"@id\":\"https:\/\/planbet.cafe\/lu\/bonus\/cashback\/#breadcrumb\",\"itemListElement\":[{\"@type\":\"ListItem\",\"position\":1,\"name\":\"Home\",\"item\":\"https:\/\/planbet.cafe\/lu\/\"},{\"@type\":\"ListItem\",\"position\":2,\"name\":\"Bonus\",\"item\":\"https:\/\/planbet.cafe\/lu\/bonus\/\"},{\"@type\":\"ListItem\",\"position\":3,\"name\":\"Cashback\"}]},{\"@type\":\"WebSite\",\"@id\":\"https:\/\/planbet.cafe\/lu\/#website\",\"url\":\"https:\/\/planbet.cafe\/lu\/\",\"name\":\"Planbet LU\",\"description\":\"My WordPress Blog\",\"potentialAction\":[{\"@type\":\"SearchAction\",\"target\":{\"@type\":\"EntryPoint\",\"urlTemplate\":\"https:\/\/planbet.cafe\/lu\/?s={search_term_string}\"},\"query-input\":{\"@type\":\"PropertyValueSpecification\",\"valueRequired\":true,\"valueName\":\"search_term_string\"}}],\"inLanguage\":\"en-LU\"}]}<\/script>\n<!-- \/ Yoast SEO plugin. -->","yoast_head_json":{"title":"PlanBet Sport Cashback \u1409 1.000 \u20ac u Remboursementer all Woch!","description":"Verluer? Keng Suergen! Mat Cashback vu PlanBet k\u00ebnnt Dir all Woch bis zu 1.000 \u20ac zer\u00e9ckkr\u00e9ien! Kritt 3% vun \u00c4re Verloschter zer\u00e9ck a kritt eng zweet Chance ze gewannen.","robots":{"index":"index","follow":"follow","max-snippet":"max-snippet:-1","max-image-preview":"max-image-preview:large","max-video-preview":"max-video-preview:-1"},"og_locale":"en_US","og_type":"article","og_title":"PlanBet Sport Cashback \u1409 1.000 \u20ac u Remboursementer all Woch!","og_description":"Verluer? Keng Suergen! Mat Cashback vu PlanBet k\u00ebnnt Dir all Woch bis zu 1.000 \u20ac zer\u00e9ckkr\u00e9ien! Kritt 3% vun \u00c4re Verloschter zer\u00e9ck a kritt eng zweet Chance ze gewannen.","og_url":"https:\/\/planbet.cafe\/lu\/bonus\/cashback\/","og_site_name":"Planbet LU","article_modified_time":"2025-09-27T13:48:18+00:00","twitter_card":"summary_large_image","schema":{"@context":"https:\/\/schema.org","@graph":[{"@type":"WebPage","@id":"https:\/\/planbet.cafe\/lu\/bonus\/cashback\/","url":"https:\/\/planbet.cafe\/lu\/bonus\/cashback\/","name":"PlanBet Sport Cashback \u1409 1.000 \u20ac u Remboursementer all Woch!","isPartOf":{"@id":"https:\/\/planbet.cafe\/lu\/#website"},"datePublished":"2025-06-08T15:08:26+00:00","dateModified":"2025-09-27T13:48:18+00:00","description":"Verluer? Keng Suergen! Mat Cashback vu PlanBet k\u00ebnnt Dir all Woch bis zu 1.000 \u20ac zer\u00e9ckkr\u00e9ien! Kritt 3% vun \u00c4re Verloschter zer\u00e9ck a kritt eng zweet Chance ze gewannen.","breadcrumb":{"@id":"https:\/\/planbet.cafe\/lu\/bonus\/cashback\/#breadcrumb"},"inLanguage":"en-LU","potentialAction":[{"@type":"ReadAction","target":["https:\/\/planbet.cafe\/lu\/bonus\/cashback\/"]}]},{"@type":"BreadcrumbList","@id":"https:\/\/planbet.cafe\/lu\/bonus\/cashback\/#breadcrumb","itemListElement":[{"@type":"ListItem","position":1,"name":"Home","item":"https:\/\/planbet.cafe\/lu\/"},{"@type":"ListItem","position":2,"name":"Bonus","item":"https:\/\/planbet.cafe\/lu\/bonus\/"},{"@type":"ListItem","position":3,"name":"Cashback"}]},{"@type":"WebSite","@id":"https:\/\/planbet.cafe\/lu\/#website","url":"https:\/\/planbet.cafe\/lu\/","name":"Planbet LU","description":"My WordPress Blog","potentialAction":[{"@type":"SearchAction","target":{"@type":"EntryPoint","urlTemplate":"https:\/\/planbet.cafe\/lu\/?s={search_term_string}"},"query-input":{"@type":"PropertyValueSpecification","valueRequired":true,"valueName":"search_term_string"}}],"inLanguage":"en-LU"}]}},"_links":{"self":[{"href":"https:\/\/planbet.cafe\/lu\/wp-json\/wp\/v2\/pages\/335","targetHints":{"allow":["GET"]}}],"collection":[{"href":"https:\/\/planbet.cafe\/lu\/wp-json\/wp\/v2\/pages"}],"about":[{"href":"https:\/\/planbet.cafe\/lu\/wp-json\/wp\/v2\/types\/page"}],"author":[{"embeddable":true,"href":"https:\/\/planbet.cafe\/lu\/wp-json\/wp\/v2\/users\/1"}],"replies":[{"embeddable":true,"href":"https:\/\/planbet.cafe\/lu\/wp-json\/wp\/v2\/comments?post=335"}],"version-history":[{"count":4,"href":"https:\/\/planbet.cafe\/lu\/wp-json\/wp\/v2\/pages\/335\/revisions"}],"predecessor-version":[{"id":475,"href":"https:\/\/planbet.cafe\/lu\/wp-json\/wp\/v2\/pages\/335\/revisions\/475"}],"up":[{"embeddable":true,"href":"https:\/\/planbet.cafe\/lu\/wp-json\/wp\/v2\/pages\/237"}],"wp:attachment":[{"href":"https:\/\/planbet.cafe\/lu\/wp-json\/wp\/v2\/media?parent=335"}],"curies":[{"name":"wp","href":"https:\/\/api.w.org\/{rel}","templated":true}]}}