{"id":321,"date":"2025-06-08T13:29:34","date_gmt":"2025-06-08T13:29:34","guid":{"rendered":"https:\/\/planbet.cafe\/lu\/?page_id=321"},"modified":"2025-09-27T13:47:27","modified_gmt":"2025-09-27T13:47:27","slug":"100-first-deposit","status":"publish","type":"page","link":"https:\/\/planbet.cafe\/lu\/bonus\/100-first-deposit\/","title":{"rendered":"100% op der \u00e9ischter Depot"},"content":{"rendered":"","protected":false},"excerpt":{"rendered":"","protected":false},"author":1,"featured_media":0,"parent":237,"menu_order":0,"comment_status":"closed","ping_status":"closed","template":"","meta":{"footnotes":""},"class_list":["post-321","page","type-page","status-publish","hentry"],"yoast_head":"<!-- This site is optimized with the Yoast SEO plugin v25.0 - https:\/\/yoast.com\/wordpress\/plugins\/seo\/ -->\n<title>Kritt 100% op \u00c4r \u00e9ischt Depot bei PlanBet \u1409 Bis zu \u20ac113!<\/title>\n<meta name=\"description\" content=\"Verduebelt \u00c4r \u00e9ischt Depot - kritt bis zu 113 \u20ac op \u00c4rem Kont. Schnell Aschreiwung, einfache Prozess an onheemlech M\u00e9iglechkeeten ze gewannen! Verpasst \u00c4r Chance net - de Bonus ass n\u00ebmmen eemol verf\u00fcgbar!\" \/>\n<meta name=\"robots\" content=\"index, follow, max-snippet:-1, max-image-preview:large, max-video-preview:-1\" \/>\n<meta property=\"og:locale\" content=\"en_US\" \/>\n<meta property=\"og:type\" content=\"article\" \/>\n<meta property=\"og:title\" content=\"Kritt 100% op \u00c4r \u00e9ischt Depot bei PlanBet \u1409 Bis zu \u20ac113!\" \/>\n<meta property=\"og:description\" content=\"Verduebelt \u00c4r \u00e9ischt Depot - kritt bis zu 113 \u20ac op \u00c4rem Kont. Schnell Aschreiwung, einfache Prozess an onheemlech M\u00e9iglechkeeten ze gewannen! Verpasst \u00c4r Chance net - de Bonus ass n\u00ebmmen eemol verf\u00fcgbar!\" \/>\n<meta property=\"og:url\" content=\"https:\/\/planbet.cafe\/lu\/bonus\/100-first-deposit\/\" \/>\n<meta property=\"og:site_name\" content=\"Planbet LU\" \/>\n<meta property=\"article:modified_time\" content=\"2025-09-27T13:47:27+00:00\" \/>\n<meta name=\"twitter:card\" content=\"summary_large_image\" \/>\n<script type=\"application\/ld+json\" class=\"yoast-schema-graph\">{\"@context\":\"https:\/\/schema.org\",\"@graph\":[{\"@type\":\"WebPage\",\"@id\":\"https:\/\/planbet.cafe\/lu\/bonus\/100-first-deposit\/\",\"url\":\"https:\/\/planbet.cafe\/lu\/bonus\/100-first-deposit\/\",\"name\":\"Kritt 100% op \u00c4r \u00e9ischt Depot bei PlanBet \u1409 Bis zu \u20ac113!\",\"isPartOf\":{\"@id\":\"https:\/\/planbet.cafe\/lu\/#website\"},\"datePublished\":\"2025-06-08T13:29:34+00:00\",\"dateModified\":\"2025-09-27T13:47:27+00:00\",\"description\":\"Verduebelt \u00c4r \u00e9ischt Depot - kritt bis zu 113 \u20ac op \u00c4rem Kont. Schnell Aschreiwung, einfache Prozess an onheemlech M\u00e9iglechkeeten ze gewannen! Verpasst \u00c4r Chance net - de Bonus ass n\u00ebmmen eemol verf\u00fcgbar!\",\"breadcrumb\":{\"@id\":\"https:\/\/planbet.cafe\/lu\/bonus\/100-first-deposit\/#breadcrumb\"},\"inLanguage\":\"en-LU\",\"potentialAction\":[{\"@type\":\"ReadAction\",\"target\":[\"https:\/\/planbet.cafe\/lu\/bonus\/100-first-deposit\/\"]}]},{\"@type\":\"BreadcrumbList\",\"@id\":\"https:\/\/planbet.cafe\/lu\/bonus\/100-first-deposit\/#breadcrumb\",\"itemListElement\":[{\"@type\":\"ListItem\",\"position\":1,\"name\":\"Home\",\"item\":\"https:\/\/planbet.cafe\/lu\/\"},{\"@type\":\"ListItem\",\"position\":2,\"name\":\"Bonus\",\"item\":\"https:\/\/planbet.cafe\/lu\/bonus\/\"},{\"@type\":\"ListItem\",\"position\":3,\"name\":\"100% op der \u00e9ischter Depot\"}]},{\"@type\":\"WebSite\",\"@id\":\"https:\/\/planbet.cafe\/lu\/#website\",\"url\":\"https:\/\/planbet.cafe\/lu\/\",\"name\":\"Planbet LU\",\"description\":\"My WordPress Blog\",\"potentialAction\":[{\"@type\":\"SearchAction\",\"target\":{\"@type\":\"EntryPoint\",\"urlTemplate\":\"https:\/\/planbet.cafe\/lu\/?s={search_term_string}\"},\"query-input\":{\"@type\":\"PropertyValueSpecification\",\"valueRequired\":true,\"valueName\":\"search_term_string\"}}],\"inLanguage\":\"en-LU\"}]}<\/script>\n<!-- \/ Yoast SEO plugin. -->","yoast_head_json":{"title":"Kritt 100% op \u00c4r \u00e9ischt Depot bei PlanBet \u1409 Bis zu \u20ac113!","description":"Verduebelt \u00c4r \u00e9ischt Depot - kritt bis zu 113 \u20ac op \u00c4rem Kont. Schnell Aschreiwung, einfache Prozess an onheemlech M\u00e9iglechkeeten ze gewannen! Verpasst \u00c4r Chance net - de Bonus ass n\u00ebmmen eemol verf\u00fcgbar!","robots":{"index":"index","follow":"follow","max-snippet":"max-snippet:-1","max-image-preview":"max-image-preview:large","max-video-preview":"max-video-preview:-1"},"og_locale":"en_US","og_type":"article","og_title":"Kritt 100% op \u00c4r \u00e9ischt Depot bei PlanBet \u1409 Bis zu \u20ac113!","og_description":"Verduebelt \u00c4r \u00e9ischt Depot - kritt bis zu 113 \u20ac op \u00c4rem Kont. Schnell Aschreiwung, einfache Prozess an onheemlech M\u00e9iglechkeeten ze gewannen! Verpasst \u00c4r Chance net - de Bonus ass n\u00ebmmen eemol verf\u00fcgbar!","og_url":"https:\/\/planbet.cafe\/lu\/bonus\/100-first-deposit\/","og_site_name":"Planbet LU","article_modified_time":"2025-09-27T13:47:27+00:00","twitter_card":"summary_large_image","schema":{"@context":"https:\/\/schema.org","@graph":[{"@type":"WebPage","@id":"https:\/\/planbet.cafe\/lu\/bonus\/100-first-deposit\/","url":"https:\/\/planbet.cafe\/lu\/bonus\/100-first-deposit\/","name":"Kritt 100% op \u00c4r \u00e9ischt Depot bei PlanBet \u1409 Bis zu \u20ac113!","isPartOf":{"@id":"https:\/\/planbet.cafe\/lu\/#website"},"datePublished":"2025-06-08T13:29:34+00:00","dateModified":"2025-09-27T13:47:27+00:00","description":"Verduebelt \u00c4r \u00e9ischt Depot - kritt bis zu 113 \u20ac op \u00c4rem Kont. Schnell Aschreiwung, einfache Prozess an onheemlech M\u00e9iglechkeeten ze gewannen! Verpasst \u00c4r Chance net - de Bonus ass n\u00ebmmen eemol verf\u00fcgbar!","breadcrumb":{"@id":"https:\/\/planbet.cafe\/lu\/bonus\/100-first-deposit\/#breadcrumb"},"inLanguage":"en-LU","potentialAction":[{"@type":"ReadAction","target":["https:\/\/planbet.cafe\/lu\/bonus\/100-first-deposit\/"]}]},{"@type":"BreadcrumbList","@id":"https:\/\/planbet.cafe\/lu\/bonus\/100-first-deposit\/#breadcrumb","itemListElement":[{"@type":"ListItem","position":1,"name":"Home","item":"https:\/\/planbet.cafe\/lu\/"},{"@type":"ListItem","position":2,"name":"Bonus","item":"https:\/\/planbet.cafe\/lu\/bonus\/"},{"@type":"ListItem","position":3,"name":"100% op der \u00e9ischter Depot"}]},{"@type":"WebSite","@id":"https:\/\/planbet.cafe\/lu\/#website","url":"https:\/\/planbet.cafe\/lu\/","name":"Planbet LU","description":"My WordPress Blog","potentialAction":[{"@type":"SearchAction","target":{"@type":"EntryPoint","urlTemplate":"https:\/\/planbet.cafe\/lu\/?s={search_term_string}"},"query-input":{"@type":"PropertyValueSpecification","valueRequired":true,"valueName":"search_term_string"}}],"inLanguage":"en-LU"}]}},"_links":{"self":[{"href":"https:\/\/planbet.cafe\/lu\/wp-json\/wp\/v2\/pages\/321","targetHints":{"allow":["GET"]}}],"collection":[{"href":"https:\/\/planbet.cafe\/lu\/wp-json\/wp\/v2\/pages"}],"about":[{"href":"https:\/\/planbet.cafe\/lu\/wp-json\/wp\/v2\/types\/page"}],"author":[{"embeddable":true,"href":"https:\/\/planbet.cafe\/lu\/wp-json\/wp\/v2\/users\/1"}],"replies":[{"embeddable":true,"href":"https:\/\/planbet.cafe\/lu\/wp-json\/wp\/v2\/comments?post=321"}],"version-history":[{"count":5,"href":"https:\/\/planbet.cafe\/lu\/wp-json\/wp\/v2\/pages\/321\/revisions"}],"predecessor-version":[{"id":474,"href":"https:\/\/planbet.cafe\/lu\/wp-json\/wp\/v2\/pages\/321\/revisions\/474"}],"up":[{"embeddable":true,"href":"https:\/\/planbet.cafe\/lu\/wp-json\/wp\/v2\/pages\/237"}],"wp:attachment":[{"href":"https:\/\/planbet.cafe\/lu\/wp-json\/wp\/v2\/media?parent=321"}],"curies":[{"name":"wp","href":"https:\/\/api.w.org\/{rel}","templated":true}]}}