{"id":205,"date":"2025-05-08T06:05:53","date_gmt":"2025-05-08T06:05:53","guid":{"rendered":"https:\/\/planbet.cafe\/lu\/?page_id=205"},"modified":"2025-09-05T04:28:37","modified_gmt":"2025-09-05T04:28:37","slug":"apk","status":"publish","type":"page","link":"https:\/\/planbet.cafe\/lu\/apk\/","title":{"rendered":"Apk"},"content":{"rendered":"","protected":false},"excerpt":{"rendered":"","protected":false},"author":1,"featured_media":0,"parent":0,"menu_order":0,"comment_status":"closed","ping_status":"closed","template":"","meta":{"footnotes":""},"class_list":["post-205","page","type-page","status-publish","hentry"],"yoast_head":"<!-- This site is optimized with the Yoast SEO plugin v25.0 - https:\/\/yoast.com\/wordpress\/plugins\/seo\/ -->\n<title>Luet PlanBet APK erof |: Wetten op Sport &amp; Spill Casinospiller<\/title>\n<meta name=\"description\" content=\"Luet d&#039;PlanBet App fir Android (APK) erof a gen\u00e9isst s\u00e9ier, s\u00e9cher a praktesch mobil Wetten- a Casinospiller. Kritt d\u00e9i lescht Versioun a f\u00e4nkt haut un ze spillen!\" \/>\n<meta name=\"robots\" content=\"index, follow, max-snippet:-1, max-image-preview:large, max-video-preview:-1\" \/>\n<meta property=\"og:locale\" content=\"en_US\" \/>\n<meta property=\"og:type\" content=\"article\" \/>\n<meta property=\"og:title\" content=\"Luet PlanBet APK erof |: Wetten op Sport &amp; Spill Casinospiller\" \/>\n<meta property=\"og:description\" content=\"Luet d&#039;PlanBet App fir Android (APK) erof a gen\u00e9isst s\u00e9ier, s\u00e9cher a praktesch mobil Wetten- a Casinospiller. Kritt d\u00e9i lescht Versioun a f\u00e4nkt haut un ze spillen!\" \/>\n<meta property=\"og:url\" content=\"https:\/\/planbet.cafe\/lu\/apk\/\" \/>\n<meta property=\"og:site_name\" content=\"Planbet LU\" \/>\n<meta property=\"article:modified_time\" content=\"2025-09-05T04:28:37+00:00\" \/>\n<meta name=\"twitter:card\" content=\"summary_large_image\" \/>\n<script type=\"application\/ld+json\" class=\"yoast-schema-graph\">{\"@context\":\"https:\/\/schema.org\",\"@graph\":[{\"@type\":\"WebPage\",\"@id\":\"https:\/\/planbet.cafe\/lu\/apk\/\",\"url\":\"https:\/\/planbet.cafe\/lu\/apk\/\",\"name\":\"Luet PlanBet APK erof |: Wetten op Sport & Spill Casinospiller\",\"isPartOf\":{\"@id\":\"https:\/\/planbet.cafe\/lu\/#website\"},\"datePublished\":\"2025-05-08T06:05:53+00:00\",\"dateModified\":\"2025-09-05T04:28:37+00:00\",\"description\":\"Luet d'PlanBet App fir Android (APK) erof a gen\u00e9isst s\u00e9ier, s\u00e9cher a praktesch mobil Wetten- a Casinospiller. Kritt d\u00e9i lescht Versioun a f\u00e4nkt haut un ze spillen!\",\"breadcrumb\":{\"@id\":\"https:\/\/planbet.cafe\/lu\/apk\/#breadcrumb\"},\"inLanguage\":\"en-LU\",\"potentialAction\":[{\"@type\":\"ReadAction\",\"target\":[\"https:\/\/planbet.cafe\/lu\/apk\/\"]}]},{\"@type\":\"BreadcrumbList\",\"@id\":\"https:\/\/planbet.cafe\/lu\/apk\/#breadcrumb\",\"itemListElement\":[{\"@type\":\"ListItem\",\"position\":1,\"name\":\"Home\",\"item\":\"https:\/\/planbet.cafe\/lu\/\"},{\"@type\":\"ListItem\",\"position\":2,\"name\":\"Apk\"}]},{\"@type\":\"WebSite\",\"@id\":\"https:\/\/planbet.cafe\/lu\/#website\",\"url\":\"https:\/\/planbet.cafe\/lu\/\",\"name\":\"Planbet LU\",\"description\":\"My WordPress Blog\",\"potentialAction\":[{\"@type\":\"SearchAction\",\"target\":{\"@type\":\"EntryPoint\",\"urlTemplate\":\"https:\/\/planbet.cafe\/lu\/?s={search_term_string}\"},\"query-input\":{\"@type\":\"PropertyValueSpecification\",\"valueRequired\":true,\"valueName\":\"search_term_string\"}}],\"inLanguage\":\"en-LU\"}]}<\/script>\n<!-- \/ Yoast SEO plugin. -->","yoast_head_json":{"title":"Luet PlanBet APK erof |: Wetten op Sport & Spill Casinospiller","description":"Luet d'PlanBet App fir Android (APK) erof a gen\u00e9isst s\u00e9ier, s\u00e9cher a praktesch mobil Wetten- a Casinospiller. Kritt d\u00e9i lescht Versioun a f\u00e4nkt haut un ze spillen!","robots":{"index":"index","follow":"follow","max-snippet":"max-snippet:-1","max-image-preview":"max-image-preview:large","max-video-preview":"max-video-preview:-1"},"og_locale":"en_US","og_type":"article","og_title":"Luet PlanBet APK erof |: Wetten op Sport & Spill Casinospiller","og_description":"Luet d'PlanBet App fir Android (APK) erof a gen\u00e9isst s\u00e9ier, s\u00e9cher a praktesch mobil Wetten- a Casinospiller. Kritt d\u00e9i lescht Versioun a f\u00e4nkt haut un ze spillen!","og_url":"https:\/\/planbet.cafe\/lu\/apk\/","og_site_name":"Planbet LU","article_modified_time":"2025-09-05T04:28:37+00:00","twitter_card":"summary_large_image","schema":{"@context":"https:\/\/schema.org","@graph":[{"@type":"WebPage","@id":"https:\/\/planbet.cafe\/lu\/apk\/","url":"https:\/\/planbet.cafe\/lu\/apk\/","name":"Luet PlanBet APK erof |: Wetten op Sport & Spill Casinospiller","isPartOf":{"@id":"https:\/\/planbet.cafe\/lu\/#website"},"datePublished":"2025-05-08T06:05:53+00:00","dateModified":"2025-09-05T04:28:37+00:00","description":"Luet d'PlanBet App fir Android (APK) erof a gen\u00e9isst s\u00e9ier, s\u00e9cher a praktesch mobil Wetten- a Casinospiller. Kritt d\u00e9i lescht Versioun a f\u00e4nkt haut un ze spillen!","breadcrumb":{"@id":"https:\/\/planbet.cafe\/lu\/apk\/#breadcrumb"},"inLanguage":"en-LU","potentialAction":[{"@type":"ReadAction","target":["https:\/\/planbet.cafe\/lu\/apk\/"]}]},{"@type":"BreadcrumbList","@id":"https:\/\/planbet.cafe\/lu\/apk\/#breadcrumb","itemListElement":[{"@type":"ListItem","position":1,"name":"Home","item":"https:\/\/planbet.cafe\/lu\/"},{"@type":"ListItem","position":2,"name":"Apk"}]},{"@type":"WebSite","@id":"https:\/\/planbet.cafe\/lu\/#website","url":"https:\/\/planbet.cafe\/lu\/","name":"Planbet LU","description":"My WordPress Blog","potentialAction":[{"@type":"SearchAction","target":{"@type":"EntryPoint","urlTemplate":"https:\/\/planbet.cafe\/lu\/?s={search_term_string}"},"query-input":{"@type":"PropertyValueSpecification","valueRequired":true,"valueName":"search_term_string"}}],"inLanguage":"en-LU"}]}},"_links":{"self":[{"href":"https:\/\/planbet.cafe\/lu\/wp-json\/wp\/v2\/pages\/205","targetHints":{"allow":["GET"]}}],"collection":[{"href":"https:\/\/planbet.cafe\/lu\/wp-json\/wp\/v2\/pages"}],"about":[{"href":"https:\/\/planbet.cafe\/lu\/wp-json\/wp\/v2\/types\/page"}],"author":[{"embeddable":true,"href":"https:\/\/planbet.cafe\/lu\/wp-json\/wp\/v2\/users\/1"}],"replies":[{"embeddable":true,"href":"https:\/\/planbet.cafe\/lu\/wp-json\/wp\/v2\/comments?post=205"}],"version-history":[{"count":9,"href":"https:\/\/planbet.cafe\/lu\/wp-json\/wp\/v2\/pages\/205\/revisions"}],"predecessor-version":[{"id":468,"href":"https:\/\/planbet.cafe\/lu\/wp-json\/wp\/v2\/pages\/205\/revisions\/468"}],"wp:attachment":[{"href":"https:\/\/planbet.cafe\/lu\/wp-json\/wp\/v2\/media?parent=205"}],"curies":[{"name":"wp","href":"https:\/\/api.w.org\/{rel}","templated":true}]}}