{"id":188,"date":"2025-05-07T08:10:05","date_gmt":"2025-05-07T08:10:05","guid":{"rendered":"https:\/\/planbet.cafe\/lu\/?page_id=188"},"modified":"2025-09-27T13:52:20","modified_gmt":"2025-09-27T13:52:20","slug":"app","status":"publish","type":"page","link":"https:\/\/planbet.cafe\/lu\/app\/","title":{"rendered":"App"},"content":{"rendered":"","protected":false},"excerpt":{"rendered":"","protected":false},"author":1,"featured_media":0,"parent":0,"menu_order":0,"comment_status":"closed","ping_status":"closed","template":"","meta":{"footnotes":""},"class_list":["post-188","page","type-page","status-publish","hentry"],"yoast_head":"<!-- This site is optimized with the Yoast SEO plugin v25.0 - https:\/\/yoast.com\/wordpress\/plugins\/seo\/ -->\n<title>PlanBet App fir Android &amp; iOS | W\u00e9i een d&#039;App erofluet:<\/title>\n<meta name=\"description\" content=\"PlanBet App fir Android an iOS. Eroflueden an install\u00e9ieren. Spillt \u00c4r Liiblingscasinospiller a maacht Sportwetten, egal wou an zu all Z\u00e4it!\" \/>\n<meta name=\"robots\" content=\"index, follow, max-snippet:-1, max-image-preview:large, max-video-preview:-1\" \/>\n<meta property=\"og:locale\" content=\"en_US\" \/>\n<meta property=\"og:type\" content=\"article\" \/>\n<meta property=\"og:title\" content=\"PlanBet App fir Android &amp; iOS | W\u00e9i een d&#039;App erofluet:\" \/>\n<meta property=\"og:description\" content=\"PlanBet App fir Android an iOS. Eroflueden an install\u00e9ieren. Spillt \u00c4r Liiblingscasinospiller a maacht Sportwetten, egal wou an zu all Z\u00e4it!\" \/>\n<meta property=\"og:url\" content=\"https:\/\/planbet.cafe\/lu\/app\/\" \/>\n<meta property=\"og:site_name\" content=\"Planbet LU\" \/>\n<meta property=\"article:modified_time\" content=\"2025-09-27T13:52:20+00:00\" \/>\n<meta name=\"twitter:card\" content=\"summary_large_image\" \/>\n<script type=\"application\/ld+json\" class=\"yoast-schema-graph\">{\"@context\":\"https:\/\/schema.org\",\"@graph\":[{\"@type\":\"WebPage\",\"@id\":\"https:\/\/planbet.cafe\/lu\/app\/\",\"url\":\"https:\/\/planbet.cafe\/lu\/app\/\",\"name\":\"PlanBet App fir Android & iOS | W\u00e9i een d'App erofluet:\",\"isPartOf\":{\"@id\":\"https:\/\/planbet.cafe\/lu\/#website\"},\"datePublished\":\"2025-05-07T08:10:05+00:00\",\"dateModified\":\"2025-09-27T13:52:20+00:00\",\"description\":\"PlanBet App fir Android an iOS. Eroflueden an install\u00e9ieren. Spillt \u00c4r Liiblingscasinospiller a maacht Sportwetten, egal wou an zu all Z\u00e4it!\",\"breadcrumb\":{\"@id\":\"https:\/\/planbet.cafe\/lu\/app\/#breadcrumb\"},\"inLanguage\":\"en-LU\",\"potentialAction\":[{\"@type\":\"ReadAction\",\"target\":[\"https:\/\/planbet.cafe\/lu\/app\/\"]}]},{\"@type\":\"BreadcrumbList\",\"@id\":\"https:\/\/planbet.cafe\/lu\/app\/#breadcrumb\",\"itemListElement\":[{\"@type\":\"ListItem\",\"position\":1,\"name\":\"Home\",\"item\":\"https:\/\/planbet.cafe\/lu\/\"},{\"@type\":\"ListItem\",\"position\":2,\"name\":\"App\"}]},{\"@type\":\"WebSite\",\"@id\":\"https:\/\/planbet.cafe\/lu\/#website\",\"url\":\"https:\/\/planbet.cafe\/lu\/\",\"name\":\"Planbet LU\",\"description\":\"My WordPress Blog\",\"potentialAction\":[{\"@type\":\"SearchAction\",\"target\":{\"@type\":\"EntryPoint\",\"urlTemplate\":\"https:\/\/planbet.cafe\/lu\/?s={search_term_string}\"},\"query-input\":{\"@type\":\"PropertyValueSpecification\",\"valueRequired\":true,\"valueName\":\"search_term_string\"}}],\"inLanguage\":\"en-LU\"}]}<\/script>\n<!-- \/ Yoast SEO plugin. -->","yoast_head_json":{"title":"PlanBet App fir Android & iOS | W\u00e9i een d'App erofluet:","description":"PlanBet App fir Android an iOS. Eroflueden an install\u00e9ieren. Spillt \u00c4r Liiblingscasinospiller a maacht Sportwetten, egal wou an zu all Z\u00e4it!","robots":{"index":"index","follow":"follow","max-snippet":"max-snippet:-1","max-image-preview":"max-image-preview:large","max-video-preview":"max-video-preview:-1"},"og_locale":"en_US","og_type":"article","og_title":"PlanBet App fir Android & iOS | W\u00e9i een d'App erofluet:","og_description":"PlanBet App fir Android an iOS. Eroflueden an install\u00e9ieren. Spillt \u00c4r Liiblingscasinospiller a maacht Sportwetten, egal wou an zu all Z\u00e4it!","og_url":"https:\/\/planbet.cafe\/lu\/app\/","og_site_name":"Planbet LU","article_modified_time":"2025-09-27T13:52:20+00:00","twitter_card":"summary_large_image","schema":{"@context":"https:\/\/schema.org","@graph":[{"@type":"WebPage","@id":"https:\/\/planbet.cafe\/lu\/app\/","url":"https:\/\/planbet.cafe\/lu\/app\/","name":"PlanBet App fir Android & iOS | W\u00e9i een d'App erofluet:","isPartOf":{"@id":"https:\/\/planbet.cafe\/lu\/#website"},"datePublished":"2025-05-07T08:10:05+00:00","dateModified":"2025-09-27T13:52:20+00:00","description":"PlanBet App fir Android an iOS. Eroflueden an install\u00e9ieren. Spillt \u00c4r Liiblingscasinospiller a maacht Sportwetten, egal wou an zu all Z\u00e4it!","breadcrumb":{"@id":"https:\/\/planbet.cafe\/lu\/app\/#breadcrumb"},"inLanguage":"en-LU","potentialAction":[{"@type":"ReadAction","target":["https:\/\/planbet.cafe\/lu\/app\/"]}]},{"@type":"BreadcrumbList","@id":"https:\/\/planbet.cafe\/lu\/app\/#breadcrumb","itemListElement":[{"@type":"ListItem","position":1,"name":"Home","item":"https:\/\/planbet.cafe\/lu\/"},{"@type":"ListItem","position":2,"name":"App"}]},{"@type":"WebSite","@id":"https:\/\/planbet.cafe\/lu\/#website","url":"https:\/\/planbet.cafe\/lu\/","name":"Planbet LU","description":"My WordPress Blog","potentialAction":[{"@type":"SearchAction","target":{"@type":"EntryPoint","urlTemplate":"https:\/\/planbet.cafe\/lu\/?s={search_term_string}"},"query-input":{"@type":"PropertyValueSpecification","valueRequired":true,"valueName":"search_term_string"}}],"inLanguage":"en-LU"}]}},"_links":{"self":[{"href":"https:\/\/planbet.cafe\/lu\/wp-json\/wp\/v2\/pages\/188","targetHints":{"allow":["GET"]}}],"collection":[{"href":"https:\/\/planbet.cafe\/lu\/wp-json\/wp\/v2\/pages"}],"about":[{"href":"https:\/\/planbet.cafe\/lu\/wp-json\/wp\/v2\/types\/page"}],"author":[{"embeddable":true,"href":"https:\/\/planbet.cafe\/lu\/wp-json\/wp\/v2\/users\/1"}],"replies":[{"embeddable":true,"href":"https:\/\/planbet.cafe\/lu\/wp-json\/wp\/v2\/comments?post=188"}],"version-history":[{"count":11,"href":"https:\/\/planbet.cafe\/lu\/wp-json\/wp\/v2\/pages\/188\/revisions"}],"predecessor-version":[{"id":470,"href":"https:\/\/planbet.cafe\/lu\/wp-json\/wp\/v2\/pages\/188\/revisions\/470"}],"wp:attachment":[{"href":"https:\/\/planbet.cafe\/lu\/wp-json\/wp\/v2\/media?parent=188"}],"curies":[{"name":"wp","href":"https:\/\/api.w.org\/{rel}","templated":true}]}}