{"id":335,"date":"2025-06-08T15:08:26","date_gmt":"2025-06-08T15:08:26","guid":{"rendered":"https:\/\/planbet.cafe\/iceland\/?page_id=335"},"modified":"2025-09-17T11:25:27","modified_gmt":"2025-09-17T11:25:27","slug":"cashback","status":"publish","type":"page","link":"https:\/\/planbet.cafe\/iceland\/bonus\/cashback\/","title":{"rendered":"Cashback"},"content":{"rendered":"","protected":false},"excerpt":{"rendered":"","protected":false},"author":1,"featured_media":0,"parent":237,"menu_order":0,"comment_status":"closed","ping_status":"closed","template":"","meta":{"footnotes":""},"class_list":["post-335","page","type-page","status-publish","hentry"],"yoast_head":"<!-- This site is optimized with the Yoast SEO plugin v25.0 - https:\/\/yoast.com\/wordpress\/plugins\/seo\/ -->\n<title>PlanBet Sports Cashback \u1409 allt a\u00f0 120.400 ISK \u00ed endurgrei\u00f0slum \u00ed hverri viku!<\/title>\n<meta name=\"description\" content=\"Tapa\u00f0ur? Engar \u00e1hyggjur! Me\u00f0 endurgrei\u00f0slu fr\u00e1 PlanBet getur\u00f0u fengi\u00f0 allt a\u00f0 120.400 ISK til baka \u00ed hverri viku! F\u00e1\u00f0u 3% af tapinu \u00fe\u00ednu til baka og f\u00e1\u00f0u anna\u00f0 t\u00e6kif\u00e6ri til a\u00f0 vinna.\" \/>\n<meta name=\"robots\" content=\"index, follow, max-snippet:-1, max-image-preview:large, max-video-preview:-1\" \/>\n<meta property=\"og:locale\" content=\"is_IS\" \/>\n<meta property=\"og:type\" content=\"article\" \/>\n<meta property=\"og:title\" content=\"PlanBet Sports Cashback \u1409 allt a\u00f0 120.400 ISK \u00ed endurgrei\u00f0slum \u00ed hverri viku!\" \/>\n<meta property=\"og:description\" content=\"Tapa\u00f0ur? Engar \u00e1hyggjur! Me\u00f0 endurgrei\u00f0slu fr\u00e1 PlanBet getur\u00f0u fengi\u00f0 allt a\u00f0 120.400 ISK til baka \u00ed hverri viku! F\u00e1\u00f0u 3% af tapinu \u00fe\u00ednu til baka og f\u00e1\u00f0u anna\u00f0 t\u00e6kif\u00e6ri til a\u00f0 vinna.\" \/>\n<meta property=\"og:url\" content=\"https:\/\/planbet.cafe\/iceland\/bonus\/cashback\/\" \/>\n<meta property=\"og:site_name\" content=\"Planbet IS\" \/>\n<meta property=\"article:modified_time\" content=\"2025-09-17T11:25:27+00:00\" \/>\n<meta name=\"twitter:card\" content=\"summary_large_image\" \/>\n<script type=\"application\/ld+json\" class=\"yoast-schema-graph\">{\"@context\":\"https:\/\/schema.org\",\"@graph\":[{\"@type\":\"WebPage\",\"@id\":\"https:\/\/planbet.cafe\/iceland\/bonus\/cashback\/\",\"url\":\"https:\/\/planbet.cafe\/iceland\/bonus\/cashback\/\",\"name\":\"PlanBet Sports Cashback \u1409 allt a\u00f0 120.400 ISK \u00ed endurgrei\u00f0slum \u00ed hverri viku!\",\"isPartOf\":{\"@id\":\"https:\/\/planbet.cafe\/iceland\/#website\"},\"datePublished\":\"2025-06-08T15:08:26+00:00\",\"dateModified\":\"2025-09-17T11:25:27+00:00\",\"description\":\"Tapa\u00f0ur? Engar \u00e1hyggjur! Me\u00f0 endurgrei\u00f0slu fr\u00e1 PlanBet getur\u00f0u fengi\u00f0 allt a\u00f0 120.400 ISK til baka \u00ed hverri viku! F\u00e1\u00f0u 3% af tapinu \u00fe\u00ednu til baka og f\u00e1\u00f0u anna\u00f0 t\u00e6kif\u00e6ri til a\u00f0 vinna.\",\"breadcrumb\":{\"@id\":\"https:\/\/planbet.cafe\/iceland\/bonus\/cashback\/#breadcrumb\"},\"inLanguage\":\"is\",\"potentialAction\":[{\"@type\":\"ReadAction\",\"target\":[\"https:\/\/planbet.cafe\/iceland\/bonus\/cashback\/\"]}]},{\"@type\":\"BreadcrumbList\",\"@id\":\"https:\/\/planbet.cafe\/iceland\/bonus\/cashback\/#breadcrumb\",\"itemListElement\":[{\"@type\":\"ListItem\",\"position\":1,\"name\":\"Home\",\"item\":\"https:\/\/planbet.cafe\/iceland\/\"},{\"@type\":\"ListItem\",\"position\":2,\"name\":\"B\u00f3nus\",\"item\":\"https:\/\/planbet.cafe\/iceland\/bonus\/\"},{\"@type\":\"ListItem\",\"position\":3,\"name\":\"Cashback\"}]},{\"@type\":\"WebSite\",\"@id\":\"https:\/\/planbet.cafe\/iceland\/#website\",\"url\":\"https:\/\/planbet.cafe\/iceland\/\",\"name\":\"Planbet IS\",\"description\":\"My WordPress Blog\",\"potentialAction\":[{\"@type\":\"SearchAction\",\"target\":{\"@type\":\"EntryPoint\",\"urlTemplate\":\"https:\/\/planbet.cafe\/iceland\/?s={search_term_string}\"},\"query-input\":{\"@type\":\"PropertyValueSpecification\",\"valueRequired\":true,\"valueName\":\"search_term_string\"}}],\"inLanguage\":\"is\"}]}<\/script>\n<!-- \/ Yoast SEO plugin. -->","yoast_head_json":{"title":"PlanBet Sports Cashback \u1409 allt a\u00f0 120.400 ISK \u00ed endurgrei\u00f0slum \u00ed hverri viku!","description":"Tapa\u00f0ur? Engar \u00e1hyggjur! Me\u00f0 endurgrei\u00f0slu fr\u00e1 PlanBet getur\u00f0u fengi\u00f0 allt a\u00f0 120.400 ISK til baka \u00ed hverri viku! F\u00e1\u00f0u 3% af tapinu \u00fe\u00ednu til baka og f\u00e1\u00f0u anna\u00f0 t\u00e6kif\u00e6ri til a\u00f0 vinna.","robots":{"index":"index","follow":"follow","max-snippet":"max-snippet:-1","max-image-preview":"max-image-preview:large","max-video-preview":"max-video-preview:-1"},"og_locale":"is_IS","og_type":"article","og_title":"PlanBet Sports Cashback \u1409 allt a\u00f0 120.400 ISK \u00ed endurgrei\u00f0slum \u00ed hverri viku!","og_description":"Tapa\u00f0ur? Engar \u00e1hyggjur! Me\u00f0 endurgrei\u00f0slu fr\u00e1 PlanBet getur\u00f0u fengi\u00f0 allt a\u00f0 120.400 ISK til baka \u00ed hverri viku! F\u00e1\u00f0u 3% af tapinu \u00fe\u00ednu til baka og f\u00e1\u00f0u anna\u00f0 t\u00e6kif\u00e6ri til a\u00f0 vinna.","og_url":"https:\/\/planbet.cafe\/iceland\/bonus\/cashback\/","og_site_name":"Planbet IS","article_modified_time":"2025-09-17T11:25:27+00:00","twitter_card":"summary_large_image","schema":{"@context":"https:\/\/schema.org","@graph":[{"@type":"WebPage","@id":"https:\/\/planbet.cafe\/iceland\/bonus\/cashback\/","url":"https:\/\/planbet.cafe\/iceland\/bonus\/cashback\/","name":"PlanBet Sports Cashback \u1409 allt a\u00f0 120.400 ISK \u00ed endurgrei\u00f0slum \u00ed hverri viku!","isPartOf":{"@id":"https:\/\/planbet.cafe\/iceland\/#website"},"datePublished":"2025-06-08T15:08:26+00:00","dateModified":"2025-09-17T11:25:27+00:00","description":"Tapa\u00f0ur? Engar \u00e1hyggjur! Me\u00f0 endurgrei\u00f0slu fr\u00e1 PlanBet getur\u00f0u fengi\u00f0 allt a\u00f0 120.400 ISK til baka \u00ed hverri viku! F\u00e1\u00f0u 3% af tapinu \u00fe\u00ednu til baka og f\u00e1\u00f0u anna\u00f0 t\u00e6kif\u00e6ri til a\u00f0 vinna.","breadcrumb":{"@id":"https:\/\/planbet.cafe\/iceland\/bonus\/cashback\/#breadcrumb"},"inLanguage":"is","potentialAction":[{"@type":"ReadAction","target":["https:\/\/planbet.cafe\/iceland\/bonus\/cashback\/"]}]},{"@type":"BreadcrumbList","@id":"https:\/\/planbet.cafe\/iceland\/bonus\/cashback\/#breadcrumb","itemListElement":[{"@type":"ListItem","position":1,"name":"Home","item":"https:\/\/planbet.cafe\/iceland\/"},{"@type":"ListItem","position":2,"name":"B\u00f3nus","item":"https:\/\/planbet.cafe\/iceland\/bonus\/"},{"@type":"ListItem","position":3,"name":"Cashback"}]},{"@type":"WebSite","@id":"https:\/\/planbet.cafe\/iceland\/#website","url":"https:\/\/planbet.cafe\/iceland\/","name":"Planbet IS","description":"My WordPress Blog","potentialAction":[{"@type":"SearchAction","target":{"@type":"EntryPoint","urlTemplate":"https:\/\/planbet.cafe\/iceland\/?s={search_term_string}"},"query-input":{"@type":"PropertyValueSpecification","valueRequired":true,"valueName":"search_term_string"}}],"inLanguage":"is"}]}},"_links":{"self":[{"href":"https:\/\/planbet.cafe\/iceland\/wp-json\/wp\/v2\/pages\/335","targetHints":{"allow":["GET"]}}],"collection":[{"href":"https:\/\/planbet.cafe\/iceland\/wp-json\/wp\/v2\/pages"}],"about":[{"href":"https:\/\/planbet.cafe\/iceland\/wp-json\/wp\/v2\/types\/page"}],"author":[{"embeddable":true,"href":"https:\/\/planbet.cafe\/iceland\/wp-json\/wp\/v2\/users\/1"}],"replies":[{"embeddable":true,"href":"https:\/\/planbet.cafe\/iceland\/wp-json\/wp\/v2\/comments?post=335"}],"version-history":[{"count":4,"href":"https:\/\/planbet.cafe\/iceland\/wp-json\/wp\/v2\/pages\/335\/revisions"}],"predecessor-version":[{"id":484,"href":"https:\/\/planbet.cafe\/iceland\/wp-json\/wp\/v2\/pages\/335\/revisions\/484"}],"up":[{"embeddable":true,"href":"https:\/\/planbet.cafe\/iceland\/wp-json\/wp\/v2\/pages\/237"}],"wp:attachment":[{"href":"https:\/\/planbet.cafe\/iceland\/wp-json\/wp\/v2\/media?parent=335"}],"curies":[{"name":"wp","href":"https:\/\/api.w.org\/{rel}","templated":true}]}}