{"id":329,"date":"2025-06-08T14:55:51","date_gmt":"2025-06-08T14:55:51","guid":{"rendered":"https:\/\/planbet.cafe\/iceland\/?page_id=329"},"modified":"2025-09-17T11:35:11","modified_gmt":"2025-09-17T11:35:11","slug":"welcome-pack","status":"publish","type":"page","link":"https:\/\/planbet.cafe\/iceland\/bonus\/welcome-pack\/","title":{"rendered":"Velkominn pakki"},"content":{"rendered":"","protected":false},"excerpt":{"rendered":"","protected":false},"author":1,"featured_media":0,"parent":237,"menu_order":0,"comment_status":"closed","ping_status":"closed","template":"","meta":{"footnotes":""},"class_list":["post-329","page","type-page","status-publish","hentry"],"yoast_head":"<!-- This site is optimized with the Yoast SEO plugin v25.0 - https:\/\/yoast.com\/wordpress\/plugins\/seo\/ -->\n<title>Velkomin pakka hj\u00e1 PlanBet spilav\u00edtinu \u1409 Allt a\u00f0 214.000 ISK og 150 \u00f3keypis sn\u00faningar<\/title>\n<meta name=\"description\" content=\"F\u00e1\u00f0u velkomin pakka a\u00f0 ver\u00f0m\u00e6ti allt a\u00f0 214.000 ISK og 150 \u00f3keypis sn\u00faninga. Fj\u00f3rir \u00f6flugir b\u00f3nusar b\u00ed\u00f0a \u00fe\u00edn! Flj\u00f3tleg skr\u00e1ning, strax vinningar \u2014 gr\u00edptu til a\u00f0ger\u00f0a \u00e1\u00f0ur en \u00fea\u00f0 er of seint!\" \/>\n<meta name=\"robots\" content=\"index, follow, max-snippet:-1, max-image-preview:large, max-video-preview:-1\" \/>\n<meta property=\"og:locale\" content=\"is_IS\" \/>\n<meta property=\"og:type\" content=\"article\" \/>\n<meta property=\"og:title\" content=\"Velkomin pakka hj\u00e1 PlanBet spilav\u00edtinu \u1409 Allt a\u00f0 214.000 ISK og 150 \u00f3keypis sn\u00faningar\" \/>\n<meta property=\"og:description\" content=\"F\u00e1\u00f0u velkomin pakka a\u00f0 ver\u00f0m\u00e6ti allt a\u00f0 214.000 ISK og 150 \u00f3keypis sn\u00faninga. Fj\u00f3rir \u00f6flugir b\u00f3nusar b\u00ed\u00f0a \u00fe\u00edn! Flj\u00f3tleg skr\u00e1ning, strax vinningar \u2014 gr\u00edptu til a\u00f0ger\u00f0a \u00e1\u00f0ur en \u00fea\u00f0 er of seint!\" \/>\n<meta property=\"og:url\" content=\"https:\/\/planbet.cafe\/iceland\/bonus\/welcome-pack\/\" \/>\n<meta property=\"og:site_name\" content=\"Planbet IS\" \/>\n<meta property=\"article:modified_time\" content=\"2025-09-17T11:35:11+00:00\" \/>\n<meta name=\"twitter:card\" content=\"summary_large_image\" \/>\n<script type=\"application\/ld+json\" class=\"yoast-schema-graph\">{\"@context\":\"https:\/\/schema.org\",\"@graph\":[{\"@type\":\"WebPage\",\"@id\":\"https:\/\/planbet.cafe\/iceland\/bonus\/welcome-pack\/\",\"url\":\"https:\/\/planbet.cafe\/iceland\/bonus\/welcome-pack\/\",\"name\":\"Velkomin pakka hj\u00e1 PlanBet spilav\u00edtinu \u1409 Allt a\u00f0 214.000 ISK og 150 \u00f3keypis sn\u00faningar\",\"isPartOf\":{\"@id\":\"https:\/\/planbet.cafe\/iceland\/#website\"},\"datePublished\":\"2025-06-08T14:55:51+00:00\",\"dateModified\":\"2025-09-17T11:35:11+00:00\",\"description\":\"F\u00e1\u00f0u velkomin pakka a\u00f0 ver\u00f0m\u00e6ti allt a\u00f0 214.000 ISK og 150 \u00f3keypis sn\u00faninga. Fj\u00f3rir \u00f6flugir b\u00f3nusar b\u00ed\u00f0a \u00fe\u00edn! Flj\u00f3tleg skr\u00e1ning, strax vinningar \u2014 gr\u00edptu til a\u00f0ger\u00f0a \u00e1\u00f0ur en \u00fea\u00f0 er of seint!\",\"breadcrumb\":{\"@id\":\"https:\/\/planbet.cafe\/iceland\/bonus\/welcome-pack\/#breadcrumb\"},\"inLanguage\":\"is\",\"potentialAction\":[{\"@type\":\"ReadAction\",\"target\":[\"https:\/\/planbet.cafe\/iceland\/bonus\/welcome-pack\/\"]}]},{\"@type\":\"BreadcrumbList\",\"@id\":\"https:\/\/planbet.cafe\/iceland\/bonus\/welcome-pack\/#breadcrumb\",\"itemListElement\":[{\"@type\":\"ListItem\",\"position\":1,\"name\":\"Home\",\"item\":\"https:\/\/planbet.cafe\/iceland\/\"},{\"@type\":\"ListItem\",\"position\":2,\"name\":\"B\u00f3nus\",\"item\":\"https:\/\/planbet.cafe\/iceland\/bonus\/\"},{\"@type\":\"ListItem\",\"position\":3,\"name\":\"Velkominn pakki\"}]},{\"@type\":\"WebSite\",\"@id\":\"https:\/\/planbet.cafe\/iceland\/#website\",\"url\":\"https:\/\/planbet.cafe\/iceland\/\",\"name\":\"Planbet IS\",\"description\":\"My WordPress Blog\",\"potentialAction\":[{\"@type\":\"SearchAction\",\"target\":{\"@type\":\"EntryPoint\",\"urlTemplate\":\"https:\/\/planbet.cafe\/iceland\/?s={search_term_string}\"},\"query-input\":{\"@type\":\"PropertyValueSpecification\",\"valueRequired\":true,\"valueName\":\"search_term_string\"}}],\"inLanguage\":\"is\"}]}<\/script>\n<!-- \/ Yoast SEO plugin. -->","yoast_head_json":{"title":"Velkomin pakka hj\u00e1 PlanBet spilav\u00edtinu \u1409 Allt a\u00f0 214.000 ISK og 150 \u00f3keypis sn\u00faningar","description":"F\u00e1\u00f0u velkomin pakka a\u00f0 ver\u00f0m\u00e6ti allt a\u00f0 214.000 ISK og 150 \u00f3keypis sn\u00faninga. Fj\u00f3rir \u00f6flugir b\u00f3nusar b\u00ed\u00f0a \u00fe\u00edn! Flj\u00f3tleg skr\u00e1ning, strax vinningar \u2014 gr\u00edptu til a\u00f0ger\u00f0a \u00e1\u00f0ur en \u00fea\u00f0 er of seint!","robots":{"index":"index","follow":"follow","max-snippet":"max-snippet:-1","max-image-preview":"max-image-preview:large","max-video-preview":"max-video-preview:-1"},"og_locale":"is_IS","og_type":"article","og_title":"Velkomin pakka hj\u00e1 PlanBet spilav\u00edtinu \u1409 Allt a\u00f0 214.000 ISK og 150 \u00f3keypis sn\u00faningar","og_description":"F\u00e1\u00f0u velkomin pakka a\u00f0 ver\u00f0m\u00e6ti allt a\u00f0 214.000 ISK og 150 \u00f3keypis sn\u00faninga. Fj\u00f3rir \u00f6flugir b\u00f3nusar b\u00ed\u00f0a \u00fe\u00edn! Flj\u00f3tleg skr\u00e1ning, strax vinningar \u2014 gr\u00edptu til a\u00f0ger\u00f0a \u00e1\u00f0ur en \u00fea\u00f0 er of seint!","og_url":"https:\/\/planbet.cafe\/iceland\/bonus\/welcome-pack\/","og_site_name":"Planbet IS","article_modified_time":"2025-09-17T11:35:11+00:00","twitter_card":"summary_large_image","schema":{"@context":"https:\/\/schema.org","@graph":[{"@type":"WebPage","@id":"https:\/\/planbet.cafe\/iceland\/bonus\/welcome-pack\/","url":"https:\/\/planbet.cafe\/iceland\/bonus\/welcome-pack\/","name":"Velkomin pakka hj\u00e1 PlanBet spilav\u00edtinu \u1409 Allt a\u00f0 214.000 ISK og 150 \u00f3keypis sn\u00faningar","isPartOf":{"@id":"https:\/\/planbet.cafe\/iceland\/#website"},"datePublished":"2025-06-08T14:55:51+00:00","dateModified":"2025-09-17T11:35:11+00:00","description":"F\u00e1\u00f0u velkomin pakka a\u00f0 ver\u00f0m\u00e6ti allt a\u00f0 214.000 ISK og 150 \u00f3keypis sn\u00faninga. Fj\u00f3rir \u00f6flugir b\u00f3nusar b\u00ed\u00f0a \u00fe\u00edn! Flj\u00f3tleg skr\u00e1ning, strax vinningar \u2014 gr\u00edptu til a\u00f0ger\u00f0a \u00e1\u00f0ur en \u00fea\u00f0 er of seint!","breadcrumb":{"@id":"https:\/\/planbet.cafe\/iceland\/bonus\/welcome-pack\/#breadcrumb"},"inLanguage":"is","potentialAction":[{"@type":"ReadAction","target":["https:\/\/planbet.cafe\/iceland\/bonus\/welcome-pack\/"]}]},{"@type":"BreadcrumbList","@id":"https:\/\/planbet.cafe\/iceland\/bonus\/welcome-pack\/#breadcrumb","itemListElement":[{"@type":"ListItem","position":1,"name":"Home","item":"https:\/\/planbet.cafe\/iceland\/"},{"@type":"ListItem","position":2,"name":"B\u00f3nus","item":"https:\/\/planbet.cafe\/iceland\/bonus\/"},{"@type":"ListItem","position":3,"name":"Velkominn pakki"}]},{"@type":"WebSite","@id":"https:\/\/planbet.cafe\/iceland\/#website","url":"https:\/\/planbet.cafe\/iceland\/","name":"Planbet IS","description":"My WordPress Blog","potentialAction":[{"@type":"SearchAction","target":{"@type":"EntryPoint","urlTemplate":"https:\/\/planbet.cafe\/iceland\/?s={search_term_string}"},"query-input":{"@type":"PropertyValueSpecification","valueRequired":true,"valueName":"search_term_string"}}],"inLanguage":"is"}]}},"_links":{"self":[{"href":"https:\/\/planbet.cafe\/iceland\/wp-json\/wp\/v2\/pages\/329","targetHints":{"allow":["GET"]}}],"collection":[{"href":"https:\/\/planbet.cafe\/iceland\/wp-json\/wp\/v2\/pages"}],"about":[{"href":"https:\/\/planbet.cafe\/iceland\/wp-json\/wp\/v2\/types\/page"}],"author":[{"embeddable":true,"href":"https:\/\/planbet.cafe\/iceland\/wp-json\/wp\/v2\/users\/1"}],"replies":[{"embeddable":true,"href":"https:\/\/planbet.cafe\/iceland\/wp-json\/wp\/v2\/comments?post=329"}],"version-history":[{"count":4,"href":"https:\/\/planbet.cafe\/iceland\/wp-json\/wp\/v2\/pages\/329\/revisions"}],"predecessor-version":[{"id":487,"href":"https:\/\/planbet.cafe\/iceland\/wp-json\/wp\/v2\/pages\/329\/revisions\/487"}],"up":[{"embeddable":true,"href":"https:\/\/planbet.cafe\/iceland\/wp-json\/wp\/v2\/pages\/237"}],"wp:attachment":[{"href":"https:\/\/planbet.cafe\/iceland\/wp-json\/wp\/v2\/media?parent=329"}],"curies":[{"name":"wp","href":"https:\/\/api.w.org\/{rel}","templated":true}]}}