{"id":321,"date":"2025-06-08T13:29:34","date_gmt":"2025-06-08T13:29:34","guid":{"rendered":"https:\/\/planbet.cafe\/iceland\/?page_id=321"},"modified":"2025-09-17T11:22:16","modified_gmt":"2025-09-17T11:22:16","slug":"100-first-deposit","status":"publish","type":"page","link":"https:\/\/planbet.cafe\/iceland\/bonus\/100-first-deposit\/","title":{"rendered":"100% vi\u00f0 fyrstu innborgun"},"content":{"rendered":"","protected":false},"excerpt":{"rendered":"","protected":false},"author":1,"featured_media":0,"parent":237,"menu_order":0,"comment_status":"closed","ping_status":"closed","template":"","meta":{"footnotes":""},"class_list":["post-321","page","type-page","status-publish","hentry"],"yoast_head":"<!-- This site is optimized with the Yoast SEO plugin v25.0 - https:\/\/yoast.com\/wordpress\/plugins\/seo\/ -->\n<title>F\u00e1\u00f0u 100% af fyrstu innborgun \u00feinni hj\u00e1 PlanBet \u1409 Allt a\u00f0 13.600 ISK!<\/title>\n<meta name=\"description\" content=\"Tv\u00f6falda\u00f0u fyrstu innborgun \u00fe\u00edna \u2014 f\u00e1\u00f0u allt a\u00f0 13.600 ISK inn \u00e1 reikninginn \u00feinn. Flj\u00f3tleg skr\u00e1ning, einfalt ferli og \u00f3tr\u00faleg t\u00e6kif\u00e6ri til a\u00f0 vinna! Misstu ekki af t\u00e6kif\u00e6rinu \u2014 b\u00f3nusinn er a\u00f0eins \u00ed bo\u00f0i einu sinni!\" \/>\n<meta name=\"robots\" content=\"index, follow, max-snippet:-1, max-image-preview:large, max-video-preview:-1\" \/>\n<meta property=\"og:locale\" content=\"is_IS\" \/>\n<meta property=\"og:type\" content=\"article\" \/>\n<meta property=\"og:title\" content=\"F\u00e1\u00f0u 100% af fyrstu innborgun \u00feinni hj\u00e1 PlanBet \u1409 Allt a\u00f0 13.600 ISK!\" \/>\n<meta property=\"og:description\" content=\"Tv\u00f6falda\u00f0u fyrstu innborgun \u00fe\u00edna \u2014 f\u00e1\u00f0u allt a\u00f0 13.600 ISK inn \u00e1 reikninginn \u00feinn. Flj\u00f3tleg skr\u00e1ning, einfalt ferli og \u00f3tr\u00faleg t\u00e6kif\u00e6ri til a\u00f0 vinna! Misstu ekki af t\u00e6kif\u00e6rinu \u2014 b\u00f3nusinn er a\u00f0eins \u00ed bo\u00f0i einu sinni!\" \/>\n<meta property=\"og:url\" content=\"https:\/\/planbet.cafe\/iceland\/bonus\/100-first-deposit\/\" \/>\n<meta property=\"og:site_name\" content=\"Planbet IS\" \/>\n<meta property=\"article:modified_time\" content=\"2025-09-17T11:22:16+00:00\" \/>\n<meta name=\"twitter:card\" content=\"summary_large_image\" \/>\n<script type=\"application\/ld+json\" class=\"yoast-schema-graph\">{\"@context\":\"https:\/\/schema.org\",\"@graph\":[{\"@type\":\"WebPage\",\"@id\":\"https:\/\/planbet.cafe\/iceland\/bonus\/100-first-deposit\/\",\"url\":\"https:\/\/planbet.cafe\/iceland\/bonus\/100-first-deposit\/\",\"name\":\"F\u00e1\u00f0u 100% af fyrstu innborgun \u00feinni hj\u00e1 PlanBet \u1409 Allt a\u00f0 13.600 ISK!\",\"isPartOf\":{\"@id\":\"https:\/\/planbet.cafe\/iceland\/#website\"},\"datePublished\":\"2025-06-08T13:29:34+00:00\",\"dateModified\":\"2025-09-17T11:22:16+00:00\",\"description\":\"Tv\u00f6falda\u00f0u fyrstu innborgun \u00fe\u00edna \u2014 f\u00e1\u00f0u allt a\u00f0 13.600 ISK inn \u00e1 reikninginn \u00feinn. Flj\u00f3tleg skr\u00e1ning, einfalt ferli og \u00f3tr\u00faleg t\u00e6kif\u00e6ri til a\u00f0 vinna! Misstu ekki af t\u00e6kif\u00e6rinu \u2014 b\u00f3nusinn er a\u00f0eins \u00ed bo\u00f0i einu sinni!\",\"breadcrumb\":{\"@id\":\"https:\/\/planbet.cafe\/iceland\/bonus\/100-first-deposit\/#breadcrumb\"},\"inLanguage\":\"is\",\"potentialAction\":[{\"@type\":\"ReadAction\",\"target\":[\"https:\/\/planbet.cafe\/iceland\/bonus\/100-first-deposit\/\"]}]},{\"@type\":\"BreadcrumbList\",\"@id\":\"https:\/\/planbet.cafe\/iceland\/bonus\/100-first-deposit\/#breadcrumb\",\"itemListElement\":[{\"@type\":\"ListItem\",\"position\":1,\"name\":\"Home\",\"item\":\"https:\/\/planbet.cafe\/iceland\/\"},{\"@type\":\"ListItem\",\"position\":2,\"name\":\"B\u00f3nus\",\"item\":\"https:\/\/planbet.cafe\/iceland\/bonus\/\"},{\"@type\":\"ListItem\",\"position\":3,\"name\":\"100% vi\u00f0 fyrstu innborgun\"}]},{\"@type\":\"WebSite\",\"@id\":\"https:\/\/planbet.cafe\/iceland\/#website\",\"url\":\"https:\/\/planbet.cafe\/iceland\/\",\"name\":\"Planbet IS\",\"description\":\"My WordPress Blog\",\"potentialAction\":[{\"@type\":\"SearchAction\",\"target\":{\"@type\":\"EntryPoint\",\"urlTemplate\":\"https:\/\/planbet.cafe\/iceland\/?s={search_term_string}\"},\"query-input\":{\"@type\":\"PropertyValueSpecification\",\"valueRequired\":true,\"valueName\":\"search_term_string\"}}],\"inLanguage\":\"is\"}]}<\/script>\n<!-- \/ Yoast SEO plugin. -->","yoast_head_json":{"title":"F\u00e1\u00f0u 100% af fyrstu innborgun \u00feinni hj\u00e1 PlanBet \u1409 Allt a\u00f0 13.600 ISK!","description":"Tv\u00f6falda\u00f0u fyrstu innborgun \u00fe\u00edna \u2014 f\u00e1\u00f0u allt a\u00f0 13.600 ISK inn \u00e1 reikninginn \u00feinn. Flj\u00f3tleg skr\u00e1ning, einfalt ferli og \u00f3tr\u00faleg t\u00e6kif\u00e6ri til a\u00f0 vinna! Misstu ekki af t\u00e6kif\u00e6rinu \u2014 b\u00f3nusinn er a\u00f0eins \u00ed bo\u00f0i einu sinni!","robots":{"index":"index","follow":"follow","max-snippet":"max-snippet:-1","max-image-preview":"max-image-preview:large","max-video-preview":"max-video-preview:-1"},"og_locale":"is_IS","og_type":"article","og_title":"F\u00e1\u00f0u 100% af fyrstu innborgun \u00feinni hj\u00e1 PlanBet \u1409 Allt a\u00f0 13.600 ISK!","og_description":"Tv\u00f6falda\u00f0u fyrstu innborgun \u00fe\u00edna \u2014 f\u00e1\u00f0u allt a\u00f0 13.600 ISK inn \u00e1 reikninginn \u00feinn. Flj\u00f3tleg skr\u00e1ning, einfalt ferli og \u00f3tr\u00faleg t\u00e6kif\u00e6ri til a\u00f0 vinna! Misstu ekki af t\u00e6kif\u00e6rinu \u2014 b\u00f3nusinn er a\u00f0eins \u00ed bo\u00f0i einu sinni!","og_url":"https:\/\/planbet.cafe\/iceland\/bonus\/100-first-deposit\/","og_site_name":"Planbet IS","article_modified_time":"2025-09-17T11:22:16+00:00","twitter_card":"summary_large_image","schema":{"@context":"https:\/\/schema.org","@graph":[{"@type":"WebPage","@id":"https:\/\/planbet.cafe\/iceland\/bonus\/100-first-deposit\/","url":"https:\/\/planbet.cafe\/iceland\/bonus\/100-first-deposit\/","name":"F\u00e1\u00f0u 100% af fyrstu innborgun \u00feinni hj\u00e1 PlanBet \u1409 Allt a\u00f0 13.600 ISK!","isPartOf":{"@id":"https:\/\/planbet.cafe\/iceland\/#website"},"datePublished":"2025-06-08T13:29:34+00:00","dateModified":"2025-09-17T11:22:16+00:00","description":"Tv\u00f6falda\u00f0u fyrstu innborgun \u00fe\u00edna \u2014 f\u00e1\u00f0u allt a\u00f0 13.600 ISK inn \u00e1 reikninginn \u00feinn. Flj\u00f3tleg skr\u00e1ning, einfalt ferli og \u00f3tr\u00faleg t\u00e6kif\u00e6ri til a\u00f0 vinna! Misstu ekki af t\u00e6kif\u00e6rinu \u2014 b\u00f3nusinn er a\u00f0eins \u00ed bo\u00f0i einu sinni!","breadcrumb":{"@id":"https:\/\/planbet.cafe\/iceland\/bonus\/100-first-deposit\/#breadcrumb"},"inLanguage":"is","potentialAction":[{"@type":"ReadAction","target":["https:\/\/planbet.cafe\/iceland\/bonus\/100-first-deposit\/"]}]},{"@type":"BreadcrumbList","@id":"https:\/\/planbet.cafe\/iceland\/bonus\/100-first-deposit\/#breadcrumb","itemListElement":[{"@type":"ListItem","position":1,"name":"Home","item":"https:\/\/planbet.cafe\/iceland\/"},{"@type":"ListItem","position":2,"name":"B\u00f3nus","item":"https:\/\/planbet.cafe\/iceland\/bonus\/"},{"@type":"ListItem","position":3,"name":"100% vi\u00f0 fyrstu innborgun"}]},{"@type":"WebSite","@id":"https:\/\/planbet.cafe\/iceland\/#website","url":"https:\/\/planbet.cafe\/iceland\/","name":"Planbet IS","description":"My WordPress Blog","potentialAction":[{"@type":"SearchAction","target":{"@type":"EntryPoint","urlTemplate":"https:\/\/planbet.cafe\/iceland\/?s={search_term_string}"},"query-input":{"@type":"PropertyValueSpecification","valueRequired":true,"valueName":"search_term_string"}}],"inLanguage":"is"}]}},"_links":{"self":[{"href":"https:\/\/planbet.cafe\/iceland\/wp-json\/wp\/v2\/pages\/321","targetHints":{"allow":["GET"]}}],"collection":[{"href":"https:\/\/planbet.cafe\/iceland\/wp-json\/wp\/v2\/pages"}],"about":[{"href":"https:\/\/planbet.cafe\/iceland\/wp-json\/wp\/v2\/types\/page"}],"author":[{"embeddable":true,"href":"https:\/\/planbet.cafe\/iceland\/wp-json\/wp\/v2\/users\/1"}],"replies":[{"embeddable":true,"href":"https:\/\/planbet.cafe\/iceland\/wp-json\/wp\/v2\/comments?post=321"}],"version-history":[{"count":6,"href":"https:\/\/planbet.cafe\/iceland\/wp-json\/wp\/v2\/pages\/321\/revisions"}],"predecessor-version":[{"id":483,"href":"https:\/\/planbet.cafe\/iceland\/wp-json\/wp\/v2\/pages\/321\/revisions\/483"}],"up":[{"embeddable":true,"href":"https:\/\/planbet.cafe\/iceland\/wp-json\/wp\/v2\/pages\/237"}],"wp:attachment":[{"href":"https:\/\/planbet.cafe\/iceland\/wp-json\/wp\/v2\/media?parent=321"}],"curies":[{"name":"wp","href":"https:\/\/api.w.org\/{rel}","templated":true}]}}