{"id":278,"date":"2025-05-13T05:17:25","date_gmt":"2025-05-13T05:17:25","guid":{"rendered":"https:\/\/planbet.cafe\/iceland\/?page_id=278"},"modified":"2025-09-17T10:42:21","modified_gmt":"2025-09-17T10:42:21","slug":"registration","status":"publish","type":"page","link":"https:\/\/planbet.cafe\/iceland\/registration\/","title":{"rendered":"Skr\u00e1ning"},"content":{"rendered":"","protected":false},"excerpt":{"rendered":"","protected":false},"author":1,"featured_media":0,"parent":0,"menu_order":0,"comment_status":"closed","ping_status":"closed","template":"","meta":{"footnotes":""},"class_list":["post-278","page","type-page","status-publish","hentry"],"yoast_head":"<!-- This site is optimized with the Yoast SEO plugin v25.0 - https:\/\/yoast.com\/wordpress\/plugins\/seo\/ -->\n<title>Skr\u00e1ning hj\u00e1 PlanBet \u1409 R\u00e1\u00f0 og brellur fyrir fars\u00e6la byrjun<\/title>\n<meta name=\"description\" content=\"Taktu \u00fe\u00e1tt \u00ed leiknum hj\u00e1 PlanBet! \ud83d\udd25L\u00e6r\u00f0u hvernig \u00e1 a\u00f0 skr\u00e1 \u00feig og byrja a\u00f0 spila n\u00fana! Tilb\u00fainn\/n a\u00f0 taka st\u00f6kki\u00f0?\" \/>\n<meta name=\"robots\" content=\"index, follow, max-snippet:-1, max-image-preview:large, max-video-preview:-1\" \/>\n<meta property=\"og:locale\" content=\"is_IS\" \/>\n<meta property=\"og:type\" content=\"article\" \/>\n<meta property=\"og:title\" content=\"Skr\u00e1ning hj\u00e1 PlanBet \u1409 R\u00e1\u00f0 og brellur fyrir fars\u00e6la byrjun\" \/>\n<meta property=\"og:description\" content=\"Taktu \u00fe\u00e1tt \u00ed leiknum hj\u00e1 PlanBet! \ud83d\udd25L\u00e6r\u00f0u hvernig \u00e1 a\u00f0 skr\u00e1 \u00feig og byrja a\u00f0 spila n\u00fana! Tilb\u00fainn\/n a\u00f0 taka st\u00f6kki\u00f0?\" \/>\n<meta property=\"og:url\" content=\"https:\/\/planbet.cafe\/iceland\/registration\/\" \/>\n<meta property=\"og:site_name\" content=\"Planbet IS\" \/>\n<meta property=\"article:modified_time\" content=\"2025-09-17T10:42:21+00:00\" \/>\n<meta name=\"twitter:card\" content=\"summary_large_image\" \/>\n<script type=\"application\/ld+json\" class=\"yoast-schema-graph\">{\"@context\":\"https:\/\/schema.org\",\"@graph\":[{\"@type\":\"WebPage\",\"@id\":\"https:\/\/planbet.cafe\/iceland\/registration\/\",\"url\":\"https:\/\/planbet.cafe\/iceland\/registration\/\",\"name\":\"Skr\u00e1ning hj\u00e1 PlanBet \u1409 R\u00e1\u00f0 og brellur fyrir fars\u00e6la byrjun\",\"isPartOf\":{\"@id\":\"https:\/\/planbet.cafe\/iceland\/#website\"},\"datePublished\":\"2025-05-13T05:17:25+00:00\",\"dateModified\":\"2025-09-17T10:42:21+00:00\",\"description\":\"Taktu \u00fe\u00e1tt \u00ed leiknum hj\u00e1 PlanBet! \ud83d\udd25L\u00e6r\u00f0u hvernig \u00e1 a\u00f0 skr\u00e1 \u00feig og byrja a\u00f0 spila n\u00fana! Tilb\u00fainn\/n a\u00f0 taka st\u00f6kki\u00f0?\",\"breadcrumb\":{\"@id\":\"https:\/\/planbet.cafe\/iceland\/registration\/#breadcrumb\"},\"inLanguage\":\"is\",\"potentialAction\":[{\"@type\":\"ReadAction\",\"target\":[\"https:\/\/planbet.cafe\/iceland\/registration\/\"]}]},{\"@type\":\"BreadcrumbList\",\"@id\":\"https:\/\/planbet.cafe\/iceland\/registration\/#breadcrumb\",\"itemListElement\":[{\"@type\":\"ListItem\",\"position\":1,\"name\":\"Home\",\"item\":\"https:\/\/planbet.cafe\/iceland\/\"},{\"@type\":\"ListItem\",\"position\":2,\"name\":\"Skr\u00e1ning\"}]},{\"@type\":\"WebSite\",\"@id\":\"https:\/\/planbet.cafe\/iceland\/#website\",\"url\":\"https:\/\/planbet.cafe\/iceland\/\",\"name\":\"Planbet IS\",\"description\":\"My WordPress Blog\",\"potentialAction\":[{\"@type\":\"SearchAction\",\"target\":{\"@type\":\"EntryPoint\",\"urlTemplate\":\"https:\/\/planbet.cafe\/iceland\/?s={search_term_string}\"},\"query-input\":{\"@type\":\"PropertyValueSpecification\",\"valueRequired\":true,\"valueName\":\"search_term_string\"}}],\"inLanguage\":\"is\"}]}<\/script>\n<!-- \/ Yoast SEO plugin. -->","yoast_head_json":{"title":"Skr\u00e1ning hj\u00e1 PlanBet \u1409 R\u00e1\u00f0 og brellur fyrir fars\u00e6la byrjun","description":"Taktu \u00fe\u00e1tt \u00ed leiknum hj\u00e1 PlanBet! \ud83d\udd25L\u00e6r\u00f0u hvernig \u00e1 a\u00f0 skr\u00e1 \u00feig og byrja a\u00f0 spila n\u00fana! Tilb\u00fainn\/n a\u00f0 taka st\u00f6kki\u00f0?","robots":{"index":"index","follow":"follow","max-snippet":"max-snippet:-1","max-image-preview":"max-image-preview:large","max-video-preview":"max-video-preview:-1"},"og_locale":"is_IS","og_type":"article","og_title":"Skr\u00e1ning hj\u00e1 PlanBet \u1409 R\u00e1\u00f0 og brellur fyrir fars\u00e6la byrjun","og_description":"Taktu \u00fe\u00e1tt \u00ed leiknum hj\u00e1 PlanBet! \ud83d\udd25L\u00e6r\u00f0u hvernig \u00e1 a\u00f0 skr\u00e1 \u00feig og byrja a\u00f0 spila n\u00fana! Tilb\u00fainn\/n a\u00f0 taka st\u00f6kki\u00f0?","og_url":"https:\/\/planbet.cafe\/iceland\/registration\/","og_site_name":"Planbet IS","article_modified_time":"2025-09-17T10:42:21+00:00","twitter_card":"summary_large_image","schema":{"@context":"https:\/\/schema.org","@graph":[{"@type":"WebPage","@id":"https:\/\/planbet.cafe\/iceland\/registration\/","url":"https:\/\/planbet.cafe\/iceland\/registration\/","name":"Skr\u00e1ning hj\u00e1 PlanBet \u1409 R\u00e1\u00f0 og brellur fyrir fars\u00e6la byrjun","isPartOf":{"@id":"https:\/\/planbet.cafe\/iceland\/#website"},"datePublished":"2025-05-13T05:17:25+00:00","dateModified":"2025-09-17T10:42:21+00:00","description":"Taktu \u00fe\u00e1tt \u00ed leiknum hj\u00e1 PlanBet! \ud83d\udd25L\u00e6r\u00f0u hvernig \u00e1 a\u00f0 skr\u00e1 \u00feig og byrja a\u00f0 spila n\u00fana! Tilb\u00fainn\/n a\u00f0 taka st\u00f6kki\u00f0?","breadcrumb":{"@id":"https:\/\/planbet.cafe\/iceland\/registration\/#breadcrumb"},"inLanguage":"is","potentialAction":[{"@type":"ReadAction","target":["https:\/\/planbet.cafe\/iceland\/registration\/"]}]},{"@type":"BreadcrumbList","@id":"https:\/\/planbet.cafe\/iceland\/registration\/#breadcrumb","itemListElement":[{"@type":"ListItem","position":1,"name":"Home","item":"https:\/\/planbet.cafe\/iceland\/"},{"@type":"ListItem","position":2,"name":"Skr\u00e1ning"}]},{"@type":"WebSite","@id":"https:\/\/planbet.cafe\/iceland\/#website","url":"https:\/\/planbet.cafe\/iceland\/","name":"Planbet IS","description":"My WordPress Blog","potentialAction":[{"@type":"SearchAction","target":{"@type":"EntryPoint","urlTemplate":"https:\/\/planbet.cafe\/iceland\/?s={search_term_string}"},"query-input":{"@type":"PropertyValueSpecification","valueRequired":true,"valueName":"search_term_string"}}],"inLanguage":"is"}]}},"_links":{"self":[{"href":"https:\/\/planbet.cafe\/iceland\/wp-json\/wp\/v2\/pages\/278","targetHints":{"allow":["GET"]}}],"collection":[{"href":"https:\/\/planbet.cafe\/iceland\/wp-json\/wp\/v2\/pages"}],"about":[{"href":"https:\/\/planbet.cafe\/iceland\/wp-json\/wp\/v2\/types\/page"}],"author":[{"embeddable":true,"href":"https:\/\/planbet.cafe\/iceland\/wp-json\/wp\/v2\/users\/1"}],"replies":[{"embeddable":true,"href":"https:\/\/planbet.cafe\/iceland\/wp-json\/wp\/v2\/comments?post=278"}],"version-history":[{"count":11,"href":"https:\/\/planbet.cafe\/iceland\/wp-json\/wp\/v2\/pages\/278\/revisions"}],"predecessor-version":[{"id":478,"href":"https:\/\/planbet.cafe\/iceland\/wp-json\/wp\/v2\/pages\/278\/revisions\/478"}],"wp:attachment":[{"href":"https:\/\/planbet.cafe\/iceland\/wp-json\/wp\/v2\/media?parent=278"}],"curies":[{"name":"wp","href":"https:\/\/api.w.org\/{rel}","templated":true}]}}