{"id":237,"date":"2025-05-10T06:09:14","date_gmt":"2025-05-10T06:09:14","guid":{"rendered":"https:\/\/planbet.cafe\/iceland\/?page_id=237"},"modified":"2025-09-17T09:18:57","modified_gmt":"2025-09-17T09:18:57","slug":"bonus","status":"publish","type":"page","link":"https:\/\/planbet.cafe\/iceland\/bonus\/","title":{"rendered":"B\u00f3nus"},"content":{"rendered":"","protected":false},"excerpt":{"rendered":"","protected":false},"author":1,"featured_media":0,"parent":0,"menu_order":0,"comment_status":"closed","ping_status":"closed","template":"","meta":{"footnotes":""},"class_list":["post-237","page","type-page","status-publish","hentry"],"yoast_head":"<!-- This site is optimized with the Yoast SEO plugin v25.0 - https:\/\/yoast.com\/wordpress\/plugins\/seo\/ -->\n<title>PlanBet b\u00f3nus \u1409 Opna\u00f0u bestu spilav\u00edtis- og ve\u00f0m\u00e1lakynningarnar<\/title>\n<meta name=\"description\" content=\"PlanBet b\u00f3nus: lei\u00f0arv\u00edsir \u00feinn um val \u00e1 spilav\u00edti og ve\u00f0m\u00e1las\u00ed\u00f0um! B\u00f3nusar, kynningar og s\u00e9rtilbo\u00f0. Finndu \u00fat hvernig \u00fe\u00fa getur n\u00fdtt \u00fe\u00e9r \u00fea\u00f0 sem best!\" \/>\n<meta name=\"robots\" content=\"index, follow, max-snippet:-1, max-image-preview:large, max-video-preview:-1\" \/>\n<meta property=\"og:locale\" content=\"is_IS\" \/>\n<meta property=\"og:type\" content=\"article\" \/>\n<meta property=\"og:title\" content=\"PlanBet b\u00f3nus \u1409 Opna\u00f0u bestu spilav\u00edtis- og ve\u00f0m\u00e1lakynningarnar\" \/>\n<meta property=\"og:description\" content=\"PlanBet b\u00f3nus: lei\u00f0arv\u00edsir \u00feinn um val \u00e1 spilav\u00edti og ve\u00f0m\u00e1las\u00ed\u00f0um! B\u00f3nusar, kynningar og s\u00e9rtilbo\u00f0. Finndu \u00fat hvernig \u00fe\u00fa getur n\u00fdtt \u00fe\u00e9r \u00fea\u00f0 sem best!\" \/>\n<meta property=\"og:url\" content=\"https:\/\/planbet.cafe\/iceland\/bonus\/\" \/>\n<meta property=\"og:site_name\" content=\"Planbet IS\" \/>\n<meta property=\"article:modified_time\" content=\"2025-09-17T09:18:57+00:00\" \/>\n<meta name=\"twitter:card\" content=\"summary_large_image\" \/>\n<script type=\"application\/ld+json\" class=\"yoast-schema-graph\">{\"@context\":\"https:\/\/schema.org\",\"@graph\":[{\"@type\":\"WebPage\",\"@id\":\"https:\/\/planbet.cafe\/iceland\/bonus\/\",\"url\":\"https:\/\/planbet.cafe\/iceland\/bonus\/\",\"name\":\"PlanBet b\u00f3nus \u1409 Opna\u00f0u bestu spilav\u00edtis- og ve\u00f0m\u00e1lakynningarnar\",\"isPartOf\":{\"@id\":\"https:\/\/planbet.cafe\/iceland\/#website\"},\"datePublished\":\"2025-05-10T06:09:14+00:00\",\"dateModified\":\"2025-09-17T09:18:57+00:00\",\"description\":\"PlanBet b\u00f3nus: lei\u00f0arv\u00edsir \u00feinn um val \u00e1 spilav\u00edti og ve\u00f0m\u00e1las\u00ed\u00f0um! B\u00f3nusar, kynningar og s\u00e9rtilbo\u00f0. Finndu \u00fat hvernig \u00fe\u00fa getur n\u00fdtt \u00fe\u00e9r \u00fea\u00f0 sem best!\",\"breadcrumb\":{\"@id\":\"https:\/\/planbet.cafe\/iceland\/bonus\/#breadcrumb\"},\"inLanguage\":\"is\",\"potentialAction\":[{\"@type\":\"ReadAction\",\"target\":[\"https:\/\/planbet.cafe\/iceland\/bonus\/\"]}]},{\"@type\":\"BreadcrumbList\",\"@id\":\"https:\/\/planbet.cafe\/iceland\/bonus\/#breadcrumb\",\"itemListElement\":[{\"@type\":\"ListItem\",\"position\":1,\"name\":\"Home\",\"item\":\"https:\/\/planbet.cafe\/iceland\/\"},{\"@type\":\"ListItem\",\"position\":2,\"name\":\"B\u00f3nus\"}]},{\"@type\":\"WebSite\",\"@id\":\"https:\/\/planbet.cafe\/iceland\/#website\",\"url\":\"https:\/\/planbet.cafe\/iceland\/\",\"name\":\"Planbet IS\",\"description\":\"My WordPress Blog\",\"potentialAction\":[{\"@type\":\"SearchAction\",\"target\":{\"@type\":\"EntryPoint\",\"urlTemplate\":\"https:\/\/planbet.cafe\/iceland\/?s={search_term_string}\"},\"query-input\":{\"@type\":\"PropertyValueSpecification\",\"valueRequired\":true,\"valueName\":\"search_term_string\"}}],\"inLanguage\":\"is\"}]}<\/script>\n<!-- \/ Yoast SEO plugin. -->","yoast_head_json":{"title":"PlanBet b\u00f3nus \u1409 Opna\u00f0u bestu spilav\u00edtis- og ve\u00f0m\u00e1lakynningarnar","description":"PlanBet b\u00f3nus: lei\u00f0arv\u00edsir \u00feinn um val \u00e1 spilav\u00edti og ve\u00f0m\u00e1las\u00ed\u00f0um! B\u00f3nusar, kynningar og s\u00e9rtilbo\u00f0. Finndu \u00fat hvernig \u00fe\u00fa getur n\u00fdtt \u00fe\u00e9r \u00fea\u00f0 sem best!","robots":{"index":"index","follow":"follow","max-snippet":"max-snippet:-1","max-image-preview":"max-image-preview:large","max-video-preview":"max-video-preview:-1"},"og_locale":"is_IS","og_type":"article","og_title":"PlanBet b\u00f3nus \u1409 Opna\u00f0u bestu spilav\u00edtis- og ve\u00f0m\u00e1lakynningarnar","og_description":"PlanBet b\u00f3nus: lei\u00f0arv\u00edsir \u00feinn um val \u00e1 spilav\u00edti og ve\u00f0m\u00e1las\u00ed\u00f0um! B\u00f3nusar, kynningar og s\u00e9rtilbo\u00f0. Finndu \u00fat hvernig \u00fe\u00fa getur n\u00fdtt \u00fe\u00e9r \u00fea\u00f0 sem best!","og_url":"https:\/\/planbet.cafe\/iceland\/bonus\/","og_site_name":"Planbet IS","article_modified_time":"2025-09-17T09:18:57+00:00","twitter_card":"summary_large_image","schema":{"@context":"https:\/\/schema.org","@graph":[{"@type":"WebPage","@id":"https:\/\/planbet.cafe\/iceland\/bonus\/","url":"https:\/\/planbet.cafe\/iceland\/bonus\/","name":"PlanBet b\u00f3nus \u1409 Opna\u00f0u bestu spilav\u00edtis- og ve\u00f0m\u00e1lakynningarnar","isPartOf":{"@id":"https:\/\/planbet.cafe\/iceland\/#website"},"datePublished":"2025-05-10T06:09:14+00:00","dateModified":"2025-09-17T09:18:57+00:00","description":"PlanBet b\u00f3nus: lei\u00f0arv\u00edsir \u00feinn um val \u00e1 spilav\u00edti og ve\u00f0m\u00e1las\u00ed\u00f0um! B\u00f3nusar, kynningar og s\u00e9rtilbo\u00f0. Finndu \u00fat hvernig \u00fe\u00fa getur n\u00fdtt \u00fe\u00e9r \u00fea\u00f0 sem best!","breadcrumb":{"@id":"https:\/\/planbet.cafe\/iceland\/bonus\/#breadcrumb"},"inLanguage":"is","potentialAction":[{"@type":"ReadAction","target":["https:\/\/planbet.cafe\/iceland\/bonus\/"]}]},{"@type":"BreadcrumbList","@id":"https:\/\/planbet.cafe\/iceland\/bonus\/#breadcrumb","itemListElement":[{"@type":"ListItem","position":1,"name":"Home","item":"https:\/\/planbet.cafe\/iceland\/"},{"@type":"ListItem","position":2,"name":"B\u00f3nus"}]},{"@type":"WebSite","@id":"https:\/\/planbet.cafe\/iceland\/#website","url":"https:\/\/planbet.cafe\/iceland\/","name":"Planbet IS","description":"My WordPress Blog","potentialAction":[{"@type":"SearchAction","target":{"@type":"EntryPoint","urlTemplate":"https:\/\/planbet.cafe\/iceland\/?s={search_term_string}"},"query-input":{"@type":"PropertyValueSpecification","valueRequired":true,"valueName":"search_term_string"}}],"inLanguage":"is"}]}},"_links":{"self":[{"href":"https:\/\/planbet.cafe\/iceland\/wp-json\/wp\/v2\/pages\/237","targetHints":{"allow":["GET"]}}],"collection":[{"href":"https:\/\/planbet.cafe\/iceland\/wp-json\/wp\/v2\/pages"}],"about":[{"href":"https:\/\/planbet.cafe\/iceland\/wp-json\/wp\/v2\/types\/page"}],"author":[{"embeddable":true,"href":"https:\/\/planbet.cafe\/iceland\/wp-json\/wp\/v2\/users\/1"}],"replies":[{"embeddable":true,"href":"https:\/\/planbet.cafe\/iceland\/wp-json\/wp\/v2\/comments?post=237"}],"version-history":[{"count":9,"href":"https:\/\/planbet.cafe\/iceland\/wp-json\/wp\/v2\/pages\/237\/revisions"}],"predecessor-version":[{"id":471,"href":"https:\/\/planbet.cafe\/iceland\/wp-json\/wp\/v2\/pages\/237\/revisions\/471"}],"wp:attachment":[{"href":"https:\/\/planbet.cafe\/iceland\/wp-json\/wp\/v2\/media?parent=237"}],"curies":[{"name":"wp","href":"https:\/\/api.w.org\/{rel}","templated":true}]}}