{"id":220,"date":"2025-05-08T16:48:00","date_gmt":"2025-05-08T16:48:00","guid":{"rendered":"https:\/\/planbet.cafe\/iceland\/?page_id=220"},"modified":"2025-09-17T09:43:13","modified_gmt":"2025-09-17T09:43:13","slug":"casino","status":"publish","type":"page","link":"https:\/\/planbet.cafe\/iceland\/casino\/","title":{"rendered":"Spilav\u00edti"},"content":{"rendered":"","protected":false},"excerpt":{"rendered":"","protected":false},"author":1,"featured_media":0,"parent":0,"menu_order":0,"comment_status":"closed","ping_status":"closed","template":"","meta":{"footnotes":""},"class_list":["post-220","page","type-page","status-publish","hentry"],"yoast_head":"<!-- This site is optimized with the Yoast SEO plugin v25.0 - https:\/\/yoast.com\/wordpress\/plugins\/seo\/ -->\n<title>PlanBet spilav\u00edti\u00f0 \u1409 Vins\u00e6lustu leikirnir, b\u00f3nusar og spennandi m\u00f3t<\/title>\n<meta name=\"description\" content=\"PlanBet spilav\u00edti\u00f0 b\u00fd\u00f0ur upp \u00e1 miki\u00f0 \u00farval af spilav\u00edtisskemmtun, \u00fear \u00e1 me\u00f0al spilakassa, bor\u00f0spil og leiki me\u00f0 lifandi gjafara. Vertu me\u00f0 \u00ed samf\u00e9lagi okkar og f\u00e1\u00f0u velkominn b\u00f3nus \u00ed dag!\" \/>\n<meta name=\"robots\" content=\"index, follow, max-snippet:-1, max-image-preview:large, max-video-preview:-1\" \/>\n<meta property=\"og:locale\" content=\"is_IS\" \/>\n<meta property=\"og:type\" content=\"article\" \/>\n<meta property=\"og:title\" content=\"PlanBet spilav\u00edti\u00f0 \u1409 Vins\u00e6lustu leikirnir, b\u00f3nusar og spennandi m\u00f3t\" \/>\n<meta property=\"og:description\" content=\"PlanBet spilav\u00edti\u00f0 b\u00fd\u00f0ur upp \u00e1 miki\u00f0 \u00farval af spilav\u00edtisskemmtun, \u00fear \u00e1 me\u00f0al spilakassa, bor\u00f0spil og leiki me\u00f0 lifandi gjafara. Vertu me\u00f0 \u00ed samf\u00e9lagi okkar og f\u00e1\u00f0u velkominn b\u00f3nus \u00ed dag!\" \/>\n<meta property=\"og:url\" content=\"https:\/\/planbet.cafe\/iceland\/casino\/\" \/>\n<meta property=\"og:site_name\" content=\"Planbet IS\" \/>\n<meta property=\"article:modified_time\" content=\"2025-09-17T09:43:13+00:00\" \/>\n<meta name=\"twitter:card\" content=\"summary_large_image\" \/>\n<script type=\"application\/ld+json\" class=\"yoast-schema-graph\">{\"@context\":\"https:\/\/schema.org\",\"@graph\":[{\"@type\":\"WebPage\",\"@id\":\"https:\/\/planbet.cafe\/iceland\/casino\/\",\"url\":\"https:\/\/planbet.cafe\/iceland\/casino\/\",\"name\":\"PlanBet spilav\u00edti\u00f0 \u1409 Vins\u00e6lustu leikirnir, b\u00f3nusar og spennandi m\u00f3t\",\"isPartOf\":{\"@id\":\"https:\/\/planbet.cafe\/iceland\/#website\"},\"datePublished\":\"2025-05-08T16:48:00+00:00\",\"dateModified\":\"2025-09-17T09:43:13+00:00\",\"description\":\"PlanBet spilav\u00edti\u00f0 b\u00fd\u00f0ur upp \u00e1 miki\u00f0 \u00farval af spilav\u00edtisskemmtun, \u00fear \u00e1 me\u00f0al spilakassa, bor\u00f0spil og leiki me\u00f0 lifandi gjafara. Vertu me\u00f0 \u00ed samf\u00e9lagi okkar og f\u00e1\u00f0u velkominn b\u00f3nus \u00ed dag!\",\"breadcrumb\":{\"@id\":\"https:\/\/planbet.cafe\/iceland\/casino\/#breadcrumb\"},\"inLanguage\":\"is\",\"potentialAction\":[{\"@type\":\"ReadAction\",\"target\":[\"https:\/\/planbet.cafe\/iceland\/casino\/\"]}]},{\"@type\":\"BreadcrumbList\",\"@id\":\"https:\/\/planbet.cafe\/iceland\/casino\/#breadcrumb\",\"itemListElement\":[{\"@type\":\"ListItem\",\"position\":1,\"name\":\"Home\",\"item\":\"https:\/\/planbet.cafe\/iceland\/\"},{\"@type\":\"ListItem\",\"position\":2,\"name\":\"Spilav\u00edti\"}]},{\"@type\":\"WebSite\",\"@id\":\"https:\/\/planbet.cafe\/iceland\/#website\",\"url\":\"https:\/\/planbet.cafe\/iceland\/\",\"name\":\"Planbet IS\",\"description\":\"My WordPress Blog\",\"potentialAction\":[{\"@type\":\"SearchAction\",\"target\":{\"@type\":\"EntryPoint\",\"urlTemplate\":\"https:\/\/planbet.cafe\/iceland\/?s={search_term_string}\"},\"query-input\":{\"@type\":\"PropertyValueSpecification\",\"valueRequired\":true,\"valueName\":\"search_term_string\"}}],\"inLanguage\":\"is\"}]}<\/script>\n<!-- \/ Yoast SEO plugin. -->","yoast_head_json":{"title":"PlanBet spilav\u00edti\u00f0 \u1409 Vins\u00e6lustu leikirnir, b\u00f3nusar og spennandi m\u00f3t","description":"PlanBet spilav\u00edti\u00f0 b\u00fd\u00f0ur upp \u00e1 miki\u00f0 \u00farval af spilav\u00edtisskemmtun, \u00fear \u00e1 me\u00f0al spilakassa, bor\u00f0spil og leiki me\u00f0 lifandi gjafara. Vertu me\u00f0 \u00ed samf\u00e9lagi okkar og f\u00e1\u00f0u velkominn b\u00f3nus \u00ed dag!","robots":{"index":"index","follow":"follow","max-snippet":"max-snippet:-1","max-image-preview":"max-image-preview:large","max-video-preview":"max-video-preview:-1"},"og_locale":"is_IS","og_type":"article","og_title":"PlanBet spilav\u00edti\u00f0 \u1409 Vins\u00e6lustu leikirnir, b\u00f3nusar og spennandi m\u00f3t","og_description":"PlanBet spilav\u00edti\u00f0 b\u00fd\u00f0ur upp \u00e1 miki\u00f0 \u00farval af spilav\u00edtisskemmtun, \u00fear \u00e1 me\u00f0al spilakassa, bor\u00f0spil og leiki me\u00f0 lifandi gjafara. Vertu me\u00f0 \u00ed samf\u00e9lagi okkar og f\u00e1\u00f0u velkominn b\u00f3nus \u00ed dag!","og_url":"https:\/\/planbet.cafe\/iceland\/casino\/","og_site_name":"Planbet IS","article_modified_time":"2025-09-17T09:43:13+00:00","twitter_card":"summary_large_image","schema":{"@context":"https:\/\/schema.org","@graph":[{"@type":"WebPage","@id":"https:\/\/planbet.cafe\/iceland\/casino\/","url":"https:\/\/planbet.cafe\/iceland\/casino\/","name":"PlanBet spilav\u00edti\u00f0 \u1409 Vins\u00e6lustu leikirnir, b\u00f3nusar og spennandi m\u00f3t","isPartOf":{"@id":"https:\/\/planbet.cafe\/iceland\/#website"},"datePublished":"2025-05-08T16:48:00+00:00","dateModified":"2025-09-17T09:43:13+00:00","description":"PlanBet spilav\u00edti\u00f0 b\u00fd\u00f0ur upp \u00e1 miki\u00f0 \u00farval af spilav\u00edtisskemmtun, \u00fear \u00e1 me\u00f0al spilakassa, bor\u00f0spil og leiki me\u00f0 lifandi gjafara. Vertu me\u00f0 \u00ed samf\u00e9lagi okkar og f\u00e1\u00f0u velkominn b\u00f3nus \u00ed dag!","breadcrumb":{"@id":"https:\/\/planbet.cafe\/iceland\/casino\/#breadcrumb"},"inLanguage":"is","potentialAction":[{"@type":"ReadAction","target":["https:\/\/planbet.cafe\/iceland\/casino\/"]}]},{"@type":"BreadcrumbList","@id":"https:\/\/planbet.cafe\/iceland\/casino\/#breadcrumb","itemListElement":[{"@type":"ListItem","position":1,"name":"Home","item":"https:\/\/planbet.cafe\/iceland\/"},{"@type":"ListItem","position":2,"name":"Spilav\u00edti"}]},{"@type":"WebSite","@id":"https:\/\/planbet.cafe\/iceland\/#website","url":"https:\/\/planbet.cafe\/iceland\/","name":"Planbet IS","description":"My WordPress Blog","potentialAction":[{"@type":"SearchAction","target":{"@type":"EntryPoint","urlTemplate":"https:\/\/planbet.cafe\/iceland\/?s={search_term_string}"},"query-input":{"@type":"PropertyValueSpecification","valueRequired":true,"valueName":"search_term_string"}}],"inLanguage":"is"}]}},"_links":{"self":[{"href":"https:\/\/planbet.cafe\/iceland\/wp-json\/wp\/v2\/pages\/220","targetHints":{"allow":["GET"]}}],"collection":[{"href":"https:\/\/planbet.cafe\/iceland\/wp-json\/wp\/v2\/pages"}],"about":[{"href":"https:\/\/planbet.cafe\/iceland\/wp-json\/wp\/v2\/types\/page"}],"author":[{"embeddable":true,"href":"https:\/\/planbet.cafe\/iceland\/wp-json\/wp\/v2\/users\/1"}],"replies":[{"embeddable":true,"href":"https:\/\/planbet.cafe\/iceland\/wp-json\/wp\/v2\/comments?post=220"}],"version-history":[{"count":10,"href":"https:\/\/planbet.cafe\/iceland\/wp-json\/wp\/v2\/pages\/220\/revisions"}],"predecessor-version":[{"id":472,"href":"https:\/\/planbet.cafe\/iceland\/wp-json\/wp\/v2\/pages\/220\/revisions\/472"}],"wp:attachment":[{"href":"https:\/\/planbet.cafe\/iceland\/wp-json\/wp\/v2\/media?parent=220"}],"curies":[{"name":"wp","href":"https:\/\/api.w.org\/{rel}","templated":true}]}}