{"id":332,"date":"2025-05-28T15:01:50","date_gmt":"2025-05-28T15:01:50","guid":{"rendered":"https:\/\/planbet.cafe\/hu\/?page_id=332"},"modified":"2025-06-12T18:12:38","modified_gmt":"2025-06-12T18:12:38","slug":"express","status":"publish","type":"page","link":"https:\/\/planbet.cafe\/hu\/bonus\/express\/","title":{"rendered":"Expressz"},"content":{"rendered":"","protected":false},"excerpt":{"rendered":"","protected":false},"author":1,"featured_media":0,"parent":237,"menu_order":0,"comment_status":"closed","ping_status":"closed","template":"","meta":{"footnotes":""},"class_list":["post-332","page","type-page","status-publish","hentry"],"yoast_head":"<!-- This site is optimized with the Yoast SEO plugin v25.0 - https:\/\/yoast.com\/wordpress\/plugins\/seo\/ -->\n<title>A nap expressze a PlanBetn\u00e9l \u1409 10% b\u00f3nuszt kap a nyerem\u00e9nyre!<\/title>\n<meta name=\"description\" content=\"Csatlakozzon a PlanBet Express of the Day prom\u00f3ci\u00f3j\u00e1hoz, \u00e9s kapjon 10% b\u00f3nuszt a nyerem\u00e9ny\u00e9re! Csak v\u00e1lasszon egyet a javasolt expressz fogad\u00e1sok k\u00f6z\u00fcl. Keress t\u00f6bbet az 1,1-es b\u00f3nuszszorz\u00f3val \u00e9s nyerj!\" \/>\n<meta name=\"robots\" content=\"index, follow, max-snippet:-1, max-image-preview:large, max-video-preview:-1\" \/>\n<meta property=\"og:locale\" content=\"hu_HU\" \/>\n<meta property=\"og:type\" content=\"article\" \/>\n<meta property=\"og:title\" content=\"A nap expressze a PlanBetn\u00e9l \u1409 10% b\u00f3nuszt kap a nyerem\u00e9nyre!\" \/>\n<meta property=\"og:description\" content=\"Csatlakozzon a PlanBet Express of the Day prom\u00f3ci\u00f3j\u00e1hoz, \u00e9s kapjon 10% b\u00f3nuszt a nyerem\u00e9ny\u00e9re! Csak v\u00e1lasszon egyet a javasolt expressz fogad\u00e1sok k\u00f6z\u00fcl. Keress t\u00f6bbet az 1,1-es b\u00f3nuszszorz\u00f3val \u00e9s nyerj!\" \/>\n<meta property=\"og:url\" content=\"https:\/\/planbet.cafe\/hu\/bonus\/express\/\" \/>\n<meta property=\"og:site_name\" content=\"Planbet HU\" \/>\n<meta property=\"article:modified_time\" content=\"2025-06-12T18:12:38+00:00\" \/>\n<meta name=\"twitter:card\" content=\"summary_large_image\" \/>\n<script type=\"application\/ld+json\" class=\"yoast-schema-graph\">{\"@context\":\"https:\/\/schema.org\",\"@graph\":[{\"@type\":\"WebPage\",\"@id\":\"https:\/\/planbet.cafe\/hu\/bonus\/express\/\",\"url\":\"https:\/\/planbet.cafe\/hu\/bonus\/express\/\",\"name\":\"A nap expressze a PlanBetn\u00e9l \u1409 10% b\u00f3nuszt kap a nyerem\u00e9nyre!\",\"isPartOf\":{\"@id\":\"https:\/\/planbet.cafe\/hu\/#website\"},\"datePublished\":\"2025-05-28T15:01:50+00:00\",\"dateModified\":\"2025-06-12T18:12:38+00:00\",\"description\":\"Csatlakozzon a PlanBet Express of the Day prom\u00f3ci\u00f3j\u00e1hoz, \u00e9s kapjon 10% b\u00f3nuszt a nyerem\u00e9ny\u00e9re! Csak v\u00e1lasszon egyet a javasolt expressz fogad\u00e1sok k\u00f6z\u00fcl. Keress t\u00f6bbet az 1,1-es b\u00f3nuszszorz\u00f3val \u00e9s nyerj!\",\"breadcrumb\":{\"@id\":\"https:\/\/planbet.cafe\/hu\/bonus\/express\/#breadcrumb\"},\"inLanguage\":\"hu\",\"potentialAction\":[{\"@type\":\"ReadAction\",\"target\":[\"https:\/\/planbet.cafe\/hu\/bonus\/express\/\"]}]},{\"@type\":\"BreadcrumbList\",\"@id\":\"https:\/\/planbet.cafe\/hu\/bonus\/express\/#breadcrumb\",\"itemListElement\":[{\"@type\":\"ListItem\",\"position\":1,\"name\":\"Home\",\"item\":\"https:\/\/planbet.cafe\/hu\/\"},{\"@type\":\"ListItem\",\"position\":2,\"name\":\"B\u00f3nusz\",\"item\":\"https:\/\/planbet.cafe\/hu\/bonus\/\"},{\"@type\":\"ListItem\",\"position\":3,\"name\":\"Expressz\"}]},{\"@type\":\"WebSite\",\"@id\":\"https:\/\/planbet.cafe\/hu\/#website\",\"url\":\"https:\/\/planbet.cafe\/hu\/\",\"name\":\"Planbet HU\",\"description\":\"My WordPress Blog\",\"potentialAction\":[{\"@type\":\"SearchAction\",\"target\":{\"@type\":\"EntryPoint\",\"urlTemplate\":\"https:\/\/planbet.cafe\/hu\/?s={search_term_string}\"},\"query-input\":{\"@type\":\"PropertyValueSpecification\",\"valueRequired\":true,\"valueName\":\"search_term_string\"}}],\"inLanguage\":\"hu\"}]}<\/script>\n<!-- \/ Yoast SEO plugin. -->","yoast_head_json":{"title":"A nap expressze a PlanBetn\u00e9l \u1409 10% b\u00f3nuszt kap a nyerem\u00e9nyre!","description":"Csatlakozzon a PlanBet Express of the Day prom\u00f3ci\u00f3j\u00e1hoz, \u00e9s kapjon 10% b\u00f3nuszt a nyerem\u00e9ny\u00e9re! Csak v\u00e1lasszon egyet a javasolt expressz fogad\u00e1sok k\u00f6z\u00fcl. Keress t\u00f6bbet az 1,1-es b\u00f3nuszszorz\u00f3val \u00e9s nyerj!","robots":{"index":"index","follow":"follow","max-snippet":"max-snippet:-1","max-image-preview":"max-image-preview:large","max-video-preview":"max-video-preview:-1"},"og_locale":"hu_HU","og_type":"article","og_title":"A nap expressze a PlanBetn\u00e9l \u1409 10% b\u00f3nuszt kap a nyerem\u00e9nyre!","og_description":"Csatlakozzon a PlanBet Express of the Day prom\u00f3ci\u00f3j\u00e1hoz, \u00e9s kapjon 10% b\u00f3nuszt a nyerem\u00e9ny\u00e9re! Csak v\u00e1lasszon egyet a javasolt expressz fogad\u00e1sok k\u00f6z\u00fcl. Keress t\u00f6bbet az 1,1-es b\u00f3nuszszorz\u00f3val \u00e9s nyerj!","og_url":"https:\/\/planbet.cafe\/hu\/bonus\/express\/","og_site_name":"Planbet HU","article_modified_time":"2025-06-12T18:12:38+00:00","twitter_card":"summary_large_image","schema":{"@context":"https:\/\/schema.org","@graph":[{"@type":"WebPage","@id":"https:\/\/planbet.cafe\/hu\/bonus\/express\/","url":"https:\/\/planbet.cafe\/hu\/bonus\/express\/","name":"A nap expressze a PlanBetn\u00e9l \u1409 10% b\u00f3nuszt kap a nyerem\u00e9nyre!","isPartOf":{"@id":"https:\/\/planbet.cafe\/hu\/#website"},"datePublished":"2025-05-28T15:01:50+00:00","dateModified":"2025-06-12T18:12:38+00:00","description":"Csatlakozzon a PlanBet Express of the Day prom\u00f3ci\u00f3j\u00e1hoz, \u00e9s kapjon 10% b\u00f3nuszt a nyerem\u00e9ny\u00e9re! Csak v\u00e1lasszon egyet a javasolt expressz fogad\u00e1sok k\u00f6z\u00fcl. Keress t\u00f6bbet az 1,1-es b\u00f3nuszszorz\u00f3val \u00e9s nyerj!","breadcrumb":{"@id":"https:\/\/planbet.cafe\/hu\/bonus\/express\/#breadcrumb"},"inLanguage":"hu","potentialAction":[{"@type":"ReadAction","target":["https:\/\/planbet.cafe\/hu\/bonus\/express\/"]}]},{"@type":"BreadcrumbList","@id":"https:\/\/planbet.cafe\/hu\/bonus\/express\/#breadcrumb","itemListElement":[{"@type":"ListItem","position":1,"name":"Home","item":"https:\/\/planbet.cafe\/hu\/"},{"@type":"ListItem","position":2,"name":"B\u00f3nusz","item":"https:\/\/planbet.cafe\/hu\/bonus\/"},{"@type":"ListItem","position":3,"name":"Expressz"}]},{"@type":"WebSite","@id":"https:\/\/planbet.cafe\/hu\/#website","url":"https:\/\/planbet.cafe\/hu\/","name":"Planbet HU","description":"My WordPress Blog","potentialAction":[{"@type":"SearchAction","target":{"@type":"EntryPoint","urlTemplate":"https:\/\/planbet.cafe\/hu\/?s={search_term_string}"},"query-input":{"@type":"PropertyValueSpecification","valueRequired":true,"valueName":"search_term_string"}}],"inLanguage":"hu"}]}},"_links":{"self":[{"href":"https:\/\/planbet.cafe\/hu\/wp-json\/wp\/v2\/pages\/332","targetHints":{"allow":["GET"]}}],"collection":[{"href":"https:\/\/planbet.cafe\/hu\/wp-json\/wp\/v2\/pages"}],"about":[{"href":"https:\/\/planbet.cafe\/hu\/wp-json\/wp\/v2\/types\/page"}],"author":[{"embeddable":true,"href":"https:\/\/planbet.cafe\/hu\/wp-json\/wp\/v2\/users\/1"}],"replies":[{"embeddable":true,"href":"https:\/\/planbet.cafe\/hu\/wp-json\/wp\/v2\/comments?post=332"}],"version-history":[{"count":4,"href":"https:\/\/planbet.cafe\/hu\/wp-json\/wp\/v2\/pages\/332\/revisions"}],"predecessor-version":[{"id":376,"href":"https:\/\/planbet.cafe\/hu\/wp-json\/wp\/v2\/pages\/332\/revisions\/376"}],"up":[{"embeddable":true,"href":"https:\/\/planbet.cafe\/hu\/wp-json\/wp\/v2\/pages\/237"}],"wp:attachment":[{"href":"https:\/\/planbet.cafe\/hu\/wp-json\/wp\/v2\/media?parent=332"}],"curies":[{"name":"wp","href":"https:\/\/api.w.org\/{rel}","templated":true}]}}