{"id":329,"date":"2025-05-28T14:55:51","date_gmt":"2025-05-28T14:55:51","guid":{"rendered":"https:\/\/planbet.cafe\/hu\/?page_id=329"},"modified":"2025-06-15T05:50:49","modified_gmt":"2025-06-15T05:50:49","slug":"welcome-pack","status":"publish","type":"page","link":"https:\/\/planbet.cafe\/hu\/bonus\/welcome-pack\/","title":{"rendered":"\u00dcdv\u00f6zl\u0151 csomag"},"content":{"rendered":"","protected":false},"excerpt":{"rendered":"","protected":false},"author":1,"featured_media":0,"parent":237,"menu_order":0,"comment_status":"closed","ping_status":"closed","template":"","meta":{"footnotes":""},"class_list":["post-329","page","type-page","status-publish","hentry"],"yoast_head":"<!-- This site is optimized with the Yoast SEO plugin v25.0 - https:\/\/yoast.com\/wordpress\/plugins\/seo\/ -->\n<title>\u00dcdv\u00f6zl\u0151 csomag a PlanBet Casino \u1409 Ak\u00e1r 520000 HUF + 150 FS<\/title>\n<meta name=\"description\" content=\"Kapjon ak\u00e1r 520000 Ft \u00e9rt\u00e9k\u0171 \u00fcdv\u00f6zl\u0151 csomagot \u00e9s 150 ingyenes p\u00f6rget\u00e9st. N\u00e9gy er\u0151s b\u00f3nusz v\u00e1r r\u00e1d! Gyors regisztr\u00e1ci\u00f3, azonnali nyerem\u00e9ny - cselekedjen most, miel\u0151tt t\u00fal k\u00e9s\u0151 lenne!\" \/>\n<meta name=\"robots\" content=\"index, follow, max-snippet:-1, max-image-preview:large, max-video-preview:-1\" \/>\n<meta property=\"og:locale\" content=\"hu_HU\" \/>\n<meta property=\"og:type\" content=\"article\" \/>\n<meta property=\"og:title\" content=\"\u00dcdv\u00f6zl\u0151 csomag a PlanBet Casino \u1409 Ak\u00e1r 520000 HUF + 150 FS\" \/>\n<meta property=\"og:description\" content=\"Kapjon ak\u00e1r 520000 Ft \u00e9rt\u00e9k\u0171 \u00fcdv\u00f6zl\u0151 csomagot \u00e9s 150 ingyenes p\u00f6rget\u00e9st. N\u00e9gy er\u0151s b\u00f3nusz v\u00e1r r\u00e1d! Gyors regisztr\u00e1ci\u00f3, azonnali nyerem\u00e9ny - cselekedjen most, miel\u0151tt t\u00fal k\u00e9s\u0151 lenne!\" \/>\n<meta property=\"og:url\" content=\"https:\/\/planbet.cafe\/hu\/bonus\/welcome-pack\/\" \/>\n<meta property=\"og:site_name\" content=\"Planbet HU\" \/>\n<meta property=\"article:modified_time\" content=\"2025-06-15T05:50:49+00:00\" \/>\n<meta name=\"twitter:card\" content=\"summary_large_image\" \/>\n<script type=\"application\/ld+json\" class=\"yoast-schema-graph\">{\"@context\":\"https:\/\/schema.org\",\"@graph\":[{\"@type\":\"WebPage\",\"@id\":\"https:\/\/planbet.cafe\/hu\/bonus\/welcome-pack\/\",\"url\":\"https:\/\/planbet.cafe\/hu\/bonus\/welcome-pack\/\",\"name\":\"\u00dcdv\u00f6zl\u0151 csomag a PlanBet Casino \u1409 Ak\u00e1r 520000 HUF + 150 FS\",\"isPartOf\":{\"@id\":\"https:\/\/planbet.cafe\/hu\/#website\"},\"datePublished\":\"2025-05-28T14:55:51+00:00\",\"dateModified\":\"2025-06-15T05:50:49+00:00\",\"description\":\"Kapjon ak\u00e1r 520000 Ft \u00e9rt\u00e9k\u0171 \u00fcdv\u00f6zl\u0151 csomagot \u00e9s 150 ingyenes p\u00f6rget\u00e9st. N\u00e9gy er\u0151s b\u00f3nusz v\u00e1r r\u00e1d! Gyors regisztr\u00e1ci\u00f3, azonnali nyerem\u00e9ny - cselekedjen most, miel\u0151tt t\u00fal k\u00e9s\u0151 lenne!\",\"breadcrumb\":{\"@id\":\"https:\/\/planbet.cafe\/hu\/bonus\/welcome-pack\/#breadcrumb\"},\"inLanguage\":\"hu\",\"potentialAction\":[{\"@type\":\"ReadAction\",\"target\":[\"https:\/\/planbet.cafe\/hu\/bonus\/welcome-pack\/\"]}]},{\"@type\":\"BreadcrumbList\",\"@id\":\"https:\/\/planbet.cafe\/hu\/bonus\/welcome-pack\/#breadcrumb\",\"itemListElement\":[{\"@type\":\"ListItem\",\"position\":1,\"name\":\"Home\",\"item\":\"https:\/\/planbet.cafe\/hu\/\"},{\"@type\":\"ListItem\",\"position\":2,\"name\":\"B\u00f3nusz\",\"item\":\"https:\/\/planbet.cafe\/hu\/bonus\/\"},{\"@type\":\"ListItem\",\"position\":3,\"name\":\"\u00dcdv\u00f6zl\u0151 csomag\"}]},{\"@type\":\"WebSite\",\"@id\":\"https:\/\/planbet.cafe\/hu\/#website\",\"url\":\"https:\/\/planbet.cafe\/hu\/\",\"name\":\"Planbet HU\",\"description\":\"My WordPress Blog\",\"potentialAction\":[{\"@type\":\"SearchAction\",\"target\":{\"@type\":\"EntryPoint\",\"urlTemplate\":\"https:\/\/planbet.cafe\/hu\/?s={search_term_string}\"},\"query-input\":{\"@type\":\"PropertyValueSpecification\",\"valueRequired\":true,\"valueName\":\"search_term_string\"}}],\"inLanguage\":\"hu\"}]}<\/script>\n<!-- \/ Yoast SEO plugin. -->","yoast_head_json":{"title":"\u00dcdv\u00f6zl\u0151 csomag a PlanBet Casino \u1409 Ak\u00e1r 520000 HUF + 150 FS","description":"Kapjon ak\u00e1r 520000 Ft \u00e9rt\u00e9k\u0171 \u00fcdv\u00f6zl\u0151 csomagot \u00e9s 150 ingyenes p\u00f6rget\u00e9st. N\u00e9gy er\u0151s b\u00f3nusz v\u00e1r r\u00e1d! Gyors regisztr\u00e1ci\u00f3, azonnali nyerem\u00e9ny - cselekedjen most, miel\u0151tt t\u00fal k\u00e9s\u0151 lenne!","robots":{"index":"index","follow":"follow","max-snippet":"max-snippet:-1","max-image-preview":"max-image-preview:large","max-video-preview":"max-video-preview:-1"},"og_locale":"hu_HU","og_type":"article","og_title":"\u00dcdv\u00f6zl\u0151 csomag a PlanBet Casino \u1409 Ak\u00e1r 520000 HUF + 150 FS","og_description":"Kapjon ak\u00e1r 520000 Ft \u00e9rt\u00e9k\u0171 \u00fcdv\u00f6zl\u0151 csomagot \u00e9s 150 ingyenes p\u00f6rget\u00e9st. N\u00e9gy er\u0151s b\u00f3nusz v\u00e1r r\u00e1d! Gyors regisztr\u00e1ci\u00f3, azonnali nyerem\u00e9ny - cselekedjen most, miel\u0151tt t\u00fal k\u00e9s\u0151 lenne!","og_url":"https:\/\/planbet.cafe\/hu\/bonus\/welcome-pack\/","og_site_name":"Planbet HU","article_modified_time":"2025-06-15T05:50:49+00:00","twitter_card":"summary_large_image","schema":{"@context":"https:\/\/schema.org","@graph":[{"@type":"WebPage","@id":"https:\/\/planbet.cafe\/hu\/bonus\/welcome-pack\/","url":"https:\/\/planbet.cafe\/hu\/bonus\/welcome-pack\/","name":"\u00dcdv\u00f6zl\u0151 csomag a PlanBet Casino \u1409 Ak\u00e1r 520000 HUF + 150 FS","isPartOf":{"@id":"https:\/\/planbet.cafe\/hu\/#website"},"datePublished":"2025-05-28T14:55:51+00:00","dateModified":"2025-06-15T05:50:49+00:00","description":"Kapjon ak\u00e1r 520000 Ft \u00e9rt\u00e9k\u0171 \u00fcdv\u00f6zl\u0151 csomagot \u00e9s 150 ingyenes p\u00f6rget\u00e9st. N\u00e9gy er\u0151s b\u00f3nusz v\u00e1r r\u00e1d! Gyors regisztr\u00e1ci\u00f3, azonnali nyerem\u00e9ny - cselekedjen most, miel\u0151tt t\u00fal k\u00e9s\u0151 lenne!","breadcrumb":{"@id":"https:\/\/planbet.cafe\/hu\/bonus\/welcome-pack\/#breadcrumb"},"inLanguage":"hu","potentialAction":[{"@type":"ReadAction","target":["https:\/\/planbet.cafe\/hu\/bonus\/welcome-pack\/"]}]},{"@type":"BreadcrumbList","@id":"https:\/\/planbet.cafe\/hu\/bonus\/welcome-pack\/#breadcrumb","itemListElement":[{"@type":"ListItem","position":1,"name":"Home","item":"https:\/\/planbet.cafe\/hu\/"},{"@type":"ListItem","position":2,"name":"B\u00f3nusz","item":"https:\/\/planbet.cafe\/hu\/bonus\/"},{"@type":"ListItem","position":3,"name":"\u00dcdv\u00f6zl\u0151 csomag"}]},{"@type":"WebSite","@id":"https:\/\/planbet.cafe\/hu\/#website","url":"https:\/\/planbet.cafe\/hu\/","name":"Planbet HU","description":"My WordPress Blog","potentialAction":[{"@type":"SearchAction","target":{"@type":"EntryPoint","urlTemplate":"https:\/\/planbet.cafe\/hu\/?s={search_term_string}"},"query-input":{"@type":"PropertyValueSpecification","valueRequired":true,"valueName":"search_term_string"}}],"inLanguage":"hu"}]}},"_links":{"self":[{"href":"https:\/\/planbet.cafe\/hu\/wp-json\/wp\/v2\/pages\/329","targetHints":{"allow":["GET"]}}],"collection":[{"href":"https:\/\/planbet.cafe\/hu\/wp-json\/wp\/v2\/pages"}],"about":[{"href":"https:\/\/planbet.cafe\/hu\/wp-json\/wp\/v2\/types\/page"}],"author":[{"embeddable":true,"href":"https:\/\/planbet.cafe\/hu\/wp-json\/wp\/v2\/users\/1"}],"replies":[{"embeddable":true,"href":"https:\/\/planbet.cafe\/hu\/wp-json\/wp\/v2\/comments?post=329"}],"version-history":[{"count":5,"href":"https:\/\/planbet.cafe\/hu\/wp-json\/wp\/v2\/pages\/329\/revisions"}],"predecessor-version":[{"id":379,"href":"https:\/\/planbet.cafe\/hu\/wp-json\/wp\/v2\/pages\/329\/revisions\/379"}],"up":[{"embeddable":true,"href":"https:\/\/planbet.cafe\/hu\/wp-json\/wp\/v2\/pages\/237"}],"wp:attachment":[{"href":"https:\/\/planbet.cafe\/hu\/wp-json\/wp\/v2\/media?parent=329"}],"curies":[{"name":"wp","href":"https:\/\/api.w.org\/{rel}","templated":true}]}}