{"id":321,"date":"2025-05-28T13:29:34","date_gmt":"2025-05-28T13:29:34","guid":{"rendered":"https:\/\/planbet.cafe\/hu\/?page_id=321"},"modified":"2025-06-12T18:07:45","modified_gmt":"2025-06-12T18:07:45","slug":"100-first-deposit","status":"publish","type":"page","link":"https:\/\/planbet.cafe\/hu\/bonus\/100-first-deposit\/","title":{"rendered":"100% az els\u0151 befizet\u00e9sen"},"content":{"rendered":"","protected":false},"excerpt":{"rendered":"","protected":false},"author":1,"featured_media":0,"parent":237,"menu_order":0,"comment_status":"closed","ping_status":"closed","template":"","meta":{"footnotes":""},"class_list":["post-321","page","type-page","status-publish","hentry"],"yoast_head":"<!-- This site is optimized with the Yoast SEO plugin v25.0 - https:\/\/yoast.com\/wordpress\/plugins\/seo\/ -->\n<title>100% az els\u0151 befizet\u00e9sedre a PlanBet-en \u1409 Ak\u00e1r 40000 HUF!<\/title>\n<meta name=\"description\" content=\"Dupl\u00e1zza meg els\u0151 befizet\u00e9s\u00e9t - ak\u00e1r 40000 Ft is lehet a sz\u00e1ml\u00e1j\u00e1n. Gyors regisztr\u00e1ci\u00f3, egyszer\u0171 folyamat \u00e9s hihetetlen nyer\u00e9si lehet\u0151s\u00e9gek! Ne hagyja ki a lehet\u0151s\u00e9get - a b\u00f3nusz csak egyszer \u00e9rhet\u0151 el!\" \/>\n<meta name=\"robots\" content=\"index, follow, max-snippet:-1, max-image-preview:large, max-video-preview:-1\" \/>\n<meta property=\"og:locale\" content=\"hu_HU\" \/>\n<meta property=\"og:type\" content=\"article\" \/>\n<meta property=\"og:title\" content=\"100% az els\u0151 befizet\u00e9sedre a PlanBet-en \u1409 Ak\u00e1r 40000 HUF!\" \/>\n<meta property=\"og:description\" content=\"Dupl\u00e1zza meg els\u0151 befizet\u00e9s\u00e9t - ak\u00e1r 40000 Ft is lehet a sz\u00e1ml\u00e1j\u00e1n. Gyors regisztr\u00e1ci\u00f3, egyszer\u0171 folyamat \u00e9s hihetetlen nyer\u00e9si lehet\u0151s\u00e9gek! Ne hagyja ki a lehet\u0151s\u00e9get - a b\u00f3nusz csak egyszer \u00e9rhet\u0151 el!\" \/>\n<meta property=\"og:url\" content=\"https:\/\/planbet.cafe\/hu\/bonus\/100-first-deposit\/\" \/>\n<meta property=\"og:site_name\" content=\"Planbet HU\" \/>\n<meta property=\"article:modified_time\" content=\"2025-06-12T18:07:45+00:00\" \/>\n<meta name=\"twitter:card\" content=\"summary_large_image\" \/>\n<script type=\"application\/ld+json\" class=\"yoast-schema-graph\">{\"@context\":\"https:\/\/schema.org\",\"@graph\":[{\"@type\":\"WebPage\",\"@id\":\"https:\/\/planbet.cafe\/hu\/bonus\/100-first-deposit\/\",\"url\":\"https:\/\/planbet.cafe\/hu\/bonus\/100-first-deposit\/\",\"name\":\"100% az els\u0151 befizet\u00e9sedre a PlanBet-en \u1409 Ak\u00e1r 40000 HUF!\",\"isPartOf\":{\"@id\":\"https:\/\/planbet.cafe\/hu\/#website\"},\"datePublished\":\"2025-05-28T13:29:34+00:00\",\"dateModified\":\"2025-06-12T18:07:45+00:00\",\"description\":\"Dupl\u00e1zza meg els\u0151 befizet\u00e9s\u00e9t - ak\u00e1r 40000 Ft is lehet a sz\u00e1ml\u00e1j\u00e1n. Gyors regisztr\u00e1ci\u00f3, egyszer\u0171 folyamat \u00e9s hihetetlen nyer\u00e9si lehet\u0151s\u00e9gek! Ne hagyja ki a lehet\u0151s\u00e9get - a b\u00f3nusz csak egyszer \u00e9rhet\u0151 el!\",\"breadcrumb\":{\"@id\":\"https:\/\/planbet.cafe\/hu\/bonus\/100-first-deposit\/#breadcrumb\"},\"inLanguage\":\"hu\",\"potentialAction\":[{\"@type\":\"ReadAction\",\"target\":[\"https:\/\/planbet.cafe\/hu\/bonus\/100-first-deposit\/\"]}]},{\"@type\":\"BreadcrumbList\",\"@id\":\"https:\/\/planbet.cafe\/hu\/bonus\/100-first-deposit\/#breadcrumb\",\"itemListElement\":[{\"@type\":\"ListItem\",\"position\":1,\"name\":\"Home\",\"item\":\"https:\/\/planbet.cafe\/hu\/\"},{\"@type\":\"ListItem\",\"position\":2,\"name\":\"B\u00f3nusz\",\"item\":\"https:\/\/planbet.cafe\/hu\/bonus\/\"},{\"@type\":\"ListItem\",\"position\":3,\"name\":\"100% az els\u0151 befizet\u00e9sen\"}]},{\"@type\":\"WebSite\",\"@id\":\"https:\/\/planbet.cafe\/hu\/#website\",\"url\":\"https:\/\/planbet.cafe\/hu\/\",\"name\":\"Planbet HU\",\"description\":\"My WordPress Blog\",\"potentialAction\":[{\"@type\":\"SearchAction\",\"target\":{\"@type\":\"EntryPoint\",\"urlTemplate\":\"https:\/\/planbet.cafe\/hu\/?s={search_term_string}\"},\"query-input\":{\"@type\":\"PropertyValueSpecification\",\"valueRequired\":true,\"valueName\":\"search_term_string\"}}],\"inLanguage\":\"hu\"}]}<\/script>\n<!-- \/ Yoast SEO plugin. -->","yoast_head_json":{"title":"100% az els\u0151 befizet\u00e9sedre a PlanBet-en \u1409 Ak\u00e1r 40000 HUF!","description":"Dupl\u00e1zza meg els\u0151 befizet\u00e9s\u00e9t - ak\u00e1r 40000 Ft is lehet a sz\u00e1ml\u00e1j\u00e1n. Gyors regisztr\u00e1ci\u00f3, egyszer\u0171 folyamat \u00e9s hihetetlen nyer\u00e9si lehet\u0151s\u00e9gek! Ne hagyja ki a lehet\u0151s\u00e9get - a b\u00f3nusz csak egyszer \u00e9rhet\u0151 el!","robots":{"index":"index","follow":"follow","max-snippet":"max-snippet:-1","max-image-preview":"max-image-preview:large","max-video-preview":"max-video-preview:-1"},"og_locale":"hu_HU","og_type":"article","og_title":"100% az els\u0151 befizet\u00e9sedre a PlanBet-en \u1409 Ak\u00e1r 40000 HUF!","og_description":"Dupl\u00e1zza meg els\u0151 befizet\u00e9s\u00e9t - ak\u00e1r 40000 Ft is lehet a sz\u00e1ml\u00e1j\u00e1n. Gyors regisztr\u00e1ci\u00f3, egyszer\u0171 folyamat \u00e9s hihetetlen nyer\u00e9si lehet\u0151s\u00e9gek! Ne hagyja ki a lehet\u0151s\u00e9get - a b\u00f3nusz csak egyszer \u00e9rhet\u0151 el!","og_url":"https:\/\/planbet.cafe\/hu\/bonus\/100-first-deposit\/","og_site_name":"Planbet HU","article_modified_time":"2025-06-12T18:07:45+00:00","twitter_card":"summary_large_image","schema":{"@context":"https:\/\/schema.org","@graph":[{"@type":"WebPage","@id":"https:\/\/planbet.cafe\/hu\/bonus\/100-first-deposit\/","url":"https:\/\/planbet.cafe\/hu\/bonus\/100-first-deposit\/","name":"100% az els\u0151 befizet\u00e9sedre a PlanBet-en \u1409 Ak\u00e1r 40000 HUF!","isPartOf":{"@id":"https:\/\/planbet.cafe\/hu\/#website"},"datePublished":"2025-05-28T13:29:34+00:00","dateModified":"2025-06-12T18:07:45+00:00","description":"Dupl\u00e1zza meg els\u0151 befizet\u00e9s\u00e9t - ak\u00e1r 40000 Ft is lehet a sz\u00e1ml\u00e1j\u00e1n. Gyors regisztr\u00e1ci\u00f3, egyszer\u0171 folyamat \u00e9s hihetetlen nyer\u00e9si lehet\u0151s\u00e9gek! Ne hagyja ki a lehet\u0151s\u00e9get - a b\u00f3nusz csak egyszer \u00e9rhet\u0151 el!","breadcrumb":{"@id":"https:\/\/planbet.cafe\/hu\/bonus\/100-first-deposit\/#breadcrumb"},"inLanguage":"hu","potentialAction":[{"@type":"ReadAction","target":["https:\/\/planbet.cafe\/hu\/bonus\/100-first-deposit\/"]}]},{"@type":"BreadcrumbList","@id":"https:\/\/planbet.cafe\/hu\/bonus\/100-first-deposit\/#breadcrumb","itemListElement":[{"@type":"ListItem","position":1,"name":"Home","item":"https:\/\/planbet.cafe\/hu\/"},{"@type":"ListItem","position":2,"name":"B\u00f3nusz","item":"https:\/\/planbet.cafe\/hu\/bonus\/"},{"@type":"ListItem","position":3,"name":"100% az els\u0151 befizet\u00e9sen"}]},{"@type":"WebSite","@id":"https:\/\/planbet.cafe\/hu\/#website","url":"https:\/\/planbet.cafe\/hu\/","name":"Planbet HU","description":"My WordPress Blog","potentialAction":[{"@type":"SearchAction","target":{"@type":"EntryPoint","urlTemplate":"https:\/\/planbet.cafe\/hu\/?s={search_term_string}"},"query-input":{"@type":"PropertyValueSpecification","valueRequired":true,"valueName":"search_term_string"}}],"inLanguage":"hu"}]}},"_links":{"self":[{"href":"https:\/\/planbet.cafe\/hu\/wp-json\/wp\/v2\/pages\/321","targetHints":{"allow":["GET"]}}],"collection":[{"href":"https:\/\/planbet.cafe\/hu\/wp-json\/wp\/v2\/pages"}],"about":[{"href":"https:\/\/planbet.cafe\/hu\/wp-json\/wp\/v2\/types\/page"}],"author":[{"embeddable":true,"href":"https:\/\/planbet.cafe\/hu\/wp-json\/wp\/v2\/users\/1"}],"replies":[{"embeddable":true,"href":"https:\/\/planbet.cafe\/hu\/wp-json\/wp\/v2\/comments?post=321"}],"version-history":[{"count":6,"href":"https:\/\/planbet.cafe\/hu\/wp-json\/wp\/v2\/pages\/321\/revisions"}],"predecessor-version":[{"id":372,"href":"https:\/\/planbet.cafe\/hu\/wp-json\/wp\/v2\/pages\/321\/revisions\/372"}],"up":[{"embeddable":true,"href":"https:\/\/planbet.cafe\/hu\/wp-json\/wp\/v2\/pages\/237"}],"wp:attachment":[{"href":"https:\/\/planbet.cafe\/hu\/wp-json\/wp\/v2\/media?parent=321"}],"curies":[{"name":"wp","href":"https:\/\/api.w.org\/{rel}","templated":true}]}}