{"id":278,"date":"2025-05-13T05:17:25","date_gmt":"2025-05-13T05:17:25","guid":{"rendered":"https:\/\/planbet.cafe\/hu\/?page_id=278"},"modified":"2025-06-12T19:01:50","modified_gmt":"2025-06-12T19:01:50","slug":"registration","status":"publish","type":"page","link":"https:\/\/planbet.cafe\/hu\/registration\/","title":{"rendered":"Regisztr\u00e1ci\u00f3"},"content":{"rendered":"","protected":false},"excerpt":{"rendered":"","protected":false},"author":1,"featured_media":0,"parent":0,"menu_order":0,"comment_status":"closed","ping_status":"closed","template":"","meta":{"footnotes":""},"class_list":["post-278","page","type-page","status-publish","hentry"],"yoast_head":"<!-- This site is optimized with the Yoast SEO plugin v25.0 - https:\/\/yoast.com\/wordpress\/plugins\/seo\/ -->\n<title>PlanBet regisztr\u00e1ci\u00f3 \u1409 Tippek \u00e9s tr\u00fckk\u00f6k a sikeres indul\u00e1shoz<\/title>\n<meta name=\"description\" content=\"Vegyen r\u00e9szt a PlanBet akci\u00f3j\u00e1ban! \ud83d\udd25Tudd meg, hogyan regisztr\u00e1lj \u00e9s kezdj el j\u00e1tszani most! K\u00e9szen \u00e1llsz, hogy belev\u00e1gj?\" \/>\n<meta name=\"robots\" content=\"index, follow, max-snippet:-1, max-image-preview:large, max-video-preview:-1\" \/>\n<meta property=\"og:locale\" content=\"hu_HU\" \/>\n<meta property=\"og:type\" content=\"article\" \/>\n<meta property=\"og:title\" content=\"PlanBet regisztr\u00e1ci\u00f3 \u1409 Tippek \u00e9s tr\u00fckk\u00f6k a sikeres indul\u00e1shoz\" \/>\n<meta property=\"og:description\" content=\"Vegyen r\u00e9szt a PlanBet akci\u00f3j\u00e1ban! \ud83d\udd25Tudd meg, hogyan regisztr\u00e1lj \u00e9s kezdj el j\u00e1tszani most! K\u00e9szen \u00e1llsz, hogy belev\u00e1gj?\" \/>\n<meta property=\"og:url\" content=\"https:\/\/planbet.cafe\/hu\/registration\/\" \/>\n<meta property=\"og:site_name\" content=\"Planbet HU\" \/>\n<meta property=\"article:modified_time\" content=\"2025-06-12T19:01:50+00:00\" \/>\n<meta name=\"twitter:card\" content=\"summary_large_image\" \/>\n<script type=\"application\/ld+json\" class=\"yoast-schema-graph\">{\"@context\":\"https:\/\/schema.org\",\"@graph\":[{\"@type\":\"WebPage\",\"@id\":\"https:\/\/planbet.cafe\/hu\/registration\/\",\"url\":\"https:\/\/planbet.cafe\/hu\/registration\/\",\"name\":\"PlanBet regisztr\u00e1ci\u00f3 \u1409 Tippek \u00e9s tr\u00fckk\u00f6k a sikeres indul\u00e1shoz\",\"isPartOf\":{\"@id\":\"https:\/\/planbet.cafe\/hu\/#website\"},\"datePublished\":\"2025-05-13T05:17:25+00:00\",\"dateModified\":\"2025-06-12T19:01:50+00:00\",\"description\":\"Vegyen r\u00e9szt a PlanBet akci\u00f3j\u00e1ban! \ud83d\udd25Tudd meg, hogyan regisztr\u00e1lj \u00e9s kezdj el j\u00e1tszani most! K\u00e9szen \u00e1llsz, hogy belev\u00e1gj?\",\"breadcrumb\":{\"@id\":\"https:\/\/planbet.cafe\/hu\/registration\/#breadcrumb\"},\"inLanguage\":\"hu\",\"potentialAction\":[{\"@type\":\"ReadAction\",\"target\":[\"https:\/\/planbet.cafe\/hu\/registration\/\"]}]},{\"@type\":\"BreadcrumbList\",\"@id\":\"https:\/\/planbet.cafe\/hu\/registration\/#breadcrumb\",\"itemListElement\":[{\"@type\":\"ListItem\",\"position\":1,\"name\":\"Home\",\"item\":\"https:\/\/planbet.cafe\/hu\/\"},{\"@type\":\"ListItem\",\"position\":2,\"name\":\"Regisztr\u00e1ci\u00f3\"}]},{\"@type\":\"WebSite\",\"@id\":\"https:\/\/planbet.cafe\/hu\/#website\",\"url\":\"https:\/\/planbet.cafe\/hu\/\",\"name\":\"Planbet HU\",\"description\":\"My WordPress Blog\",\"potentialAction\":[{\"@type\":\"SearchAction\",\"target\":{\"@type\":\"EntryPoint\",\"urlTemplate\":\"https:\/\/planbet.cafe\/hu\/?s={search_term_string}\"},\"query-input\":{\"@type\":\"PropertyValueSpecification\",\"valueRequired\":true,\"valueName\":\"search_term_string\"}}],\"inLanguage\":\"hu\"}]}<\/script>\n<!-- \/ Yoast SEO plugin. -->","yoast_head_json":{"title":"PlanBet regisztr\u00e1ci\u00f3 \u1409 Tippek \u00e9s tr\u00fckk\u00f6k a sikeres indul\u00e1shoz","description":"Vegyen r\u00e9szt a PlanBet akci\u00f3j\u00e1ban! \ud83d\udd25Tudd meg, hogyan regisztr\u00e1lj \u00e9s kezdj el j\u00e1tszani most! K\u00e9szen \u00e1llsz, hogy belev\u00e1gj?","robots":{"index":"index","follow":"follow","max-snippet":"max-snippet:-1","max-image-preview":"max-image-preview:large","max-video-preview":"max-video-preview:-1"},"og_locale":"hu_HU","og_type":"article","og_title":"PlanBet regisztr\u00e1ci\u00f3 \u1409 Tippek \u00e9s tr\u00fckk\u00f6k a sikeres indul\u00e1shoz","og_description":"Vegyen r\u00e9szt a PlanBet akci\u00f3j\u00e1ban! \ud83d\udd25Tudd meg, hogyan regisztr\u00e1lj \u00e9s kezdj el j\u00e1tszani most! K\u00e9szen \u00e1llsz, hogy belev\u00e1gj?","og_url":"https:\/\/planbet.cafe\/hu\/registration\/","og_site_name":"Planbet HU","article_modified_time":"2025-06-12T19:01:50+00:00","twitter_card":"summary_large_image","schema":{"@context":"https:\/\/schema.org","@graph":[{"@type":"WebPage","@id":"https:\/\/planbet.cafe\/hu\/registration\/","url":"https:\/\/planbet.cafe\/hu\/registration\/","name":"PlanBet regisztr\u00e1ci\u00f3 \u1409 Tippek \u00e9s tr\u00fckk\u00f6k a sikeres indul\u00e1shoz","isPartOf":{"@id":"https:\/\/planbet.cafe\/hu\/#website"},"datePublished":"2025-05-13T05:17:25+00:00","dateModified":"2025-06-12T19:01:50+00:00","description":"Vegyen r\u00e9szt a PlanBet akci\u00f3j\u00e1ban! \ud83d\udd25Tudd meg, hogyan regisztr\u00e1lj \u00e9s kezdj el j\u00e1tszani most! K\u00e9szen \u00e1llsz, hogy belev\u00e1gj?","breadcrumb":{"@id":"https:\/\/planbet.cafe\/hu\/registration\/#breadcrumb"},"inLanguage":"hu","potentialAction":[{"@type":"ReadAction","target":["https:\/\/planbet.cafe\/hu\/registration\/"]}]},{"@type":"BreadcrumbList","@id":"https:\/\/planbet.cafe\/hu\/registration\/#breadcrumb","itemListElement":[{"@type":"ListItem","position":1,"name":"Home","item":"https:\/\/planbet.cafe\/hu\/"},{"@type":"ListItem","position":2,"name":"Regisztr\u00e1ci\u00f3"}]},{"@type":"WebSite","@id":"https:\/\/planbet.cafe\/hu\/#website","url":"https:\/\/planbet.cafe\/hu\/","name":"Planbet HU","description":"My WordPress Blog","potentialAction":[{"@type":"SearchAction","target":{"@type":"EntryPoint","urlTemplate":"https:\/\/planbet.cafe\/hu\/?s={search_term_string}"},"query-input":{"@type":"PropertyValueSpecification","valueRequired":true,"valueName":"search_term_string"}}],"inLanguage":"hu"}]}},"_links":{"self":[{"href":"https:\/\/planbet.cafe\/hu\/wp-json\/wp\/v2\/pages\/278","targetHints":{"allow":["GET"]}}],"collection":[{"href":"https:\/\/planbet.cafe\/hu\/wp-json\/wp\/v2\/pages"}],"about":[{"href":"https:\/\/planbet.cafe\/hu\/wp-json\/wp\/v2\/types\/page"}],"author":[{"embeddable":true,"href":"https:\/\/planbet.cafe\/hu\/wp-json\/wp\/v2\/users\/1"}],"replies":[{"embeddable":true,"href":"https:\/\/planbet.cafe\/hu\/wp-json\/wp\/v2\/comments?post=278"}],"version-history":[{"count":10,"href":"https:\/\/planbet.cafe\/hu\/wp-json\/wp\/v2\/pages\/278\/revisions"}],"predecessor-version":[{"id":390,"href":"https:\/\/planbet.cafe\/hu\/wp-json\/wp\/v2\/pages\/278\/revisions\/390"}],"wp:attachment":[{"href":"https:\/\/planbet.cafe\/hu\/wp-json\/wp\/v2\/media?parent=278"}],"curies":[{"name":"wp","href":"https:\/\/api.w.org\/{rel}","templated":true}]}}