{"id":237,"date":"2025-05-10T06:09:14","date_gmt":"2025-05-10T06:09:14","guid":{"rendered":"https:\/\/planbet.cafe\/hu\/?page_id=237"},"modified":"2025-06-15T05:57:32","modified_gmt":"2025-06-15T05:57:32","slug":"bonus","status":"publish","type":"page","link":"https:\/\/planbet.cafe\/hu\/bonus\/","title":{"rendered":"B\u00f3nusz"},"content":{"rendered":"","protected":false},"excerpt":{"rendered":"","protected":false},"author":1,"featured_media":0,"parent":0,"menu_order":0,"comment_status":"closed","ping_status":"closed","template":"","meta":{"footnotes":""},"class_list":["post-237","page","type-page","status-publish","hentry"],"yoast_head":"<!-- This site is optimized with the Yoast SEO plugin v25.0 - https:\/\/yoast.com\/wordpress\/plugins\/seo\/ -->\n<title>PlanBet b\u00f3nusz \u1409 A legjobb kaszin\u00f3 \u00e9s fogad\u00e1si prom\u00f3ci\u00f3k<\/title>\n<meta name=\"description\" content=\"PlanBet b\u00f3nusz: az \u00fatmutat\u00f3 a kaszin\u00f3 \u00e9s a bukm\u00e9kerek kiv\u00e1laszt\u00e1s\u00e1hoz! B\u00f3nuszok, prom\u00f3ci\u00f3k \u00e9s k\u00fcl\u00f6nleges aj\u00e1nlatok. Tudja meg, hogyan hozhatja ki bel\u0151le a legt\u00f6bbet!\" \/>\n<meta name=\"robots\" content=\"index, follow, max-snippet:-1, max-image-preview:large, max-video-preview:-1\" \/>\n<meta property=\"og:locale\" content=\"hu_HU\" \/>\n<meta property=\"og:type\" content=\"article\" \/>\n<meta property=\"og:title\" content=\"PlanBet b\u00f3nusz \u1409 A legjobb kaszin\u00f3 \u00e9s fogad\u00e1si prom\u00f3ci\u00f3k\" \/>\n<meta property=\"og:description\" content=\"PlanBet b\u00f3nusz: az \u00fatmutat\u00f3 a kaszin\u00f3 \u00e9s a bukm\u00e9kerek kiv\u00e1laszt\u00e1s\u00e1hoz! B\u00f3nuszok, prom\u00f3ci\u00f3k \u00e9s k\u00fcl\u00f6nleges aj\u00e1nlatok. Tudja meg, hogyan hozhatja ki bel\u0151le a legt\u00f6bbet!\" \/>\n<meta property=\"og:url\" content=\"https:\/\/planbet.cafe\/hu\/bonus\/\" \/>\n<meta property=\"og:site_name\" content=\"Planbet HU\" \/>\n<meta property=\"article:modified_time\" content=\"2025-06-15T05:57:32+00:00\" \/>\n<meta name=\"twitter:card\" content=\"summary_large_image\" \/>\n<script type=\"application\/ld+json\" class=\"yoast-schema-graph\">{\"@context\":\"https:\/\/schema.org\",\"@graph\":[{\"@type\":\"WebPage\",\"@id\":\"https:\/\/planbet.cafe\/hu\/bonus\/\",\"url\":\"https:\/\/planbet.cafe\/hu\/bonus\/\",\"name\":\"PlanBet b\u00f3nusz \u1409 A legjobb kaszin\u00f3 \u00e9s fogad\u00e1si prom\u00f3ci\u00f3k\",\"isPartOf\":{\"@id\":\"https:\/\/planbet.cafe\/hu\/#website\"},\"datePublished\":\"2025-05-10T06:09:14+00:00\",\"dateModified\":\"2025-06-15T05:57:32+00:00\",\"description\":\"PlanBet b\u00f3nusz: az \u00fatmutat\u00f3 a kaszin\u00f3 \u00e9s a bukm\u00e9kerek kiv\u00e1laszt\u00e1s\u00e1hoz! B\u00f3nuszok, prom\u00f3ci\u00f3k \u00e9s k\u00fcl\u00f6nleges aj\u00e1nlatok. Tudja meg, hogyan hozhatja ki bel\u0151le a legt\u00f6bbet!\",\"breadcrumb\":{\"@id\":\"https:\/\/planbet.cafe\/hu\/bonus\/#breadcrumb\"},\"inLanguage\":\"hu\",\"potentialAction\":[{\"@type\":\"ReadAction\",\"target\":[\"https:\/\/planbet.cafe\/hu\/bonus\/\"]}]},{\"@type\":\"BreadcrumbList\",\"@id\":\"https:\/\/planbet.cafe\/hu\/bonus\/#breadcrumb\",\"itemListElement\":[{\"@type\":\"ListItem\",\"position\":1,\"name\":\"Home\",\"item\":\"https:\/\/planbet.cafe\/hu\/\"},{\"@type\":\"ListItem\",\"position\":2,\"name\":\"B\u00f3nusz\"}]},{\"@type\":\"WebSite\",\"@id\":\"https:\/\/planbet.cafe\/hu\/#website\",\"url\":\"https:\/\/planbet.cafe\/hu\/\",\"name\":\"Planbet HU\",\"description\":\"My WordPress Blog\",\"potentialAction\":[{\"@type\":\"SearchAction\",\"target\":{\"@type\":\"EntryPoint\",\"urlTemplate\":\"https:\/\/planbet.cafe\/hu\/?s={search_term_string}\"},\"query-input\":{\"@type\":\"PropertyValueSpecification\",\"valueRequired\":true,\"valueName\":\"search_term_string\"}}],\"inLanguage\":\"hu\"}]}<\/script>\n<!-- \/ Yoast SEO plugin. -->","yoast_head_json":{"title":"PlanBet b\u00f3nusz \u1409 A legjobb kaszin\u00f3 \u00e9s fogad\u00e1si prom\u00f3ci\u00f3k","description":"PlanBet b\u00f3nusz: az \u00fatmutat\u00f3 a kaszin\u00f3 \u00e9s a bukm\u00e9kerek kiv\u00e1laszt\u00e1s\u00e1hoz! B\u00f3nuszok, prom\u00f3ci\u00f3k \u00e9s k\u00fcl\u00f6nleges aj\u00e1nlatok. Tudja meg, hogyan hozhatja ki bel\u0151le a legt\u00f6bbet!","robots":{"index":"index","follow":"follow","max-snippet":"max-snippet:-1","max-image-preview":"max-image-preview:large","max-video-preview":"max-video-preview:-1"},"og_locale":"hu_HU","og_type":"article","og_title":"PlanBet b\u00f3nusz \u1409 A legjobb kaszin\u00f3 \u00e9s fogad\u00e1si prom\u00f3ci\u00f3k","og_description":"PlanBet b\u00f3nusz: az \u00fatmutat\u00f3 a kaszin\u00f3 \u00e9s a bukm\u00e9kerek kiv\u00e1laszt\u00e1s\u00e1hoz! B\u00f3nuszok, prom\u00f3ci\u00f3k \u00e9s k\u00fcl\u00f6nleges aj\u00e1nlatok. Tudja meg, hogyan hozhatja ki bel\u0151le a legt\u00f6bbet!","og_url":"https:\/\/planbet.cafe\/hu\/bonus\/","og_site_name":"Planbet HU","article_modified_time":"2025-06-15T05:57:32+00:00","twitter_card":"summary_large_image","schema":{"@context":"https:\/\/schema.org","@graph":[{"@type":"WebPage","@id":"https:\/\/planbet.cafe\/hu\/bonus\/","url":"https:\/\/planbet.cafe\/hu\/bonus\/","name":"PlanBet b\u00f3nusz \u1409 A legjobb kaszin\u00f3 \u00e9s fogad\u00e1si prom\u00f3ci\u00f3k","isPartOf":{"@id":"https:\/\/planbet.cafe\/hu\/#website"},"datePublished":"2025-05-10T06:09:14+00:00","dateModified":"2025-06-15T05:57:32+00:00","description":"PlanBet b\u00f3nusz: az \u00fatmutat\u00f3 a kaszin\u00f3 \u00e9s a bukm\u00e9kerek kiv\u00e1laszt\u00e1s\u00e1hoz! B\u00f3nuszok, prom\u00f3ci\u00f3k \u00e9s k\u00fcl\u00f6nleges aj\u00e1nlatok. Tudja meg, hogyan hozhatja ki bel\u0151le a legt\u00f6bbet!","breadcrumb":{"@id":"https:\/\/planbet.cafe\/hu\/bonus\/#breadcrumb"},"inLanguage":"hu","potentialAction":[{"@type":"ReadAction","target":["https:\/\/planbet.cafe\/hu\/bonus\/"]}]},{"@type":"BreadcrumbList","@id":"https:\/\/planbet.cafe\/hu\/bonus\/#breadcrumb","itemListElement":[{"@type":"ListItem","position":1,"name":"Home","item":"https:\/\/planbet.cafe\/hu\/"},{"@type":"ListItem","position":2,"name":"B\u00f3nusz"}]},{"@type":"WebSite","@id":"https:\/\/planbet.cafe\/hu\/#website","url":"https:\/\/planbet.cafe\/hu\/","name":"Planbet HU","description":"My WordPress Blog","potentialAction":[{"@type":"SearchAction","target":{"@type":"EntryPoint","urlTemplate":"https:\/\/planbet.cafe\/hu\/?s={search_term_string}"},"query-input":{"@type":"PropertyValueSpecification","valueRequired":true,"valueName":"search_term_string"}}],"inLanguage":"hu"}]}},"_links":{"self":[{"href":"https:\/\/planbet.cafe\/hu\/wp-json\/wp\/v2\/pages\/237","targetHints":{"allow":["GET"]}}],"collection":[{"href":"https:\/\/planbet.cafe\/hu\/wp-json\/wp\/v2\/pages"}],"about":[{"href":"https:\/\/planbet.cafe\/hu\/wp-json\/wp\/v2\/types\/page"}],"author":[{"embeddable":true,"href":"https:\/\/planbet.cafe\/hu\/wp-json\/wp\/v2\/users\/1"}],"replies":[{"embeddable":true,"href":"https:\/\/planbet.cafe\/hu\/wp-json\/wp\/v2\/comments?post=237"}],"version-history":[{"count":8,"href":"https:\/\/planbet.cafe\/hu\/wp-json\/wp\/v2\/pages\/237\/revisions"}],"predecessor-version":[{"id":370,"href":"https:\/\/planbet.cafe\/hu\/wp-json\/wp\/v2\/pages\/237\/revisions\/370"}],"wp:attachment":[{"href":"https:\/\/planbet.cafe\/hu\/wp-json\/wp\/v2\/media?parent=237"}],"curies":[{"name":"wp","href":"https:\/\/api.w.org\/{rel}","templated":true}]}}