{"id":205,"date":"2025-05-08T06:05:53","date_gmt":"2025-05-08T06:05:53","guid":{"rendered":"https:\/\/planbet.cafe\/hu\/?page_id=205"},"modified":"2025-06-12T17:46:06","modified_gmt":"2025-06-12T17:46:06","slug":"apk","status":"publish","type":"page","link":"https:\/\/planbet.cafe\/hu\/apk\/","title":{"rendered":"Apk"},"content":{"rendered":"","protected":false},"excerpt":{"rendered":"","protected":false},"author":1,"featured_media":0,"parent":0,"menu_order":0,"comment_status":"closed","ping_status":"closed","template":"","meta":{"footnotes":""},"class_list":["post-205","page","type-page","status-publish","hentry"],"yoast_head":"<!-- This site is optimized with the Yoast SEO plugin v25.0 - https:\/\/yoast.com\/wordpress\/plugins\/seo\/ -->\n<title>PlanBet APK let\u00f6lt\u00e9se | Sportfogad\u00e1s \u00e9s kaszin\u00f3j\u00e1t\u00e9kok<\/title>\n<meta name=\"description\" content=\"T\u00f6ltse le a PlanBet alkalmaz\u00e1st Androidra (APK), \u00e9s \u00e9lvezze a gyors, biztons\u00e1gos \u00e9s k\u00e9nyelmes mobil fogad\u00e1sokat \u00e9s kaszin\u00f3j\u00e1t\u00e9kokat. Szerezd meg a leg\u00fajabb verzi\u00f3t, \u00e9s kezdj el j\u00e1tszani m\u00e9g ma!\" \/>\n<meta name=\"robots\" content=\"index, follow, max-snippet:-1, max-image-preview:large, max-video-preview:-1\" \/>\n<meta property=\"og:locale\" content=\"hu_HU\" \/>\n<meta property=\"og:type\" content=\"article\" \/>\n<meta property=\"og:title\" content=\"PlanBet APK let\u00f6lt\u00e9se | Sportfogad\u00e1s \u00e9s kaszin\u00f3j\u00e1t\u00e9kok\" \/>\n<meta property=\"og:description\" content=\"T\u00f6ltse le a PlanBet alkalmaz\u00e1st Androidra (APK), \u00e9s \u00e9lvezze a gyors, biztons\u00e1gos \u00e9s k\u00e9nyelmes mobil fogad\u00e1sokat \u00e9s kaszin\u00f3j\u00e1t\u00e9kokat. Szerezd meg a leg\u00fajabb verzi\u00f3t, \u00e9s kezdj el j\u00e1tszani m\u00e9g ma!\" \/>\n<meta property=\"og:url\" content=\"https:\/\/planbet.cafe\/hu\/apk\/\" \/>\n<meta property=\"og:site_name\" content=\"Planbet HU\" \/>\n<meta property=\"article:modified_time\" content=\"2025-06-12T17:46:06+00:00\" \/>\n<meta name=\"twitter:card\" content=\"summary_large_image\" \/>\n<script type=\"application\/ld+json\" class=\"yoast-schema-graph\">{\"@context\":\"https:\/\/schema.org\",\"@graph\":[{\"@type\":\"WebPage\",\"@id\":\"https:\/\/planbet.cafe\/hu\/apk\/\",\"url\":\"https:\/\/planbet.cafe\/hu\/apk\/\",\"name\":\"PlanBet APK let\u00f6lt\u00e9se | Sportfogad\u00e1s \u00e9s kaszin\u00f3j\u00e1t\u00e9kok\",\"isPartOf\":{\"@id\":\"https:\/\/planbet.cafe\/hu\/#website\"},\"datePublished\":\"2025-05-08T06:05:53+00:00\",\"dateModified\":\"2025-06-12T17:46:06+00:00\",\"description\":\"T\u00f6ltse le a PlanBet alkalmaz\u00e1st Androidra (APK), \u00e9s \u00e9lvezze a gyors, biztons\u00e1gos \u00e9s k\u00e9nyelmes mobil fogad\u00e1sokat \u00e9s kaszin\u00f3j\u00e1t\u00e9kokat. Szerezd meg a leg\u00fajabb verzi\u00f3t, \u00e9s kezdj el j\u00e1tszani m\u00e9g ma!\",\"breadcrumb\":{\"@id\":\"https:\/\/planbet.cafe\/hu\/apk\/#breadcrumb\"},\"inLanguage\":\"hu\",\"potentialAction\":[{\"@type\":\"ReadAction\",\"target\":[\"https:\/\/planbet.cafe\/hu\/apk\/\"]}]},{\"@type\":\"BreadcrumbList\",\"@id\":\"https:\/\/planbet.cafe\/hu\/apk\/#breadcrumb\",\"itemListElement\":[{\"@type\":\"ListItem\",\"position\":1,\"name\":\"Home\",\"item\":\"https:\/\/planbet.cafe\/hu\/\"},{\"@type\":\"ListItem\",\"position\":2,\"name\":\"Apk\"}]},{\"@type\":\"WebSite\",\"@id\":\"https:\/\/planbet.cafe\/hu\/#website\",\"url\":\"https:\/\/planbet.cafe\/hu\/\",\"name\":\"Planbet HU\",\"description\":\"My WordPress Blog\",\"potentialAction\":[{\"@type\":\"SearchAction\",\"target\":{\"@type\":\"EntryPoint\",\"urlTemplate\":\"https:\/\/planbet.cafe\/hu\/?s={search_term_string}\"},\"query-input\":{\"@type\":\"PropertyValueSpecification\",\"valueRequired\":true,\"valueName\":\"search_term_string\"}}],\"inLanguage\":\"hu\"}]}<\/script>\n<!-- \/ Yoast SEO plugin. -->","yoast_head_json":{"title":"PlanBet APK let\u00f6lt\u00e9se | Sportfogad\u00e1s \u00e9s kaszin\u00f3j\u00e1t\u00e9kok","description":"T\u00f6ltse le a PlanBet alkalmaz\u00e1st Androidra (APK), \u00e9s \u00e9lvezze a gyors, biztons\u00e1gos \u00e9s k\u00e9nyelmes mobil fogad\u00e1sokat \u00e9s kaszin\u00f3j\u00e1t\u00e9kokat. Szerezd meg a leg\u00fajabb verzi\u00f3t, \u00e9s kezdj el j\u00e1tszani m\u00e9g ma!","robots":{"index":"index","follow":"follow","max-snippet":"max-snippet:-1","max-image-preview":"max-image-preview:large","max-video-preview":"max-video-preview:-1"},"og_locale":"hu_HU","og_type":"article","og_title":"PlanBet APK let\u00f6lt\u00e9se | Sportfogad\u00e1s \u00e9s kaszin\u00f3j\u00e1t\u00e9kok","og_description":"T\u00f6ltse le a PlanBet alkalmaz\u00e1st Androidra (APK), \u00e9s \u00e9lvezze a gyors, biztons\u00e1gos \u00e9s k\u00e9nyelmes mobil fogad\u00e1sokat \u00e9s kaszin\u00f3j\u00e1t\u00e9kokat. Szerezd meg a leg\u00fajabb verzi\u00f3t, \u00e9s kezdj el j\u00e1tszani m\u00e9g ma!","og_url":"https:\/\/planbet.cafe\/hu\/apk\/","og_site_name":"Planbet HU","article_modified_time":"2025-06-12T17:46:06+00:00","twitter_card":"summary_large_image","schema":{"@context":"https:\/\/schema.org","@graph":[{"@type":"WebPage","@id":"https:\/\/planbet.cafe\/hu\/apk\/","url":"https:\/\/planbet.cafe\/hu\/apk\/","name":"PlanBet APK let\u00f6lt\u00e9se | Sportfogad\u00e1s \u00e9s kaszin\u00f3j\u00e1t\u00e9kok","isPartOf":{"@id":"https:\/\/planbet.cafe\/hu\/#website"},"datePublished":"2025-05-08T06:05:53+00:00","dateModified":"2025-06-12T17:46:06+00:00","description":"T\u00f6ltse le a PlanBet alkalmaz\u00e1st Androidra (APK), \u00e9s \u00e9lvezze a gyors, biztons\u00e1gos \u00e9s k\u00e9nyelmes mobil fogad\u00e1sokat \u00e9s kaszin\u00f3j\u00e1t\u00e9kokat. Szerezd meg a leg\u00fajabb verzi\u00f3t, \u00e9s kezdj el j\u00e1tszani m\u00e9g ma!","breadcrumb":{"@id":"https:\/\/planbet.cafe\/hu\/apk\/#breadcrumb"},"inLanguage":"hu","potentialAction":[{"@type":"ReadAction","target":["https:\/\/planbet.cafe\/hu\/apk\/"]}]},{"@type":"BreadcrumbList","@id":"https:\/\/planbet.cafe\/hu\/apk\/#breadcrumb","itemListElement":[{"@type":"ListItem","position":1,"name":"Home","item":"https:\/\/planbet.cafe\/hu\/"},{"@type":"ListItem","position":2,"name":"Apk"}]},{"@type":"WebSite","@id":"https:\/\/planbet.cafe\/hu\/#website","url":"https:\/\/planbet.cafe\/hu\/","name":"Planbet HU","description":"My WordPress Blog","potentialAction":[{"@type":"SearchAction","target":{"@type":"EntryPoint","urlTemplate":"https:\/\/planbet.cafe\/hu\/?s={search_term_string}"},"query-input":{"@type":"PropertyValueSpecification","valueRequired":true,"valueName":"search_term_string"}}],"inLanguage":"hu"}]}},"_links":{"self":[{"href":"https:\/\/planbet.cafe\/hu\/wp-json\/wp\/v2\/pages\/205","targetHints":{"allow":["GET"]}}],"collection":[{"href":"https:\/\/planbet.cafe\/hu\/wp-json\/wp\/v2\/pages"}],"about":[{"href":"https:\/\/planbet.cafe\/hu\/wp-json\/wp\/v2\/types\/page"}],"author":[{"embeddable":true,"href":"https:\/\/planbet.cafe\/hu\/wp-json\/wp\/v2\/users\/1"}],"replies":[{"embeddable":true,"href":"https:\/\/planbet.cafe\/hu\/wp-json\/wp\/v2\/comments?post=205"}],"version-history":[{"count":7,"href":"https:\/\/planbet.cafe\/hu\/wp-json\/wp\/v2\/pages\/205\/revisions"}],"predecessor-version":[{"id":367,"href":"https:\/\/planbet.cafe\/hu\/wp-json\/wp\/v2\/pages\/205\/revisions\/367"}],"wp:attachment":[{"href":"https:\/\/planbet.cafe\/hu\/wp-json\/wp\/v2\/media?parent=205"}],"curies":[{"name":"wp","href":"https:\/\/api.w.org\/{rel}","templated":true}]}}