{"id":2,"date":"2023-05-18T17:18:34","date_gmt":"2023-05-18T17:18:34","guid":{"rendered":"http:\/\/planbet.cafe\/hu\/?page_id=2"},"modified":"2025-06-15T05:48:55","modified_gmt":"2025-06-15T05:48:55","slug":"sample-page","status":"publish","type":"page","link":"https:\/\/planbet.cafe\/hu\/","title":{"rendered":"Home"},"content":{"rendered":"","protected":false},"excerpt":{"rendered":"","protected":false},"author":1,"featured_media":0,"parent":0,"menu_order":0,"comment_status":"closed","ping_status":"open","template":"","meta":{"footnotes":""},"class_list":["post-2","page","type-page","status-publish","hentry"],"yoast_head":"<!-- This site is optimized with the Yoast SEO plugin v25.0 - https:\/\/yoast.com\/wordpress\/plugins\/seo\/ -->\n<title>PlanBet 2025 | \u00daj platform fogad\u00e1sokhoz \u00e9s kaszin\u00f3hoz<\/title>\n<meta name=\"description\" content=\"A PlanBet (2025) az \u00faj online szerencsej\u00e1t\u00e9k c\u00e9lpont a sportfogad\u00e1s \u00e9s a kaszin\u00f3j\u00e1t\u00e9kok sz\u00e1m\u00e1ra. Csatlakozzon 150.000 el\u00e9gedett j\u00e1t\u00e9koshoz, \u00e9s fedezze fel a pr\u00e9mium szolg\u00e1ltat\u00e1st \u00e9s a nagyvonal\u00fa b\u00f3nuszokat.\" \/>\n<meta name=\"robots\" content=\"index, follow, max-snippet:-1, max-image-preview:large, max-video-preview:-1\" \/>\n<meta property=\"og:locale\" content=\"hu_HU\" \/>\n<meta property=\"og:type\" content=\"article\" \/>\n<meta property=\"og:title\" content=\"PlanBet 2025 | \u00daj platform fogad\u00e1sokhoz \u00e9s kaszin\u00f3hoz\" \/>\n<meta property=\"og:description\" content=\"A PlanBet (2025) az \u00faj online szerencsej\u00e1t\u00e9k c\u00e9lpont a sportfogad\u00e1s \u00e9s a kaszin\u00f3j\u00e1t\u00e9kok sz\u00e1m\u00e1ra. Csatlakozzon 150.000 el\u00e9gedett j\u00e1t\u00e9koshoz, \u00e9s fedezze fel a pr\u00e9mium szolg\u00e1ltat\u00e1st \u00e9s a nagyvonal\u00fa b\u00f3nuszokat.\" \/>\n<meta property=\"og:url\" content=\"https:\/\/planbet.cafe\/hu\/\" \/>\n<meta property=\"og:site_name\" content=\"Planbet HU\" \/>\n<meta property=\"article:modified_time\" content=\"2025-06-15T05:48:55+00:00\" \/>\n<meta name=\"twitter:card\" content=\"summary_large_image\" \/>\n<script type=\"application\/ld+json\" class=\"yoast-schema-graph\">{\"@context\":\"https:\/\/schema.org\",\"@graph\":[{\"@type\":\"WebPage\",\"@id\":\"https:\/\/planbet.cafe\/hu\/\",\"url\":\"https:\/\/planbet.cafe\/hu\/\",\"name\":\"PlanBet 2025 | \u00daj platform fogad\u00e1sokhoz \u00e9s kaszin\u00f3hoz\",\"isPartOf\":{\"@id\":\"https:\/\/planbet.cafe\/hu\/#website\"},\"datePublished\":\"2023-05-18T17:18:34+00:00\",\"dateModified\":\"2025-06-15T05:48:55+00:00\",\"description\":\"A PlanBet (2025) az \u00faj online szerencsej\u00e1t\u00e9k c\u00e9lpont a sportfogad\u00e1s \u00e9s a kaszin\u00f3j\u00e1t\u00e9kok sz\u00e1m\u00e1ra. Csatlakozzon 150.000 el\u00e9gedett j\u00e1t\u00e9koshoz, \u00e9s fedezze fel a pr\u00e9mium szolg\u00e1ltat\u00e1st \u00e9s a nagyvonal\u00fa b\u00f3nuszokat.\",\"breadcrumb\":{\"@id\":\"https:\/\/planbet.cafe\/hu\/#breadcrumb\"},\"inLanguage\":\"hu\",\"potentialAction\":[{\"@type\":\"ReadAction\",\"target\":[\"https:\/\/planbet.cafe\/hu\/\"]}]},{\"@type\":\"BreadcrumbList\",\"@id\":\"https:\/\/planbet.cafe\/hu\/#breadcrumb\",\"itemListElement\":[{\"@type\":\"ListItem\",\"position\":1,\"name\":\"Home\",\"item\":\"https:\/\/planbet.cafe\/hu\/\"},{\"@type\":\"ListItem\",\"position\":2,\"name\":\"Home\"}]},{\"@type\":\"WebSite\",\"@id\":\"https:\/\/planbet.cafe\/hu\/#website\",\"url\":\"https:\/\/planbet.cafe\/hu\/\",\"name\":\"Planbet HU\",\"description\":\"My WordPress Blog\",\"potentialAction\":[{\"@type\":\"SearchAction\",\"target\":{\"@type\":\"EntryPoint\",\"urlTemplate\":\"https:\/\/planbet.cafe\/hu\/?s={search_term_string}\"},\"query-input\":{\"@type\":\"PropertyValueSpecification\",\"valueRequired\":true,\"valueName\":\"search_term_string\"}}],\"inLanguage\":\"hu\"}]}<\/script>\n<!-- \/ Yoast SEO plugin. -->","yoast_head_json":{"title":"PlanBet 2025 | \u00daj platform fogad\u00e1sokhoz \u00e9s kaszin\u00f3hoz","description":"A PlanBet (2025) az \u00faj online szerencsej\u00e1t\u00e9k c\u00e9lpont a sportfogad\u00e1s \u00e9s a kaszin\u00f3j\u00e1t\u00e9kok sz\u00e1m\u00e1ra. Csatlakozzon 150.000 el\u00e9gedett j\u00e1t\u00e9koshoz, \u00e9s fedezze fel a pr\u00e9mium szolg\u00e1ltat\u00e1st \u00e9s a nagyvonal\u00fa b\u00f3nuszokat.","robots":{"index":"index","follow":"follow","max-snippet":"max-snippet:-1","max-image-preview":"max-image-preview:large","max-video-preview":"max-video-preview:-1"},"og_locale":"hu_HU","og_type":"article","og_title":"PlanBet 2025 | \u00daj platform fogad\u00e1sokhoz \u00e9s kaszin\u00f3hoz","og_description":"A PlanBet (2025) az \u00faj online szerencsej\u00e1t\u00e9k c\u00e9lpont a sportfogad\u00e1s \u00e9s a kaszin\u00f3j\u00e1t\u00e9kok sz\u00e1m\u00e1ra. Csatlakozzon 150.000 el\u00e9gedett j\u00e1t\u00e9koshoz, \u00e9s fedezze fel a pr\u00e9mium szolg\u00e1ltat\u00e1st \u00e9s a nagyvonal\u00fa b\u00f3nuszokat.","og_url":"https:\/\/planbet.cafe\/hu\/","og_site_name":"Planbet HU","article_modified_time":"2025-06-15T05:48:55+00:00","twitter_card":"summary_large_image","schema":{"@context":"https:\/\/schema.org","@graph":[{"@type":"WebPage","@id":"https:\/\/planbet.cafe\/hu\/","url":"https:\/\/planbet.cafe\/hu\/","name":"PlanBet 2025 | \u00daj platform fogad\u00e1sokhoz \u00e9s kaszin\u00f3hoz","isPartOf":{"@id":"https:\/\/planbet.cafe\/hu\/#website"},"datePublished":"2023-05-18T17:18:34+00:00","dateModified":"2025-06-15T05:48:55+00:00","description":"A PlanBet (2025) az \u00faj online szerencsej\u00e1t\u00e9k c\u00e9lpont a sportfogad\u00e1s \u00e9s a kaszin\u00f3j\u00e1t\u00e9kok sz\u00e1m\u00e1ra. Csatlakozzon 150.000 el\u00e9gedett j\u00e1t\u00e9koshoz, \u00e9s fedezze fel a pr\u00e9mium szolg\u00e1ltat\u00e1st \u00e9s a nagyvonal\u00fa b\u00f3nuszokat.","breadcrumb":{"@id":"https:\/\/planbet.cafe\/hu\/#breadcrumb"},"inLanguage":"hu","potentialAction":[{"@type":"ReadAction","target":["https:\/\/planbet.cafe\/hu\/"]}]},{"@type":"BreadcrumbList","@id":"https:\/\/planbet.cafe\/hu\/#breadcrumb","itemListElement":[{"@type":"ListItem","position":1,"name":"Home","item":"https:\/\/planbet.cafe\/hu\/"},{"@type":"ListItem","position":2,"name":"Home"}]},{"@type":"WebSite","@id":"https:\/\/planbet.cafe\/hu\/#website","url":"https:\/\/planbet.cafe\/hu\/","name":"Planbet HU","description":"My WordPress Blog","potentialAction":[{"@type":"SearchAction","target":{"@type":"EntryPoint","urlTemplate":"https:\/\/planbet.cafe\/hu\/?s={search_term_string}"},"query-input":{"@type":"PropertyValueSpecification","valueRequired":true,"valueName":"search_term_string"}}],"inLanguage":"hu"}]}},"_links":{"self":[{"href":"https:\/\/planbet.cafe\/hu\/wp-json\/wp\/v2\/pages\/2","targetHints":{"allow":["GET"]}}],"collection":[{"href":"https:\/\/planbet.cafe\/hu\/wp-json\/wp\/v2\/pages"}],"about":[{"href":"https:\/\/planbet.cafe\/hu\/wp-json\/wp\/v2\/types\/page"}],"author":[{"embeddable":true,"href":"https:\/\/planbet.cafe\/hu\/wp-json\/wp\/v2\/users\/1"}],"replies":[{"embeddable":true,"href":"https:\/\/planbet.cafe\/hu\/wp-json\/wp\/v2\/comments?post=2"}],"version-history":[{"count":23,"href":"https:\/\/planbet.cafe\/hu\/wp-json\/wp\/v2\/pages\/2\/revisions"}],"predecessor-version":[{"id":384,"href":"https:\/\/planbet.cafe\/hu\/wp-json\/wp\/v2\/pages\/2\/revisions\/384"}],"wp:attachment":[{"href":"https:\/\/planbet.cafe\/hu\/wp-json\/wp\/v2\/media?parent=2"}],"curies":[{"name":"wp","href":"https:\/\/api.w.org\/{rel}","templated":true}]}}