{"id":332,"date":"2025-05-28T15:01:50","date_gmt":"2025-05-28T15:01:50","guid":{"rendered":"https:\/\/planbet.cafe\/hr\/?page_id=332"},"modified":"2025-06-24T15:19:51","modified_gmt":"2025-06-24T15:19:51","slug":"express","status":"publish","type":"page","link":"https:\/\/planbet.cafe\/hr\/bonus\/express\/","title":{"rendered":"Izraziti"},"content":{"rendered":"","protected":false},"excerpt":{"rendered":"","protected":false},"author":1,"featured_media":0,"parent":237,"menu_order":0,"comment_status":"closed","ping_status":"closed","template":"","meta":{"footnotes":""},"class_list":["post-332","page","type-page","status-publish","hentry"],"yoast_head":"<!-- This site is optimized with the Yoast SEO plugin v25.0 - https:\/\/yoast.com\/wordpress\/plugins\/seo\/ -->\n<title>Ekspres dana na PlanBetu \u1409 ostvarite 10% bonusa na dobitke!<\/title>\n<meta name=\"description\" content=\"Pridru\u017eite se promociji Express of the Day na PlanBetu i ostvarite 10% bonusa na svoje dobitke! Samo odaberite jednu od predlo\u017eenih ekspres oklada. Zaradite vi\u0161e s bonus kvotom od 1,1 i pobijedite!\" \/>\n<meta name=\"robots\" content=\"index, follow, max-snippet:-1, max-image-preview:large, max-video-preview:-1\" \/>\n<meta property=\"og:locale\" content=\"hr_HR\" \/>\n<meta property=\"og:type\" content=\"article\" \/>\n<meta property=\"og:title\" content=\"Ekspres dana na PlanBetu \u1409 ostvarite 10% bonusa na dobitke!\" \/>\n<meta property=\"og:description\" content=\"Pridru\u017eite se promociji Express of the Day na PlanBetu i ostvarite 10% bonusa na svoje dobitke! Samo odaberite jednu od predlo\u017eenih ekspres oklada. Zaradite vi\u0161e s bonus kvotom od 1,1 i pobijedite!\" \/>\n<meta property=\"og:url\" content=\"https:\/\/planbet.cafe\/hr\/bonus\/express\/\" \/>\n<meta property=\"og:site_name\" content=\"Planbet HR\" \/>\n<meta property=\"article:modified_time\" content=\"2025-06-24T15:19:51+00:00\" \/>\n<meta name=\"twitter:card\" content=\"summary_large_image\" \/>\n<script type=\"application\/ld+json\" class=\"yoast-schema-graph\">{\"@context\":\"https:\/\/schema.org\",\"@graph\":[{\"@type\":\"WebPage\",\"@id\":\"https:\/\/planbet.cafe\/hr\/bonus\/express\/\",\"url\":\"https:\/\/planbet.cafe\/hr\/bonus\/express\/\",\"name\":\"Ekspres dana na PlanBetu \u1409 ostvarite 10% bonusa na dobitke!\",\"isPartOf\":{\"@id\":\"https:\/\/planbet.cafe\/hr\/#website\"},\"datePublished\":\"2025-05-28T15:01:50+00:00\",\"dateModified\":\"2025-06-24T15:19:51+00:00\",\"description\":\"Pridru\u017eite se promociji Express of the Day na PlanBetu i ostvarite 10% bonusa na svoje dobitke! Samo odaberite jednu od predlo\u017eenih ekspres oklada. Zaradite vi\u0161e s bonus kvotom od 1,1 i pobijedite!\",\"breadcrumb\":{\"@id\":\"https:\/\/planbet.cafe\/hr\/bonus\/express\/#breadcrumb\"},\"inLanguage\":\"hr\",\"potentialAction\":[{\"@type\":\"ReadAction\",\"target\":[\"https:\/\/planbet.cafe\/hr\/bonus\/express\/\"]}]},{\"@type\":\"BreadcrumbList\",\"@id\":\"https:\/\/planbet.cafe\/hr\/bonus\/express\/#breadcrumb\",\"itemListElement\":[{\"@type\":\"ListItem\",\"position\":1,\"name\":\"Home\",\"item\":\"https:\/\/planbet.cafe\/hr\/\"},{\"@type\":\"ListItem\",\"position\":2,\"name\":\"Bonus\",\"item\":\"https:\/\/planbet.cafe\/hr\/bonus\/\"},{\"@type\":\"ListItem\",\"position\":3,\"name\":\"Izraziti\"}]},{\"@type\":\"WebSite\",\"@id\":\"https:\/\/planbet.cafe\/hr\/#website\",\"url\":\"https:\/\/planbet.cafe\/hr\/\",\"name\":\"Planbet HR\",\"description\":\"My WordPress Blog\",\"potentialAction\":[{\"@type\":\"SearchAction\",\"target\":{\"@type\":\"EntryPoint\",\"urlTemplate\":\"https:\/\/planbet.cafe\/hr\/?s={search_term_string}\"},\"query-input\":{\"@type\":\"PropertyValueSpecification\",\"valueRequired\":true,\"valueName\":\"search_term_string\"}}],\"inLanguage\":\"hr\"}]}<\/script>\n<!-- \/ Yoast SEO plugin. -->","yoast_head_json":{"title":"Ekspres dana na PlanBetu \u1409 ostvarite 10% bonusa na dobitke!","description":"Pridru\u017eite se promociji Express of the Day na PlanBetu i ostvarite 10% bonusa na svoje dobitke! Samo odaberite jednu od predlo\u017eenih ekspres oklada. Zaradite vi\u0161e s bonus kvotom od 1,1 i pobijedite!","robots":{"index":"index","follow":"follow","max-snippet":"max-snippet:-1","max-image-preview":"max-image-preview:large","max-video-preview":"max-video-preview:-1"},"og_locale":"hr_HR","og_type":"article","og_title":"Ekspres dana na PlanBetu \u1409 ostvarite 10% bonusa na dobitke!","og_description":"Pridru\u017eite se promociji Express of the Day na PlanBetu i ostvarite 10% bonusa na svoje dobitke! Samo odaberite jednu od predlo\u017eenih ekspres oklada. Zaradite vi\u0161e s bonus kvotom od 1,1 i pobijedite!","og_url":"https:\/\/planbet.cafe\/hr\/bonus\/express\/","og_site_name":"Planbet HR","article_modified_time":"2025-06-24T15:19:51+00:00","twitter_card":"summary_large_image","schema":{"@context":"https:\/\/schema.org","@graph":[{"@type":"WebPage","@id":"https:\/\/planbet.cafe\/hr\/bonus\/express\/","url":"https:\/\/planbet.cafe\/hr\/bonus\/express\/","name":"Ekspres dana na PlanBetu \u1409 ostvarite 10% bonusa na dobitke!","isPartOf":{"@id":"https:\/\/planbet.cafe\/hr\/#website"},"datePublished":"2025-05-28T15:01:50+00:00","dateModified":"2025-06-24T15:19:51+00:00","description":"Pridru\u017eite se promociji Express of the Day na PlanBetu i ostvarite 10% bonusa na svoje dobitke! Samo odaberite jednu od predlo\u017eenih ekspres oklada. Zaradite vi\u0161e s bonus kvotom od 1,1 i pobijedite!","breadcrumb":{"@id":"https:\/\/planbet.cafe\/hr\/bonus\/express\/#breadcrumb"},"inLanguage":"hr","potentialAction":[{"@type":"ReadAction","target":["https:\/\/planbet.cafe\/hr\/bonus\/express\/"]}]},{"@type":"BreadcrumbList","@id":"https:\/\/planbet.cafe\/hr\/bonus\/express\/#breadcrumb","itemListElement":[{"@type":"ListItem","position":1,"name":"Home","item":"https:\/\/planbet.cafe\/hr\/"},{"@type":"ListItem","position":2,"name":"Bonus","item":"https:\/\/planbet.cafe\/hr\/bonus\/"},{"@type":"ListItem","position":3,"name":"Izraziti"}]},{"@type":"WebSite","@id":"https:\/\/planbet.cafe\/hr\/#website","url":"https:\/\/planbet.cafe\/hr\/","name":"Planbet HR","description":"My WordPress Blog","potentialAction":[{"@type":"SearchAction","target":{"@type":"EntryPoint","urlTemplate":"https:\/\/planbet.cafe\/hr\/?s={search_term_string}"},"query-input":{"@type":"PropertyValueSpecification","valueRequired":true,"valueName":"search_term_string"}}],"inLanguage":"hr"}]}},"_links":{"self":[{"href":"https:\/\/planbet.cafe\/hr\/wp-json\/wp\/v2\/pages\/332","targetHints":{"allow":["GET"]}}],"collection":[{"href":"https:\/\/planbet.cafe\/hr\/wp-json\/wp\/v2\/pages"}],"about":[{"href":"https:\/\/planbet.cafe\/hr\/wp-json\/wp\/v2\/types\/page"}],"author":[{"embeddable":true,"href":"https:\/\/planbet.cafe\/hr\/wp-json\/wp\/v2\/users\/1"}],"replies":[{"embeddable":true,"href":"https:\/\/planbet.cafe\/hr\/wp-json\/wp\/v2\/comments?post=332"}],"version-history":[{"count":4,"href":"https:\/\/planbet.cafe\/hr\/wp-json\/wp\/v2\/pages\/332\/revisions"}],"predecessor-version":[{"id":378,"href":"https:\/\/planbet.cafe\/hr\/wp-json\/wp\/v2\/pages\/332\/revisions\/378"}],"up":[{"embeddable":true,"href":"https:\/\/planbet.cafe\/hr\/wp-json\/wp\/v2\/pages\/237"}],"wp:attachment":[{"href":"https:\/\/planbet.cafe\/hr\/wp-json\/wp\/v2\/media?parent=332"}],"curies":[{"name":"wp","href":"https:\/\/api.w.org\/{rel}","templated":true}]}}