{"id":329,"date":"2025-05-28T14:55:51","date_gmt":"2025-05-28T14:55:51","guid":{"rendered":"https:\/\/planbet.cafe\/hr\/?page_id=329"},"modified":"2025-07-08T18:30:35","modified_gmt":"2025-07-08T18:30:35","slug":"welcome-pack","status":"publish","type":"page","link":"https:\/\/planbet.cafe\/hr\/bonus\/welcome-pack\/","title":{"rendered":"Paket dobrodo\u0161lice"},"content":{"rendered":"","protected":false},"excerpt":{"rendered":"","protected":false},"author":1,"featured_media":0,"parent":237,"menu_order":0,"comment_status":"closed","ping_status":"closed","template":"","meta":{"footnotes":""},"class_list":["post-329","page","type-page","status-publish","hentry"],"yoast_head":"<!-- This site is optimized with the Yoast SEO plugin v25.0 - https:\/\/yoast.com\/wordpress\/plugins\/seo\/ -->\n<title>Paket dobrodo\u0161lice u PlanBet Casinu \u1409 Do 1500 \u20ac i 150 FS<\/title>\n<meta name=\"description\" content=\"Primite paket dobrodo\u0161lice u vrijednosti do 1500 \u20ac i 150 besplatnih okretaja. \u010cekaju vas \u010detiri sna\u017ena bonusa! Brza registracija, trenutni dobici \u2014 reagirajte odmah prije nego \u0161to bude prekasno!\" \/>\n<meta name=\"robots\" content=\"index, follow, max-snippet:-1, max-image-preview:large, max-video-preview:-1\" \/>\n<meta property=\"og:locale\" content=\"hr_HR\" \/>\n<meta property=\"og:type\" content=\"article\" \/>\n<meta property=\"og:title\" content=\"Paket dobrodo\u0161lice u PlanBet Casinu \u1409 Do 1500 \u20ac i 150 FS\" \/>\n<meta property=\"og:description\" content=\"Primite paket dobrodo\u0161lice u vrijednosti do 1500 \u20ac i 150 besplatnih okretaja. \u010cekaju vas \u010detiri sna\u017ena bonusa! Brza registracija, trenutni dobici \u2014 reagirajte odmah prije nego \u0161to bude prekasno!\" \/>\n<meta property=\"og:url\" content=\"https:\/\/planbet.cafe\/hr\/bonus\/welcome-pack\/\" \/>\n<meta property=\"og:site_name\" content=\"Planbet HR\" \/>\n<meta property=\"article:modified_time\" content=\"2025-07-08T18:30:35+00:00\" \/>\n<meta name=\"twitter:card\" content=\"summary_large_image\" \/>\n<script type=\"application\/ld+json\" class=\"yoast-schema-graph\">{\"@context\":\"https:\/\/schema.org\",\"@graph\":[{\"@type\":\"WebPage\",\"@id\":\"https:\/\/planbet.cafe\/hr\/bonus\/welcome-pack\/\",\"url\":\"https:\/\/planbet.cafe\/hr\/bonus\/welcome-pack\/\",\"name\":\"Paket dobrodo\u0161lice u PlanBet Casinu \u1409 Do 1500 \u20ac i 150 FS\",\"isPartOf\":{\"@id\":\"https:\/\/planbet.cafe\/hr\/#website\"},\"datePublished\":\"2025-05-28T14:55:51+00:00\",\"dateModified\":\"2025-07-08T18:30:35+00:00\",\"description\":\"Primite paket dobrodo\u0161lice u vrijednosti do 1500 \u20ac i 150 besplatnih okretaja. \u010cekaju vas \u010detiri sna\u017ena bonusa! Brza registracija, trenutni dobici \u2014 reagirajte odmah prije nego \u0161to bude prekasno!\",\"breadcrumb\":{\"@id\":\"https:\/\/planbet.cafe\/hr\/bonus\/welcome-pack\/#breadcrumb\"},\"inLanguage\":\"hr\",\"potentialAction\":[{\"@type\":\"ReadAction\",\"target\":[\"https:\/\/planbet.cafe\/hr\/bonus\/welcome-pack\/\"]}]},{\"@type\":\"BreadcrumbList\",\"@id\":\"https:\/\/planbet.cafe\/hr\/bonus\/welcome-pack\/#breadcrumb\",\"itemListElement\":[{\"@type\":\"ListItem\",\"position\":1,\"name\":\"Home\",\"item\":\"https:\/\/planbet.cafe\/hr\/\"},{\"@type\":\"ListItem\",\"position\":2,\"name\":\"Bonus\",\"item\":\"https:\/\/planbet.cafe\/hr\/bonus\/\"},{\"@type\":\"ListItem\",\"position\":3,\"name\":\"Paket dobrodo\u0161lice\"}]},{\"@type\":\"WebSite\",\"@id\":\"https:\/\/planbet.cafe\/hr\/#website\",\"url\":\"https:\/\/planbet.cafe\/hr\/\",\"name\":\"Planbet HR\",\"description\":\"My WordPress Blog\",\"potentialAction\":[{\"@type\":\"SearchAction\",\"target\":{\"@type\":\"EntryPoint\",\"urlTemplate\":\"https:\/\/planbet.cafe\/hr\/?s={search_term_string}\"},\"query-input\":{\"@type\":\"PropertyValueSpecification\",\"valueRequired\":true,\"valueName\":\"search_term_string\"}}],\"inLanguage\":\"hr\"}]}<\/script>\n<!-- \/ Yoast SEO plugin. -->","yoast_head_json":{"title":"Paket dobrodo\u0161lice u PlanBet Casinu \u1409 Do 1500 \u20ac i 150 FS","description":"Primite paket dobrodo\u0161lice u vrijednosti do 1500 \u20ac i 150 besplatnih okretaja. \u010cekaju vas \u010detiri sna\u017ena bonusa! Brza registracija, trenutni dobici \u2014 reagirajte odmah prije nego \u0161to bude prekasno!","robots":{"index":"index","follow":"follow","max-snippet":"max-snippet:-1","max-image-preview":"max-image-preview:large","max-video-preview":"max-video-preview:-1"},"og_locale":"hr_HR","og_type":"article","og_title":"Paket dobrodo\u0161lice u PlanBet Casinu \u1409 Do 1500 \u20ac i 150 FS","og_description":"Primite paket dobrodo\u0161lice u vrijednosti do 1500 \u20ac i 150 besplatnih okretaja. \u010cekaju vas \u010detiri sna\u017ena bonusa! Brza registracija, trenutni dobici \u2014 reagirajte odmah prije nego \u0161to bude prekasno!","og_url":"https:\/\/planbet.cafe\/hr\/bonus\/welcome-pack\/","og_site_name":"Planbet HR","article_modified_time":"2025-07-08T18:30:35+00:00","twitter_card":"summary_large_image","schema":{"@context":"https:\/\/schema.org","@graph":[{"@type":"WebPage","@id":"https:\/\/planbet.cafe\/hr\/bonus\/welcome-pack\/","url":"https:\/\/planbet.cafe\/hr\/bonus\/welcome-pack\/","name":"Paket dobrodo\u0161lice u PlanBet Casinu \u1409 Do 1500 \u20ac i 150 FS","isPartOf":{"@id":"https:\/\/planbet.cafe\/hr\/#website"},"datePublished":"2025-05-28T14:55:51+00:00","dateModified":"2025-07-08T18:30:35+00:00","description":"Primite paket dobrodo\u0161lice u vrijednosti do 1500 \u20ac i 150 besplatnih okretaja. \u010cekaju vas \u010detiri sna\u017ena bonusa! Brza registracija, trenutni dobici \u2014 reagirajte odmah prije nego \u0161to bude prekasno!","breadcrumb":{"@id":"https:\/\/planbet.cafe\/hr\/bonus\/welcome-pack\/#breadcrumb"},"inLanguage":"hr","potentialAction":[{"@type":"ReadAction","target":["https:\/\/planbet.cafe\/hr\/bonus\/welcome-pack\/"]}]},{"@type":"BreadcrumbList","@id":"https:\/\/planbet.cafe\/hr\/bonus\/welcome-pack\/#breadcrumb","itemListElement":[{"@type":"ListItem","position":1,"name":"Home","item":"https:\/\/planbet.cafe\/hr\/"},{"@type":"ListItem","position":2,"name":"Bonus","item":"https:\/\/planbet.cafe\/hr\/bonus\/"},{"@type":"ListItem","position":3,"name":"Paket dobrodo\u0161lice"}]},{"@type":"WebSite","@id":"https:\/\/planbet.cafe\/hr\/#website","url":"https:\/\/planbet.cafe\/hr\/","name":"Planbet HR","description":"My WordPress Blog","potentialAction":[{"@type":"SearchAction","target":{"@type":"EntryPoint","urlTemplate":"https:\/\/planbet.cafe\/hr\/?s={search_term_string}"},"query-input":{"@type":"PropertyValueSpecification","valueRequired":true,"valueName":"search_term_string"}}],"inLanguage":"hr"}]}},"_links":{"self":[{"href":"https:\/\/planbet.cafe\/hr\/wp-json\/wp\/v2\/pages\/329","targetHints":{"allow":["GET"]}}],"collection":[{"href":"https:\/\/planbet.cafe\/hr\/wp-json\/wp\/v2\/pages"}],"about":[{"href":"https:\/\/planbet.cafe\/hr\/wp-json\/wp\/v2\/types\/page"}],"author":[{"embeddable":true,"href":"https:\/\/planbet.cafe\/hr\/wp-json\/wp\/v2\/users\/1"}],"replies":[{"embeddable":true,"href":"https:\/\/planbet.cafe\/hr\/wp-json\/wp\/v2\/comments?post=329"}],"version-history":[{"count":4,"href":"https:\/\/planbet.cafe\/hr\/wp-json\/wp\/v2\/pages\/329\/revisions"}],"predecessor-version":[{"id":380,"href":"https:\/\/planbet.cafe\/hr\/wp-json\/wp\/v2\/pages\/329\/revisions\/380"}],"up":[{"embeddable":true,"href":"https:\/\/planbet.cafe\/hr\/wp-json\/wp\/v2\/pages\/237"}],"wp:attachment":[{"href":"https:\/\/planbet.cafe\/hr\/wp-json\/wp\/v2\/media?parent=329"}],"curies":[{"name":"wp","href":"https:\/\/api.w.org\/{rel}","templated":true}]}}