{"id":220,"date":"2025-05-08T16:48:00","date_gmt":"2025-05-08T16:48:00","guid":{"rendered":"https:\/\/planbet.cafe\/hr\/?page_id=220"},"modified":"2025-06-24T15:35:07","modified_gmt":"2025-06-24T15:35:07","slug":"casino","status":"publish","type":"page","link":"https:\/\/planbet.cafe\/hr\/casino\/","title":{"rendered":"Kasino"},"content":{"rendered":"","protected":false},"excerpt":{"rendered":"","protected":false},"author":1,"featured_media":0,"parent":0,"menu_order":0,"comment_status":"closed","ping_status":"closed","template":"","meta":{"footnotes":""},"class_list":["post-220","page","type-page","status-publish","hentry"],"yoast_head":"<!-- This site is optimized with the Yoast SEO plugin v25.0 - https:\/\/yoast.com\/wordpress\/plugins\/seo\/ -->\n<title>PlanBet Kasino \u1409 Vrhunske igre, bonusi i uzbudljivi turniri<\/title>\n<meta name=\"description\" content=\"PlanBet Kasino nudi \u0161irok izbor kasino zabave, uklju\u010duju\u0107i slotove, stolne igre i igre s djeliteljima u\u017eivo. Pridru\u017eite se na\u0161oj zajednici i zatra\u017eite svoj bonus dobrodo\u0161lice ve\u0107 danas!\" \/>\n<meta name=\"robots\" content=\"index, follow, max-snippet:-1, max-image-preview:large, max-video-preview:-1\" \/>\n<meta property=\"og:locale\" content=\"hr_HR\" \/>\n<meta property=\"og:type\" content=\"article\" \/>\n<meta property=\"og:title\" content=\"PlanBet Kasino \u1409 Vrhunske igre, bonusi i uzbudljivi turniri\" \/>\n<meta property=\"og:description\" content=\"PlanBet Kasino nudi \u0161irok izbor kasino zabave, uklju\u010duju\u0107i slotove, stolne igre i igre s djeliteljima u\u017eivo. Pridru\u017eite se na\u0161oj zajednici i zatra\u017eite svoj bonus dobrodo\u0161lice ve\u0107 danas!\" \/>\n<meta property=\"og:url\" content=\"https:\/\/planbet.cafe\/hr\/casino\/\" \/>\n<meta property=\"og:site_name\" content=\"Planbet HR\" \/>\n<meta property=\"article:modified_time\" content=\"2025-06-24T15:35:07+00:00\" \/>\n<meta name=\"twitter:card\" content=\"summary_large_image\" \/>\n<script type=\"application\/ld+json\" class=\"yoast-schema-graph\">{\"@context\":\"https:\/\/schema.org\",\"@graph\":[{\"@type\":\"WebPage\",\"@id\":\"https:\/\/planbet.cafe\/hr\/casino\/\",\"url\":\"https:\/\/planbet.cafe\/hr\/casino\/\",\"name\":\"PlanBet Kasino \u1409 Vrhunske igre, bonusi i uzbudljivi turniri\",\"isPartOf\":{\"@id\":\"https:\/\/planbet.cafe\/hr\/#website\"},\"datePublished\":\"2025-05-08T16:48:00+00:00\",\"dateModified\":\"2025-06-24T15:35:07+00:00\",\"description\":\"PlanBet Kasino nudi \u0161irok izbor kasino zabave, uklju\u010duju\u0107i slotove, stolne igre i igre s djeliteljima u\u017eivo. Pridru\u017eite se na\u0161oj zajednici i zatra\u017eite svoj bonus dobrodo\u0161lice ve\u0107 danas!\",\"breadcrumb\":{\"@id\":\"https:\/\/planbet.cafe\/hr\/casino\/#breadcrumb\"},\"inLanguage\":\"hr\",\"potentialAction\":[{\"@type\":\"ReadAction\",\"target\":[\"https:\/\/planbet.cafe\/hr\/casino\/\"]}]},{\"@type\":\"BreadcrumbList\",\"@id\":\"https:\/\/planbet.cafe\/hr\/casino\/#breadcrumb\",\"itemListElement\":[{\"@type\":\"ListItem\",\"position\":1,\"name\":\"Home\",\"item\":\"https:\/\/planbet.cafe\/hr\/\"},{\"@type\":\"ListItem\",\"position\":2,\"name\":\"Kasino\"}]},{\"@type\":\"WebSite\",\"@id\":\"https:\/\/planbet.cafe\/hr\/#website\",\"url\":\"https:\/\/planbet.cafe\/hr\/\",\"name\":\"Planbet HR\",\"description\":\"My WordPress Blog\",\"potentialAction\":[{\"@type\":\"SearchAction\",\"target\":{\"@type\":\"EntryPoint\",\"urlTemplate\":\"https:\/\/planbet.cafe\/hr\/?s={search_term_string}\"},\"query-input\":{\"@type\":\"PropertyValueSpecification\",\"valueRequired\":true,\"valueName\":\"search_term_string\"}}],\"inLanguage\":\"hr\"}]}<\/script>\n<!-- \/ Yoast SEO plugin. -->","yoast_head_json":{"title":"PlanBet Kasino \u1409 Vrhunske igre, bonusi i uzbudljivi turniri","description":"PlanBet Kasino nudi \u0161irok izbor kasino zabave, uklju\u010duju\u0107i slotove, stolne igre i igre s djeliteljima u\u017eivo. Pridru\u017eite se na\u0161oj zajednici i zatra\u017eite svoj bonus dobrodo\u0161lice ve\u0107 danas!","robots":{"index":"index","follow":"follow","max-snippet":"max-snippet:-1","max-image-preview":"max-image-preview:large","max-video-preview":"max-video-preview:-1"},"og_locale":"hr_HR","og_type":"article","og_title":"PlanBet Kasino \u1409 Vrhunske igre, bonusi i uzbudljivi turniri","og_description":"PlanBet Kasino nudi \u0161irok izbor kasino zabave, uklju\u010duju\u0107i slotove, stolne igre i igre s djeliteljima u\u017eivo. Pridru\u017eite se na\u0161oj zajednici i zatra\u017eite svoj bonus dobrodo\u0161lice ve\u0107 danas!","og_url":"https:\/\/planbet.cafe\/hr\/casino\/","og_site_name":"Planbet HR","article_modified_time":"2025-06-24T15:35:07+00:00","twitter_card":"summary_large_image","schema":{"@context":"https:\/\/schema.org","@graph":[{"@type":"WebPage","@id":"https:\/\/planbet.cafe\/hr\/casino\/","url":"https:\/\/planbet.cafe\/hr\/casino\/","name":"PlanBet Kasino \u1409 Vrhunske igre, bonusi i uzbudljivi turniri","isPartOf":{"@id":"https:\/\/planbet.cafe\/hr\/#website"},"datePublished":"2025-05-08T16:48:00+00:00","dateModified":"2025-06-24T15:35:07+00:00","description":"PlanBet Kasino nudi \u0161irok izbor kasino zabave, uklju\u010duju\u0107i slotove, stolne igre i igre s djeliteljima u\u017eivo. Pridru\u017eite se na\u0161oj zajednici i zatra\u017eite svoj bonus dobrodo\u0161lice ve\u0107 danas!","breadcrumb":{"@id":"https:\/\/planbet.cafe\/hr\/casino\/#breadcrumb"},"inLanguage":"hr","potentialAction":[{"@type":"ReadAction","target":["https:\/\/planbet.cafe\/hr\/casino\/"]}]},{"@type":"BreadcrumbList","@id":"https:\/\/planbet.cafe\/hr\/casino\/#breadcrumb","itemListElement":[{"@type":"ListItem","position":1,"name":"Home","item":"https:\/\/planbet.cafe\/hr\/"},{"@type":"ListItem","position":2,"name":"Kasino"}]},{"@type":"WebSite","@id":"https:\/\/planbet.cafe\/hr\/#website","url":"https:\/\/planbet.cafe\/hr\/","name":"Planbet HR","description":"My WordPress Blog","potentialAction":[{"@type":"SearchAction","target":{"@type":"EntryPoint","urlTemplate":"https:\/\/planbet.cafe\/hr\/?s={search_term_string}"},"query-input":{"@type":"PropertyValueSpecification","valueRequired":true,"valueName":"search_term_string"}}],"inLanguage":"hr"}]}},"_links":{"self":[{"href":"https:\/\/planbet.cafe\/hr\/wp-json\/wp\/v2\/pages\/220","targetHints":{"allow":["GET"]}}],"collection":[{"href":"https:\/\/planbet.cafe\/hr\/wp-json\/wp\/v2\/pages"}],"about":[{"href":"https:\/\/planbet.cafe\/hr\/wp-json\/wp\/v2\/types\/page"}],"author":[{"embeddable":true,"href":"https:\/\/planbet.cafe\/hr\/wp-json\/wp\/v2\/users\/1"}],"replies":[{"embeddable":true,"href":"https:\/\/planbet.cafe\/hr\/wp-json\/wp\/v2\/comments?post=220"}],"version-history":[{"count":9,"href":"https:\/\/planbet.cafe\/hr\/wp-json\/wp\/v2\/pages\/220\/revisions"}],"predecessor-version":[{"id":382,"href":"https:\/\/planbet.cafe\/hr\/wp-json\/wp\/v2\/pages\/220\/revisions\/382"}],"wp:attachment":[{"href":"https:\/\/planbet.cafe\/hr\/wp-json\/wp\/v2\/media?parent=220"}],"curies":[{"name":"wp","href":"https:\/\/api.w.org\/{rel}","templated":true}]}}