{"id":205,"date":"2025-05-08T06:05:53","date_gmt":"2025-05-08T06:05:53","guid":{"rendered":"https:\/\/planbet.cafe\/hr\/?page_id=205"},"modified":"2025-06-24T13:55:19","modified_gmt":"2025-06-24T13:55:19","slug":"apk","status":"publish","type":"page","link":"https:\/\/planbet.cafe\/hr\/apk\/","title":{"rendered":"Apk"},"content":{"rendered":"","protected":false},"excerpt":{"rendered":"","protected":false},"author":1,"featured_media":0,"parent":0,"menu_order":0,"comment_status":"closed","ping_status":"closed","template":"","meta":{"footnotes":""},"class_list":["post-205","page","type-page","status-publish","hentry"],"yoast_head":"<!-- This site is optimized with the Yoast SEO plugin v25.0 - https:\/\/yoast.com\/wordpress\/plugins\/seo\/ -->\n<title>Preuzmite PlanBet APK | Kladite se na sport i igrajte kazino igre<\/title>\n<meta name=\"description\" content=\"Preuzmite PlanBet aplikaciju za Android (APK) i u\u017eivajte u brzom, sigurnom i prakti\u010dnom mobilnom kla\u0111enju i kasino igrama. Preuzmite najnoviju verziju i po\u010dnite igrati ve\u0107 danas!\" \/>\n<meta name=\"robots\" content=\"index, follow, max-snippet:-1, max-image-preview:large, max-video-preview:-1\" \/>\n<meta property=\"og:locale\" content=\"hr_HR\" \/>\n<meta property=\"og:type\" content=\"article\" \/>\n<meta property=\"og:title\" content=\"Preuzmite PlanBet APK | Kladite se na sport i igrajte kazino igre\" \/>\n<meta property=\"og:description\" content=\"Preuzmite PlanBet aplikaciju za Android (APK) i u\u017eivajte u brzom, sigurnom i prakti\u010dnom mobilnom kla\u0111enju i kasino igrama. Preuzmite najnoviju verziju i po\u010dnite igrati ve\u0107 danas!\" \/>\n<meta property=\"og:url\" content=\"https:\/\/planbet.cafe\/hr\/apk\/\" \/>\n<meta property=\"og:site_name\" content=\"Planbet HR\" \/>\n<meta property=\"article:modified_time\" content=\"2025-06-24T13:55:19+00:00\" \/>\n<meta name=\"twitter:card\" content=\"summary_large_image\" \/>\n<script type=\"application\/ld+json\" class=\"yoast-schema-graph\">{\"@context\":\"https:\/\/schema.org\",\"@graph\":[{\"@type\":\"WebPage\",\"@id\":\"https:\/\/planbet.cafe\/hr\/apk\/\",\"url\":\"https:\/\/planbet.cafe\/hr\/apk\/\",\"name\":\"Preuzmite PlanBet APK | Kladite se na sport i igrajte kazino igre\",\"isPartOf\":{\"@id\":\"https:\/\/planbet.cafe\/hr\/#website\"},\"datePublished\":\"2025-05-08T06:05:53+00:00\",\"dateModified\":\"2025-06-24T13:55:19+00:00\",\"description\":\"Preuzmite PlanBet aplikaciju za Android (APK) i u\u017eivajte u brzom, sigurnom i prakti\u010dnom mobilnom kla\u0111enju i kasino igrama. Preuzmite najnoviju verziju i po\u010dnite igrati ve\u0107 danas!\",\"breadcrumb\":{\"@id\":\"https:\/\/planbet.cafe\/hr\/apk\/#breadcrumb\"},\"inLanguage\":\"hr\",\"potentialAction\":[{\"@type\":\"ReadAction\",\"target\":[\"https:\/\/planbet.cafe\/hr\/apk\/\"]}]},{\"@type\":\"BreadcrumbList\",\"@id\":\"https:\/\/planbet.cafe\/hr\/apk\/#breadcrumb\",\"itemListElement\":[{\"@type\":\"ListItem\",\"position\":1,\"name\":\"Home\",\"item\":\"https:\/\/planbet.cafe\/hr\/\"},{\"@type\":\"ListItem\",\"position\":2,\"name\":\"Apk\"}]},{\"@type\":\"WebSite\",\"@id\":\"https:\/\/planbet.cafe\/hr\/#website\",\"url\":\"https:\/\/planbet.cafe\/hr\/\",\"name\":\"Planbet HR\",\"description\":\"My WordPress Blog\",\"potentialAction\":[{\"@type\":\"SearchAction\",\"target\":{\"@type\":\"EntryPoint\",\"urlTemplate\":\"https:\/\/planbet.cafe\/hr\/?s={search_term_string}\"},\"query-input\":{\"@type\":\"PropertyValueSpecification\",\"valueRequired\":true,\"valueName\":\"search_term_string\"}}],\"inLanguage\":\"hr\"}]}<\/script>\n<!-- \/ Yoast SEO plugin. -->","yoast_head_json":{"title":"Preuzmite PlanBet APK | Kladite se na sport i igrajte kazino igre","description":"Preuzmite PlanBet aplikaciju za Android (APK) i u\u017eivajte u brzom, sigurnom i prakti\u010dnom mobilnom kla\u0111enju i kasino igrama. Preuzmite najnoviju verziju i po\u010dnite igrati ve\u0107 danas!","robots":{"index":"index","follow":"follow","max-snippet":"max-snippet:-1","max-image-preview":"max-image-preview:large","max-video-preview":"max-video-preview:-1"},"og_locale":"hr_HR","og_type":"article","og_title":"Preuzmite PlanBet APK | Kladite se na sport i igrajte kazino igre","og_description":"Preuzmite PlanBet aplikaciju za Android (APK) i u\u017eivajte u brzom, sigurnom i prakti\u010dnom mobilnom kla\u0111enju i kasino igrama. Preuzmite najnoviju verziju i po\u010dnite igrati ve\u0107 danas!","og_url":"https:\/\/planbet.cafe\/hr\/apk\/","og_site_name":"Planbet HR","article_modified_time":"2025-06-24T13:55:19+00:00","twitter_card":"summary_large_image","schema":{"@context":"https:\/\/schema.org","@graph":[{"@type":"WebPage","@id":"https:\/\/planbet.cafe\/hr\/apk\/","url":"https:\/\/planbet.cafe\/hr\/apk\/","name":"Preuzmite PlanBet APK | Kladite se na sport i igrajte kazino igre","isPartOf":{"@id":"https:\/\/planbet.cafe\/hr\/#website"},"datePublished":"2025-05-08T06:05:53+00:00","dateModified":"2025-06-24T13:55:19+00:00","description":"Preuzmite PlanBet aplikaciju za Android (APK) i u\u017eivajte u brzom, sigurnom i prakti\u010dnom mobilnom kla\u0111enju i kasino igrama. Preuzmite najnoviju verziju i po\u010dnite igrati ve\u0107 danas!","breadcrumb":{"@id":"https:\/\/planbet.cafe\/hr\/apk\/#breadcrumb"},"inLanguage":"hr","potentialAction":[{"@type":"ReadAction","target":["https:\/\/planbet.cafe\/hr\/apk\/"]}]},{"@type":"BreadcrumbList","@id":"https:\/\/planbet.cafe\/hr\/apk\/#breadcrumb","itemListElement":[{"@type":"ListItem","position":1,"name":"Home","item":"https:\/\/planbet.cafe\/hr\/"},{"@type":"ListItem","position":2,"name":"Apk"}]},{"@type":"WebSite","@id":"https:\/\/planbet.cafe\/hr\/#website","url":"https:\/\/planbet.cafe\/hr\/","name":"Planbet HR","description":"My WordPress Blog","potentialAction":[{"@type":"SearchAction","target":{"@type":"EntryPoint","urlTemplate":"https:\/\/planbet.cafe\/hr\/?s={search_term_string}"},"query-input":{"@type":"PropertyValueSpecification","valueRequired":true,"valueName":"search_term_string"}}],"inLanguage":"hr"}]}},"_links":{"self":[{"href":"https:\/\/planbet.cafe\/hr\/wp-json\/wp\/v2\/pages\/205","targetHints":{"allow":["GET"]}}],"collection":[{"href":"https:\/\/planbet.cafe\/hr\/wp-json\/wp\/v2\/pages"}],"about":[{"href":"https:\/\/planbet.cafe\/hr\/wp-json\/wp\/v2\/types\/page"}],"author":[{"embeddable":true,"href":"https:\/\/planbet.cafe\/hr\/wp-json\/wp\/v2\/users\/1"}],"replies":[{"embeddable":true,"href":"https:\/\/planbet.cafe\/hr\/wp-json\/wp\/v2\/comments?post=205"}],"version-history":[{"count":7,"href":"https:\/\/planbet.cafe\/hr\/wp-json\/wp\/v2\/pages\/205\/revisions"}],"predecessor-version":[{"id":370,"href":"https:\/\/planbet.cafe\/hr\/wp-json\/wp\/v2\/pages\/205\/revisions\/370"}],"wp:attachment":[{"href":"https:\/\/planbet.cafe\/hr\/wp-json\/wp\/v2\/media?parent=205"}],"curies":[{"name":"wp","href":"https:\/\/api.w.org\/{rel}","templated":true}]}}