{"id":335,"date":"2025-06-08T15:08:26","date_gmt":"2025-06-08T15:08:26","guid":{"rendered":"https:\/\/planbet.cafe\/fo\/?page_id=335"},"modified":"2025-10-14T18:02:51","modified_gmt":"2025-10-14T18:02:51","slug":"cashback","status":"publish","type":"page","link":"https:\/\/planbet.cafe\/fo\/bonus\/cashback\/","title":{"rendered":"Afturgjald"},"content":{"rendered":"","protected":false},"excerpt":{"rendered":"","protected":false},"author":1,"featured_media":0,"parent":237,"menu_order":0,"comment_status":"closed","ping_status":"closed","template":"","meta":{"footnotes":""},"class_list":["post-335","page","type-page","status-publish","hentry"],"yoast_head":"<!-- This site is optimized with the Yoast SEO plugin v25.0 - https:\/\/yoast.com\/wordpress\/plugins\/seo\/ -->\n<title>PlanBet \u00cdtr\u00f3ttar Cashback | upp til 6.000 kr. \u00ed endurgjaldi hv\u00f8rja viku<\/title>\n<meta name=\"description\" content=\"Missa? Ongar st\u00faranir! Vi\u00f0 cashback fr\u00e1 PlanBet, kanst t\u00fa f\u00e1a upp til 6.000 DKK aftur hv\u00f8rja viku! F\u00e1 3% av t\u00ednum tapi aftur og f\u00e1 ein annan m\u00f8guleika at vinna.\" \/>\n<meta name=\"robots\" content=\"index, follow, max-snippet:-1, max-image-preview:large, max-video-preview:-1\" \/>\n<meta property=\"og:locale\" content=\"fo_FO\" \/>\n<meta property=\"og:type\" content=\"article\" \/>\n<meta property=\"og:title\" content=\"PlanBet \u00cdtr\u00f3ttar Cashback | upp til 6.000 kr. \u00ed endurgjaldi hv\u00f8rja viku\" \/>\n<meta property=\"og:description\" content=\"Missa? Ongar st\u00faranir! Vi\u00f0 cashback fr\u00e1 PlanBet, kanst t\u00fa f\u00e1a upp til 6.000 DKK aftur hv\u00f8rja viku! F\u00e1 3% av t\u00ednum tapi aftur og f\u00e1 ein annan m\u00f8guleika at vinna.\" \/>\n<meta property=\"og:url\" content=\"https:\/\/planbet.cafe\/fo\/bonus\/cashback\/\" \/>\n<meta property=\"og:site_name\" content=\"Planbet FO\" \/>\n<meta property=\"article:modified_time\" content=\"2025-10-14T18:02:51+00:00\" \/>\n<meta name=\"twitter:card\" content=\"summary_large_image\" \/>\n<script type=\"application\/ld+json\" class=\"yoast-schema-graph\">{\"@context\":\"https:\/\/schema.org\",\"@graph\":[{\"@type\":\"WebPage\",\"@id\":\"https:\/\/planbet.cafe\/fo\/bonus\/cashback\/\",\"url\":\"https:\/\/planbet.cafe\/fo\/bonus\/cashback\/\",\"name\":\"PlanBet \u00cdtr\u00f3ttar Cashback | upp til 6.000 kr. \u00ed endurgjaldi hv\u00f8rja viku\",\"isPartOf\":{\"@id\":\"https:\/\/planbet.cafe\/fo\/#website\"},\"datePublished\":\"2025-06-08T15:08:26+00:00\",\"dateModified\":\"2025-10-14T18:02:51+00:00\",\"description\":\"Missa? Ongar st\u00faranir! Vi\u00f0 cashback fr\u00e1 PlanBet, kanst t\u00fa f\u00e1a upp til 6.000 DKK aftur hv\u00f8rja viku! F\u00e1 3% av t\u00ednum tapi aftur og f\u00e1 ein annan m\u00f8guleika at vinna.\",\"breadcrumb\":{\"@id\":\"https:\/\/planbet.cafe\/fo\/bonus\/cashback\/#breadcrumb\"},\"inLanguage\":\"fo\",\"potentialAction\":[{\"@type\":\"ReadAction\",\"target\":[\"https:\/\/planbet.cafe\/fo\/bonus\/cashback\/\"]}]},{\"@type\":\"BreadcrumbList\",\"@id\":\"https:\/\/planbet.cafe\/fo\/bonus\/cashback\/#breadcrumb\",\"itemListElement\":[{\"@type\":\"ListItem\",\"position\":1,\"name\":\"Home\",\"item\":\"https:\/\/planbet.cafe\/fo\/\"},{\"@type\":\"ListItem\",\"position\":2,\"name\":\"Vi\u00f0b\u00f3t\",\"item\":\"https:\/\/planbet.cafe\/fo\/bonus\/\"},{\"@type\":\"ListItem\",\"position\":3,\"name\":\"Afturgjald\"}]},{\"@type\":\"WebSite\",\"@id\":\"https:\/\/planbet.cafe\/fo\/#website\",\"url\":\"https:\/\/planbet.cafe\/fo\/\",\"name\":\"Planbet FO\",\"description\":\"My WordPress Blog\",\"potentialAction\":[{\"@type\":\"SearchAction\",\"target\":{\"@type\":\"EntryPoint\",\"urlTemplate\":\"https:\/\/planbet.cafe\/fo\/?s={search_term_string}\"},\"query-input\":{\"@type\":\"PropertyValueSpecification\",\"valueRequired\":true,\"valueName\":\"search_term_string\"}}],\"inLanguage\":\"fo\"}]}<\/script>\n<!-- \/ Yoast SEO plugin. -->","yoast_head_json":{"title":"PlanBet \u00cdtr\u00f3ttar Cashback | upp til 6.000 kr. \u00ed endurgjaldi hv\u00f8rja viku","description":"Missa? Ongar st\u00faranir! Vi\u00f0 cashback fr\u00e1 PlanBet, kanst t\u00fa f\u00e1a upp til 6.000 DKK aftur hv\u00f8rja viku! F\u00e1 3% av t\u00ednum tapi aftur og f\u00e1 ein annan m\u00f8guleika at vinna.","robots":{"index":"index","follow":"follow","max-snippet":"max-snippet:-1","max-image-preview":"max-image-preview:large","max-video-preview":"max-video-preview:-1"},"og_locale":"fo_FO","og_type":"article","og_title":"PlanBet \u00cdtr\u00f3ttar Cashback | upp til 6.000 kr. \u00ed endurgjaldi hv\u00f8rja viku","og_description":"Missa? Ongar st\u00faranir! Vi\u00f0 cashback fr\u00e1 PlanBet, kanst t\u00fa f\u00e1a upp til 6.000 DKK aftur hv\u00f8rja viku! F\u00e1 3% av t\u00ednum tapi aftur og f\u00e1 ein annan m\u00f8guleika at vinna.","og_url":"https:\/\/planbet.cafe\/fo\/bonus\/cashback\/","og_site_name":"Planbet FO","article_modified_time":"2025-10-14T18:02:51+00:00","twitter_card":"summary_large_image","schema":{"@context":"https:\/\/schema.org","@graph":[{"@type":"WebPage","@id":"https:\/\/planbet.cafe\/fo\/bonus\/cashback\/","url":"https:\/\/planbet.cafe\/fo\/bonus\/cashback\/","name":"PlanBet \u00cdtr\u00f3ttar Cashback | upp til 6.000 kr. \u00ed endurgjaldi hv\u00f8rja viku","isPartOf":{"@id":"https:\/\/planbet.cafe\/fo\/#website"},"datePublished":"2025-06-08T15:08:26+00:00","dateModified":"2025-10-14T18:02:51+00:00","description":"Missa? Ongar st\u00faranir! Vi\u00f0 cashback fr\u00e1 PlanBet, kanst t\u00fa f\u00e1a upp til 6.000 DKK aftur hv\u00f8rja viku! F\u00e1 3% av t\u00ednum tapi aftur og f\u00e1 ein annan m\u00f8guleika at vinna.","breadcrumb":{"@id":"https:\/\/planbet.cafe\/fo\/bonus\/cashback\/#breadcrumb"},"inLanguage":"fo","potentialAction":[{"@type":"ReadAction","target":["https:\/\/planbet.cafe\/fo\/bonus\/cashback\/"]}]},{"@type":"BreadcrumbList","@id":"https:\/\/planbet.cafe\/fo\/bonus\/cashback\/#breadcrumb","itemListElement":[{"@type":"ListItem","position":1,"name":"Home","item":"https:\/\/planbet.cafe\/fo\/"},{"@type":"ListItem","position":2,"name":"Vi\u00f0b\u00f3t","item":"https:\/\/planbet.cafe\/fo\/bonus\/"},{"@type":"ListItem","position":3,"name":"Afturgjald"}]},{"@type":"WebSite","@id":"https:\/\/planbet.cafe\/fo\/#website","url":"https:\/\/planbet.cafe\/fo\/","name":"Planbet FO","description":"My WordPress Blog","potentialAction":[{"@type":"SearchAction","target":{"@type":"EntryPoint","urlTemplate":"https:\/\/planbet.cafe\/fo\/?s={search_term_string}"},"query-input":{"@type":"PropertyValueSpecification","valueRequired":true,"valueName":"search_term_string"}}],"inLanguage":"fo"}]}},"_links":{"self":[{"href":"https:\/\/planbet.cafe\/fo\/wp-json\/wp\/v2\/pages\/335","targetHints":{"allow":["GET"]}}],"collection":[{"href":"https:\/\/planbet.cafe\/fo\/wp-json\/wp\/v2\/pages"}],"about":[{"href":"https:\/\/planbet.cafe\/fo\/wp-json\/wp\/v2\/types\/page"}],"author":[{"embeddable":true,"href":"https:\/\/planbet.cafe\/fo\/wp-json\/wp\/v2\/users\/1"}],"replies":[{"embeddable":true,"href":"https:\/\/planbet.cafe\/fo\/wp-json\/wp\/v2\/comments?post=335"}],"version-history":[{"count":5,"href":"https:\/\/planbet.cafe\/fo\/wp-json\/wp\/v2\/pages\/335\/revisions"}],"predecessor-version":[{"id":479,"href":"https:\/\/planbet.cafe\/fo\/wp-json\/wp\/v2\/pages\/335\/revisions\/479"}],"up":[{"embeddable":true,"href":"https:\/\/planbet.cafe\/fo\/wp-json\/wp\/v2\/pages\/237"}],"wp:attachment":[{"href":"https:\/\/planbet.cafe\/fo\/wp-json\/wp\/v2\/media?parent=335"}],"curies":[{"name":"wp","href":"https:\/\/api.w.org\/{rel}","templated":true}]}}