{"id":332,"date":"2025-06-08T15:01:50","date_gmt":"2025-06-08T15:01:50","guid":{"rendered":"https:\/\/planbet.cafe\/fo\/?page_id=332"},"modified":"2025-10-14T18:00:27","modified_gmt":"2025-10-14T18:00:27","slug":"express","status":"publish","type":"page","link":"https:\/\/planbet.cafe\/fo\/bonus\/express\/","title":{"rendered":"Snarbo\u00f0"},"content":{"rendered":"","protected":false},"excerpt":{"rendered":"","protected":false},"author":1,"featured_media":0,"parent":237,"menu_order":0,"comment_status":"closed","ping_status":"closed","template":"","meta":{"footnotes":""},"class_list":["post-332","page","type-page","status-publish","hentry"],"yoast_head":"<!-- This site is optimized with the Yoast SEO plugin v25.0 - https:\/\/yoast.com\/wordpress\/plugins\/seo\/ -->\n<title>Dagsins skj\u00f3tt hj\u00e1 PlanBet \u1409 f\u00e1a 10% b\u00f3nus \u00e1 vinningi!<\/title>\n<meta name=\"description\" content=\"Ver vi\u00f0 \u00ed Dagsins Express tiltakinum hj\u00e1 PlanBet og f\u00e1 10% bonus \u00e1 t\u00ednum vinningi! Vel bara eitt av tillaga\u00f0u snarveddingunum. Tjen meira vi\u00f0 einum bonus oddsi \u00e1 1,1 og vinn!\" \/>\n<meta name=\"robots\" content=\"index, follow, max-snippet:-1, max-image-preview:large, max-video-preview:-1\" \/>\n<meta property=\"og:locale\" content=\"fo_FO\" \/>\n<meta property=\"og:type\" content=\"article\" \/>\n<meta property=\"og:title\" content=\"Dagsins skj\u00f3tt hj\u00e1 PlanBet \u1409 f\u00e1a 10% b\u00f3nus \u00e1 vinningi!\" \/>\n<meta property=\"og:description\" content=\"Ver vi\u00f0 \u00ed Dagsins Express tiltakinum hj\u00e1 PlanBet og f\u00e1 10% bonus \u00e1 t\u00ednum vinningi! Vel bara eitt av tillaga\u00f0u snarveddingunum. Tjen meira vi\u00f0 einum bonus oddsi \u00e1 1,1 og vinn!\" \/>\n<meta property=\"og:url\" content=\"https:\/\/planbet.cafe\/fo\/bonus\/express\/\" \/>\n<meta property=\"og:site_name\" content=\"Planbet FO\" \/>\n<meta property=\"article:modified_time\" content=\"2025-10-14T18:00:27+00:00\" \/>\n<meta name=\"twitter:card\" content=\"summary_large_image\" \/>\n<script type=\"application\/ld+json\" class=\"yoast-schema-graph\">{\"@context\":\"https:\/\/schema.org\",\"@graph\":[{\"@type\":\"WebPage\",\"@id\":\"https:\/\/planbet.cafe\/fo\/bonus\/express\/\",\"url\":\"https:\/\/planbet.cafe\/fo\/bonus\/express\/\",\"name\":\"Dagsins skj\u00f3tt hj\u00e1 PlanBet \u1409 f\u00e1a 10% b\u00f3nus \u00e1 vinningi!\",\"isPartOf\":{\"@id\":\"https:\/\/planbet.cafe\/fo\/#website\"},\"datePublished\":\"2025-06-08T15:01:50+00:00\",\"dateModified\":\"2025-10-14T18:00:27+00:00\",\"description\":\"Ver vi\u00f0 \u00ed Dagsins Express tiltakinum hj\u00e1 PlanBet og f\u00e1 10% bonus \u00e1 t\u00ednum vinningi! Vel bara eitt av tillaga\u00f0u snarveddingunum. Tjen meira vi\u00f0 einum bonus oddsi \u00e1 1,1 og vinn!\",\"breadcrumb\":{\"@id\":\"https:\/\/planbet.cafe\/fo\/bonus\/express\/#breadcrumb\"},\"inLanguage\":\"fo\",\"potentialAction\":[{\"@type\":\"ReadAction\",\"target\":[\"https:\/\/planbet.cafe\/fo\/bonus\/express\/\"]}]},{\"@type\":\"BreadcrumbList\",\"@id\":\"https:\/\/planbet.cafe\/fo\/bonus\/express\/#breadcrumb\",\"itemListElement\":[{\"@type\":\"ListItem\",\"position\":1,\"name\":\"Home\",\"item\":\"https:\/\/planbet.cafe\/fo\/\"},{\"@type\":\"ListItem\",\"position\":2,\"name\":\"Vi\u00f0b\u00f3t\",\"item\":\"https:\/\/planbet.cafe\/fo\/bonus\/\"},{\"@type\":\"ListItem\",\"position\":3,\"name\":\"Snarbo\u00f0\"}]},{\"@type\":\"WebSite\",\"@id\":\"https:\/\/planbet.cafe\/fo\/#website\",\"url\":\"https:\/\/planbet.cafe\/fo\/\",\"name\":\"Planbet FO\",\"description\":\"My WordPress Blog\",\"potentialAction\":[{\"@type\":\"SearchAction\",\"target\":{\"@type\":\"EntryPoint\",\"urlTemplate\":\"https:\/\/planbet.cafe\/fo\/?s={search_term_string}\"},\"query-input\":{\"@type\":\"PropertyValueSpecification\",\"valueRequired\":true,\"valueName\":\"search_term_string\"}}],\"inLanguage\":\"fo\"}]}<\/script>\n<!-- \/ Yoast SEO plugin. -->","yoast_head_json":{"title":"Dagsins skj\u00f3tt hj\u00e1 PlanBet \u1409 f\u00e1a 10% b\u00f3nus \u00e1 vinningi!","description":"Ver vi\u00f0 \u00ed Dagsins Express tiltakinum hj\u00e1 PlanBet og f\u00e1 10% bonus \u00e1 t\u00ednum vinningi! Vel bara eitt av tillaga\u00f0u snarveddingunum. Tjen meira vi\u00f0 einum bonus oddsi \u00e1 1,1 og vinn!","robots":{"index":"index","follow":"follow","max-snippet":"max-snippet:-1","max-image-preview":"max-image-preview:large","max-video-preview":"max-video-preview:-1"},"og_locale":"fo_FO","og_type":"article","og_title":"Dagsins skj\u00f3tt hj\u00e1 PlanBet \u1409 f\u00e1a 10% b\u00f3nus \u00e1 vinningi!","og_description":"Ver vi\u00f0 \u00ed Dagsins Express tiltakinum hj\u00e1 PlanBet og f\u00e1 10% bonus \u00e1 t\u00ednum vinningi! Vel bara eitt av tillaga\u00f0u snarveddingunum. Tjen meira vi\u00f0 einum bonus oddsi \u00e1 1,1 og vinn!","og_url":"https:\/\/planbet.cafe\/fo\/bonus\/express\/","og_site_name":"Planbet FO","article_modified_time":"2025-10-14T18:00:27+00:00","twitter_card":"summary_large_image","schema":{"@context":"https:\/\/schema.org","@graph":[{"@type":"WebPage","@id":"https:\/\/planbet.cafe\/fo\/bonus\/express\/","url":"https:\/\/planbet.cafe\/fo\/bonus\/express\/","name":"Dagsins skj\u00f3tt hj\u00e1 PlanBet \u1409 f\u00e1a 10% b\u00f3nus \u00e1 vinningi!","isPartOf":{"@id":"https:\/\/planbet.cafe\/fo\/#website"},"datePublished":"2025-06-08T15:01:50+00:00","dateModified":"2025-10-14T18:00:27+00:00","description":"Ver vi\u00f0 \u00ed Dagsins Express tiltakinum hj\u00e1 PlanBet og f\u00e1 10% bonus \u00e1 t\u00ednum vinningi! Vel bara eitt av tillaga\u00f0u snarveddingunum. Tjen meira vi\u00f0 einum bonus oddsi \u00e1 1,1 og vinn!","breadcrumb":{"@id":"https:\/\/planbet.cafe\/fo\/bonus\/express\/#breadcrumb"},"inLanguage":"fo","potentialAction":[{"@type":"ReadAction","target":["https:\/\/planbet.cafe\/fo\/bonus\/express\/"]}]},{"@type":"BreadcrumbList","@id":"https:\/\/planbet.cafe\/fo\/bonus\/express\/#breadcrumb","itemListElement":[{"@type":"ListItem","position":1,"name":"Home","item":"https:\/\/planbet.cafe\/fo\/"},{"@type":"ListItem","position":2,"name":"Vi\u00f0b\u00f3t","item":"https:\/\/planbet.cafe\/fo\/bonus\/"},{"@type":"ListItem","position":3,"name":"Snarbo\u00f0"}]},{"@type":"WebSite","@id":"https:\/\/planbet.cafe\/fo\/#website","url":"https:\/\/planbet.cafe\/fo\/","name":"Planbet FO","description":"My WordPress Blog","potentialAction":[{"@type":"SearchAction","target":{"@type":"EntryPoint","urlTemplate":"https:\/\/planbet.cafe\/fo\/?s={search_term_string}"},"query-input":{"@type":"PropertyValueSpecification","valueRequired":true,"valueName":"search_term_string"}}],"inLanguage":"fo"}]}},"_links":{"self":[{"href":"https:\/\/planbet.cafe\/fo\/wp-json\/wp\/v2\/pages\/332","targetHints":{"allow":["GET"]}}],"collection":[{"href":"https:\/\/planbet.cafe\/fo\/wp-json\/wp\/v2\/pages"}],"about":[{"href":"https:\/\/planbet.cafe\/fo\/wp-json\/wp\/v2\/types\/page"}],"author":[{"embeddable":true,"href":"https:\/\/planbet.cafe\/fo\/wp-json\/wp\/v2\/users\/1"}],"replies":[{"embeddable":true,"href":"https:\/\/planbet.cafe\/fo\/wp-json\/wp\/v2\/comments?post=332"}],"version-history":[{"count":4,"href":"https:\/\/planbet.cafe\/fo\/wp-json\/wp\/v2\/pages\/332\/revisions"}],"predecessor-version":[{"id":481,"href":"https:\/\/planbet.cafe\/fo\/wp-json\/wp\/v2\/pages\/332\/revisions\/481"}],"up":[{"embeddable":true,"href":"https:\/\/planbet.cafe\/fo\/wp-json\/wp\/v2\/pages\/237"}],"wp:attachment":[{"href":"https:\/\/planbet.cafe\/fo\/wp-json\/wp\/v2\/media?parent=332"}],"curies":[{"name":"wp","href":"https:\/\/api.w.org\/{rel}","templated":true}]}}