{"id":278,"date":"2025-05-13T05:17:25","date_gmt":"2025-05-13T05:17:25","guid":{"rendered":"https:\/\/planbet.cafe\/fo\/?page_id=278"},"modified":"2025-09-30T05:29:58","modified_gmt":"2025-09-30T05:29:58","slug":"registration","status":"publish","type":"page","link":"https:\/\/planbet.cafe\/fo\/registration\/","title":{"rendered":"Tilmelding"},"content":{"rendered":"","protected":false},"excerpt":{"rendered":"","protected":false},"author":1,"featured_media":0,"parent":0,"menu_order":0,"comment_status":"closed","ping_status":"closed","template":"","meta":{"footnotes":""},"class_list":["post-278","page","type-page","status-publish","hentry"],"yoast_head":"<!-- This site is optimized with the Yoast SEO plugin v25.0 - https:\/\/yoast.com\/wordpress\/plugins\/seo\/ -->\n<title>PlanBet Tilmelding \u1409 R\u00e1\u00f0 og triks til eina v\u00e6leydna\u00f0a byrjan<\/title>\n<meta name=\"description\" content=\"Ver vi\u00f0 til tiltaki\u00f0 hj\u00e1 PlanBet! \ud83d\udd25L\u00e6r teg at melda teg til og byrja at sp\u00e6la beint n\u00fa! Kl\u00e1rur at taka stigi\u00f0?\" \/>\n<meta name=\"robots\" content=\"index, follow, max-snippet:-1, max-image-preview:large, max-video-preview:-1\" \/>\n<meta property=\"og:locale\" content=\"fo_FO\" \/>\n<meta property=\"og:type\" content=\"article\" \/>\n<meta property=\"og:title\" content=\"PlanBet Tilmelding \u1409 R\u00e1\u00f0 og triks til eina v\u00e6leydna\u00f0a byrjan\" \/>\n<meta property=\"og:description\" content=\"Ver vi\u00f0 til tiltaki\u00f0 hj\u00e1 PlanBet! \ud83d\udd25L\u00e6r teg at melda teg til og byrja at sp\u00e6la beint n\u00fa! Kl\u00e1rur at taka stigi\u00f0?\" \/>\n<meta property=\"og:url\" content=\"https:\/\/planbet.cafe\/fo\/registration\/\" \/>\n<meta property=\"og:site_name\" content=\"Planbet FO\" \/>\n<meta property=\"article:modified_time\" content=\"2025-09-30T05:29:58+00:00\" \/>\n<meta name=\"twitter:card\" content=\"summary_large_image\" \/>\n<script type=\"application\/ld+json\" class=\"yoast-schema-graph\">{\"@context\":\"https:\/\/schema.org\",\"@graph\":[{\"@type\":\"WebPage\",\"@id\":\"https:\/\/planbet.cafe\/fo\/registration\/\",\"url\":\"https:\/\/planbet.cafe\/fo\/registration\/\",\"name\":\"PlanBet Tilmelding \u1409 R\u00e1\u00f0 og triks til eina v\u00e6leydna\u00f0a byrjan\",\"isPartOf\":{\"@id\":\"https:\/\/planbet.cafe\/fo\/#website\"},\"datePublished\":\"2025-05-13T05:17:25+00:00\",\"dateModified\":\"2025-09-30T05:29:58+00:00\",\"description\":\"Ver vi\u00f0 til tiltaki\u00f0 hj\u00e1 PlanBet! \ud83d\udd25L\u00e6r teg at melda teg til og byrja at sp\u00e6la beint n\u00fa! Kl\u00e1rur at taka stigi\u00f0?\",\"breadcrumb\":{\"@id\":\"https:\/\/planbet.cafe\/fo\/registration\/#breadcrumb\"},\"inLanguage\":\"fo\",\"potentialAction\":[{\"@type\":\"ReadAction\",\"target\":[\"https:\/\/planbet.cafe\/fo\/registration\/\"]}]},{\"@type\":\"BreadcrumbList\",\"@id\":\"https:\/\/planbet.cafe\/fo\/registration\/#breadcrumb\",\"itemListElement\":[{\"@type\":\"ListItem\",\"position\":1,\"name\":\"Home\",\"item\":\"https:\/\/planbet.cafe\/fo\/\"},{\"@type\":\"ListItem\",\"position\":2,\"name\":\"Tilmelding\"}]},{\"@type\":\"WebSite\",\"@id\":\"https:\/\/planbet.cafe\/fo\/#website\",\"url\":\"https:\/\/planbet.cafe\/fo\/\",\"name\":\"Planbet FO\",\"description\":\"My WordPress Blog\",\"potentialAction\":[{\"@type\":\"SearchAction\",\"target\":{\"@type\":\"EntryPoint\",\"urlTemplate\":\"https:\/\/planbet.cafe\/fo\/?s={search_term_string}\"},\"query-input\":{\"@type\":\"PropertyValueSpecification\",\"valueRequired\":true,\"valueName\":\"search_term_string\"}}],\"inLanguage\":\"fo\"}]}<\/script>\n<!-- \/ Yoast SEO plugin. -->","yoast_head_json":{"title":"PlanBet Tilmelding \u1409 R\u00e1\u00f0 og triks til eina v\u00e6leydna\u00f0a byrjan","description":"Ver vi\u00f0 til tiltaki\u00f0 hj\u00e1 PlanBet! \ud83d\udd25L\u00e6r teg at melda teg til og byrja at sp\u00e6la beint n\u00fa! Kl\u00e1rur at taka stigi\u00f0?","robots":{"index":"index","follow":"follow","max-snippet":"max-snippet:-1","max-image-preview":"max-image-preview:large","max-video-preview":"max-video-preview:-1"},"og_locale":"fo_FO","og_type":"article","og_title":"PlanBet Tilmelding \u1409 R\u00e1\u00f0 og triks til eina v\u00e6leydna\u00f0a byrjan","og_description":"Ver vi\u00f0 til tiltaki\u00f0 hj\u00e1 PlanBet! \ud83d\udd25L\u00e6r teg at melda teg til og byrja at sp\u00e6la beint n\u00fa! Kl\u00e1rur at taka stigi\u00f0?","og_url":"https:\/\/planbet.cafe\/fo\/registration\/","og_site_name":"Planbet FO","article_modified_time":"2025-09-30T05:29:58+00:00","twitter_card":"summary_large_image","schema":{"@context":"https:\/\/schema.org","@graph":[{"@type":"WebPage","@id":"https:\/\/planbet.cafe\/fo\/registration\/","url":"https:\/\/planbet.cafe\/fo\/registration\/","name":"PlanBet Tilmelding \u1409 R\u00e1\u00f0 og triks til eina v\u00e6leydna\u00f0a byrjan","isPartOf":{"@id":"https:\/\/planbet.cafe\/fo\/#website"},"datePublished":"2025-05-13T05:17:25+00:00","dateModified":"2025-09-30T05:29:58+00:00","description":"Ver vi\u00f0 til tiltaki\u00f0 hj\u00e1 PlanBet! \ud83d\udd25L\u00e6r teg at melda teg til og byrja at sp\u00e6la beint n\u00fa! Kl\u00e1rur at taka stigi\u00f0?","breadcrumb":{"@id":"https:\/\/planbet.cafe\/fo\/registration\/#breadcrumb"},"inLanguage":"fo","potentialAction":[{"@type":"ReadAction","target":["https:\/\/planbet.cafe\/fo\/registration\/"]}]},{"@type":"BreadcrumbList","@id":"https:\/\/planbet.cafe\/fo\/registration\/#breadcrumb","itemListElement":[{"@type":"ListItem","position":1,"name":"Home","item":"https:\/\/planbet.cafe\/fo\/"},{"@type":"ListItem","position":2,"name":"Tilmelding"}]},{"@type":"WebSite","@id":"https:\/\/planbet.cafe\/fo\/#website","url":"https:\/\/planbet.cafe\/fo\/","name":"Planbet FO","description":"My WordPress Blog","potentialAction":[{"@type":"SearchAction","target":{"@type":"EntryPoint","urlTemplate":"https:\/\/planbet.cafe\/fo\/?s={search_term_string}"},"query-input":{"@type":"PropertyValueSpecification","valueRequired":true,"valueName":"search_term_string"}}],"inLanguage":"fo"}]}},"_links":{"self":[{"href":"https:\/\/planbet.cafe\/fo\/wp-json\/wp\/v2\/pages\/278","targetHints":{"allow":["GET"]}}],"collection":[{"href":"https:\/\/planbet.cafe\/fo\/wp-json\/wp\/v2\/pages"}],"about":[{"href":"https:\/\/planbet.cafe\/fo\/wp-json\/wp\/v2\/types\/page"}],"author":[{"embeddable":true,"href":"https:\/\/planbet.cafe\/fo\/wp-json\/wp\/v2\/users\/1"}],"replies":[{"embeddable":true,"href":"https:\/\/planbet.cafe\/fo\/wp-json\/wp\/v2\/comments?post=278"}],"version-history":[{"count":11,"href":"https:\/\/planbet.cafe\/fo\/wp-json\/wp\/v2\/pages\/278\/revisions"}],"predecessor-version":[{"id":497,"href":"https:\/\/planbet.cafe\/fo\/wp-json\/wp\/v2\/pages\/278\/revisions\/497"}],"wp:attachment":[{"href":"https:\/\/planbet.cafe\/fo\/wp-json\/wp\/v2\/media?parent=278"}],"curies":[{"name":"wp","href":"https:\/\/api.w.org\/{rel}","templated":true}]}}