{"id":263,"date":"2025-05-11T18:22:24","date_gmt":"2025-05-11T18:22:24","guid":{"rendered":"https:\/\/planbet.cafe\/fo\/?page_id=263"},"modified":"2025-09-30T04:58:47","modified_gmt":"2025-09-30T04:58:47","slug":"login","status":"publish","type":"page","link":"https:\/\/planbet.cafe\/fo\/login\/","title":{"rendered":"Rita inn"},"content":{"rendered":"","protected":false},"excerpt":{"rendered":"","protected":false},"author":1,"featured_media":0,"parent":0,"menu_order":0,"comment_status":"closed","ping_status":"closed","template":"","meta":{"footnotes":""},"class_list":["post-263","page","type-page","status-publish","hentry"],"yoast_head":"<!-- This site is optimized with the Yoast SEO plugin v25.0 - https:\/\/yoast.com\/wordpress\/plugins\/seo\/ -->\n<title>PlanBet Rita inn \u1409 F\u00e1 atgongd til t\u00edna kontu skj\u00f3tt og l\u00e6tt<\/title>\n<meta name=\"description\" content=\"F\u00e1 atgongd til t\u00edna PlanBet kontu vi\u00f0 l\u00e6ttleika! Veglei\u00f0ingin gevur stig fyri stig veglei\u00f0ing. F\u00e1 innritanarhj\u00e1lp, l\u00e6r um kontutrygd og byrja at sp\u00e6la!\" \/>\n<meta name=\"robots\" content=\"index, follow, max-snippet:-1, max-image-preview:large, max-video-preview:-1\" \/>\n<meta property=\"og:locale\" content=\"fo_FO\" \/>\n<meta property=\"og:type\" content=\"article\" \/>\n<meta property=\"og:title\" content=\"PlanBet Rita inn \u1409 F\u00e1 atgongd til t\u00edna kontu skj\u00f3tt og l\u00e6tt\" \/>\n<meta property=\"og:description\" content=\"F\u00e1 atgongd til t\u00edna PlanBet kontu vi\u00f0 l\u00e6ttleika! Veglei\u00f0ingin gevur stig fyri stig veglei\u00f0ing. F\u00e1 innritanarhj\u00e1lp, l\u00e6r um kontutrygd og byrja at sp\u00e6la!\" \/>\n<meta property=\"og:url\" content=\"https:\/\/planbet.cafe\/fo\/login\/\" \/>\n<meta property=\"og:site_name\" content=\"Planbet FO\" \/>\n<meta property=\"article:modified_time\" content=\"2025-09-30T04:58:47+00:00\" \/>\n<meta name=\"twitter:card\" content=\"summary_large_image\" \/>\n<script type=\"application\/ld+json\" class=\"yoast-schema-graph\">{\"@context\":\"https:\/\/schema.org\",\"@graph\":[{\"@type\":\"WebPage\",\"@id\":\"https:\/\/planbet.cafe\/fo\/login\/\",\"url\":\"https:\/\/planbet.cafe\/fo\/login\/\",\"name\":\"PlanBet Rita inn \u1409 F\u00e1 atgongd til t\u00edna kontu skj\u00f3tt og l\u00e6tt\",\"isPartOf\":{\"@id\":\"https:\/\/planbet.cafe\/fo\/#website\"},\"datePublished\":\"2025-05-11T18:22:24+00:00\",\"dateModified\":\"2025-09-30T04:58:47+00:00\",\"description\":\"F\u00e1 atgongd til t\u00edna PlanBet kontu vi\u00f0 l\u00e6ttleika! Veglei\u00f0ingin gevur stig fyri stig veglei\u00f0ing. F\u00e1 innritanarhj\u00e1lp, l\u00e6r um kontutrygd og byrja at sp\u00e6la!\",\"breadcrumb\":{\"@id\":\"https:\/\/planbet.cafe\/fo\/login\/#breadcrumb\"},\"inLanguage\":\"fo\",\"potentialAction\":[{\"@type\":\"ReadAction\",\"target\":[\"https:\/\/planbet.cafe\/fo\/login\/\"]}]},{\"@type\":\"BreadcrumbList\",\"@id\":\"https:\/\/planbet.cafe\/fo\/login\/#breadcrumb\",\"itemListElement\":[{\"@type\":\"ListItem\",\"position\":1,\"name\":\"Home\",\"item\":\"https:\/\/planbet.cafe\/fo\/\"},{\"@type\":\"ListItem\",\"position\":2,\"name\":\"Rita inn\"}]},{\"@type\":\"WebSite\",\"@id\":\"https:\/\/planbet.cafe\/fo\/#website\",\"url\":\"https:\/\/planbet.cafe\/fo\/\",\"name\":\"Planbet FO\",\"description\":\"My WordPress Blog\",\"potentialAction\":[{\"@type\":\"SearchAction\",\"target\":{\"@type\":\"EntryPoint\",\"urlTemplate\":\"https:\/\/planbet.cafe\/fo\/?s={search_term_string}\"},\"query-input\":{\"@type\":\"PropertyValueSpecification\",\"valueRequired\":true,\"valueName\":\"search_term_string\"}}],\"inLanguage\":\"fo\"}]}<\/script>\n<!-- \/ Yoast SEO plugin. -->","yoast_head_json":{"title":"PlanBet Rita inn \u1409 F\u00e1 atgongd til t\u00edna kontu skj\u00f3tt og l\u00e6tt","description":"F\u00e1 atgongd til t\u00edna PlanBet kontu vi\u00f0 l\u00e6ttleika! Veglei\u00f0ingin gevur stig fyri stig veglei\u00f0ing. F\u00e1 innritanarhj\u00e1lp, l\u00e6r um kontutrygd og byrja at sp\u00e6la!","robots":{"index":"index","follow":"follow","max-snippet":"max-snippet:-1","max-image-preview":"max-image-preview:large","max-video-preview":"max-video-preview:-1"},"og_locale":"fo_FO","og_type":"article","og_title":"PlanBet Rita inn \u1409 F\u00e1 atgongd til t\u00edna kontu skj\u00f3tt og l\u00e6tt","og_description":"F\u00e1 atgongd til t\u00edna PlanBet kontu vi\u00f0 l\u00e6ttleika! Veglei\u00f0ingin gevur stig fyri stig veglei\u00f0ing. F\u00e1 innritanarhj\u00e1lp, l\u00e6r um kontutrygd og byrja at sp\u00e6la!","og_url":"https:\/\/planbet.cafe\/fo\/login\/","og_site_name":"Planbet FO","article_modified_time":"2025-09-30T04:58:47+00:00","twitter_card":"summary_large_image","schema":{"@context":"https:\/\/schema.org","@graph":[{"@type":"WebPage","@id":"https:\/\/planbet.cafe\/fo\/login\/","url":"https:\/\/planbet.cafe\/fo\/login\/","name":"PlanBet Rita inn \u1409 F\u00e1 atgongd til t\u00edna kontu skj\u00f3tt og l\u00e6tt","isPartOf":{"@id":"https:\/\/planbet.cafe\/fo\/#website"},"datePublished":"2025-05-11T18:22:24+00:00","dateModified":"2025-09-30T04:58:47+00:00","description":"F\u00e1 atgongd til t\u00edna PlanBet kontu vi\u00f0 l\u00e6ttleika! Veglei\u00f0ingin gevur stig fyri stig veglei\u00f0ing. F\u00e1 innritanarhj\u00e1lp, l\u00e6r um kontutrygd og byrja at sp\u00e6la!","breadcrumb":{"@id":"https:\/\/planbet.cafe\/fo\/login\/#breadcrumb"},"inLanguage":"fo","potentialAction":[{"@type":"ReadAction","target":["https:\/\/planbet.cafe\/fo\/login\/"]}]},{"@type":"BreadcrumbList","@id":"https:\/\/planbet.cafe\/fo\/login\/#breadcrumb","itemListElement":[{"@type":"ListItem","position":1,"name":"Home","item":"https:\/\/planbet.cafe\/fo\/"},{"@type":"ListItem","position":2,"name":"Rita inn"}]},{"@type":"WebSite","@id":"https:\/\/planbet.cafe\/fo\/#website","url":"https:\/\/planbet.cafe\/fo\/","name":"Planbet FO","description":"My WordPress Blog","potentialAction":[{"@type":"SearchAction","target":{"@type":"EntryPoint","urlTemplate":"https:\/\/planbet.cafe\/fo\/?s={search_term_string}"},"query-input":{"@type":"PropertyValueSpecification","valueRequired":true,"valueName":"search_term_string"}}],"inLanguage":"fo"}]}},"_links":{"self":[{"href":"https:\/\/planbet.cafe\/fo\/wp-json\/wp\/v2\/pages\/263","targetHints":{"allow":["GET"]}}],"collection":[{"href":"https:\/\/planbet.cafe\/fo\/wp-json\/wp\/v2\/pages"}],"about":[{"href":"https:\/\/planbet.cafe\/fo\/wp-json\/wp\/v2\/types\/page"}],"author":[{"embeddable":true,"href":"https:\/\/planbet.cafe\/fo\/wp-json\/wp\/v2\/users\/1"}],"replies":[{"embeddable":true,"href":"https:\/\/planbet.cafe\/fo\/wp-json\/wp\/v2\/comments?post=263"}],"version-history":[{"count":9,"href":"https:\/\/planbet.cafe\/fo\/wp-json\/wp\/v2\/pages\/263\/revisions"}],"predecessor-version":[{"id":493,"href":"https:\/\/planbet.cafe\/fo\/wp-json\/wp\/v2\/pages\/263\/revisions\/493"}],"wp:attachment":[{"href":"https:\/\/planbet.cafe\/fo\/wp-json\/wp\/v2\/media?parent=263"}],"curies":[{"name":"wp","href":"https:\/\/api.w.org\/{rel}","templated":true}]}}