{"id":237,"date":"2025-05-10T06:09:14","date_gmt":"2025-05-10T06:09:14","guid":{"rendered":"https:\/\/planbet.cafe\/fo\/?page_id=237"},"modified":"2025-10-14T18:05:32","modified_gmt":"2025-10-14T18:05:32","slug":"bonus","status":"publish","type":"page","link":"https:\/\/planbet.cafe\/fo\/bonus\/","title":{"rendered":"Vi\u00f0b\u00f3t"},"content":{"rendered":"","protected":false},"excerpt":{"rendered":"","protected":false},"author":1,"featured_media":0,"parent":0,"menu_order":0,"comment_status":"closed","ping_status":"closed","template":"","meta":{"footnotes":""},"class_list":["post-237","page","type-page","status-publish","hentry"],"yoast_head":"<!-- This site is optimized with the Yoast SEO plugin v25.0 - https:\/\/yoast.com\/wordpress\/plugins\/seo\/ -->\n<title>PlanBet B\u00f3nus \u1409 L\u00e6sa upp besta spilav\u00edti og veddingar tilbo\u00f0<\/title>\n<meta name=\"description\" content=\"PlanBet Bonus: t\u00edn veglei\u00f0ing til at velja spilav\u00edti og veddingarfyrit\u00f8kur! Bonus, tilbo\u00f0 og serlig tilbo\u00f0. Finn \u00fatav, hvussu t\u00fa f\u00e6rt sum mest burtur\u00far!\" \/>\n<meta name=\"robots\" content=\"index, follow, max-snippet:-1, max-image-preview:large, max-video-preview:-1\" \/>\n<meta property=\"og:locale\" content=\"fo_FO\" \/>\n<meta property=\"og:type\" content=\"article\" \/>\n<meta property=\"og:title\" content=\"PlanBet B\u00f3nus \u1409 L\u00e6sa upp besta spilav\u00edti og veddingar tilbo\u00f0\" \/>\n<meta property=\"og:description\" content=\"PlanBet Bonus: t\u00edn veglei\u00f0ing til at velja spilav\u00edti og veddingarfyrit\u00f8kur! Bonus, tilbo\u00f0 og serlig tilbo\u00f0. Finn \u00fatav, hvussu t\u00fa f\u00e6rt sum mest burtur\u00far!\" \/>\n<meta property=\"og:url\" content=\"https:\/\/planbet.cafe\/fo\/bonus\/\" \/>\n<meta property=\"og:site_name\" content=\"Planbet FO\" \/>\n<meta property=\"article:modified_time\" content=\"2025-10-14T18:05:32+00:00\" \/>\n<meta name=\"twitter:card\" content=\"summary_large_image\" \/>\n<script type=\"application\/ld+json\" class=\"yoast-schema-graph\">{\"@context\":\"https:\/\/schema.org\",\"@graph\":[{\"@type\":\"WebPage\",\"@id\":\"https:\/\/planbet.cafe\/fo\/bonus\/\",\"url\":\"https:\/\/planbet.cafe\/fo\/bonus\/\",\"name\":\"PlanBet B\u00f3nus \u1409 L\u00e6sa upp besta spilav\u00edti og veddingar tilbo\u00f0\",\"isPartOf\":{\"@id\":\"https:\/\/planbet.cafe\/fo\/#website\"},\"datePublished\":\"2025-05-10T06:09:14+00:00\",\"dateModified\":\"2025-10-14T18:05:32+00:00\",\"description\":\"PlanBet Bonus: t\u00edn veglei\u00f0ing til at velja spilav\u00edti og veddingarfyrit\u00f8kur! Bonus, tilbo\u00f0 og serlig tilbo\u00f0. Finn \u00fatav, hvussu t\u00fa f\u00e6rt sum mest burtur\u00far!\",\"breadcrumb\":{\"@id\":\"https:\/\/planbet.cafe\/fo\/bonus\/#breadcrumb\"},\"inLanguage\":\"fo\",\"potentialAction\":[{\"@type\":\"ReadAction\",\"target\":[\"https:\/\/planbet.cafe\/fo\/bonus\/\"]}]},{\"@type\":\"BreadcrumbList\",\"@id\":\"https:\/\/planbet.cafe\/fo\/bonus\/#breadcrumb\",\"itemListElement\":[{\"@type\":\"ListItem\",\"position\":1,\"name\":\"Home\",\"item\":\"https:\/\/planbet.cafe\/fo\/\"},{\"@type\":\"ListItem\",\"position\":2,\"name\":\"Vi\u00f0b\u00f3t\"}]},{\"@type\":\"WebSite\",\"@id\":\"https:\/\/planbet.cafe\/fo\/#website\",\"url\":\"https:\/\/planbet.cafe\/fo\/\",\"name\":\"Planbet FO\",\"description\":\"My WordPress Blog\",\"potentialAction\":[{\"@type\":\"SearchAction\",\"target\":{\"@type\":\"EntryPoint\",\"urlTemplate\":\"https:\/\/planbet.cafe\/fo\/?s={search_term_string}\"},\"query-input\":{\"@type\":\"PropertyValueSpecification\",\"valueRequired\":true,\"valueName\":\"search_term_string\"}}],\"inLanguage\":\"fo\"}]}<\/script>\n<!-- \/ Yoast SEO plugin. -->","yoast_head_json":{"title":"PlanBet B\u00f3nus \u1409 L\u00e6sa upp besta spilav\u00edti og veddingar tilbo\u00f0","description":"PlanBet Bonus: t\u00edn veglei\u00f0ing til at velja spilav\u00edti og veddingarfyrit\u00f8kur! Bonus, tilbo\u00f0 og serlig tilbo\u00f0. Finn \u00fatav, hvussu t\u00fa f\u00e6rt sum mest burtur\u00far!","robots":{"index":"index","follow":"follow","max-snippet":"max-snippet:-1","max-image-preview":"max-image-preview:large","max-video-preview":"max-video-preview:-1"},"og_locale":"fo_FO","og_type":"article","og_title":"PlanBet B\u00f3nus \u1409 L\u00e6sa upp besta spilav\u00edti og veddingar tilbo\u00f0","og_description":"PlanBet Bonus: t\u00edn veglei\u00f0ing til at velja spilav\u00edti og veddingarfyrit\u00f8kur! Bonus, tilbo\u00f0 og serlig tilbo\u00f0. Finn \u00fatav, hvussu t\u00fa f\u00e6rt sum mest burtur\u00far!","og_url":"https:\/\/planbet.cafe\/fo\/bonus\/","og_site_name":"Planbet FO","article_modified_time":"2025-10-14T18:05:32+00:00","twitter_card":"summary_large_image","schema":{"@context":"https:\/\/schema.org","@graph":[{"@type":"WebPage","@id":"https:\/\/planbet.cafe\/fo\/bonus\/","url":"https:\/\/planbet.cafe\/fo\/bonus\/","name":"PlanBet B\u00f3nus \u1409 L\u00e6sa upp besta spilav\u00edti og veddingar tilbo\u00f0","isPartOf":{"@id":"https:\/\/planbet.cafe\/fo\/#website"},"datePublished":"2025-05-10T06:09:14+00:00","dateModified":"2025-10-14T18:05:32+00:00","description":"PlanBet Bonus: t\u00edn veglei\u00f0ing til at velja spilav\u00edti og veddingarfyrit\u00f8kur! Bonus, tilbo\u00f0 og serlig tilbo\u00f0. Finn \u00fatav, hvussu t\u00fa f\u00e6rt sum mest burtur\u00far!","breadcrumb":{"@id":"https:\/\/planbet.cafe\/fo\/bonus\/#breadcrumb"},"inLanguage":"fo","potentialAction":[{"@type":"ReadAction","target":["https:\/\/planbet.cafe\/fo\/bonus\/"]}]},{"@type":"BreadcrumbList","@id":"https:\/\/planbet.cafe\/fo\/bonus\/#breadcrumb","itemListElement":[{"@type":"ListItem","position":1,"name":"Home","item":"https:\/\/planbet.cafe\/fo\/"},{"@type":"ListItem","position":2,"name":"Vi\u00f0b\u00f3t"}]},{"@type":"WebSite","@id":"https:\/\/planbet.cafe\/fo\/#website","url":"https:\/\/planbet.cafe\/fo\/","name":"Planbet FO","description":"My WordPress Blog","potentialAction":[{"@type":"SearchAction","target":{"@type":"EntryPoint","urlTemplate":"https:\/\/planbet.cafe\/fo\/?s={search_term_string}"},"query-input":{"@type":"PropertyValueSpecification","valueRequired":true,"valueName":"search_term_string"}}],"inLanguage":"fo"}]}},"_links":{"self":[{"href":"https:\/\/planbet.cafe\/fo\/wp-json\/wp\/v2\/pages\/237","targetHints":{"allow":["GET"]}}],"collection":[{"href":"https:\/\/planbet.cafe\/fo\/wp-json\/wp\/v2\/pages"}],"about":[{"href":"https:\/\/planbet.cafe\/fo\/wp-json\/wp\/v2\/types\/page"}],"author":[{"embeddable":true,"href":"https:\/\/planbet.cafe\/fo\/wp-json\/wp\/v2\/users\/1"}],"replies":[{"embeddable":true,"href":"https:\/\/planbet.cafe\/fo\/wp-json\/wp\/v2\/comments?post=237"}],"version-history":[{"count":10,"href":"https:\/\/planbet.cafe\/fo\/wp-json\/wp\/v2\/pages\/237\/revisions"}],"predecessor-version":[{"id":474,"href":"https:\/\/planbet.cafe\/fo\/wp-json\/wp\/v2\/pages\/237\/revisions\/474"}],"wp:attachment":[{"href":"https:\/\/planbet.cafe\/fo\/wp-json\/wp\/v2\/media?parent=237"}],"curies":[{"name":"wp","href":"https:\/\/api.w.org\/{rel}","templated":true}]}}