{"id":220,"date":"2025-05-08T16:48:00","date_gmt":"2025-05-08T16:48:00","guid":{"rendered":"https:\/\/planbet.cafe\/fo\/?page_id=220"},"modified":"2025-10-14T18:05:21","modified_gmt":"2025-10-14T18:05:21","slug":"casino","status":"publish","type":"page","link":"https:\/\/planbet.cafe\/fo\/casino\/","title":{"rendered":"Spilav\u00edti"},"content":{"rendered":"","protected":false},"excerpt":{"rendered":"","protected":false},"author":1,"featured_media":0,"parent":0,"menu_order":0,"comment_status":"closed","ping_status":"closed","template":"","meta":{"footnotes":""},"class_list":["post-220","page","type-page","status-publish","hentry"],"yoast_head":"<!-- This site is optimized with the Yoast SEO plugin v25.0 - https:\/\/yoast.com\/wordpress\/plugins\/seo\/ -->\n<title>PlanBet Spilav\u00edti \u1409 Topp leikir, b\u00f3nusar &amp; spennandi m\u00f3t<\/title>\n<meta name=\"description\" content=\"PlanBet Spilav\u00edti\u00f0 bj\u00f3\u00f0ar eitt \u00f3metaliga st\u00f3rt \u00farval av spilav\u00edtis undirhaldi, eitt n\u00fa sp\u00e6lipl\u00e1ss, bor\u00f0sp\u00f8l, beinlei\u00f0is dealer sp\u00f8l. Melda teg til okkara felagsskap og krev t\u00edtt v\u00e6lkomstbonus \u00ed dag!\" \/>\n<meta name=\"robots\" content=\"index, follow, max-snippet:-1, max-image-preview:large, max-video-preview:-1\" \/>\n<meta property=\"og:locale\" content=\"fo_FO\" \/>\n<meta property=\"og:type\" content=\"article\" \/>\n<meta property=\"og:title\" content=\"PlanBet Spilav\u00edti \u1409 Topp leikir, b\u00f3nusar &amp; spennandi m\u00f3t\" \/>\n<meta property=\"og:description\" content=\"PlanBet Spilav\u00edti\u00f0 bj\u00f3\u00f0ar eitt \u00f3metaliga st\u00f3rt \u00farval av spilav\u00edtis undirhaldi, eitt n\u00fa sp\u00e6lipl\u00e1ss, bor\u00f0sp\u00f8l, beinlei\u00f0is dealer sp\u00f8l. Melda teg til okkara felagsskap og krev t\u00edtt v\u00e6lkomstbonus \u00ed dag!\" \/>\n<meta property=\"og:url\" content=\"https:\/\/planbet.cafe\/fo\/casino\/\" \/>\n<meta property=\"og:site_name\" content=\"Planbet FO\" \/>\n<meta property=\"article:modified_time\" content=\"2025-10-14T18:05:21+00:00\" \/>\n<meta name=\"twitter:card\" content=\"summary_large_image\" \/>\n<script type=\"application\/ld+json\" class=\"yoast-schema-graph\">{\"@context\":\"https:\/\/schema.org\",\"@graph\":[{\"@type\":\"WebPage\",\"@id\":\"https:\/\/planbet.cafe\/fo\/casino\/\",\"url\":\"https:\/\/planbet.cafe\/fo\/casino\/\",\"name\":\"PlanBet Spilav\u00edti \u1409 Topp leikir, b\u00f3nusar & spennandi m\u00f3t\",\"isPartOf\":{\"@id\":\"https:\/\/planbet.cafe\/fo\/#website\"},\"datePublished\":\"2025-05-08T16:48:00+00:00\",\"dateModified\":\"2025-10-14T18:05:21+00:00\",\"description\":\"PlanBet Spilav\u00edti\u00f0 bj\u00f3\u00f0ar eitt \u00f3metaliga st\u00f3rt \u00farval av spilav\u00edtis undirhaldi, eitt n\u00fa sp\u00e6lipl\u00e1ss, bor\u00f0sp\u00f8l, beinlei\u00f0is dealer sp\u00f8l. Melda teg til okkara felagsskap og krev t\u00edtt v\u00e6lkomstbonus \u00ed dag!\",\"breadcrumb\":{\"@id\":\"https:\/\/planbet.cafe\/fo\/casino\/#breadcrumb\"},\"inLanguage\":\"fo\",\"potentialAction\":[{\"@type\":\"ReadAction\",\"target\":[\"https:\/\/planbet.cafe\/fo\/casino\/\"]}]},{\"@type\":\"BreadcrumbList\",\"@id\":\"https:\/\/planbet.cafe\/fo\/casino\/#breadcrumb\",\"itemListElement\":[{\"@type\":\"ListItem\",\"position\":1,\"name\":\"Home\",\"item\":\"https:\/\/planbet.cafe\/fo\/\"},{\"@type\":\"ListItem\",\"position\":2,\"name\":\"Spilav\u00edti\"}]},{\"@type\":\"WebSite\",\"@id\":\"https:\/\/planbet.cafe\/fo\/#website\",\"url\":\"https:\/\/planbet.cafe\/fo\/\",\"name\":\"Planbet FO\",\"description\":\"My WordPress Blog\",\"potentialAction\":[{\"@type\":\"SearchAction\",\"target\":{\"@type\":\"EntryPoint\",\"urlTemplate\":\"https:\/\/planbet.cafe\/fo\/?s={search_term_string}\"},\"query-input\":{\"@type\":\"PropertyValueSpecification\",\"valueRequired\":true,\"valueName\":\"search_term_string\"}}],\"inLanguage\":\"fo\"}]}<\/script>\n<!-- \/ Yoast SEO plugin. -->","yoast_head_json":{"title":"PlanBet Spilav\u00edti \u1409 Topp leikir, b\u00f3nusar & spennandi m\u00f3t","description":"PlanBet Spilav\u00edti\u00f0 bj\u00f3\u00f0ar eitt \u00f3metaliga st\u00f3rt \u00farval av spilav\u00edtis undirhaldi, eitt n\u00fa sp\u00e6lipl\u00e1ss, bor\u00f0sp\u00f8l, beinlei\u00f0is dealer sp\u00f8l. Melda teg til okkara felagsskap og krev t\u00edtt v\u00e6lkomstbonus \u00ed dag!","robots":{"index":"index","follow":"follow","max-snippet":"max-snippet:-1","max-image-preview":"max-image-preview:large","max-video-preview":"max-video-preview:-1"},"og_locale":"fo_FO","og_type":"article","og_title":"PlanBet Spilav\u00edti \u1409 Topp leikir, b\u00f3nusar & spennandi m\u00f3t","og_description":"PlanBet Spilav\u00edti\u00f0 bj\u00f3\u00f0ar eitt \u00f3metaliga st\u00f3rt \u00farval av spilav\u00edtis undirhaldi, eitt n\u00fa sp\u00e6lipl\u00e1ss, bor\u00f0sp\u00f8l, beinlei\u00f0is dealer sp\u00f8l. Melda teg til okkara felagsskap og krev t\u00edtt v\u00e6lkomstbonus \u00ed dag!","og_url":"https:\/\/planbet.cafe\/fo\/casino\/","og_site_name":"Planbet FO","article_modified_time":"2025-10-14T18:05:21+00:00","twitter_card":"summary_large_image","schema":{"@context":"https:\/\/schema.org","@graph":[{"@type":"WebPage","@id":"https:\/\/planbet.cafe\/fo\/casino\/","url":"https:\/\/planbet.cafe\/fo\/casino\/","name":"PlanBet Spilav\u00edti \u1409 Topp leikir, b\u00f3nusar & spennandi m\u00f3t","isPartOf":{"@id":"https:\/\/planbet.cafe\/fo\/#website"},"datePublished":"2025-05-08T16:48:00+00:00","dateModified":"2025-10-14T18:05:21+00:00","description":"PlanBet Spilav\u00edti\u00f0 bj\u00f3\u00f0ar eitt \u00f3metaliga st\u00f3rt \u00farval av spilav\u00edtis undirhaldi, eitt n\u00fa sp\u00e6lipl\u00e1ss, bor\u00f0sp\u00f8l, beinlei\u00f0is dealer sp\u00f8l. Melda teg til okkara felagsskap og krev t\u00edtt v\u00e6lkomstbonus \u00ed dag!","breadcrumb":{"@id":"https:\/\/planbet.cafe\/fo\/casino\/#breadcrumb"},"inLanguage":"fo","potentialAction":[{"@type":"ReadAction","target":["https:\/\/planbet.cafe\/fo\/casino\/"]}]},{"@type":"BreadcrumbList","@id":"https:\/\/planbet.cafe\/fo\/casino\/#breadcrumb","itemListElement":[{"@type":"ListItem","position":1,"name":"Home","item":"https:\/\/planbet.cafe\/fo\/"},{"@type":"ListItem","position":2,"name":"Spilav\u00edti"}]},{"@type":"WebSite","@id":"https:\/\/planbet.cafe\/fo\/#website","url":"https:\/\/planbet.cafe\/fo\/","name":"Planbet FO","description":"My WordPress Blog","potentialAction":[{"@type":"SearchAction","target":{"@type":"EntryPoint","urlTemplate":"https:\/\/planbet.cafe\/fo\/?s={search_term_string}"},"query-input":{"@type":"PropertyValueSpecification","valueRequired":true,"valueName":"search_term_string"}}],"inLanguage":"fo"}]}},"_links":{"self":[{"href":"https:\/\/planbet.cafe\/fo\/wp-json\/wp\/v2\/pages\/220","targetHints":{"allow":["GET"]}}],"collection":[{"href":"https:\/\/planbet.cafe\/fo\/wp-json\/wp\/v2\/pages"}],"about":[{"href":"https:\/\/planbet.cafe\/fo\/wp-json\/wp\/v2\/types\/page"}],"author":[{"embeddable":true,"href":"https:\/\/planbet.cafe\/fo\/wp-json\/wp\/v2\/users\/1"}],"replies":[{"embeddable":true,"href":"https:\/\/planbet.cafe\/fo\/wp-json\/wp\/v2\/comments?post=220"}],"version-history":[{"count":11,"href":"https:\/\/planbet.cafe\/fo\/wp-json\/wp\/v2\/pages\/220\/revisions"}],"predecessor-version":[{"id":486,"href":"https:\/\/planbet.cafe\/fo\/wp-json\/wp\/v2\/pages\/220\/revisions\/486"}],"wp:attachment":[{"href":"https:\/\/planbet.cafe\/fo\/wp-json\/wp\/v2\/media?parent=220"}],"curies":[{"name":"wp","href":"https:\/\/api.w.org\/{rel}","templated":true}]}}